{"id":6300,"date":"2025-06-15T15:01:19","date_gmt":"2025-06-15T13:01:19","guid":{"rendered":"https:\/\/comptoircecil.com\/informazioni-pratiche\/"},"modified":"2025-11-05T09:45:48","modified_gmt":"2025-11-05T08:45:48","slug":"informazioni-pratiche","status":"publish","type":"page","link":"https:\/\/comptoircecil.com\/it\/informazioni-pratiche\/","title":{"rendered":"Informazioni pratiche"},"content":{"rendered":"\n<section class=\"heading wp-elements-4b32457a8c16092de43db031f70511ef wp-elements-4b32457a8c16092de43db031f70511ef wp-block-acf-heading has-text-color has-primary-color has-background has-white-100-background-color\">\n\t<div class=\"heading__container\">\n\t\t\t\t\t<div class=\"heading__background-picture\">\n\t\t\t\t<img decoding=\"async\" width=\"1620\" height=\"1080\" src=\"https:\/\/comptoircecil.com\/wp-content\/uploads\/sites\/4\/2025\/06\/restaurant-lyon.jpg\" class=\"attachment-full size-full\" alt=\"restaurant lyon\" fetchpriority=\"high\" srcset=\"https:\/\/comptoircecil.com\/wp-content\/uploads\/sites\/4\/2025\/06\/restaurant-lyon.jpg 1620w, https:\/\/comptoircecil.com\/wp-content\/uploads\/sites\/4\/2025\/06\/restaurant-lyon-600x400.jpg 600w, https:\/\/comptoircecil.com\/wp-content\/uploads\/sites\/4\/2025\/06\/restaurant-lyon-1400x933.jpg 1400w, https:\/\/comptoircecil.com\/wp-content\/uploads\/sites\/4\/2025\/06\/restaurant-lyon-768x512.jpg 768w, https:\/\/comptoircecil.com\/wp-content\/uploads\/sites\/4\/2025\/06\/restaurant-lyon-1536x1024.jpg 1536w\" sizes=\"(max-width: 1620px) 100vw, 1620px\" \/>\t\t\t<\/div>\n\t\t\t\t<div class=\"heading__layout\">\n\t\t\t<div class=\"heading__content-wrapper has-white-100-background-color\">\n\t\t\t\t<div class=\"heading__content has-white-100-background-color\">\n\t\t\t\t\t\t\t\t\t<p id=\"breadcrumbs\"><span><span><a href=\"https:\/\/comptoircecil.com\/it\/\">Accueil<\/a><\/span><\/span><\/p>\t\t\t\t\t\t\t\t\t<div class=\"acf-innerblocks-container\">\n\n<div class=\"wp-block-group heading-content-group is-layout-grid wp-container-core-group-is-layout-96b258e4 wp-block-group-is-layout-grid\">\n<h1 class=\"wp-block-heading has-text-align-left heading__title has-primary-color has-text-color has-xx-large-font-size\">Informazioni pratiche<\/h1>\n<\/div>\n\n<\/div>\n\t\t\t\t<\/div>\n\t\t\t\t\t\t\t<\/div>\n\t\t<\/div>\n\t<\/div>\n<\/section>\n\n\n\t<section\n\t\tstyle=\"padding-top:var(--wp--preset--spacing--theme-default);padding-bottom:var(--wp--preset--spacing--theme-default);\" class=\"double-columns wp-block-acf-double-columns has-background has-white-background-color has-global-padding is-layout-constrained wp-container-acf-double-columns-is-layout-a22d0bdd wp-block-acf-double-columns-is-layout-constrained\"\t>\n\n<div class=\"double-columns__innerblocks\">\n\n<div class=\"wp-block-group is-vertical is-content-justification-stretch is-layout-flex wp-container-core-group-is-layout-cee9c102 wp-block-group-is-layout-flex\">\n<h2 class=\"wp-block-heading has-text-align-left\">\u00c8 facile trovarci!<\/h2>\n\n\n\n<p>Siamo al numero 21 di rue Gasparin, 69002 Lione. Ci trovi tra rue Merci\u00e8re, rue des Marronniers e rue de la Charit\u00e9, a pochi passi da Bellecour. <\/p>\n<\/div>\n\n\n\n<div class=\"wp-block-group is-layout-flow wp-block-group-is-layout-flow\">\n\t<div id=\"\" class=\"wp-block-acf-map\">\n\t<iframe loading=\"lazy\" width=\"100%\" height=\"400px\" frameborder=\"0\" allowfullscreen=\"\" allow=\"geolocation\" src=\"\/\/umap.openstreetmap.fr\/fr\/map\/le-club-des-aubergistes-lyonnais-espaces_1247917?scaleControl=true&amp;miniMap=false&amp;scrollWheelZoom=true&amp;zoomControl=true&amp;editMode=disabled&amp;moreControl=false&amp;searchControl=false&amp;tilelayersControl=false&amp;embedControl=false&amp;datalayersControl=false&amp;onLoadPanel=none&amp;captionBar=false&amp;captionMenus=false&amp;editinosmControl=false&amp;measureControl=false&amp;locateControl=false&amp;captionControl=false\"><\/iframe>\t<\/div>\n<\/div>\n\n<\/div>\n\n<\/section>\n\n\t<section\n\t\tstyle=\"padding-top:var(--wp--preset--spacing--theme-default);padding-bottom:var(--wp--preset--spacing--theme-default);\" class=\"block-container align wp-block-acf-block-container has-background has-white-100-background-color has-global-padding is-layout-constrained wp-container-acf-block-container-is-layout-ecaf6ffa wp-block-acf-block-container-is-layout-constrained\"\t>\n\n\t\n\n<div class=\"wp-block-group has-global-padding is-layout-constrained wp-block-group-is-layout-constrained\">\n<figure class=\"wp-block-image aligncenter size-medium is-resized\"><img decoding=\"async\" width=\"300\" height=\"300\" src=\"https:\/\/www.hotel-phenix-lyon.fr\/wp-content\/uploads\/sites\/5\/2025\/04\/VELO-300x300.png\" alt=\"\" class=\"wp-image-2312\" style=\"width:218px;height:auto\" srcset=\"https:\/\/comptoircecil.com\/wp-content\/uploads\/sites\/4\/2025\/04\/VELO-300x300.png 300w, https:\/\/comptoircecil.com\/wp-content\/uploads\/sites\/4\/2025\/04\/VELO.png 350w\" sizes=\"(max-width: 300px) 100vw, 300px\" \/><\/figure>\n\n\n\n<h2 class=\"wp-block-heading has-text-align-center\">Trasporti <mark class=\"has-inline-color has-secondary-color\">nelle vicinanze :<\/mark><\/h2>\n\n\n\n<p class=\"has-text-align-center has-large-font-size\">A Lione, tutto \u00e8 semplice. Dal Comptoir Cecil : <\/p>\n\n\n\n<section id=\"\" class=\"align wp-block-acf-faq\">\n\t\n\t\t<div class=\"faq\">\n\t\t\t\t<div class=\"faq__item\">\n\t\t\t<div class=\"faq__question\" data-index=\"0\">\n\t\t\t\t<span class=\"faq__question-text \">Autobus dall&#039;hotel<\/span>\n\t\t\t<\/div>\n\t\t\t<div class=\"faq__answer\">\n\t\t\t\t<p>C10, C20, 27 &#8211; fermata Bellecour Le Viste<\/p>\n\t\t\t<\/div>\n\t\t\t<svg class=\"faq__toggle-icon\" xmlns=\"http:\/\/www.w3.org\/2000\/svg\" width=\"16\" height=\"10\" viewBox=\"0 0 16 10\"\n\t\t\t\tfill=\"none\">\n\t\t\t\t<path d=\"M15 1L8 8L1 0.999999\" stroke=\"#3C3B3A\" stroke-width=\"2\" \/>\n\t\t\t<\/svg>\n\t\t<\/div>\n\t\t\t\t<div class=\"faq__item\">\n\t\t\t<div class=\"faq__question\" data-index=\"1\">\n\t\t\t\t<span class=\"faq__question-text \">Metro dall&#039;hotel<\/span>\n\t\t\t<\/div>\n\t\t\t<div class=\"faq__answer\">\n\t\t\t\t<p>A e D &#8211; fermata Bellecour a 3 minuti a piedi<\/p>\n\t\t\t<\/div>\n\t\t\t<svg class=\"faq__toggle-icon\" xmlns=\"http:\/\/www.w3.org\/2000\/svg\" width=\"16\" height=\"10\" viewBox=\"0 0 16 10\"\n\t\t\t\tfill=\"none\">\n\t\t\t\t<path d=\"M15 1L8 8L1 0.999999\" stroke=\"#3C3B3A\" stroke-width=\"2\" \/>\n\t\t\t<\/svg>\n\t\t<\/div>\n\t\t\t\t<div class=\"faq__item\">\n\t\t\t<div class=\"faq__question\" data-index=\"2\">\n\t\t\t\t<span class=\"faq__question-text \">V\u00e9lo&#039;v<\/span>\n\t\t\t<\/div>\n\t\t\t<div class=\"faq__answer\">\n\t\t\t\t<p>Stazione V\u00e9lo&#8217;v nelle vicinanze<\/p>\n\t\t\t<\/div>\n\t\t\t<svg class=\"faq__toggle-icon\" xmlns=\"http:\/\/www.w3.org\/2000\/svg\" width=\"16\" height=\"10\" viewBox=\"0 0 16 10\"\n\t\t\t\tfill=\"none\">\n\t\t\t\t<path d=\"M15 1L8 8L1 0.999999\" stroke=\"#3C3B3A\" stroke-width=\"2\" \/>\n\t\t\t<\/svg>\n\t\t<\/div>\n\t\t\t\t<div class=\"faq__item\">\n\t\t\t<div class=\"faq__question\" data-index=\"3\">\n\t\t\t\t<span class=\"faq__question-text \">Parcheggi pubblici<\/span>\n\t\t\t<\/div>\n\t\t\t<div class=\"faq__answer\">\n\t\t\t\t<p><span style=\"font-weight: 400\">Bellecour, Antonin Poncet<\/span><\/p>\n\t\t\t<\/div>\n\t\t\t<svg class=\"faq__toggle-icon\" xmlns=\"http:\/\/www.w3.org\/2000\/svg\" width=\"16\" height=\"10\" viewBox=\"0 0 16 10\"\n\t\t\t\tfill=\"none\">\n\t\t\t\t<path d=\"M15 1L8 8L1 0.999999\" stroke=\"#3C3B3A\" stroke-width=\"2\" \/>\n\t\t\t<\/svg>\n\t\t<\/div>\n\t\t\t<\/div>\n\t\t<\/section>\n<\/div>\n\n\n\n<\/section>\n\n\t<section\n\t\tstyle=\"padding-top:var(--wp--preset--spacing--theme-default);padding-bottom:var(--wp--preset--spacing--theme-default);\" class=\"block-container align wp-block-acf-block-container has-background has-white-background-color has-global-padding is-layout-constrained wp-container-acf-block-container-is-layout-726a9260 wp-block-acf-block-container-is-layout-constrained\"\t>\n\n\t\n\n<div class=\"wp-block-group has-global-padding is-layout-constrained wp-container-core-group-is-layout-920012ee wp-block-group-is-layout-constrained\" style=\"padding-top:0;padding-bottom:var(--wp--preset--spacing--theme-l)\">\n<h2 class=\"wp-block-heading has-text-align-center\">I nostri <mark class=\"has-inline-color has-secondary-color\">orari di<\/mark> servizio<\/h2>\n\n\n\n<p class=\"has-text-align-center\">Siamo aperti tutto il giorno per un caff\u00e8 o un drink.<\/p>\n<\/div>\n\n\n\n<div class=\"time-card-grid alignwide wp-block-acf-time-card-grid\">\n\n<div\n\tclass=\"time-card wp-block-acf-time-card\"\t>\n\t\t<div class=\"time-card__wrapper\">\n\t\t\t\t\n\n<h3 class=\"wp-block-heading time-card__title\">Colazione<\/h3>\n\n\n\n<p class=\"time-card__text\">Dal luned\u00ec al venerd\u00ec dalle 6.00 alle 10.00, nei fine settimana dalle 7.00 alle 11.00 <\/p>\n\n\n\t\t<svg xmlns=\"http:\/\/www.w3.org\/2000\/svg\" width=\"24\" height=\"24\" viewBox=\"0 0 24 24\" fill=\"none\">\n\t\t\t<path d=\"M12.1379 6L18 12L12.1379 18M17.4138 12L4 12\" stroke=\"#3C3B3A\" stroke-width=\"2\" \/>\n\t\t<\/svg>\n\t\t\t\t\t<a\n\t\t\t\thref=\"https:\/\/comptoircecil.com\/\"\n\t\t\t\tclass=\"time-card__link\"\n\t\t\t\t\t\t\t\t\t\t\t><\/a>\n\t\t\t<\/div>\n<\/div>\n\n\n\n<div\n\tclass=\"time-card wp-block-acf-time-card\"\t>\n\t\t<div class=\"time-card__wrapper\">\n\t\t\t\t\n\n<h3 class=\"wp-block-heading time-card__title\">Ora di pranzo<\/h3>\n\n\n\n<p class=\"time-card__text\">Dal luned\u00ec al venerd\u00ec dalle 12.00 alle 13.45<\/p>\n\n\n\t\t<svg xmlns=\"http:\/\/www.w3.org\/2000\/svg\" width=\"24\" height=\"24\" viewBox=\"0 0 24 24\" fill=\"none\">\n\t\t\t<path d=\"M12.1379 6L18 12L12.1379 18M17.4138 12L4 12\" stroke=\"#3C3B3A\" stroke-width=\"2\" \/>\n\t\t<\/svg>\n\t\t\t\t\t<a\n\t\t\t\thref=\"https:\/\/comptoircecil.com\/\"\n\t\t\t\tclass=\"time-card__link\"\n\t\t\t\t\t\t\t\t\t\t\t><\/a>\n\t\t\t<\/div>\n<\/div>\n\n\n\n<div\n\tclass=\"time-card wp-block-acf-time-card\"\t>\n\t\t<div class=\"time-card__wrapper\">\n\t\t\t\t\n\n<h3 class=\"wp-block-heading time-card__title\">Aperitivo &#8211;<br\/>Tea Time<\/h3>\n\n\n\n<p class=\"time-card__text\">Dal luned\u00ec al sabato dalle 15.00 alle 17.30<\/p>\n\n\n\t\t<svg xmlns=\"http:\/\/www.w3.org\/2000\/svg\" width=\"24\" height=\"24\" viewBox=\"0 0 24 24\" fill=\"none\">\n\t\t\t<path d=\"M12.1379 6L18 12L12.1379 18M17.4138 12L4 12\" stroke=\"#3C3B3A\" stroke-width=\"2\" \/>\n\t\t<\/svg>\n\t\t\t\t\t<a\n\t\t\t\thref=\"https:\/\/comptoircecil.com\/\"\n\t\t\t\tclass=\"time-card__link\"\n\t\t\t\t\t\t\t\t\t\t\t><\/a>\n\t\t\t<\/div>\n<\/div>\n\n\n\n<div\n\tclass=\"time-card time-card--active wp-block-acf-time-card\"\t>\n\t\t<img decoding=\"async\" class=\"time-card__picto\" src=\"https:\/\/comptoircecil.com\/wp-content\/plugins\/lal-facf-blocks-plugin\/assets\/img\/time-card-picto.png\" alt=\"Clock\">\n\t\t<div class=\"time-card__wrapper\">\n\t\t\t\t<h3 class=\"time-card__current-time\">Il est 19:42<\/h3>\n\t\t\t\t\n\n<h3 class=\"wp-block-heading time-card__title\">Cena<\/h3>\n\n\n\n<p class=\"time-card__text\">Dal luned\u00ec al venerd\u00ec 19h-21h30<\/p>\n\n\n\t\t<svg xmlns=\"http:\/\/www.w3.org\/2000\/svg\" width=\"24\" height=\"24\" viewBox=\"0 0 24 24\" fill=\"none\">\n\t\t\t<path d=\"M12.1379 6L18 12L12.1379 18M17.4138 12L4 12\" stroke=\"#3C3B3A\" stroke-width=\"2\" \/>\n\t\t<\/svg>\n\t\t\t\t\t<a\n\t\t\t\thref=\"https:\/\/comptoircecil.com\/\"\n\t\t\t\tclass=\"time-card__link\"\n\t\t\t\t\t\t\t\t\t\t\t><\/a>\n\t\t\t<\/div>\n<\/div>\n\n<\/div>\n\n\n\n\n<div class=\"wp-block-group is-vertical is-content-justification-center is-layout-flex wp-container-core-group-is-layout-4ae50e1c wp-block-group-is-layout-flex\" style=\"padding-top:0;padding-bottom:0\"><div class=\"booking-calendar__button-wrapper booking-calendar\" id=\"\">\n    <div class=\"acf-innerblocks-container\">\n\n<div class=\"wp-block-button booking-calendar__button\"><a class=\"wp-block-button__link wp-element-button\">Prenota un tavolo<\/a><\/div>\n\n<\/div>\n<\/div>\n\n<div id=\"\" class=\"booking-calendar__wrapper\" style=\"background-color:#ffffff\" data-hotel-choice=\"comptoire-cecil\">\n    <img decoding=\"async\"\n        class=\"booking-calendar__close-button\"\n        src=\"https:\/\/comptoircecil.com\/wp-content\/plugins\/lal-facf-blocks-plugin\/assets\/img\/BTN-X.svg\"\n        alt=\"Fermer la reservation\"\n    >\n        <p class=\"booking-calendar__title restaurant\">Seleziona le tue date<\/p>\n    <iframe class=\"booking-calendar__iframe lazy-iframe\" data-src=\"https:\/\/widget.thefork.com\/e2a05ffe-aa59-4bd6-b250-4e9165de60bb\" frameborder=\"0\" loading=\"lazy\"><\/iframe>\n<\/div>\n\n<\/div>\n\n\n\n<\/section>\n\n\t<section\n\t\tstyle=\"padding-top:var(--wp--preset--spacing--theme-default);padding-bottom:var(--wp--preset--spacing--theme-default);\" class=\"block-container align wp-block-acf-block-container has-background has-white-100-background-color has-global-padding is-layout-constrained wp-container-acf-block-container-is-layout-41c2f41c wp-block-acf-block-container-is-layout-constrained\"\t>\n\n\t\n\n<div class=\"wp-block-group has-global-padding is-layout-constrained wp-block-group-is-layout-constrained\">\n<h2 class=\"wp-block-heading has-text-align-center\">Domande frequenti<\/h2>\n<\/div>\n\n\n\n<section id=\"\" class=\"align wp-block-acf-faq\">\n\t\n\t\t<div class=\"faq\">\n\t\t\t\t<div class=\"faq__item\">\n\t\t\t<div class=\"faq__question\" data-index=\"0\">\n\t\t\t\t<span class=\"faq__question-text \">Il ristorante Comptoir Cecil pu\u00f2 essere privatizzato?<\/span>\n\t\t\t<\/div>\n\t\t\t<div class=\"faq__answer\">\n\t\t\t\t<p>Per qualsiasi richiesta relativa agli eventi, non esitare a contattare il nostro team di vendita: leclub@lesaubergisteslyonnais.fr<\/p>\n\t\t\t<\/div>\n\t\t\t<svg class=\"faq__toggle-icon\" xmlns=\"http:\/\/www.w3.org\/2000\/svg\" width=\"16\" height=\"10\" viewBox=\"0 0 16 10\"\n\t\t\t\tfill=\"none\">\n\t\t\t\t<path d=\"M15 1L8 8L1 0.999999\" stroke=\"#3C3B3A\" stroke-width=\"2\" \/>\n\t\t\t<\/svg>\n\t\t<\/div>\n\t\t\t\t<div class=\"faq__item\">\n\t\t\t<div class=\"faq__question\" data-index=\"1\">\n\t\t\t\t<span class=\"faq__question-text \">Ci sono disposizioni speciali per le persone con allergie o intolleranze?<\/span>\n\t\t\t<\/div>\n\t\t\t<div class=\"faq__answer\">\n\t\t\t\t<p>Naturalmente, non esitare a comunicarlo al nostro team al momento del tuo arrivo, in modo da poter adattare il tuo menu.<\/p>\n\t\t\t<\/div>\n\t\t\t<svg class=\"faq__toggle-icon\" xmlns=\"http:\/\/www.w3.org\/2000\/svg\" width=\"16\" height=\"10\" viewBox=\"0 0 16 10\"\n\t\t\t\tfill=\"none\">\n\t\t\t\t<path d=\"M15 1L8 8L1 0.999999\" stroke=\"#3C3B3A\" stroke-width=\"2\" \/>\n\t\t\t<\/svg>\n\t\t<\/div>\n\t\t\t\t<div class=\"faq__item\">\n\t\t\t<div class=\"faq__question\" data-index=\"2\">\n\t\t\t\t<span class=\"faq__question-text \">Come posso pagare il mio pasto?<\/span>\n\t\t\t<\/div>\n\t\t\t<div class=\"faq__answer\">\n\t\t\t\t<p>Il Comptoir Cecil accetta contanti, carte bancarie e buoni pasto.<\/p>\n\t\t\t<\/div>\n\t\t\t<svg class=\"faq__toggle-icon\" xmlns=\"http:\/\/www.w3.org\/2000\/svg\" width=\"16\" height=\"10\" viewBox=\"0 0 16 10\"\n\t\t\t\tfill=\"none\">\n\t\t\t\t<path d=\"M15 1L8 8L1 0.999999\" stroke=\"#3C3B3A\" stroke-width=\"2\" \/>\n\t\t\t<\/svg>\n\t\t<\/div>\n\t\t\t\t<div class=\"faq__item\">\n\t\t\t<div class=\"faq__question\" data-index=\"3\">\n\t\t\t\t<span class=\"faq__question-text \">Il ristorante \u00e8 aperto nei fine settimana?<\/span>\n\t\t\t<\/div>\n\t\t\t<div class=\"faq__answer\">\n\t\t\t\t<p>Il nostro ristorante \u00e8 aperto a pranzo e a cena dal luned\u00ec al venerd\u00ec.<\/p>\n\t\t\t<\/div>\n\t\t\t<svg class=\"faq__toggle-icon\" xmlns=\"http:\/\/www.w3.org\/2000\/svg\" width=\"16\" height=\"10\" viewBox=\"0 0 16 10\"\n\t\t\t\tfill=\"none\">\n\t\t\t\t<path d=\"M15 1L8 8L1 0.999999\" stroke=\"#3C3B3A\" stroke-width=\"2\" \/>\n\t\t\t<\/svg>\n\t\t<\/div>\n\t\t\t<\/div>\n\t\t<\/section>\n\n\n\n<div class=\"wp-block-buttons is-content-justification-center is-layout-flex wp-container-core-buttons-is-layout-a89b3969 wp-block-buttons-is-layout-flex\">\n<div class=\"wp-block-button is-style-label-button is-style-label-button--1\"><a class=\"wp-block-button__link wp-element-button\" href=\"https:\/\/comptoircecil.com\/it\/domande-frequenti\/\">Faq complete<\/a><\/div>\n<\/div>\n\n\n\n<\/section>\n\n\t<section\n\t\tstyle=\"padding-top:var(--wp--preset--spacing--theme-default);padding-bottom:var(--wp--preset--spacing--theme-default);\" class=\"block-container align wp-block-acf-block-container has-background has-white-background-color is-layout-flow wp-container-acf-block-container-is-layout-e34b8bbb wp-block-acf-block-container-is-layout-flow\"\t>\n\n\t\n\n<div class=\"wp-block-group is-layout-flow wp-container-core-group-is-layout-c88c13bc wp-block-group-is-layout-flow\">\n<h2 class=\"wp-block-heading has-text-align-center\">Hai una domanda? Un feedback? <\/h2>\n\n\n\n<div class=\"wp-block-buttons is-content-justification-center is-layout-flex wp-container-core-buttons-is-layout-a89b3969 wp-block-buttons-is-layout-flex\">\n<div class=\"wp-block-button is-style-label-button is-style-label-button--2\"><a class=\"wp-block-button__link wp-element-button\" href=\"https:\/\/comptoircecil.com\/it\/contatto\/\">Contattaci<\/a><\/div>\n<\/div>\n<\/div>\n\n\n\n<\/section>\n","protected":false},"excerpt":{"rendered":"","protected":false},"author":2,"featured_media":0,"parent":0,"menu_order":0,"comment_status":"closed","ping_status":"closed","template":"","meta":{"_acf_changed":false,"inline_featured_image":false,"footnotes":""},"class_list":["post-6300","page","type-page","status-publish","hentry"],"acf":[],"yoast_head":"<!-- This site is optimized with the Yoast SEO plugin v27.2 - https:\/\/yoast.com\/product\/yoast-seo-wordpress\/ -->\n<title>Apertura Ristorante bistrot Lyon 2 Bellecour - Metro, Orari<\/title>\n<meta name=\"description\" content=\"Vieni a scoprire un ristorante bistronomico nel centro di Lione (2nd, Bellecour): giorni di apertura, accesso, orari, metro... Prenota ora.\" \/>\n<meta name=\"robots\" content=\"index, follow, max-snippet:-1, max-image-preview:large, max-video-preview:-1\" \/>\n<link rel=\"canonical\" href=\"https:\/\/comptoircecil.com\/it\/informazioni-pratiche\/\" \/>\n<meta property=\"og:locale\" content=\"it_IT\" \/>\n<meta property=\"og:type\" content=\"article\" \/>\n<meta property=\"og:title\" content=\"Apertura Ristorante bistrot Lyon 2 Bellecour - Metro, Orari\" \/>\n<meta property=\"og:description\" content=\"Vieni a scoprire un ristorante bistronomico nel centro di Lione (2nd, Bellecour): giorni di apertura, accesso, orari, metro... Prenota ora.\" \/>\n<meta property=\"og:url\" content=\"https:\/\/comptoircecil.com\/it\/informazioni-pratiche\/\" \/>\n<meta property=\"og:site_name\" content=\"Comptoir Cecil\" \/>\n<meta property=\"article:modified_time\" content=\"2025-11-05T08:45:48+00:00\" \/>\n<meta property=\"og:image\" content=\"https:\/\/www.hotel-phenix-lyon.fr\/wp-content\/uploads\/sites\/5\/2025\/04\/VELO-300x300.png\" \/>\n<meta name=\"twitter:card\" content=\"summary_large_image\" \/>\n<meta name=\"twitter:label1\" content=\"Tempo di lettura stimato\" \/>\n\t<meta name=\"twitter:data1\" content=\"1 minuto\" \/>\n<script type=\"application\/ld+json\" class=\"yoast-schema-graph\">{\"@context\":\"https:\/\/schema.org\",\"@graph\":[{\"@type\":\"WebPage\",\"@id\":\"https:\/\/comptoircecil.com\/it\/informazioni-pratiche\/\",\"url\":\"https:\/\/comptoircecil.com\/it\/informazioni-pratiche\/\",\"name\":\"Apertura Ristorante bistrot Lyon 2 Bellecour - Metro, Orari\",\"isPartOf\":{\"@id\":\"https:\/\/comptoircecil.com\/it\/#website\"},\"primaryImageOfPage\":{\"@id\":\"https:\/\/comptoircecil.com\/it\/informazioni-pratiche\/#primaryimage\"},\"image\":{\"@id\":\"https:\/\/comptoircecil.com\/it\/informazioni-pratiche\/#primaryimage\"},\"thumbnailUrl\":\"https:\/\/www.hotel-phenix-lyon.fr\/wp-content\/uploads\/sites\/5\/2025\/04\/VELO-300x300.png\",\"datePublished\":\"2025-06-15T13:01:19+00:00\",\"dateModified\":\"2025-11-05T08:45:48+00:00\",\"description\":\"Vieni a scoprire un ristorante bistronomico nel centro di Lione (2nd, Bellecour): giorni di apertura, accesso, orari, metro... Prenota ora.\",\"breadcrumb\":{\"@id\":\"https:\/\/comptoircecil.com\/it\/informazioni-pratiche\/#breadcrumb\"},\"inLanguage\":\"it-IT\",\"potentialAction\":[{\"@type\":\"ReadAction\",\"target\":[\"https:\/\/comptoircecil.com\/it\/informazioni-pratiche\/\"]}]},{\"@type\":\"ImageObject\",\"inLanguage\":\"it-IT\",\"@id\":\"https:\/\/comptoircecil.com\/it\/informazioni-pratiche\/#primaryimage\",\"url\":\"https:\/\/www.hotel-phenix-lyon.fr\/wp-content\/uploads\/sites\/5\/2025\/04\/VELO-300x300.png\",\"contentUrl\":\"https:\/\/www.hotel-phenix-lyon.fr\/wp-content\/uploads\/sites\/5\/2025\/04\/VELO-300x300.png\"},{\"@type\":\"BreadcrumbList\",\"@id\":\"https:\/\/comptoircecil.com\/it\/informazioni-pratiche\/#breadcrumb\",\"itemListElement\":[{\"@type\":\"ListItem\",\"position\":1,\"name\":\"Accueil\",\"item\":\"https:\/\/comptoircecil.com\/it\/\"},{\"@type\":\"ListItem\",\"position\":2,\"name\":\"Informazioni pratiche\"}]},{\"@type\":\"WebSite\",\"@id\":\"https:\/\/comptoircecil.com\/it\/#website\",\"url\":\"https:\/\/comptoircecil.com\/it\/\",\"name\":\"Globe Cecil\",\"description\":\"\",\"publisher\":{\"@id\":\"https:\/\/comptoircecil.com\/it\/#organization\"},\"potentialAction\":[{\"@type\":\"SearchAction\",\"target\":{\"@type\":\"EntryPoint\",\"urlTemplate\":\"https:\/\/comptoircecil.com\/it\/?s={search_term_string}\"},\"query-input\":{\"@type\":\"PropertyValueSpecification\",\"valueRequired\":true,\"valueName\":\"search_term_string\"}}],\"inLanguage\":\"it-IT\"},{\"@type\":\"Organization\",\"@id\":\"https:\/\/comptoircecil.com\/it\/#organization\",\"name\":\"Globe Cecil\",\"url\":\"https:\/\/comptoircecil.com\/it\/\",\"logo\":{\"@type\":\"ImageObject\",\"inLanguage\":\"it-IT\",\"@id\":\"https:\/\/comptoircecil.com\/it\/#\/schema\/logo\/image\/\",\"url\":\"https:\/\/comptoircecil.com\/wp-content\/uploads\/sites\/4\/2025\/05\/LOGO-Comptoir-Cecil-White.svg\",\"contentUrl\":\"https:\/\/comptoircecil.com\/wp-content\/uploads\/sites\/4\/2025\/05\/LOGO-Comptoir-Cecil-White.svg\",\"width\":455,\"height\":123,\"caption\":\"Globe Cecil\"},\"image\":{\"@id\":\"https:\/\/comptoircecil.com\/it\/#\/schema\/logo\/image\/\"}}]}<\/script>\n<!-- \/ Yoast SEO plugin. -->","yoast_head_json":{"title":"Apertura Ristorante bistrot Lyon 2 Bellecour - Metro, Orari","description":"Vieni a scoprire un ristorante bistronomico nel centro di Lione (2nd, Bellecour): giorni di apertura, accesso, orari, metro... Prenota ora.","robots":{"index":"index","follow":"follow","max-snippet":"max-snippet:-1","max-image-preview":"max-image-preview:large","max-video-preview":"max-video-preview:-1"},"canonical":"https:\/\/comptoircecil.com\/it\/informazioni-pratiche\/","og_locale":"it_IT","og_type":"article","og_title":"Apertura Ristorante bistrot Lyon 2 Bellecour - Metro, Orari","og_description":"Vieni a scoprire un ristorante bistronomico nel centro di Lione (2nd, Bellecour): giorni di apertura, accesso, orari, metro... Prenota ora.","og_url":"https:\/\/comptoircecil.com\/it\/informazioni-pratiche\/","og_site_name":"Comptoir Cecil","article_modified_time":"2025-11-05T08:45:48+00:00","og_image":[{"url":"https:\/\/www.hotel-phenix-lyon.fr\/wp-content\/uploads\/sites\/5\/2025\/04\/VELO-300x300.png","type":"","width":"","height":""}],"twitter_card":"summary_large_image","twitter_misc":{"Tempo di lettura stimato":"1 minuto"},"schema":{"@context":"https:\/\/schema.org","@graph":[{"@type":"WebPage","@id":"https:\/\/comptoircecil.com\/it\/informazioni-pratiche\/","url":"https:\/\/comptoircecil.com\/it\/informazioni-pratiche\/","name":"Apertura Ristorante bistrot Lyon 2 Bellecour - Metro, Orari","isPartOf":{"@id":"https:\/\/comptoircecil.com\/it\/#website"},"primaryImageOfPage":{"@id":"https:\/\/comptoircecil.com\/it\/informazioni-pratiche\/#primaryimage"},"image":{"@id":"https:\/\/comptoircecil.com\/it\/informazioni-pratiche\/#primaryimage"},"thumbnailUrl":"https:\/\/www.hotel-phenix-lyon.fr\/wp-content\/uploads\/sites\/5\/2025\/04\/VELO-300x300.png","datePublished":"2025-06-15T13:01:19+00:00","dateModified":"2025-11-05T08:45:48+00:00","description":"Vieni a scoprire un ristorante bistronomico nel centro di Lione (2nd, Bellecour): giorni di apertura, accesso, orari, metro... Prenota ora.","breadcrumb":{"@id":"https:\/\/comptoircecil.com\/it\/informazioni-pratiche\/#breadcrumb"},"inLanguage":"it-IT","potentialAction":[{"@type":"ReadAction","target":["https:\/\/comptoircecil.com\/it\/informazioni-pratiche\/"]}]},{"@type":"ImageObject","inLanguage":"it-IT","@id":"https:\/\/comptoircecil.com\/it\/informazioni-pratiche\/#primaryimage","url":"https:\/\/www.hotel-phenix-lyon.fr\/wp-content\/uploads\/sites\/5\/2025\/04\/VELO-300x300.png","contentUrl":"https:\/\/www.hotel-phenix-lyon.fr\/wp-content\/uploads\/sites\/5\/2025\/04\/VELO-300x300.png"},{"@type":"BreadcrumbList","@id":"https:\/\/comptoircecil.com\/it\/informazioni-pratiche\/#breadcrumb","itemListElement":[{"@type":"ListItem","position":1,"name":"Accueil","item":"https:\/\/comptoircecil.com\/it\/"},{"@type":"ListItem","position":2,"name":"Informazioni pratiche"}]},{"@type":"WebSite","@id":"https:\/\/comptoircecil.com\/it\/#website","url":"https:\/\/comptoircecil.com\/it\/","name":"Globe Cecil","description":"","publisher":{"@id":"https:\/\/comptoircecil.com\/it\/#organization"},"potentialAction":[{"@type":"SearchAction","target":{"@type":"EntryPoint","urlTemplate":"https:\/\/comptoircecil.com\/it\/?s={search_term_string}"},"query-input":{"@type":"PropertyValueSpecification","valueRequired":true,"valueName":"search_term_string"}}],"inLanguage":"it-IT"},{"@type":"Organization","@id":"https:\/\/comptoircecil.com\/it\/#organization","name":"Globe Cecil","url":"https:\/\/comptoircecil.com\/it\/","logo":{"@type":"ImageObject","inLanguage":"it-IT","@id":"https:\/\/comptoircecil.com\/it\/#\/schema\/logo\/image\/","url":"https:\/\/comptoircecil.com\/wp-content\/uploads\/sites\/4\/2025\/05\/LOGO-Comptoir-Cecil-White.svg","contentUrl":"https:\/\/comptoircecil.com\/wp-content\/uploads\/sites\/4\/2025\/05\/LOGO-Comptoir-Cecil-White.svg","width":455,"height":123,"caption":"Globe Cecil"},"image":{"@id":"https:\/\/comptoircecil.com\/it\/#\/schema\/logo\/image\/"}}]}},"_links":{"self":[{"href":"https:\/\/comptoircecil.com\/it\/wp-json\/wp\/v2\/pages\/6300","targetHints":{"allow":["GET"]}}],"collection":[{"href":"https:\/\/comptoircecil.com\/it\/wp-json\/wp\/v2\/pages"}],"about":[{"href":"https:\/\/comptoircecil.com\/it\/wp-json\/wp\/v2\/types\/page"}],"author":[{"embeddable":true,"href":"https:\/\/comptoircecil.com\/it\/wp-json\/wp\/v2\/users\/2"}],"replies":[{"embeddable":true,"href":"https:\/\/comptoircecil.com\/it\/wp-json\/wp\/v2\/comments?post=6300"}],"version-history":[{"count":11,"href":"https:\/\/comptoircecil.com\/it\/wp-json\/wp\/v2\/pages\/6300\/revisions"}],"predecessor-version":[{"id":8151,"href":"https:\/\/comptoircecil.com\/it\/wp-json\/wp\/v2\/pages\/6300\/revisions\/8151"}],"wp:attachment":[{"href":"https:\/\/comptoircecil.com\/it\/wp-json\/wp\/v2\/media?parent=6300"}],"curies":[{"name":"wp","href":"https:\/\/api.w.org\/{rel}","templated":true}]}}