{"id":3516,"date":"2025-04-16T17:40:07","date_gmt":"2025-04-16T15:40:07","guid":{"rendered":"https:\/\/comptoircecil.com\/il-ristorante\/"},"modified":"2025-10-21T16:36:22","modified_gmt":"2025-10-21T14:36:22","slug":"ristorante-cucina-fatta-in-casa","status":"publish","type":"page","link":"https:\/\/comptoircecil.com\/it\/ristorante-cucina-fatta-in-casa\/","title":{"rendered":"La cucina"},"content":{"rendered":"\n<section class=\"heading wp-elements-3a9e03b3d92a9cccb52e3c59bf405f1a wp-elements-3a9e03b3d92a9cccb52e3c59bf405f1a wp-block-acf-heading has-text-color has-black-color has-background has-white-100-background-color\">\n\t<div class=\"heading__container\">\n\t\t\t\t\t<div class=\"heading__background-picture\">\n\t\t\t\t<img decoding=\"async\" width=\"1624\" height=\"1080\" src=\"https:\/\/comptoircecil.com\/wp-content\/uploads\/sites\/4\/2025\/06\/image00066.jpg\" class=\"attachment-full size-full\" alt=\"image00066\" fetchpriority=\"high\" srcset=\"https:\/\/comptoircecil.com\/wp-content\/uploads\/sites\/4\/2025\/06\/image00066.jpg 1624w, https:\/\/comptoircecil.com\/wp-content\/uploads\/sites\/4\/2025\/06\/image00066-600x399.jpg 600w, https:\/\/comptoircecil.com\/wp-content\/uploads\/sites\/4\/2025\/06\/image00066-1400x931.jpg 1400w, https:\/\/comptoircecil.com\/wp-content\/uploads\/sites\/4\/2025\/06\/image00066-768x511.jpg 768w, https:\/\/comptoircecil.com\/wp-content\/uploads\/sites\/4\/2025\/06\/image00066-1536x1021.jpg 1536w\" sizes=\"(max-width: 1624px) 100vw, 1624px\" \/>\t\t\t<\/div>\n\t\t\t\t<div class=\"heading__layout\">\n\t\t\t<div class=\"heading__content-wrapper has-white-100-background-color\">\n\t\t\t\t<div class=\"heading__content has-white-100-background-color\">\n\t\t\t\t\t\t\t\t\t<p id=\"breadcrumbs\"><span><span><a href=\"https:\/\/comptoircecil.com\/it\/\">Accueil<\/a><\/span><\/span><\/p>\t\t\t\t\t\t\t\t\t<div class=\"acf-innerblocks-container\">\n\n<div class=\"wp-block-group heading-content-group is-layout-grid wp-container-core-group-is-layout-96b258e4 wp-block-group-is-layout-grid\">\n<h1 class=\"wp-block-heading has-text-align-left heading__title has-primary-color has-text-color has-xx-large-font-size\"><strong>Cucina di mercato vivace, sincera e ispirata.<\/strong><\/h1>\n<\/div>\n\n<\/div>\n\t\t\t\t<\/div>\n\t\t\t\t\t\t\t<\/div>\n\t\t<\/div>\n\t<\/div>\n<\/section>\n\n\n\t<section\n\t\tstyle=\"padding-top:var(--wp--preset--spacing--theme-default);padding-bottom:var(--wp--preset--spacing--theme-default);\" class=\"double-columns double-columns-reverse_colums_mobile image-is-animate wp-block-acf-double-columns has-background has-white-background-color has-global-padding is-layout-constrained wp-container-acf-double-columns-is-layout-a22d0bdd wp-block-acf-double-columns-is-layout-constrained\"\t>\n\n<div class=\"double-columns__innerblocks\">\n\n<div class=\"wp-block-group is-vertical is-layout-flex wp-container-core-group-is-layout-99e95872 wp-block-group-is-layout-flex\">\n<figure class=\"wp-block-image size-full\"><img decoding=\"async\" width=\"720\" height=\"1080\" src=\"https:\/\/comptoircecil.com\/wp-content\/uploads\/sites\/4\/2025\/06\/Restautant_Bellecour_Lyon22.jpg\" alt=\"Ristorante Bellecour Lione22\" class=\"wp-image-5014\" style=\"aspect-ratio:3\/4;object-fit:cover\" srcset=\"https:\/\/comptoircecil.com\/wp-content\/uploads\/sites\/4\/2025\/06\/Restautant_Bellecour_Lyon22.jpg 720w, https:\/\/comptoircecil.com\/wp-content\/uploads\/sites\/4\/2025\/06\/Restautant_Bellecour_Lyon22-400x600.jpg 400w\" sizes=\"(max-width: 720px) 100vw, 720px\" \/><\/figure>\n<\/div>\n\n\n\n<div class=\"wp-block-group is-vertical is-layout-flex wp-container-core-group-is-layout-99e95872 wp-block-group-is-layout-flex\">\n<h3 class=\"wp-block-heading\"><strong>Al Comptoir Cecil non imbrogliamo, non nascondiamo nulla, sublimiamo.<\/strong><\/h3>\n\n\n\n<p>Quello che troverai nel tuo piatto \u00e8 prima di tutto il lavoro di appassionati produttori locali, un pomodoro grasso raccolto quando \u00e8 maturo, erba fresca ancora perlata, carne proveniente dalla fattoria vicina&#8230;<\/p>\n\n\n\n<p>La nostra cucina si basa sul gusto, quello vero. Il gusto di un fondente al cioccolato che non finge. Una cottura perfetta e il giusto condimento.  <\/p>\n<\/div>\n\n<\/div>\n\n<\/section>\n\n\t<section\n\t\tstyle=\"padding-top:0;padding-bottom:var(--wp--preset--spacing--theme-default);\" class=\"double-columns wp-block-acf-double-columns has-background has-white-background-color has-global-padding is-layout-constrained wp-container-acf-double-columns-is-layout-11a66b1e wp-block-acf-double-columns-is-layout-constrained\"\t>\n\n<div class=\"double-columns__innerblocks\">\n\n<div class=\"wp-block-group is-vertical is-layout-flex wp-container-core-group-is-layout-99e95872 wp-block-group-is-layout-flex\">\n<h3 class=\"wp-block-heading\"><strong>Lo chef Thibaud Cither ti aspetta.<\/strong><\/h3>\n\n\n\n<p><em>Qui la creazione \u00e8 collettiva: ogni settimana il nostro menu breve viene reinventato a quattro, sei, dodici, quattordici mani&#8230; Le idee vengono scambiate, le prove vengono condivise, gli abbinamenti vengono testati in squadra. \u00c8 questa emulazione in cucina, questa libert\u00e0 di toni e questa passione condivisa per i prodotti ben fatti che rendono la nostra cucina cos\u00ec ricca. <\/em><\/p>\n\n\n\n<p><em>E poich\u00e9 abbiamo aperto come cucina di mercato, questo spirito \u00e8 rimasto intatto. Semplicemente, i piatti sono diventati pi\u00f9 eleganti, pi\u00f9 precisi e pi\u00f9 equilibrati. Senza mai perdere la loro generosit\u00e0.  <\/em><\/p>\n\n\n\n<p><em>Nel corso degli anni, il Comptoir Cecil \u00e8 diventato un indirizzo prezioso e ben curato nel quartiere. I clienti abituali vengono qui per gustare piatti genuini e caserecci, un&#8217;accoglienza calorosa e sempre un piccolo tocco di classe. <\/em><\/p>\n<\/div>\n\n\n\n<div class=\"wp-block-group is-layout-flow wp-block-group-is-layout-flow\">\n<figure class=\"wp-block-image size-full\"><img decoding=\"async\" width=\"717\" height=\"1025\" src=\"https:\/\/comptoircecil.com\/wp-content\/uploads\/sites\/4\/2025\/06\/equipe-cuisine-lyon.jpg\" alt=\"squadra di cucina a lione\" class=\"wp-image-7104\" style=\"aspect-ratio:3\/4;object-fit:cover\" srcset=\"https:\/\/comptoircecil.com\/wp-content\/uploads\/sites\/4\/2025\/06\/equipe-cuisine-lyon.jpg 717w, https:\/\/comptoircecil.com\/wp-content\/uploads\/sites\/4\/2025\/06\/equipe-cuisine-lyon-420x600.jpg 420w\" sizes=\"(max-width: 717px) 100vw, 717px\" \/><\/figure>\n<\/div>\n\n<\/div>\n\n<\/section>\n\n\t<section\n\t\tstyle=\"padding-top:var(--wp--preset--spacing--theme-default);padding-bottom:var(--wp--preset--spacing--theme-default);\" class=\"block-container align wp-block-acf-block-container has-background has-white-100-background-color has-global-padding is-layout-constrained wp-container-acf-block-container-is-layout-89fc666d wp-block-acf-block-container-is-layout-constrained\"\t>\n\n\t\n\n<h3 class=\"wp-block-heading has-text-align-center\">La bistronomia lionese come piace a noi: vivace, generosa, aggiornata. E soprattutto, decisamente umana. <\/h3>\n\n\n\n<\/section>\n","protected":false},"excerpt":{"rendered":"","protected":false},"author":1,"featured_media":4364,"parent":0,"menu_order":0,"comment_status":"closed","ping_status":"closed","template":"","meta":{"_acf_changed":false,"inline_featured_image":false,"footnotes":""},"class_list":["post-3516","page","type-page","status-publish","has-post-thumbnail","hentry"],"acf":[],"yoast_head":"<!-- This site is optimized with the Yoast SEO plugin v27.4 - https:\/\/yoast.com\/product\/yoast-seo-wordpress\/ -->\n<title>Ristorante Lyon 2 Bellecour - Fatto in casa, fresco e di stagione<\/title>\n<meta name=\"description\" content=\"Ristorante casalingo a Lione Bellecour. Piatti freschi e di stagione e un&#039;atmosfera accogliente nel cuore della Presqu&#039;\u00eele.\" \/>\n<meta name=\"robots\" content=\"index, follow, max-snippet:-1, max-image-preview:large, max-video-preview:-1\" \/>\n<link rel=\"canonical\" href=\"https:\/\/comptoircecil.com\/it\/ristorante-cucina-fatta-in-casa\/\" \/>\n<meta property=\"og:locale\" content=\"it_IT\" \/>\n<meta property=\"og:type\" content=\"article\" \/>\n<meta property=\"og:title\" content=\"Ristorante Lyon 2 Bellecour - Fatto in casa, fresco e di stagione\" \/>\n<meta property=\"og:description\" content=\"Ristorante casalingo a Lione Bellecour. Piatti freschi e di stagione e un&#039;atmosfera accogliente nel cuore della Presqu&#039;\u00eele.\" \/>\n<meta property=\"og:url\" content=\"https:\/\/comptoircecil.com\/it\/ristorante-cucina-fatta-in-casa\/\" \/>\n<meta property=\"og:site_name\" content=\"Comptoir Cecil\" \/>\n<meta property=\"article:modified_time\" content=\"2025-10-21T14:36:22+00:00\" \/>\n<meta property=\"og:image\" content=\"https:\/\/comptoircecil.com\/wp-content\/uploads\/sites\/4\/2025\/03\/180214125_762268631152936_6489830965960775802_n.jpg\" \/>\n\t<meta property=\"og:image:width\" content=\"1080\" \/>\n\t<meta property=\"og:image:height\" content=\"1080\" \/>\n\t<meta property=\"og:image:type\" content=\"image\/jpeg\" \/>\n<meta name=\"twitter:card\" content=\"summary_large_image\" \/>\n<meta name=\"twitter:label1\" content=\"Tempo di lettura stimato\" \/>\n\t<meta name=\"twitter:data1\" content=\"2 minuto\" \/>\n<script type=\"application\/ld+json\" class=\"yoast-schema-graph\">{\"@context\":\"https:\\\/\\\/schema.org\",\"@graph\":[{\"@type\":\"WebPage\",\"@id\":\"https:\\\/\\\/comptoircecil.com\\\/it\\\/ristorante-cucina-fatta-in-casa\\\/\",\"url\":\"https:\\\/\\\/comptoircecil.com\\\/it\\\/ristorante-cucina-fatta-in-casa\\\/\",\"name\":\"Ristorante Lyon 2 Bellecour - Fatto in casa, fresco e di stagione\",\"isPartOf\":{\"@id\":\"https:\\\/\\\/comptoircecil.com\\\/it\\\/#website\"},\"primaryImageOfPage\":{\"@id\":\"https:\\\/\\\/comptoircecil.com\\\/it\\\/ristorante-cucina-fatta-in-casa\\\/#primaryimage\"},\"image\":{\"@id\":\"https:\\\/\\\/comptoircecil.com\\\/it\\\/ristorante-cucina-fatta-in-casa\\\/#primaryimage\"},\"thumbnailUrl\":\"https:\\\/\\\/comptoircecil.com\\\/wp-content\\\/uploads\\\/sites\\\/4\\\/2025\\\/03\\\/180214125_762268631152936_6489830965960775802_n.jpg\",\"datePublished\":\"2025-04-16T15:40:07+00:00\",\"dateModified\":\"2025-10-21T14:36:22+00:00\",\"description\":\"Ristorante casalingo a Lione Bellecour. Piatti freschi e di stagione e un'atmosfera accogliente nel cuore della Presqu'\u00eele.\",\"breadcrumb\":{\"@id\":\"https:\\\/\\\/comptoircecil.com\\\/it\\\/ristorante-cucina-fatta-in-casa\\\/#breadcrumb\"},\"inLanguage\":\"it-IT\",\"potentialAction\":[{\"@type\":\"ReadAction\",\"target\":[\"https:\\\/\\\/comptoircecil.com\\\/it\\\/ristorante-cucina-fatta-in-casa\\\/\"]}]},{\"@type\":\"ImageObject\",\"inLanguage\":\"it-IT\",\"@id\":\"https:\\\/\\\/comptoircecil.com\\\/it\\\/ristorante-cucina-fatta-in-casa\\\/#primaryimage\",\"url\":\"https:\\\/\\\/comptoircecil.com\\\/wp-content\\\/uploads\\\/sites\\\/4\\\/2025\\\/03\\\/180214125_762268631152936_6489830965960775802_n.jpg\",\"contentUrl\":\"https:\\\/\\\/comptoircecil.com\\\/wp-content\\\/uploads\\\/sites\\\/4\\\/2025\\\/03\\\/180214125_762268631152936_6489830965960775802_n.jpg\",\"width\":1080,\"height\":1080,\"caption\":\"180214125 762268631152936 6489830965960775802 n\"},{\"@type\":\"BreadcrumbList\",\"@id\":\"https:\\\/\\\/comptoircecil.com\\\/it\\\/ristorante-cucina-fatta-in-casa\\\/#breadcrumb\",\"itemListElement\":[{\"@type\":\"ListItem\",\"position\":1,\"name\":\"Accueil\",\"item\":\"https:\\\/\\\/comptoircecil.com\\\/it\\\/\"},{\"@type\":\"ListItem\",\"position\":2,\"name\":\"La cucina\"}]},{\"@type\":\"WebSite\",\"@id\":\"https:\\\/\\\/comptoircecil.com\\\/it\\\/#website\",\"url\":\"https:\\\/\\\/comptoircecil.com\\\/it\\\/\",\"name\":\"Globe Cecil\",\"description\":\"\",\"publisher\":{\"@id\":\"https:\\\/\\\/comptoircecil.com\\\/it\\\/#organization\"},\"potentialAction\":[{\"@type\":\"SearchAction\",\"target\":{\"@type\":\"EntryPoint\",\"urlTemplate\":\"https:\\\/\\\/comptoircecil.com\\\/it\\\/?s={search_term_string}\"},\"query-input\":{\"@type\":\"PropertyValueSpecification\",\"valueRequired\":true,\"valueName\":\"search_term_string\"}}],\"inLanguage\":\"it-IT\"},{\"@type\":\"Organization\",\"@id\":\"https:\\\/\\\/comptoircecil.com\\\/it\\\/#organization\",\"name\":\"Globe Cecil\",\"url\":\"https:\\\/\\\/comptoircecil.com\\\/it\\\/\",\"logo\":{\"@type\":\"ImageObject\",\"inLanguage\":\"it-IT\",\"@id\":\"https:\\\/\\\/comptoircecil.com\\\/it\\\/#\\\/schema\\\/logo\\\/image\\\/\",\"url\":\"https:\\\/\\\/comptoircecil.com\\\/wp-content\\\/uploads\\\/sites\\\/4\\\/2025\\\/05\\\/LOGO-Comptoir-Cecil-White.svg\",\"contentUrl\":\"https:\\\/\\\/comptoircecil.com\\\/wp-content\\\/uploads\\\/sites\\\/4\\\/2025\\\/05\\\/LOGO-Comptoir-Cecil-White.svg\",\"width\":455,\"height\":123,\"caption\":\"Globe Cecil\"},\"image\":{\"@id\":\"https:\\\/\\\/comptoircecil.com\\\/it\\\/#\\\/schema\\\/logo\\\/image\\\/\"}}]}<\/script>\n<!-- \/ Yoast SEO plugin. -->","yoast_head_json":{"title":"Ristorante Lyon 2 Bellecour - Fatto in casa, fresco e di stagione","description":"Ristorante casalingo a Lione Bellecour. Piatti freschi e di stagione e un'atmosfera accogliente nel cuore della Presqu'\u00eele.","robots":{"index":"index","follow":"follow","max-snippet":"max-snippet:-1","max-image-preview":"max-image-preview:large","max-video-preview":"max-video-preview:-1"},"canonical":"https:\/\/comptoircecil.com\/it\/ristorante-cucina-fatta-in-casa\/","og_locale":"it_IT","og_type":"article","og_title":"Ristorante Lyon 2 Bellecour - Fatto in casa, fresco e di stagione","og_description":"Ristorante casalingo a Lione Bellecour. Piatti freschi e di stagione e un'atmosfera accogliente nel cuore della Presqu'\u00eele.","og_url":"https:\/\/comptoircecil.com\/it\/ristorante-cucina-fatta-in-casa\/","og_site_name":"Comptoir Cecil","article_modified_time":"2025-10-21T14:36:22+00:00","og_image":[{"width":1080,"height":1080,"url":"https:\/\/comptoircecil.com\/wp-content\/uploads\/sites\/4\/2025\/03\/180214125_762268631152936_6489830965960775802_n.jpg","type":"image\/jpeg"}],"twitter_card":"summary_large_image","twitter_misc":{"Tempo di lettura stimato":"2 minuto"},"schema":{"@context":"https:\/\/schema.org","@graph":[{"@type":"WebPage","@id":"https:\/\/comptoircecil.com\/it\/ristorante-cucina-fatta-in-casa\/","url":"https:\/\/comptoircecil.com\/it\/ristorante-cucina-fatta-in-casa\/","name":"Ristorante Lyon 2 Bellecour - Fatto in casa, fresco e di stagione","isPartOf":{"@id":"https:\/\/comptoircecil.com\/it\/#website"},"primaryImageOfPage":{"@id":"https:\/\/comptoircecil.com\/it\/ristorante-cucina-fatta-in-casa\/#primaryimage"},"image":{"@id":"https:\/\/comptoircecil.com\/it\/ristorante-cucina-fatta-in-casa\/#primaryimage"},"thumbnailUrl":"https:\/\/comptoircecil.com\/wp-content\/uploads\/sites\/4\/2025\/03\/180214125_762268631152936_6489830965960775802_n.jpg","datePublished":"2025-04-16T15:40:07+00:00","dateModified":"2025-10-21T14:36:22+00:00","description":"Ristorante casalingo a Lione Bellecour. Piatti freschi e di stagione e un'atmosfera accogliente nel cuore della Presqu'\u00eele.","breadcrumb":{"@id":"https:\/\/comptoircecil.com\/it\/ristorante-cucina-fatta-in-casa\/#breadcrumb"},"inLanguage":"it-IT","potentialAction":[{"@type":"ReadAction","target":["https:\/\/comptoircecil.com\/it\/ristorante-cucina-fatta-in-casa\/"]}]},{"@type":"ImageObject","inLanguage":"it-IT","@id":"https:\/\/comptoircecil.com\/it\/ristorante-cucina-fatta-in-casa\/#primaryimage","url":"https:\/\/comptoircecil.com\/wp-content\/uploads\/sites\/4\/2025\/03\/180214125_762268631152936_6489830965960775802_n.jpg","contentUrl":"https:\/\/comptoircecil.com\/wp-content\/uploads\/sites\/4\/2025\/03\/180214125_762268631152936_6489830965960775802_n.jpg","width":1080,"height":1080,"caption":"180214125 762268631152936 6489830965960775802 n"},{"@type":"BreadcrumbList","@id":"https:\/\/comptoircecil.com\/it\/ristorante-cucina-fatta-in-casa\/#breadcrumb","itemListElement":[{"@type":"ListItem","position":1,"name":"Accueil","item":"https:\/\/comptoircecil.com\/it\/"},{"@type":"ListItem","position":2,"name":"La cucina"}]},{"@type":"WebSite","@id":"https:\/\/comptoircecil.com\/it\/#website","url":"https:\/\/comptoircecil.com\/it\/","name":"Globe Cecil","description":"","publisher":{"@id":"https:\/\/comptoircecil.com\/it\/#organization"},"potentialAction":[{"@type":"SearchAction","target":{"@type":"EntryPoint","urlTemplate":"https:\/\/comptoircecil.com\/it\/?s={search_term_string}"},"query-input":{"@type":"PropertyValueSpecification","valueRequired":true,"valueName":"search_term_string"}}],"inLanguage":"it-IT"},{"@type":"Organization","@id":"https:\/\/comptoircecil.com\/it\/#organization","name":"Globe Cecil","url":"https:\/\/comptoircecil.com\/it\/","logo":{"@type":"ImageObject","inLanguage":"it-IT","@id":"https:\/\/comptoircecil.com\/it\/#\/schema\/logo\/image\/","url":"https:\/\/comptoircecil.com\/wp-content\/uploads\/sites\/4\/2025\/05\/LOGO-Comptoir-Cecil-White.svg","contentUrl":"https:\/\/comptoircecil.com\/wp-content\/uploads\/sites\/4\/2025\/05\/LOGO-Comptoir-Cecil-White.svg","width":455,"height":123,"caption":"Globe Cecil"},"image":{"@id":"https:\/\/comptoircecil.com\/it\/#\/schema\/logo\/image\/"}}]}},"_links":{"self":[{"href":"https:\/\/comptoircecil.com\/it\/wp-json\/wp\/v2\/pages\/3516","targetHints":{"allow":["GET"]}}],"collection":[{"href":"https:\/\/comptoircecil.com\/it\/wp-json\/wp\/v2\/pages"}],"about":[{"href":"https:\/\/comptoircecil.com\/it\/wp-json\/wp\/v2\/types\/page"}],"author":[{"embeddable":true,"href":"https:\/\/comptoircecil.com\/it\/wp-json\/wp\/v2\/users\/1"}],"replies":[{"embeddable":true,"href":"https:\/\/comptoircecil.com\/it\/wp-json\/wp\/v2\/comments?post=3516"}],"version-history":[{"count":17,"href":"https:\/\/comptoircecil.com\/it\/wp-json\/wp\/v2\/pages\/3516\/revisions"}],"predecessor-version":[{"id":7985,"href":"https:\/\/comptoircecil.com\/it\/wp-json\/wp\/v2\/pages\/3516\/revisions\/7985"}],"wp:featuredmedia":[{"embeddable":true,"href":"https:\/\/comptoircecil.com\/it\/wp-json\/wp\/v2\/media\/4364"}],"wp:attachment":[{"href":"https:\/\/comptoircecil.com\/it\/wp-json\/wp\/v2\/media?parent=3516"}],"curies":[{"name":"wp","href":"https:\/\/api.w.org\/{rel}","templated":true}]}}