{"id":3499,"date":"2025-04-16T17:40:06","date_gmt":"2025-04-16T15:40:06","guid":{"rendered":"https:\/\/comptoircecil.com\/lalbergo\/i-nostri-impegni\/"},"modified":"2025-07-29T13:26:13","modified_gmt":"2025-07-29T11:26:13","slug":"cena","status":"publish","type":"page","link":"https:\/\/comptoircecil.com\/it\/ristorante-lione-2-bellecour\/cena\/","title":{"rendered":"La cena"},"content":{"rendered":"\n<section class=\"heading wp-elements-bebd4fdb61d5f3f4e9e807d2d53cf91f wp-elements-bebd4fdb61d5f3f4e9e807d2d53cf91f wp-block-acf-heading has-text-color has-primary-color has-background has-white-100-background-color\">\n\t<div class=\"heading__container\">\n\t\t\t\t\t<div class=\"heading__background-picture\">\n\t\t\t\t<img decoding=\"async\" width=\"1620\" height=\"1080\" src=\"https:\/\/comptoircecil.com\/wp-content\/uploads\/sites\/4\/2025\/06\/restaurant-lyon.jpg\" class=\"attachment-full size-full\" alt=\"restaurant lyon\" fetchpriority=\"high\" srcset=\"https:\/\/comptoircecil.com\/wp-content\/uploads\/sites\/4\/2025\/06\/restaurant-lyon.jpg 1620w, https:\/\/comptoircecil.com\/wp-content\/uploads\/sites\/4\/2025\/06\/restaurant-lyon-600x400.jpg 600w, https:\/\/comptoircecil.com\/wp-content\/uploads\/sites\/4\/2025\/06\/restaurant-lyon-1400x933.jpg 1400w, https:\/\/comptoircecil.com\/wp-content\/uploads\/sites\/4\/2025\/06\/restaurant-lyon-768x512.jpg 768w, https:\/\/comptoircecil.com\/wp-content\/uploads\/sites\/4\/2025\/06\/restaurant-lyon-1536x1024.jpg 1536w\" sizes=\"(max-width: 1620px) 100vw, 1620px\" \/>\t\t\t<\/div>\n\t\t\t\t<div class=\"heading__layout\">\n\t\t\t<div class=\"heading__content-wrapper has-white-100-background-color\">\n\t\t\t\t<div class=\"heading__content has-white-100-background-color\">\n\t\t\t\t\t\t\t\t\t<p id=\"breadcrumbs\"><span><span><a href=\"https:\/\/comptoircecil.com\/it\/\">Accueil<\/a><\/span><\/span><\/p>\t\t\t\t\t\t\t\t\t<div class=\"acf-innerblocks-container\">\n\n<div class=\"wp-block-group heading-content-group is-layout-grid wp-container-core-group-is-layout-96b258e4 wp-block-group-is-layout-grid\">\n<h1 class=\"wp-block-heading has-text-align-left heading__title has-primary-color has-text-color has-xx-large-font-size wp-container-content-32a3e683\"><strong>La cena<\/strong><\/h1>\n\n\n\n<p class=\"heading__chapo has-primary-color has-text-color\">Dal luned\u00ec al venerd\u00ec dalle 19.00 alle 21.30<\/p>\n<\/div>\n\n<\/div>\n\t\t\t\t<\/div>\n\t\t\t\t\t\t\t<\/div>\n\t\t<\/div>\n\t<\/div>\n<\/section>\n\n\n\t<section\n\t\tstyle=\"padding-top:var(--wp--preset--spacing--theme-default);padding-bottom:var(--wp--preset--spacing--theme-default);\" class=\"double-columns double-columns-reverse_colums_mobile image-is-animate wp-block-acf-double-columns has-background has-white-background-color has-global-padding is-layout-constrained wp-container-acf-double-columns-is-layout-a22d0bdd wp-block-acf-double-columns-is-layout-constrained\"\t>\n\n<div class=\"double-columns__innerblocks\">\n\n<div class=\"wp-block-group is-vertical is-layout-flex wp-container-core-group-is-layout-99e95872 wp-block-group-is-layout-flex\">\n<figure class=\"wp-block-image size-full\"><img decoding=\"async\" width=\"720\" height=\"1080\" src=\"https:\/\/comptoircecil.com\/wp-content\/uploads\/sites\/4\/2025\/06\/bonnes-adresses-lyon.jpg\" alt=\"buoni indirizzi a lione\" class=\"wp-image-5951\" style=\"aspect-ratio:3\/4;object-fit:cover\" srcset=\"https:\/\/comptoircecil.com\/wp-content\/uploads\/sites\/4\/2025\/06\/bonnes-adresses-lyon.jpg 720w, https:\/\/comptoircecil.com\/wp-content\/uploads\/sites\/4\/2025\/06\/bonnes-adresses-lyon-400x600.jpg 400w\" sizes=\"(max-width: 720px) 100vw, 720px\" \/><\/figure>\n<\/div>\n\n\n\n<div class=\"wp-block-group is-vertical is-content-justification-stretch is-layout-flex wp-container-core-group-is-layout-5f0cd685 wp-block-group-is-layout-flex\">\n<h3 class=\"wp-block-heading\">Sapori semplici e gourmet<\/h3>\n\n\n\n<p>Ogni settimana, un breve menu, punteggiato da prodotti del mercato, suggerimenti dello chef e dessert fatti in casa che riscuotono unanimi consensi. Il tutto accompagnato da un&#8217;accurata selezione di vini, da gustare nella sala da pranzo o sulla terrazza quando il tempo lo consente. <\/p>\n\n\n\n<div class=\"wp-block-buttons is-content-justification-center is-layout-flex wp-container-core-buttons-is-layout-72666a7a wp-block-buttons-is-layout-flex\" style=\"padding-top:0;padding-bottom:0\">\n<div class=\"wp-block-button is-style-label-button is-style-label-button--1\"><a class=\"wp-block-button__link wp-element-button\" href=\"https:\/\/comptoircecil.com\/it\/menu\/\">Scopri il nostro menu<\/a><\/div>\n<\/div>\n<\/div>\n\n<\/div>\n\n<\/section>\n\n\t<section\n\t\tstyle=\"padding-top:var(--wp--preset--spacing--theme-default);padding-bottom:var(--wp--preset--spacing--theme-default);\" class=\"double-columns wp-block-acf-double-columns has-background has-white-100-background-color has-global-padding is-layout-constrained wp-container-acf-double-columns-is-layout-468cbe0c wp-block-acf-double-columns-is-layout-constrained\"\t>\n\n<div class=\"double-columns__innerblocks\">\n\n<div class=\"wp-block-group is-vertical is-content-justification-stretch is-layout-flex wp-container-core-group-is-layout-5621715d wp-block-group-is-layout-flex\">\n<div class=\"wp-block-group is-vertical is-content-justification-center is-layout-flex wp-container-core-group-is-layout-c9b563f4 wp-block-group-is-layout-flex\" style=\"padding-top:0;padding-right:0;padding-bottom:var(--wp--preset--spacing--theme-m);padding-left:0\">\n<figure class=\"wp-block-image size-full is-resized\"><img decoding=\"async\" width=\"350\" height=\"350\" src=\"https:\/\/comptoircecil.com\/wp-content\/uploads\/sites\/4\/2025\/04\/PLATEAU.png\" alt=\"PLATEAU\" class=\"wp-image-2306\" style=\"width:150px\" srcset=\"https:\/\/comptoircecil.com\/wp-content\/uploads\/sites\/4\/2025\/04\/PLATEAU.png 350w, https:\/\/comptoircecil.com\/wp-content\/uploads\/sites\/4\/2025\/04\/PLATEAU-300x300.png 300w\" sizes=\"(max-width: 350px) 100vw, 350px\" \/><\/figure>\n<\/div>\n\n\n\n<p class=\"has-text-align-left\">Quando il sole tramonta sulla Presqu&#8217;\u00eele, il nostro ristorante bistronomico di Lione assume un&#8217;atmosfera silenziosa. Il servizio diventa ancora pi\u00f9 attento, la terrazza \u00e8 immersa in una luce soffusa e il menu rivela una cucina fresca, locale e casalinga che ama sorprendere senza mai esagerare. <\/p>\n<\/div>\n\n\n\n<div class=\"wp-block-group is-layout-flow wp-block-group-is-layout-flow\">\n<figure class=\"wp-block-image size-full\"><img decoding=\"async\" width=\"720\" height=\"1080\" src=\"https:\/\/comptoircecil.com\/wp-content\/uploads\/sites\/4\/2025\/06\/Restaurant_Comptoir_Cecil2.jpg\" alt=\"Ristorante Comptoir Cecil2\" class=\"wp-image-4910\" style=\"aspect-ratio:3\/4;object-fit:cover\" srcset=\"https:\/\/comptoircecil.com\/wp-content\/uploads\/sites\/4\/2025\/06\/Restaurant_Comptoir_Cecil2.jpg 720w, https:\/\/comptoircecil.com\/wp-content\/uploads\/sites\/4\/2025\/06\/Restaurant_Comptoir_Cecil2-400x600.jpg 400w\" sizes=\"(max-width: 720px) 100vw, 720px\" \/><\/figure>\n<\/div>\n\n<\/div>\n\n<\/section>\n","protected":false},"excerpt":{"rendered":"","protected":false},"author":1,"featured_media":0,"parent":3418,"menu_order":0,"comment_status":"closed","ping_status":"closed","template":"","meta":{"_acf_changed":false,"inline_featured_image":false,"footnotes":""},"class_list":["post-3499","page","type-page","status-publish","hentry"],"acf":[],"yoast_head":"<!-- This site is optimized with the Yoast SEO plugin v27.2 - https:\/\/yoast.com\/product\/yoast-seo-wordpress\/ -->\n<title>Cena Ristorante bistronomico Lyon 2 Bellecour - Centre Presqu&#039;\u00eele<\/title>\n<meta name=\"description\" content=\"Ristorante bistronomico a Lione 2, quartiere Bellecour. Cucina di stagione e un ambiente elegante per le tue serate sulla Presqu&#039;\u00eele.\" \/>\n<meta name=\"robots\" content=\"index, follow, max-snippet:-1, max-image-preview:large, max-video-preview:-1\" \/>\n<link rel=\"canonical\" href=\"https:\/\/comptoircecil.com\/it\/ristorante-lione-2-bellecour\/cena\/\" \/>\n<meta property=\"og:locale\" content=\"it_IT\" \/>\n<meta property=\"og:type\" content=\"article\" \/>\n<meta property=\"og:title\" content=\"Cena Ristorante bistronomico Lyon 2 Bellecour - Centre Presqu&#039;\u00eele\" \/>\n<meta property=\"og:description\" content=\"Ristorante bistronomico a Lione 2, quartiere Bellecour. Cucina di stagione e un ambiente elegante per le tue serate sulla Presqu&#039;\u00eele.\" \/>\n<meta property=\"og:url\" content=\"https:\/\/comptoircecil.com\/it\/ristorante-lione-2-bellecour\/cena\/\" \/>\n<meta property=\"og:site_name\" content=\"Comptoir Cecil\" \/>\n<meta property=\"article:modified_time\" content=\"2025-07-29T11:26:13+00:00\" \/>\n<meta property=\"og:image\" content=\"https:\/\/comptoircecil.com\/wp-content\/uploads\/sites\/4\/2025\/06\/bonnes-adresses-lyon.jpg\" \/>\n<meta name=\"twitter:card\" content=\"summary_large_image\" \/>\n<meta name=\"twitter:label1\" content=\"Tempo di lettura stimato\" \/>\n\t<meta name=\"twitter:data1\" content=\"2 minuto\" \/>\n<script type=\"application\/ld+json\" class=\"yoast-schema-graph\">{\"@context\":\"https:\/\/schema.org\",\"@graph\":[{\"@type\":\"WebPage\",\"@id\":\"https:\/\/comptoircecil.com\/it\/ristorante-lione-2-bellecour\/cena\/\",\"url\":\"https:\/\/comptoircecil.com\/it\/ristorante-lione-2-bellecour\/cena\/\",\"name\":\"Cena Ristorante bistronomico Lyon 2 Bellecour - Centre Presqu'\u00eele\",\"isPartOf\":{\"@id\":\"https:\/\/comptoircecil.com\/it\/#website\"},\"primaryImageOfPage\":{\"@id\":\"https:\/\/comptoircecil.com\/it\/ristorante-lione-2-bellecour\/cena\/#primaryimage\"},\"image\":{\"@id\":\"https:\/\/comptoircecil.com\/it\/ristorante-lione-2-bellecour\/cena\/#primaryimage\"},\"thumbnailUrl\":\"https:\/\/comptoircecil.com\/wp-content\/uploads\/sites\/4\/2025\/06\/bonnes-adresses-lyon.jpg\",\"datePublished\":\"2025-04-16T15:40:06+00:00\",\"dateModified\":\"2025-07-29T11:26:13+00:00\",\"description\":\"Ristorante bistronomico a Lione 2, quartiere Bellecour. Cucina di stagione e un ambiente elegante per le tue serate sulla Presqu'\u00eele.\",\"breadcrumb\":{\"@id\":\"https:\/\/comptoircecil.com\/it\/ristorante-lione-2-bellecour\/cena\/#breadcrumb\"},\"inLanguage\":\"it-IT\",\"potentialAction\":[{\"@type\":\"ReadAction\",\"target\":[\"https:\/\/comptoircecil.com\/it\/ristorante-lione-2-bellecour\/cena\/\"]}]},{\"@type\":\"ImageObject\",\"inLanguage\":\"it-IT\",\"@id\":\"https:\/\/comptoircecil.com\/it\/ristorante-lione-2-bellecour\/cena\/#primaryimage\",\"url\":\"https:\/\/comptoircecil.com\/wp-content\/uploads\/sites\/4\/2025\/06\/bonnes-adresses-lyon.jpg\",\"contentUrl\":\"https:\/\/comptoircecil.com\/wp-content\/uploads\/sites\/4\/2025\/06\/bonnes-adresses-lyon.jpg\"},{\"@type\":\"BreadcrumbList\",\"@id\":\"https:\/\/comptoircecil.com\/it\/ristorante-lione-2-bellecour\/cena\/#breadcrumb\",\"itemListElement\":[{\"@type\":\"ListItem\",\"position\":1,\"name\":\"Accueil\",\"item\":\"https:\/\/comptoircecil.com\/it\/\"},{\"@type\":\"ListItem\",\"position\":2,\"name\":\"Il ristorante\",\"item\":\"https:\/\/comptoircecil.com\/it\/ristorante-lione-2-bellecour\/\"},{\"@type\":\"ListItem\",\"position\":3,\"name\":\"La cena\"}]},{\"@type\":\"WebSite\",\"@id\":\"https:\/\/comptoircecil.com\/it\/#website\",\"url\":\"https:\/\/comptoircecil.com\/it\/\",\"name\":\"Globe Cecil\",\"description\":\"\",\"publisher\":{\"@id\":\"https:\/\/comptoircecil.com\/it\/#organization\"},\"potentialAction\":[{\"@type\":\"SearchAction\",\"target\":{\"@type\":\"EntryPoint\",\"urlTemplate\":\"https:\/\/comptoircecil.com\/it\/?s={search_term_string}\"},\"query-input\":{\"@type\":\"PropertyValueSpecification\",\"valueRequired\":true,\"valueName\":\"search_term_string\"}}],\"inLanguage\":\"it-IT\"},{\"@type\":\"Organization\",\"@id\":\"https:\/\/comptoircecil.com\/it\/#organization\",\"name\":\"Globe Cecil\",\"url\":\"https:\/\/comptoircecil.com\/it\/\",\"logo\":{\"@type\":\"ImageObject\",\"inLanguage\":\"it-IT\",\"@id\":\"https:\/\/comptoircecil.com\/it\/#\/schema\/logo\/image\/\",\"url\":\"https:\/\/comptoircecil.com\/wp-content\/uploads\/sites\/4\/2025\/05\/LOGO-Comptoir-Cecil-White.svg\",\"contentUrl\":\"https:\/\/comptoircecil.com\/wp-content\/uploads\/sites\/4\/2025\/05\/LOGO-Comptoir-Cecil-White.svg\",\"width\":455,\"height\":123,\"caption\":\"Globe Cecil\"},\"image\":{\"@id\":\"https:\/\/comptoircecil.com\/it\/#\/schema\/logo\/image\/\"}}]}<\/script>\n<!-- \/ Yoast SEO plugin. -->","yoast_head_json":{"title":"Cena Ristorante bistronomico Lyon 2 Bellecour - Centre Presqu'\u00eele","description":"Ristorante bistronomico a Lione 2, quartiere Bellecour. Cucina di stagione e un ambiente elegante per le tue serate sulla Presqu'\u00eele.","robots":{"index":"index","follow":"follow","max-snippet":"max-snippet:-1","max-image-preview":"max-image-preview:large","max-video-preview":"max-video-preview:-1"},"canonical":"https:\/\/comptoircecil.com\/it\/ristorante-lione-2-bellecour\/cena\/","og_locale":"it_IT","og_type":"article","og_title":"Cena Ristorante bistronomico Lyon 2 Bellecour - Centre Presqu'\u00eele","og_description":"Ristorante bistronomico a Lione 2, quartiere Bellecour. Cucina di stagione e un ambiente elegante per le tue serate sulla Presqu'\u00eele.","og_url":"https:\/\/comptoircecil.com\/it\/ristorante-lione-2-bellecour\/cena\/","og_site_name":"Comptoir Cecil","article_modified_time":"2025-07-29T11:26:13+00:00","og_image":[{"url":"https:\/\/comptoircecil.com\/wp-content\/uploads\/sites\/4\/2025\/06\/bonnes-adresses-lyon.jpg","type":"","width":"","height":""}],"twitter_card":"summary_large_image","twitter_misc":{"Tempo di lettura stimato":"2 minuto"},"schema":{"@context":"https:\/\/schema.org","@graph":[{"@type":"WebPage","@id":"https:\/\/comptoircecil.com\/it\/ristorante-lione-2-bellecour\/cena\/","url":"https:\/\/comptoircecil.com\/it\/ristorante-lione-2-bellecour\/cena\/","name":"Cena Ristorante bistronomico Lyon 2 Bellecour - Centre Presqu'\u00eele","isPartOf":{"@id":"https:\/\/comptoircecil.com\/it\/#website"},"primaryImageOfPage":{"@id":"https:\/\/comptoircecil.com\/it\/ristorante-lione-2-bellecour\/cena\/#primaryimage"},"image":{"@id":"https:\/\/comptoircecil.com\/it\/ristorante-lione-2-bellecour\/cena\/#primaryimage"},"thumbnailUrl":"https:\/\/comptoircecil.com\/wp-content\/uploads\/sites\/4\/2025\/06\/bonnes-adresses-lyon.jpg","datePublished":"2025-04-16T15:40:06+00:00","dateModified":"2025-07-29T11:26:13+00:00","description":"Ristorante bistronomico a Lione 2, quartiere Bellecour. Cucina di stagione e un ambiente elegante per le tue serate sulla Presqu'\u00eele.","breadcrumb":{"@id":"https:\/\/comptoircecil.com\/it\/ristorante-lione-2-bellecour\/cena\/#breadcrumb"},"inLanguage":"it-IT","potentialAction":[{"@type":"ReadAction","target":["https:\/\/comptoircecil.com\/it\/ristorante-lione-2-bellecour\/cena\/"]}]},{"@type":"ImageObject","inLanguage":"it-IT","@id":"https:\/\/comptoircecil.com\/it\/ristorante-lione-2-bellecour\/cena\/#primaryimage","url":"https:\/\/comptoircecil.com\/wp-content\/uploads\/sites\/4\/2025\/06\/bonnes-adresses-lyon.jpg","contentUrl":"https:\/\/comptoircecil.com\/wp-content\/uploads\/sites\/4\/2025\/06\/bonnes-adresses-lyon.jpg"},{"@type":"BreadcrumbList","@id":"https:\/\/comptoircecil.com\/it\/ristorante-lione-2-bellecour\/cena\/#breadcrumb","itemListElement":[{"@type":"ListItem","position":1,"name":"Accueil","item":"https:\/\/comptoircecil.com\/it\/"},{"@type":"ListItem","position":2,"name":"Il ristorante","item":"https:\/\/comptoircecil.com\/it\/ristorante-lione-2-bellecour\/"},{"@type":"ListItem","position":3,"name":"La cena"}]},{"@type":"WebSite","@id":"https:\/\/comptoircecil.com\/it\/#website","url":"https:\/\/comptoircecil.com\/it\/","name":"Globe Cecil","description":"","publisher":{"@id":"https:\/\/comptoircecil.com\/it\/#organization"},"potentialAction":[{"@type":"SearchAction","target":{"@type":"EntryPoint","urlTemplate":"https:\/\/comptoircecil.com\/it\/?s={search_term_string}"},"query-input":{"@type":"PropertyValueSpecification","valueRequired":true,"valueName":"search_term_string"}}],"inLanguage":"it-IT"},{"@type":"Organization","@id":"https:\/\/comptoircecil.com\/it\/#organization","name":"Globe Cecil","url":"https:\/\/comptoircecil.com\/it\/","logo":{"@type":"ImageObject","inLanguage":"it-IT","@id":"https:\/\/comptoircecil.com\/it\/#\/schema\/logo\/image\/","url":"https:\/\/comptoircecil.com\/wp-content\/uploads\/sites\/4\/2025\/05\/LOGO-Comptoir-Cecil-White.svg","contentUrl":"https:\/\/comptoircecil.com\/wp-content\/uploads\/sites\/4\/2025\/05\/LOGO-Comptoir-Cecil-White.svg","width":455,"height":123,"caption":"Globe Cecil"},"image":{"@id":"https:\/\/comptoircecil.com\/it\/#\/schema\/logo\/image\/"}}]}},"_links":{"self":[{"href":"https:\/\/comptoircecil.com\/it\/wp-json\/wp\/v2\/pages\/3499","targetHints":{"allow":["GET"]}}],"collection":[{"href":"https:\/\/comptoircecil.com\/it\/wp-json\/wp\/v2\/pages"}],"about":[{"href":"https:\/\/comptoircecil.com\/it\/wp-json\/wp\/v2\/types\/page"}],"author":[{"embeddable":true,"href":"https:\/\/comptoircecil.com\/it\/wp-json\/wp\/v2\/users\/1"}],"replies":[{"embeddable":true,"href":"https:\/\/comptoircecil.com\/it\/wp-json\/wp\/v2\/comments?post=3499"}],"version-history":[{"count":15,"href":"https:\/\/comptoircecil.com\/it\/wp-json\/wp\/v2\/pages\/3499\/revisions"}],"predecessor-version":[{"id":7626,"href":"https:\/\/comptoircecil.com\/it\/wp-json\/wp\/v2\/pages\/3499\/revisions\/7626"}],"up":[{"embeddable":true,"href":"https:\/\/comptoircecil.com\/it\/wp-json\/wp\/v2\/pages\/3418"}],"wp:attachment":[{"href":"https:\/\/comptoircecil.com\/it\/wp-json\/wp\/v2\/media?parent=3499"}],"curies":[{"name":"wp","href":"https:\/\/api.w.org\/{rel}","templated":true}]}}