{"id":3373,"date":"2025-04-16T17:40:08","date_gmt":"2025-04-16T15:40:08","guid":{"rendered":"https:\/\/comptoircecil.com\/informazioni-legali\/"},"modified":"2025-10-01T15:31:46","modified_gmt":"2025-10-01T13:31:46","slug":"informazioni-legali","status":"publish","type":"page","link":"https:\/\/comptoircecil.com\/it\/informazioni-legali\/","title":{"rendered":"Informazioni legali"},"content":{"rendered":"\n<section class=\"heading wp-elements-e51e40334ee434f8d93aa5d259b935ce wp-elements-e51e40334ee434f8d93aa5d259b935ce wp-block-acf-heading has-text-color has-primary-color has-background has-white-100-background-color\">\n\t<div class=\"heading__container\">\n\t\t\t\t\t<div class=\"heading__background-picture\">\n\t\t\t\t<img decoding=\"async\" width=\"1620\" height=\"1080\" src=\"https:\/\/comptoircecil.com\/wp-content\/uploads\/sites\/4\/2025\/06\/restaurant-lyon-bellecour-1.jpg\" class=\"attachment-full size-full\" alt=\"restaurant lyon bellecour 1\" fetchpriority=\"high\" srcset=\"https:\/\/comptoircecil.com\/wp-content\/uploads\/sites\/4\/2025\/06\/restaurant-lyon-bellecour-1.jpg 1620w, https:\/\/comptoircecil.com\/wp-content\/uploads\/sites\/4\/2025\/06\/restaurant-lyon-bellecour-1-600x400.jpg 600w, https:\/\/comptoircecil.com\/wp-content\/uploads\/sites\/4\/2025\/06\/restaurant-lyon-bellecour-1-1400x933.jpg 1400w, https:\/\/comptoircecil.com\/wp-content\/uploads\/sites\/4\/2025\/06\/restaurant-lyon-bellecour-1-768x512.jpg 768w, https:\/\/comptoircecil.com\/wp-content\/uploads\/sites\/4\/2025\/06\/restaurant-lyon-bellecour-1-1536x1024.jpg 1536w\" sizes=\"(max-width: 1620px) 100vw, 1620px\" \/>\t\t\t<\/div>\n\t\t\t\t<div class=\"heading__layout\">\n\t\t\t<div class=\"heading__content-wrapper has-white-100-background-color\">\n\t\t\t\t<div class=\"heading__content has-white-100-background-color\">\n\t\t\t\t\t\t\t\t\t<p id=\"breadcrumbs\"><span><span><a href=\"https:\/\/comptoircecil.com\/it\/\">Accueil<\/a><\/span><\/span><\/p>\t\t\t\t\t\t\t\t\t<div class=\"acf-innerblocks-container\">\n\n<div class=\"wp-block-group heading-content-group is-layout-grid wp-container-core-group-is-layout-96b258e4 wp-block-group-is-layout-grid\">\n<h1 class=\"wp-block-heading has-text-align-left heading__title has-primary-color has-text-color has-xx-large-font-size wp-container-content-32a3e683\">Informazioni legali<\/h1>\n<\/div>\n\n<\/div>\n\t\t\t\t<\/div>\n\t\t\t\t\t\t\t\t<div class=\"heading__illustration illustration-with-parallax desktop-only\">\n\t\t\t\t\t<img decoding=\"async\" width=\"350\" height=\"350\" src=\"https:\/\/comptoircecil.com\/wp-content\/uploads\/sites\/4\/2025\/06\/HAUT-de-FORME.png\" class=\"attachment-full size-full\" alt=\"HAUT de FORME\" fetchpriority=\"high\" srcset=\"https:\/\/comptoircecil.com\/wp-content\/uploads\/sites\/4\/2025\/06\/HAUT-de-FORME.png 350w, https:\/\/comptoircecil.com\/wp-content\/uploads\/sites\/4\/2025\/06\/HAUT-de-FORME-300x300.png 300w\" sizes=\"(max-width: 350px) 100vw, 350px\" \/>\t\t\t\t<\/div>\n\t\t\t\t\t\t\t<\/div>\n\t\t<\/div>\n\t<\/div>\n<\/section>\n\n\n\t<section\n\t\tstyle=\"padding-top:var(--wp--preset--spacing--theme-default);padding-bottom:var(--wp--preset--spacing--theme-default);\" class=\"block-container align wp-block-acf-block-container has-background has-white-background-color is-layout-flow wp-block-acf-block-container-is-layout-flow\"\t>\n\n\t\n\n<div class=\"wp-block-group has-global-padding is-layout-constrained wp-block-group-is-layout-constrained\">\n<h3 class=\"wp-block-heading has-text-align-left\"><strong>Informazioni legali<\/strong><\/h3>\n\n\n\n<p>Lo scopo di questa pagina \u00e8 quello di descrivere le note legali applicabili a tutti gli utenti di Internet che visitano uno dei siti web di Aubergistes Lyonnais:<\/p>\n\n\n\n<ul class=\"wp-block-list\">\n<li><a href=\"https:\/\/www.lesaubergisteslyonnais.fr\/\">https:\/\/www.lesaubergisteslyonnais.fr\/<\/a><\/li>\n\n\n\n<li><a href=\"https:\/\/www.leclubdesaubergistes.fr\/\">https:\/\/www.leclubdesaubergistes.fr\/<\/a><\/li>\n\n\n\n<li><a href=\"https:\/\/globeetcecilhotel.com\/\">https:\/\/globeetcecilhotel.com\/<\/a><\/li>\n\n\n\n<li><a href=\"https:\/\/www.hotel-phenix-lyon.fr\/\">https:\/\/www.hotel-phenix-lyon.fr\/<\/a><\/li>\n\n\n\n<li><a href=\"https:\/\/www.hotel-simplon-lyon.com\/\">https:\/\/www.hotel-simplon-lyon.com\/<\/a><\/li>\n\n\n\n<li><a href=\"https:\/\/comptoircecil.com\/it\/\">https:\/\/comptoircecil.com\/<\/a><\/li>\n\n\n\n<li><a href=\"https:\/\/comptoirphenix.fr\/\">https:\/\/comptoirphenix.fr\/<\/a><\/li>\n<\/ul>\n\n\n\n<p>(di seguito il &#8220;Sito&#8221;).<\/p>\n\n\n\n<p>Consultando questo Sito, ti impegni a rispettare le presenti note legali. Poich\u00e9 Les Aubergistes Lyonnais pu\u00f2 modificarle in qualsiasi momento e senza preavviso, ti invitiamo a consultarle regolarmente. <\/p>\n\n\n\n<p><strong>INFORMAZIONI GENERALI<\/strong><\/p>\n\n\n\n<p>Questo sito web \u00e8 pubblicato da <strong>Les Aubergistes Lyonnais<\/strong>, una SAS con capitale di 1.500 euro iscritta al Registro del Commercio e delle Imprese di Lione con il numero<strong> <\/strong>892 317 132, la cui sede legale si trova al 2 place des C\u00e9lestins &#8211; 69002 Lione &#8211; Francia.<br\/>SIRET: 892 317 132 00017<br\/>Codice NAF: 7022Z<br\/>Partita IVA intracomunitaria: FR19892317132<\/p>\n\n\n\n<p>Stabilimenti: hotel, ristoranti, luoghi per eventi, ecc.<br\/>Telefono: 04 69 98 28 83<br\/>Email: <a href=\"mailto:direction@lesaubergisteslyonnais.fr\">direction@lesaubergisteslyonnais.fr<\/a><\/p>\n\n\n\n<p><strong>Direttore della pubblicazione<\/strong>: Lo\u00efc Renart<br\/><strong>Progettazione e sviluppo di siti web<\/strong>: [customR &#8211; <a href=\"https:\/\/customr.fr\/\">https:\/\/customr.fr\/]<\/a><br\/><strong>Hosting<\/strong>: INFOMANIAK NETWORK SA &#8211; CH-660.0.059.996-1<br\/>26, Avenue de la Praille &#8211; 1227 Carouge Ginevra, Svizzera<br\/>Tel. : +41 22 820 35 40<\/p>\n\n\n\n<p><strong>TIPO DI INFORMAZIONI<\/strong><\/p>\n\n\n\n<p>Lo scopo di questo sito \u00e8 quello di fornire informazioni generali su Les Aubergistes Lyonnais, i suoi stabilimenti, gli impegni e i servizi. Ogni stabilimento ha un proprio sito web dedicato. <\/p>\n\n\n\n<p><strong>INFORMAZIONI LEGALI PER STABILIMENTO<\/strong><\/p>\n\n\n\n<p>HOTEL GLOBE ET CECIL<\/p>\n\n\n\n<ul class=\"wp-block-list\">\n<li>Tipo di societ\u00e0: Societ\u00e0 per azioni semplificata (SAS)<\/li>\n\n\n\n<li>Indirizzo della sede centrale: 21 Rue Gasparin, 69002 Lione<\/li>\n\n\n\n<li>SIRET: 412 361 107 00011<\/li>\n\n\n\n<li>Codice APE: 5510Z<\/li>\n\n\n\n<li>Intracom. IVA FR 414 123 611 07 <\/li>\n\n\n\n<li>Tel : 0478425895<\/li>\n\n\n\n<li>Mail : reception@hotel-globeetcecil.fr<\/li>\n<\/ul>\n\n\n\n<p>HOTEL LE PHENIX<\/p>\n\n\n\n<ul class=\"wp-block-list\">\n<li>Tipo di societ\u00e0: Societ\u00e0 per azioni semplificata (SAS)<\/li>\n\n\n\n<li>Indirizzo della sede centrale: 7 Quai de Bondy, 69005 Lione<\/li>\n\n\n\n<li>SIRET: 378 951 883 00016<\/li>\n\n\n\n<li>Codice APE: 5510Z<\/li>\n\n\n\n<li>Intracom. IVA FR 443 789 518 83 <\/li>\n\n\n\n<li>Tel : 0478282424<\/li>\n\n\n\n<li>Mail : reception@hotel-phenix.fr<\/li>\n<\/ul>\n\n\n\n<p>HOTEL DU SIMPLON (SOCIETE HOTELIERE LYONNAISE)<\/p>\n\n\n\n<ul class=\"wp-block-list\">\n<li>Tipo di societ\u00e0: Societ\u00e0 per azioni semplificata (SAS)<\/li>\n\n\n\n<li>Indirizzo della sede centrale: 11 Rue Duhamel, 69002 Lione<\/li>\n\n\n\n<li>SIRET: 954 501 359 00010<\/li>\n\n\n\n<li>Codice APE: 5510Z<\/li>\n\n\n\n<li>Intracom. FR 699 545 013 59 <\/li>\n\n\n\n<li>Tel : 0478374100<\/li>\n\n\n\n<li>Mail : reception@hotel-simplon.fr<\/li>\n<\/ul>\n\n\n\n<p>LE COMPTOIR CECIL<\/p>\n\n\n\n<ul class=\"wp-block-list\">\n<li>Tipo di societ\u00e0: Societ\u00e0 per azioni semplificata (SAS)<\/li>\n\n\n\n<li>Indirizzo della sede centrale: 21 Rue Gasparin, 69002 Lione<\/li>\n\n\n\n<li>SIRET: 840 793 137 00018<\/li>\n\n\n\n<li>Codice APE: 5610A<\/li>\n\n\n\n<li>IVA Intracom: FR 568 407 931 37<\/li>\n\n\n\n<li>Tel : 0478425895<\/li>\n\n\n\n<li>Mail: contact@comptoircecil.fr<\/li>\n<\/ul>\n\n\n\n<p><strong>MEDIAZIONE DEI CONSUMATORI<\/strong><\/p>\n\n\n\n<p>Ai sensi dell&#8217;articolo L. 612-1 del Codice del Consumo francese, tutti i consumatori hanno il diritto di ricorrere gratuitamente a un mediatore per la risoluzione amichevole di una controversia.<\/p>\n\n\n\n<p>Difensore civico dei consumatori:<br\/> Il difensore civico competente \u00e8 La M\u00e9diation du Tourisme et du Voyage (MTV), che il Cliente pu\u00f2 contattare come segue:<\/p>\n\n\n\n<ul class=\"wp-block-list\">\n<li>Indirizzo postale: CS 30958 &#8211; 75383 PARIS CEDEX 08  <\/li>\n\n\n\n<li>Numero di telefono: 01 42 67 96 68<\/li>\n\n\n\n<li>Mail: <a href=\"mailto:info@mtv.travel\">info@mtv.travel<\/a><\/li>\n\n\n\n<li>Sito web per le procedure online: https: <a href=\"https:\/\/www.mtv.travel\/saisir-le-mediateur\/\">\/\/www.mtv.travel\/saisir-le-mediateur\/<\/a><\/li>\n<\/ul>\n\n\n\n<p><strong>COLLEGAMENTI IPERTESTUALI<\/strong><\/p>\n\n\n\n<p><strong>Link in uscita<\/strong>: Questo Sito pu\u00f2 contenere link a siti di terze parti accuratamente selezionati. Tuttavia, Les Aubergistes Lyonnais non pu\u00f2 garantire il contenuto, la sicurezza o la disponibilit\u00e0 di tali siti e non si assume alcuna responsabilit\u00e0 in merito. <br\/><strong>Link in entrata<\/strong>: Se desideri creare un collegamento ipertestuale a questo sito, contatta:<br\/>Les Aubergistes Lyonnais &#8211; Lo\u00efc Renart<br\/>2 place des C\u00e9lestins &#8211; 69002 Lyon &#8211; France<\/p>\n\n\n\n<p><strong>PROPRIET\u00c0 INTELLETTUALE<\/strong><\/p>\n\n\n\n<p>Tutti gli elementi presenti in questo Sito (testi, immagini, grafici, loghi, marchi, video, suoni, software, ecc.) sono di propriet\u00e0 esclusiva di Les Aubergistes Lyonnais o dei loro autori partner.<br\/>Qualsiasi riproduzione, distribuzione, modifica, adattamento, ritrasmissione o pubblicazione, anche parziale, di questi vari elementi \u00e8 severamente vietata senza l&#8217;espresso consenso scritto di Les Aubergistes Lyonnais.<\/p>\n\n\n\n<p><strong>Crediti fotografici<\/strong>:<br\/>\u00a9 Eva Luquet, Marine Piolat, No\u00e9mie Frechet, Les Margoulettes, Dissidentia, Pixploration, Marian Carletti, Aude Lema\u00eetre, C\u00e9dric Rouillat, BonsoirColomba, Laurianne Rieffelkast, Lucile Bohlinger, Anna Vazeille.<\/p>\n\n\n\n<p><strong>LIMITAZIONE DI RESPONSABILIT\u00c0<\/strong><\/p>\n\n\n\n<p>Les Aubergistes Lyonnais si impegna a fornire informazioni accurate e aggiornate su questo Sito, ma non pu\u00f2 esserne ritenuta responsabile:<\/p>\n\n\n\n<ul class=\"wp-block-list\">\n<li>errori, omissioni o imprecisioni nelle informazioni pubblicate,<\/li>\n\n\n\n<li>interruzioni temporanee o indisponibilit\u00e0 del Sito,<\/li>\n\n\n\n<li>danni diretti o indiretti derivanti dall&#8217;uso del Sito o del suo contenuto,<\/li>\n\n\n\n<li>intrusioni fraudolente che portano alla modifica delle informazioni.<\/li>\n<\/ul>\n\n\n\n<p><\/p>\n\n\n\n<p><strong>CONTATTO<\/strong><\/p>\n\n\n\n<p>In caso di domande o commenti su questo Sito, si prega di utilizzare la sezione &#8220;Contatti&#8221; disponibile su ciascun sito o di scrivere a direction@lesaubergisteslyonnais.fr.<\/p>\n\n\n\n<p>\u00c8 vietato inviare contenuti illeciti, diffamatori, ingiuriosi o contrari alle leggi vigenti. Les Aubergistes Lyonnais declina ogni responsabilit\u00e0 per contenuti di questo tipo inviati tramite il Sito. <\/p>\n\n\n\n<p><strong>ACCESSIBILIT\u00c0<\/strong><\/p>\n\n\n\n<p class=\"has-text-align-left\">Les Aubergistes Lyonnais si impegna a rendere i propri siti web accessibili a tutti, in conformit\u00e0 con le buone pratiche di accessibilit\u00e0 digitale. Se hai problemi ad accedere al nostro sito, contattaci all&#8217;indirizzo direction@lesaubergisteslyonnais.fr. <\/p>\n<\/div>\n\n\n\n<\/section>\n","protected":false},"excerpt":{"rendered":"","protected":false},"author":2,"featured_media":0,"parent":0,"menu_order":0,"comment_status":"closed","ping_status":"closed","template":"","meta":{"_acf_changed":false,"inline_featured_image":false,"footnotes":""},"class_list":["post-3373","page","type-page","status-publish","hentry"],"acf":[],"yoast_head":"<!-- This site is optimized with the Yoast SEO plugin v27.2 - https:\/\/yoast.com\/product\/yoast-seo-wordpress\/ -->\n<title>Informazioni legali - Comptoir Cecil<\/title>\n<meta name=\"robots\" content=\"noindex, follow\" \/>\n<meta property=\"og:locale\" content=\"it_IT\" \/>\n<meta property=\"og:type\" content=\"article\" \/>\n<meta property=\"og:title\" content=\"Informazioni legali - Comptoir Cecil\" \/>\n<meta property=\"og:url\" content=\"https:\/\/comptoircecil.com\/it\/informazioni-legali\/\" \/>\n<meta property=\"og:site_name\" content=\"Comptoir Cecil\" \/>\n<meta property=\"article:modified_time\" content=\"2025-10-01T13:31:46+00:00\" \/>\n<meta name=\"twitter:card\" content=\"summary_large_image\" \/>\n<meta name=\"twitter:label1\" content=\"Tempo di lettura stimato\" \/>\n\t<meta name=\"twitter:data1\" content=\"4 minuto\" \/>\n<script type=\"application\/ld+json\" class=\"yoast-schema-graph\">{\"@context\":\"https:\/\/schema.org\",\"@graph\":[{\"@type\":\"WebPage\",\"@id\":\"https:\/\/comptoircecil.com\/it\/informazioni-legali\/\",\"url\":\"https:\/\/comptoircecil.com\/it\/informazioni-legali\/\",\"name\":\"Informazioni legali - Comptoir Cecil\",\"isPartOf\":{\"@id\":\"https:\/\/comptoircecil.com\/it\/#website\"},\"datePublished\":\"2025-04-16T15:40:08+00:00\",\"dateModified\":\"2025-10-01T13:31:46+00:00\",\"breadcrumb\":{\"@id\":\"https:\/\/comptoircecil.com\/it\/informazioni-legali\/#breadcrumb\"},\"inLanguage\":\"it-IT\",\"potentialAction\":[{\"@type\":\"ReadAction\",\"target\":[\"https:\/\/comptoircecil.com\/it\/informazioni-legali\/\"]}]},{\"@type\":\"BreadcrumbList\",\"@id\":\"https:\/\/comptoircecil.com\/it\/informazioni-legali\/#breadcrumb\",\"itemListElement\":[{\"@type\":\"ListItem\",\"position\":1,\"name\":\"Accueil\",\"item\":\"https:\/\/comptoircecil.com\/it\/\"},{\"@type\":\"ListItem\",\"position\":2,\"name\":\"Informazioni legali\"}]},{\"@type\":\"WebSite\",\"@id\":\"https:\/\/comptoircecil.com\/it\/#website\",\"url\":\"https:\/\/comptoircecil.com\/it\/\",\"name\":\"Globe Cecil\",\"description\":\"\",\"publisher\":{\"@id\":\"https:\/\/comptoircecil.com\/it\/#organization\"},\"potentialAction\":[{\"@type\":\"SearchAction\",\"target\":{\"@type\":\"EntryPoint\",\"urlTemplate\":\"https:\/\/comptoircecil.com\/it\/?s={search_term_string}\"},\"query-input\":{\"@type\":\"PropertyValueSpecification\",\"valueRequired\":true,\"valueName\":\"search_term_string\"}}],\"inLanguage\":\"it-IT\"},{\"@type\":\"Organization\",\"@id\":\"https:\/\/comptoircecil.com\/it\/#organization\",\"name\":\"Globe Cecil\",\"url\":\"https:\/\/comptoircecil.com\/it\/\",\"logo\":{\"@type\":\"ImageObject\",\"inLanguage\":\"it-IT\",\"@id\":\"https:\/\/comptoircecil.com\/it\/#\/schema\/logo\/image\/\",\"url\":\"https:\/\/comptoircecil.com\/wp-content\/uploads\/sites\/4\/2025\/05\/LOGO-Comptoir-Cecil-White.svg\",\"contentUrl\":\"https:\/\/comptoircecil.com\/wp-content\/uploads\/sites\/4\/2025\/05\/LOGO-Comptoir-Cecil-White.svg\",\"width\":455,\"height\":123,\"caption\":\"Globe Cecil\"},\"image\":{\"@id\":\"https:\/\/comptoircecil.com\/it\/#\/schema\/logo\/image\/\"}}]}<\/script>\n<!-- \/ Yoast SEO plugin. -->","yoast_head_json":{"title":"Informazioni legali - Comptoir Cecil","robots":{"index":"noindex","follow":"follow"},"og_locale":"it_IT","og_type":"article","og_title":"Informazioni legali - Comptoir Cecil","og_url":"https:\/\/comptoircecil.com\/it\/informazioni-legali\/","og_site_name":"Comptoir Cecil","article_modified_time":"2025-10-01T13:31:46+00:00","twitter_card":"summary_large_image","twitter_misc":{"Tempo di lettura stimato":"4 minuto"},"schema":{"@context":"https:\/\/schema.org","@graph":[{"@type":"WebPage","@id":"https:\/\/comptoircecil.com\/it\/informazioni-legali\/","url":"https:\/\/comptoircecil.com\/it\/informazioni-legali\/","name":"Informazioni legali - Comptoir Cecil","isPartOf":{"@id":"https:\/\/comptoircecil.com\/it\/#website"},"datePublished":"2025-04-16T15:40:08+00:00","dateModified":"2025-10-01T13:31:46+00:00","breadcrumb":{"@id":"https:\/\/comptoircecil.com\/it\/informazioni-legali\/#breadcrumb"},"inLanguage":"it-IT","potentialAction":[{"@type":"ReadAction","target":["https:\/\/comptoircecil.com\/it\/informazioni-legali\/"]}]},{"@type":"BreadcrumbList","@id":"https:\/\/comptoircecil.com\/it\/informazioni-legali\/#breadcrumb","itemListElement":[{"@type":"ListItem","position":1,"name":"Accueil","item":"https:\/\/comptoircecil.com\/it\/"},{"@type":"ListItem","position":2,"name":"Informazioni legali"}]},{"@type":"WebSite","@id":"https:\/\/comptoircecil.com\/it\/#website","url":"https:\/\/comptoircecil.com\/it\/","name":"Globe Cecil","description":"","publisher":{"@id":"https:\/\/comptoircecil.com\/it\/#organization"},"potentialAction":[{"@type":"SearchAction","target":{"@type":"EntryPoint","urlTemplate":"https:\/\/comptoircecil.com\/it\/?s={search_term_string}"},"query-input":{"@type":"PropertyValueSpecification","valueRequired":true,"valueName":"search_term_string"}}],"inLanguage":"it-IT"},{"@type":"Organization","@id":"https:\/\/comptoircecil.com\/it\/#organization","name":"Globe Cecil","url":"https:\/\/comptoircecil.com\/it\/","logo":{"@type":"ImageObject","inLanguage":"it-IT","@id":"https:\/\/comptoircecil.com\/it\/#\/schema\/logo\/image\/","url":"https:\/\/comptoircecil.com\/wp-content\/uploads\/sites\/4\/2025\/05\/LOGO-Comptoir-Cecil-White.svg","contentUrl":"https:\/\/comptoircecil.com\/wp-content\/uploads\/sites\/4\/2025\/05\/LOGO-Comptoir-Cecil-White.svg","width":455,"height":123,"caption":"Globe Cecil"},"image":{"@id":"https:\/\/comptoircecil.com\/it\/#\/schema\/logo\/image\/"}}]}},"_links":{"self":[{"href":"https:\/\/comptoircecil.com\/it\/wp-json\/wp\/v2\/pages\/3373","targetHints":{"allow":["GET"]}}],"collection":[{"href":"https:\/\/comptoircecil.com\/it\/wp-json\/wp\/v2\/pages"}],"about":[{"href":"https:\/\/comptoircecil.com\/it\/wp-json\/wp\/v2\/types\/page"}],"author":[{"embeddable":true,"href":"https:\/\/comptoircecil.com\/it\/wp-json\/wp\/v2\/users\/2"}],"replies":[{"embeddable":true,"href":"https:\/\/comptoircecil.com\/it\/wp-json\/wp\/v2\/comments?post=3373"}],"version-history":[{"count":10,"href":"https:\/\/comptoircecil.com\/it\/wp-json\/wp\/v2\/pages\/3373\/revisions"}],"predecessor-version":[{"id":7738,"href":"https:\/\/comptoircecil.com\/it\/wp-json\/wp\/v2\/pages\/3373\/revisions\/7738"}],"wp:attachment":[{"href":"https:\/\/comptoircecil.com\/it\/wp-json\/wp\/v2\/media?parent=3373"}],"curies":[{"name":"wp","href":"https:\/\/api.w.org\/{rel}","templated":true}]}}