{"id":7460,"date":"2025-07-22T15:02:52","date_gmt":"2025-07-22T13:02:52","guid":{"rendered":"https:\/\/comptoircecil.com\/politica-de-privacidad\/"},"modified":"2025-07-28T14:37:09","modified_gmt":"2025-07-28T12:37:09","slug":"politica-de-privacidad","status":"publish","type":"page","link":"https:\/\/comptoircecil.com\/es\/politica-de-privacidad\/","title":{"rendered":"Pol\u00edtica de privacidad"},"content":{"rendered":"\n<section class=\"heading wp-elements-2d34b7ecab6357977120db27d6b00ec6 wp-elements-2d34b7ecab6357977120db27d6b00ec6 wp-block-acf-heading has-text-color has-primary-color has-background has-white-100-background-color\">\n\t<div class=\"heading__container\">\n\t\t\t\t\t<div class=\"heading__background-picture\">\n\t\t\t\t<img decoding=\"async\" width=\"1920\" height=\"1280\" src=\"https:\/\/comptoircecil.com\/wp-content\/uploads\/sites\/4\/2025\/03\/meilleur-hotel-de-lyon-centre.jpg\" class=\"attachment-full size-full\" alt=\"meilleur hotel de lyon centre\" fetchpriority=\"high\" srcset=\"https:\/\/comptoircecil.com\/wp-content\/uploads\/sites\/4\/2025\/03\/meilleur-hotel-de-lyon-centre.jpg 1920w, https:\/\/comptoircecil.com\/wp-content\/uploads\/sites\/4\/2025\/03\/meilleur-hotel-de-lyon-centre-300x200.jpg 300w, https:\/\/comptoircecil.com\/wp-content\/uploads\/sites\/4\/2025\/03\/meilleur-hotel-de-lyon-centre-1024x683.jpg 1024w, https:\/\/comptoircecil.com\/wp-content\/uploads\/sites\/4\/2025\/03\/meilleur-hotel-de-lyon-centre-768x512.jpg 768w, https:\/\/comptoircecil.com\/wp-content\/uploads\/sites\/4\/2025\/03\/meilleur-hotel-de-lyon-centre-1536x1024.jpg 1536w\" sizes=\"(max-width: 1920px) 100vw, 1920px\" \/>\t\t\t<\/div>\n\t\t\t\t<div class=\"heading__layout\">\n\t\t\t<div class=\"heading__content-wrapper has-white-100-background-color\">\n\t\t\t\t<div class=\"heading__content has-white-100-background-color\">\n\t\t\t\t\t\t\t\t\t<p id=\"breadcrumbs\"><span><span><a href=\"https:\/\/comptoircecil.com\/es\/\">Accueil<\/a><\/span><\/span><\/p>\t\t\t\t\t\t\t\t\t<div class=\"acf-innerblocks-container\">\n\n<div class=\"wp-block-group heading-content-group is-layout-grid wp-container-core-group-is-layout-96b258e4 wp-block-group-is-layout-grid\">\n<h1 class=\"wp-block-heading has-text-align-left heading__title has-primary-color has-text-color has-xx-large-font-size wp-container-content-32a3e683\">Pol\u00edtica de privacidad<\/h1>\n<\/div>\n\n<\/div>\n\t\t\t\t<\/div>\n\t\t\t\t\t\t\t\t<div class=\"heading__illustration illustration-with-parallax desktop-only\">\n\t\t\t\t\t<img decoding=\"async\" width=\"350\" height=\"350\" src=\"https:\/\/comptoircecil.com\/wp-content\/uploads\/sites\/4\/2025\/04\/ENCRIER.png\" class=\"attachment-full size-full\" alt=\"ENCRIER\" fetchpriority=\"high\" srcset=\"https:\/\/comptoircecil.com\/wp-content\/uploads\/sites\/4\/2025\/04\/ENCRIER.png 350w, https:\/\/comptoircecil.com\/wp-content\/uploads\/sites\/4\/2025\/04\/ENCRIER-300x300.png 300w\" sizes=\"(max-width: 350px) 100vw, 350px\" \/>\t\t\t\t<\/div>\n\t\t\t\t\t\t\t<\/div>\n\t\t<\/div>\n\t<\/div>\n<\/section>\n\n\n\t<section\n\t\tstyle=\"padding-top:var(--wp--preset--spacing--theme-default);padding-bottom:var(--wp--preset--spacing--theme-default);\" class=\"block-container align wp-block-acf-block-container has-background has-white-background-color is-layout-flow wp-block-acf-block-container-is-layout-flow\"\t>\n\n\t\n\n<div class=\"wp-block-group has-global-padding is-layout-constrained wp-block-group-is-layout-constrained\">\n<h3 class=\"wp-block-heading has-text-align-left\">Pol\u00edtica de privacidad<\/h3>\n\n\n\n<p><strong>LES AUBERGISTES LYONNAIS<\/strong><\/p>\n\n\n\n<p><\/p>\n\n\n\n<p>Porque damos importancia a la protecci\u00f3n de sus datos personales, deseamos, por medio de esta pol\u00edtica, informarle sobre la manera en que La collection des Aubergistes Lyonnais recoge y trata sus Datos a trav\u00e9s de sus diferentes sitios:<\/p>\n\n\n\n<ul class=\"wp-block-list\">\n<li>https:\/\/www.lesaubergisteslyonnais.fr\/<\/li>\n\n\n\n<li>https:\/\/www.leclubdesaubergistes.fr\/<\/li>\n\n\n\n<li>https:\/\/globeetcecilhotel.com\/<\/li>\n\n\n\n<li>https:\/\/www.hotel-phenix-lyon.fr\/<\/li>\n\n\n\n<li>https:\/\/www.hotel-simplon-lyon.com\/<\/li>\n\n\n\n<li>https:\/\/comptoircecil.com\/<\/li>\n\n\n\n<li>https:\/\/comptoirphenix.fr\/<\/li>\n<\/ul>\n\n\n\n<p><strong>1- \u00bfQui\u00e9n es responsable de la <em>tramitaci\u00f3n?<\/em><\/strong><strong><\/strong><\/p>\n\n\n\n<p>El responsable del tratamiento de los datos es: Les Aubergistes Lyonnais, SAS con domicilio social en 2 place des C\u00e9lestins 69002 Lyon, Francia &#8211; SIRET n\u00ba 89231713200017.<\/p>\n\n\n\n<p>Lo\u00efc Renart &#8211; direction@lesaubergisteslyonnais.fr<\/p>\n\n\n\n<p><strong>2- \u00bfA qu\u00e9 se aplica esta pol\u00edtica <em>?<\/em><\/strong><strong><\/strong><\/p>\n\n\n\n<p>Esta pol\u00edtica de protecci\u00f3n de datos se aplica a todos los tratamientos efectuados por Les Aubergistes Lyonnais a trav\u00e9s de sus sitios web.<br\/>Esta pol\u00edtica no se aplica a los sitios web de terceros, incluidos aquellos que puedan mencionarse en nuestro sitio web u otro medio a trav\u00e9s de un enlace web.<\/p>\n\n\n\n<p><strong>3- Definiciones<\/strong><\/p>\n\n\n\n<p>\u00abDatos personales\u00bb o \u00abDatos\u00bb: se refiere a cualquier informaci\u00f3n que pueda referirse a una persona f\u00edsica identificada o identificable, directa o indirectamente (por ejemplo, apellidos, nombre, n\u00famero de tel\u00e9fono, direcci\u00f3n de correo electr\u00f3nico, etc.).<br\/><br\/>\u00abTratamiento\u00bb: consiste en una o varias operaciones efectuadas sobre datos personales, en particular la recogida, registro, utilizaci\u00f3n, transmisi\u00f3n o comunicaci\u00f3n de dichos Datos.<\/p>\n\n\n\n<p><strong>4- \u00bfQu\u00e9 datos recogemos de usted?<\/strong><strong><\/strong><\/p>\n\n\n\n<p>Los Datos recogidos por Les Aubergistes Lyonnais a trav\u00e9s de sus sitios web son \u00fanicamente los datos que usted acepta comunicar a las marcas Aubergistes Lyonnais a trav\u00e9s de una de las direcciones indicadas en los distintos sitios web mencionados anteriormente, los formularios de contacto o el espacio de solicitud.<br\/>Si rellena un formulario, determinada informaci\u00f3n solicitada es obligatoria. Esta informaci\u00f3n est\u00e1 marcada con un asterisco. Si decide no facilitarla, Les Aubergistes Lyonnais no podr\u00e1 tramitar su solicitud.<br\/>Les Aubergistes Lyonnais s\u00f3lo recoge y trata los Datos Personales pertinentes, adecuados, no excesivos y estrictamente necesarios para alcanzar los fines que se hayan determinado previamente.  <\/p>\n\n\n\n<p>Para nuestros sitios de restauraci\u00f3n :<\/p>\n\n\n\n<p>Todas las reservas online se realizan a trav\u00e9s del servicio de terceros <strong>TheFork (La Fourchette SAS)<\/strong>. Como tal, <strong>TheFork es el \u00fanico responsable del tratamiento de los datos personales relativos a las reservas<\/strong>. <\/p>\n\n\n\n<p>Para consultar la pol\u00edtica de privacidad de ElTenedor:<br\/> https:\/\/www.thefork.fr\/legal#privacy-policy<\/p>\n\n\n\n<p>Para nuestros sitios de Hoteles: D-Edge es responsable del tratamiento de los datos personales relativos a las reservas.<\/p>\n\n\n\n<p><strong>5- \u00bfRecogemos su direcci\u00f3n IP y las cookies?<\/strong><strong><\/strong><\/p>\n\n\n\n<p>Cuando navega por el sitio web, algunos de sus datos se recogen mediante \u00abcookies\u00bb.<br\/><br\/>Una cookie es un archivo de datos que algunos sitios web escriben en su disco duro cuando los visita. No es un programa ejecutable ni un virus. Un archivo cookie contiene informaci\u00f3n como el identificador de usuario, as\u00ed como informaci\u00f3n sobre su visita al sitio web. Una cookie no puede leer informaci\u00f3n de su disco duro, ni leer otros archivos cookie creados por otros sitios.   <br\/><br\/>El dep\u00f3sito de algunas de nuestras cookies est\u00e1 sujeto a la obtenci\u00f3n de su consentimiento cuando se conecte a nuestro sitio web.<br\/><br\/>Este es el caso de nuestra herramienta CMP (plataforma de gesti\u00f3n del consentimiento) \u00abDidomi\u00bb, que permite a los usuarios indicar si aceptan o no las cookies utilizadas por el sitio.<br\/>Este es tambi\u00e9n el caso del uso de los enlaces para compartir a redes sociales presentes en nuestro sitio web (LinkedIn, Instagram, etc.), que le permiten acceder a contenidos de v\u00eddeo y compartir contenidos de nuestro sitio web con otras personas.<br\/><br\/>Tenga en cuenta que no tenemos acceso ni podemos ejercer ning\u00fan control sobre las cookies de terceros que utilizamos.<br\/><br\/>No se instala ninguna cookie en su terminal sin su consentimiento, a excepci\u00f3n de las estrictamente necesarias para que navegue por nuestro sitio web y cuya \u00fanica finalidad es permitir o facilitar esta navegaci\u00f3n. Es el caso de nuestra herramienta de configuraci\u00f3n de sitios web \u00abWordPress\u00bb. <br\/><br\/>Puede cambiar sus opciones en cualquier momento haciendo clic en el enlace situado en la parte inferior izquierda de cada p\u00e1gina de nuestro sitio web o ajustando la configuraci\u00f3n de su navegador.<br\/><br\/>A continuaci\u00f3n se indican las formas en que puede aceptar\/rechazar o eliminar las cookies de nuestro sitio web. La configuraci\u00f3n de cada navegador es diferente. Se describe en el men\u00fa de ayuda de su navegador, que le indicar\u00e1 c\u00f3mo modificar sus preferencias de cookies.  <br\/><br\/>&#8211; Firefox\u2122 https:\/\/support.mozilla.org\/fr\/kb\/activer-desactiver-cookies-preferences<br\/>&#8211; Chrome\u2122 https:\/\/support.google.com\/chrome\/answer\/95647?co=GENIE.Platform%3DDesktop&amp;hl=fr<br\/>&#8211; Internet explorer \u2122 https:\/\/support.microsoft.com\/fr-fr\/help\/17442\/windows-internet-explorer-delete-manage-cookies<br\/>&#8211; Safari\u2122 https:\/\/www.accepterlescookies.com\/comment-accepter-les-cookies-sur-safari.html<br\/>&#8211; Opera\u2122 http:\/\/help.opera.com\/Windows\/10.20\/fr\/cookies.html<\/p>\n\n\n\n<p><strong>6- \u00bfC\u00f3mo utilizamos <em>sus Datos Personales?<\/em><\/strong><strong><\/strong><\/p>\n\n\n\n<p>Les Aubergistes Lyonnais se compromete a recoger y tratar sus Datos de manera leal y l\u00edcita. El tratamiento realizado por Les Aubergistes Lyonnais tiene fines expl\u00edcitos, leg\u00edtimos y espec\u00edficos.<br\/>Sus Datos podr\u00e1n ser tratados para los siguientes fines: <br\/><br\/>Respuesta a sus solicitudes de contacto<\/p>\n\n\n\n<p>Env\u00edo de correos electr\u00f3nicos (si se acuerda)<\/p>\n\n\n\n<p><strong>7- \u00bfCu\u00e1les son sus derechos?<\/strong><strong><\/strong><\/p>\n\n\n\n<p>De conformidad con las disposiciones de la Ley de Protecci\u00f3n de Datos modificada, toda persona cuyos Datos hayan sido recogidos por Les Aubergistes Lyonnais tiene derecho de acceso, rectificaci\u00f3n y oposici\u00f3n por motivos leg\u00edtimos a sus Datos, derecho a la supresi\u00f3n y portabilidad de sus Datos, derecho a limitar el Tratamiento de sus Datos, derecho a retirar su consentimiento y derecho a presentar una reclamaci\u00f3n ante la Comisi\u00f3n Nacional de Inform\u00e1tica y Libertades (CNIL).<br\/><br\/>Tambi\u00e9n tiene derecho a comunicar instrucciones sobre el destino de sus Datos tras su fallecimiento.<br\/><br\/>Puede ejercer estos derechos dirigi\u00e9ndose a direction@lesaubergisteslyonnais.fr<br\/><br\/>En cualquier momento, puede retirar su consentimiento al uso de cookies de acuerdo con la Secci\u00f3n 5 haciendo clic en el enlace situado en la parte inferior izquierda de cada p\u00e1gina de nuestro sitio web o ajustando la configuraci\u00f3n de su navegador.<\/p>\n\n\n\n<p><strong>8- \u00bfD\u00f3nde se almacenan sus datos personales?<\/strong><strong><\/strong><\/p>\n\n\n\n<p>Sus Datos se almacenan en ubicaciones protegidas y se memorizan en servidores controlados por Les Aubergistes Lyonnais o nuestros proveedores de servicios, que se encuentran en nuestros locales o en los locales de nuestros proveedores de servicios.<br\/><br\/>En general, Les Aubergistes Lyonnais garantiza la seguridad de sus Datos aplicando la protecci\u00f3n de datos mediante el uso de medidas de seguridad f\u00edsicas y l\u00f3gicas.<\/p>\n\n\n\n<p><strong>9- \u00bfCu\u00e1nto tiempo se conservan sus Datos Personales?<\/strong><strong><\/strong><\/p>\n\n\n\n<p>Les Aubergistes Lyonnais s\u00f3lo conservar\u00e1n sus Datos durante el tiempo necesario para los fines para los que fueron recogidos y en cumplimiento de la legislaci\u00f3n vigente.<\/p>\n\n\n\n<p>Formulario de contacto :<\/p>\n\n\n\n<ul class=\"wp-block-list\">\n<li><strong><u>Finalidad del tratamiento legal :<\/u><\/strong> Responder a sus solicitudes de informaci\u00f3n &#8211; Inter\u00e9s leg\u00edtimo u obligaci\u00f3n legal en funci\u00f3n del contenido de su solicitud.<\/li>\n\n\n\n<li><strong><u>Datos personales recogidos :<\/u><\/strong> (diferente seg\u00fan el sitio web de Aubergistes Lyonnais: formulario de contacto, presupuesto gratuito, contrataci\u00f3n), lista completa de los campos solicitados: Tipo de evento que se va a organizar *, fecha, n\u00famero de personas*, su solicitud*, correo electr\u00f3nico*, tel\u00e9fono*, apellidos*, nombre*, comentarios*, CV*, carta de presentaci\u00f3n.<\/li>\n\n\n\n<li>Qui\u00e9n tiene acceso a sus datos personales: Personal autorizado de Aubergistes Lyonnais (personal de ventas, departamentos administrativos, departamentos de RRHH, direcci\u00f3n, departamentos de marketing, recepciones, jefes de servicio de habitaciones\/restaurantes, administradores del sitio).<\/li>\n\n\n\n<li><strong><u>Caducidad :<\/u><\/strong><\/li>\n<\/ul>\n\n\n\n<p>Los datos del formulario de contacto s\u00f3lo se conservan durante el tiempo necesario para tramitar la solicitud. Podr\u00e1n conservarse hasta 3 a\u00f1os si no existe relaci\u00f3n contractual o reserva posterior. <\/p>\n\n\n\n<p>Las solicitudes de presupuesto se conservan hasta 3 a\u00f1os despu\u00e9s del \u00faltimo intercambio si no se realiza ning\u00fan seguimiento comercial. En caso de reserva, los datos se introducen en nuestra base de datos de clientes y est\u00e1n sujetos a las obligaciones legales aplicables. <\/p>\n\n\n\n<p>Las solicitudes se conservan hasta 2 a\u00f1os despu\u00e9s del \u00faltimo contacto con el solicitante, a menos que \u00e9ste se oponga. En caso de contrataci\u00f3n, los datos podr\u00e1n incorporarse al expediente del empleado. <\/p>\n\n\n\n<p><strong>10- \u00bfTransferimos sus datos fuera de la Uni\u00f3n Europea?<\/strong><strong><\/strong><\/p>\n\n\n\n<p>Los Datos transmitidos a trav\u00e9s de nuestros sitios web ser\u00e1n tratados por los departamentos autorizados de Les Aubergistes Lyonnais y podr\u00e1n, en su caso, ser compartidos dentro de las distintas filiales de Les Aubergistes Lyonnais o transmitidos a proveedores de servicios externos que act\u00faen en nombre de Les Aubergistes Lyonnais para cumplir los fines descritos en el apartado 6. Estos proveedores de servicios pueden estar ubicados en pa\u00edses que no ofrecen el mismo nivel de protecci\u00f3n que el ofrecido dentro de la Uni\u00f3n Europea. En este caso, Les Aubergistes Lyonnais se asegurar\u00e1 de que se hayan establecido las garant\u00edas que aseguren la protecci\u00f3n de sus Datos.  <\/p>\n\n\n\n<p><strong>11- Advertencias<\/strong><strong> <em>advertencias<\/em><\/strong><\/p>\n\n\n\n<p>Le informamos de que, a excepci\u00f3n de los Datos mencionados anteriormente, este sitio web no est\u00e1 destinado a recibir informaci\u00f3n confidencial de su parte.<br\/><br\/>&#8211; Ni\u00f1os y menores: de conformidad con la Ley francesa de Protecci\u00f3n de Datos (Loi Informatique et Libert\u00e9s), si tiene menos de 15 a\u00f1os, utilice este sitio web \u00fanicamente con el consentimiento de uno de sus padres o de su tutor. No recopilamos intencionadamente ning\u00fan dato de menores si las personas con autoridad parental no han dado su consentimiento. Si descubrimos que menores est\u00e1n introduciendo datos sin el consentimiento de sus padres o tutores, eliminaremos estos datos. En caso de que un padre o tutor tenga conocimiento de que su hijo nos ha proporcionado Datos, le invitamos a que se ponga en contacto con nosotros. Tomaremos las medidas necesarias para eliminar dicha informaci\u00f3n de nuestra base de datos de conformidad con los requisitos legales aplicables.    <br\/><br\/>&#8211; Datos sensibles: A menos que se lo solicitemos expresamente o le invitemos a hacerlo, le rogamos que no nos facilite ni transmita, a trav\u00e9s de nuestros sitios web, ning\u00fan dato sensible, es decir, datos sobre origen racial o \u00e9tnico, opiniones pol\u00edticas, convicciones filos\u00f3ficas o religiosas u otras creencias, salud, vida privada, antecedentes penales (por ejemplo, procedimientos y sanciones administrativas y penales), afiliaci\u00f3n sindical o medidas de bienestar social.<\/p>\n<\/div>\n\n\n\n<\/section>\n","protected":false},"excerpt":{"rendered":"","protected":false},"author":2,"featured_media":0,"parent":0,"menu_order":0,"comment_status":"closed","ping_status":"closed","template":"","meta":{"_acf_changed":false,"inline_featured_image":false,"footnotes":""},"class_list":["post-7460","page","type-page","status-publish","hentry"],"acf":[],"yoast_head":"<!-- This site is optimized with the Yoast SEO plugin v27.2 - https:\/\/yoast.com\/product\/yoast-seo-wordpress\/ -->\n<title>Pol\u00edtica de privacidad - Comptoir Cecil<\/title>\n<meta name=\"robots\" content=\"index, follow, max-snippet:-1, max-image-preview:large, max-video-preview:-1\" \/>\n<link rel=\"canonical\" href=\"https:\/\/comptoircecil.com\/es\/politica-de-privacidad\/\" \/>\n<meta property=\"og:locale\" content=\"es_ES\" \/>\n<meta property=\"og:type\" content=\"article\" \/>\n<meta property=\"og:title\" content=\"Pol\u00edtica de privacidad - Comptoir Cecil\" \/>\n<meta property=\"og:url\" content=\"https:\/\/comptoircecil.com\/es\/politica-de-privacidad\/\" \/>\n<meta property=\"og:site_name\" content=\"Comptoir Cecil\" \/>\n<meta property=\"article:modified_time\" content=\"2025-07-28T12:37:09+00:00\" \/>\n<meta name=\"twitter:card\" content=\"summary_large_image\" \/>\n<meta name=\"twitter:label1\" content=\"Tiempo de lectura\" \/>\n\t<meta name=\"twitter:data1\" content=\"9 minuto\" \/>\n<script type=\"application\/ld+json\" class=\"yoast-schema-graph\">{\"@context\":\"https:\/\/schema.org\",\"@graph\":[{\"@type\":\"WebPage\",\"@id\":\"https:\/\/comptoircecil.com\/es\/politica-de-privacidad\/\",\"url\":\"https:\/\/comptoircecil.com\/es\/politica-de-privacidad\/\",\"name\":\"Pol\u00edtica de privacidad - Comptoir Cecil\",\"isPartOf\":{\"@id\":\"https:\/\/comptoircecil.com\/es\/#website\"},\"datePublished\":\"2025-07-22T13:02:52+00:00\",\"dateModified\":\"2025-07-28T12:37:09+00:00\",\"breadcrumb\":{\"@id\":\"https:\/\/comptoircecil.com\/es\/politica-de-privacidad\/#breadcrumb\"},\"inLanguage\":\"es\",\"potentialAction\":[{\"@type\":\"ReadAction\",\"target\":[\"https:\/\/comptoircecil.com\/es\/politica-de-privacidad\/\"]}]},{\"@type\":\"BreadcrumbList\",\"@id\":\"https:\/\/comptoircecil.com\/es\/politica-de-privacidad\/#breadcrumb\",\"itemListElement\":[{\"@type\":\"ListItem\",\"position\":1,\"name\":\"Accueil\",\"item\":\"https:\/\/comptoircecil.com\/es\/\"},{\"@type\":\"ListItem\",\"position\":2,\"name\":\"Pol\u00edtica de privacidad\"}]},{\"@type\":\"WebSite\",\"@id\":\"https:\/\/comptoircecil.com\/es\/#website\",\"url\":\"https:\/\/comptoircecil.com\/es\/\",\"name\":\"Globe Cecil\",\"description\":\"\",\"publisher\":{\"@id\":\"https:\/\/comptoircecil.com\/es\/#organization\"},\"potentialAction\":[{\"@type\":\"SearchAction\",\"target\":{\"@type\":\"EntryPoint\",\"urlTemplate\":\"https:\/\/comptoircecil.com\/es\/?s={search_term_string}\"},\"query-input\":{\"@type\":\"PropertyValueSpecification\",\"valueRequired\":true,\"valueName\":\"search_term_string\"}}],\"inLanguage\":\"es\"},{\"@type\":\"Organization\",\"@id\":\"https:\/\/comptoircecil.com\/es\/#organization\",\"name\":\"Globe Cecil\",\"url\":\"https:\/\/comptoircecil.com\/es\/\",\"logo\":{\"@type\":\"ImageObject\",\"inLanguage\":\"es\",\"@id\":\"https:\/\/comptoircecil.com\/es\/#\/schema\/logo\/image\/\",\"url\":\"https:\/\/comptoircecil.com\/wp-content\/uploads\/sites\/4\/2025\/05\/LOGO-Comptoir-Cecil-White.svg\",\"contentUrl\":\"https:\/\/comptoircecil.com\/wp-content\/uploads\/sites\/4\/2025\/05\/LOGO-Comptoir-Cecil-White.svg\",\"width\":455,\"height\":123,\"caption\":\"Globe Cecil\"},\"image\":{\"@id\":\"https:\/\/comptoircecil.com\/es\/#\/schema\/logo\/image\/\"}}]}<\/script>\n<!-- \/ Yoast SEO plugin. -->","yoast_head_json":{"title":"Pol\u00edtica de privacidad - Comptoir Cecil","robots":{"index":"index","follow":"follow","max-snippet":"max-snippet:-1","max-image-preview":"max-image-preview:large","max-video-preview":"max-video-preview:-1"},"canonical":"https:\/\/comptoircecil.com\/es\/politica-de-privacidad\/","og_locale":"es_ES","og_type":"article","og_title":"Pol\u00edtica de privacidad - Comptoir Cecil","og_url":"https:\/\/comptoircecil.com\/es\/politica-de-privacidad\/","og_site_name":"Comptoir Cecil","article_modified_time":"2025-07-28T12:37:09+00:00","twitter_card":"summary_large_image","twitter_misc":{"Tiempo de lectura":"9 minuto"},"schema":{"@context":"https:\/\/schema.org","@graph":[{"@type":"WebPage","@id":"https:\/\/comptoircecil.com\/es\/politica-de-privacidad\/","url":"https:\/\/comptoircecil.com\/es\/politica-de-privacidad\/","name":"Pol\u00edtica de privacidad - Comptoir Cecil","isPartOf":{"@id":"https:\/\/comptoircecil.com\/es\/#website"},"datePublished":"2025-07-22T13:02:52+00:00","dateModified":"2025-07-28T12:37:09+00:00","breadcrumb":{"@id":"https:\/\/comptoircecil.com\/es\/politica-de-privacidad\/#breadcrumb"},"inLanguage":"es","potentialAction":[{"@type":"ReadAction","target":["https:\/\/comptoircecil.com\/es\/politica-de-privacidad\/"]}]},{"@type":"BreadcrumbList","@id":"https:\/\/comptoircecil.com\/es\/politica-de-privacidad\/#breadcrumb","itemListElement":[{"@type":"ListItem","position":1,"name":"Accueil","item":"https:\/\/comptoircecil.com\/es\/"},{"@type":"ListItem","position":2,"name":"Pol\u00edtica de privacidad"}]},{"@type":"WebSite","@id":"https:\/\/comptoircecil.com\/es\/#website","url":"https:\/\/comptoircecil.com\/es\/","name":"Globe Cecil","description":"","publisher":{"@id":"https:\/\/comptoircecil.com\/es\/#organization"},"potentialAction":[{"@type":"SearchAction","target":{"@type":"EntryPoint","urlTemplate":"https:\/\/comptoircecil.com\/es\/?s={search_term_string}"},"query-input":{"@type":"PropertyValueSpecification","valueRequired":true,"valueName":"search_term_string"}}],"inLanguage":"es"},{"@type":"Organization","@id":"https:\/\/comptoircecil.com\/es\/#organization","name":"Globe Cecil","url":"https:\/\/comptoircecil.com\/es\/","logo":{"@type":"ImageObject","inLanguage":"es","@id":"https:\/\/comptoircecil.com\/es\/#\/schema\/logo\/image\/","url":"https:\/\/comptoircecil.com\/wp-content\/uploads\/sites\/4\/2025\/05\/LOGO-Comptoir-Cecil-White.svg","contentUrl":"https:\/\/comptoircecil.com\/wp-content\/uploads\/sites\/4\/2025\/05\/LOGO-Comptoir-Cecil-White.svg","width":455,"height":123,"caption":"Globe Cecil"},"image":{"@id":"https:\/\/comptoircecil.com\/es\/#\/schema\/logo\/image\/"}}]}},"_links":{"self":[{"href":"https:\/\/comptoircecil.com\/es\/wp-json\/wp\/v2\/pages\/7460","targetHints":{"allow":["GET"]}}],"collection":[{"href":"https:\/\/comptoircecil.com\/es\/wp-json\/wp\/v2\/pages"}],"about":[{"href":"https:\/\/comptoircecil.com\/es\/wp-json\/wp\/v2\/types\/page"}],"author":[{"embeddable":true,"href":"https:\/\/comptoircecil.com\/es\/wp-json\/wp\/v2\/users\/2"}],"replies":[{"embeddable":true,"href":"https:\/\/comptoircecil.com\/es\/wp-json\/wp\/v2\/comments?post=7460"}],"version-history":[{"count":3,"href":"https:\/\/comptoircecil.com\/es\/wp-json\/wp\/v2\/pages\/7460\/revisions"}],"predecessor-version":[{"id":7551,"href":"https:\/\/comptoircecil.com\/es\/wp-json\/wp\/v2\/pages\/7460\/revisions\/7551"}],"wp:attachment":[{"href":"https:\/\/comptoircecil.com\/es\/wp-json\/wp\/v2\/media?parent=7460"}],"curies":[{"name":"wp","href":"https:\/\/api.w.org\/{rel}","templated":true}]}}