{"id":6263,"date":"2025-06-15T15:01:19","date_gmt":"2025-06-15T13:01:19","guid":{"rendered":"https:\/\/comptoircecil.com\/informacion-practica\/"},"modified":"2025-11-05T09:45:48","modified_gmt":"2025-11-05T08:45:48","slug":"informacion-practica","status":"publish","type":"page","link":"https:\/\/comptoircecil.com\/es\/informacion-practica\/","title":{"rendered":"Informaci\u00f3n pr\u00e1ctica"},"content":{"rendered":"\n<section class=\"heading wp-elements-1a088bccbf8164dba0bbd7a3df8d4ef4 wp-elements-1a088bccbf8164dba0bbd7a3df8d4ef4 wp-block-acf-heading has-text-color has-primary-color has-background has-white-100-background-color\">\n\t<div class=\"heading__container\">\n\t\t\t\t\t<div class=\"heading__background-picture\">\n\t\t\t\t<img decoding=\"async\" width=\"1620\" height=\"1080\" src=\"https:\/\/comptoircecil.com\/wp-content\/uploads\/sites\/4\/2025\/06\/restaurant-lyon.jpg\" class=\"attachment-full size-full\" alt=\"restaurant lyon\" fetchpriority=\"high\" srcset=\"https:\/\/comptoircecil.com\/wp-content\/uploads\/sites\/4\/2025\/06\/restaurant-lyon.jpg 1620w, https:\/\/comptoircecil.com\/wp-content\/uploads\/sites\/4\/2025\/06\/restaurant-lyon-600x400.jpg 600w, https:\/\/comptoircecil.com\/wp-content\/uploads\/sites\/4\/2025\/06\/restaurant-lyon-1400x933.jpg 1400w, https:\/\/comptoircecil.com\/wp-content\/uploads\/sites\/4\/2025\/06\/restaurant-lyon-768x512.jpg 768w, https:\/\/comptoircecil.com\/wp-content\/uploads\/sites\/4\/2025\/06\/restaurant-lyon-1536x1024.jpg 1536w\" sizes=\"(max-width: 1620px) 100vw, 1620px\" \/>\t\t\t<\/div>\n\t\t\t\t<div class=\"heading__layout\">\n\t\t\t<div class=\"heading__content-wrapper has-white-100-background-color\">\n\t\t\t\t<div class=\"heading__content has-white-100-background-color\">\n\t\t\t\t\t\t\t\t\t<p id=\"breadcrumbs\"><span><span><a href=\"https:\/\/comptoircecil.com\/es\/\">Accueil<\/a><\/span><\/span><\/p>\t\t\t\t\t\t\t\t\t<div class=\"acf-innerblocks-container\">\n\n<div class=\"wp-block-group heading-content-group is-layout-grid wp-container-core-group-is-layout-96b258e4 wp-block-group-is-layout-grid\">\n<h1 class=\"wp-block-heading has-text-align-left heading__title has-primary-color has-text-color has-xx-large-font-size\">Informaci\u00f3n pr\u00e1ctica<\/h1>\n<\/div>\n\n<\/div>\n\t\t\t\t<\/div>\n\t\t\t\t\t\t\t<\/div>\n\t\t<\/div>\n\t<\/div>\n<\/section>\n\n\n\t<section\n\t\tstyle=\"padding-top:var(--wp--preset--spacing--theme-default);padding-bottom:var(--wp--preset--spacing--theme-default);\" class=\"double-columns wp-block-acf-double-columns has-background has-white-background-color has-global-padding is-layout-constrained wp-container-acf-double-columns-is-layout-a22d0bdd wp-block-acf-double-columns-is-layout-constrained\"\t>\n\n<div class=\"double-columns__innerblocks\">\n\n<div class=\"wp-block-group is-vertical is-content-justification-stretch is-layout-flex wp-container-core-group-is-layout-cee9c102 wp-block-group-is-layout-flex\">\n<h2 class=\"wp-block-heading has-text-align-left\">\u00a1Es f\u00e1cil encontrarnos!<\/h2>\n\n\n\n<p>Estamos en el 21 rue Gasparin, 69002 Lyon. Nos encontrar\u00e1s entre la rue Merci\u00e8re, la rue des Marronniers y la rue de la Charit\u00e9, a dos pasos de Bellecour. <\/p>\n<\/div>\n\n\n\n<div class=\"wp-block-group is-layout-flow wp-block-group-is-layout-flow\">\n\t<div id=\"\" class=\"wp-block-acf-map\">\n\t<iframe loading=\"lazy\" width=\"100%\" height=\"400px\" frameborder=\"0\" allowfullscreen=\"\" allow=\"geolocation\" src=\"\/\/umap.openstreetmap.fr\/fr\/map\/le-club-des-aubergistes-lyonnais-espaces_1247917?scaleControl=true&amp;miniMap=false&amp;scrollWheelZoom=true&amp;zoomControl=true&amp;editMode=disabled&amp;moreControl=false&amp;searchControl=false&amp;tilelayersControl=false&amp;embedControl=false&amp;datalayersControl=false&amp;onLoadPanel=none&amp;captionBar=false&amp;captionMenus=false&amp;editinosmControl=false&amp;measureControl=false&amp;locateControl=false&amp;captionControl=false\"><\/iframe>\t<\/div>\n<\/div>\n\n<\/div>\n\n<\/section>\n\n\t<section\n\t\tstyle=\"padding-top:var(--wp--preset--spacing--theme-default);padding-bottom:var(--wp--preset--spacing--theme-default);\" class=\"block-container align wp-block-acf-block-container has-background has-white-100-background-color has-global-padding is-layout-constrained wp-container-acf-block-container-is-layout-ecaf6ffa wp-block-acf-block-container-is-layout-constrained\"\t>\n\n\t\n\n<div class=\"wp-block-group has-global-padding is-layout-constrained wp-block-group-is-layout-constrained\">\n<figure class=\"wp-block-image aligncenter size-medium is-resized\"><img decoding=\"async\" width=\"300\" height=\"300\" src=\"https:\/\/www.hotel-phenix-lyon.fr\/wp-content\/uploads\/sites\/5\/2025\/04\/VELO-300x300.png\" alt=\"\" class=\"wp-image-2312\" style=\"width:218px;height:auto\" srcset=\"https:\/\/comptoircecil.com\/wp-content\/uploads\/sites\/4\/2025\/04\/VELO-300x300.png 300w, https:\/\/comptoircecil.com\/wp-content\/uploads\/sites\/4\/2025\/04\/VELO.png 350w\" sizes=\"(max-width: 300px) 100vw, 300px\" \/><\/figure>\n\n\n\n<h2 class=\"wp-block-heading has-text-align-center\">Transportes <mark class=\"has-inline-color has-secondary-color\">cercanos :<\/mark><\/h2>\n\n\n\n<p class=\"has-text-align-center has-large-font-size\">En Lyon, todo es sencillo. Desde el Comptoir Cecil : <\/p>\n\n\n\n<section id=\"\" class=\"align wp-block-acf-faq\">\n\t\n\t\t<div class=\"faq\">\n\t\t\t\t<div class=\"faq__item\">\n\t\t\t<div class=\"faq__question\" data-index=\"0\">\n\t\t\t\t<span class=\"faq__question-text \">Autob\u00fas desde el hotel<\/span>\n\t\t\t<\/div>\n\t\t\t<div class=\"faq__answer\">\n\t\t\t\t<p>C10, C20, 27 &#8211; Parada Bellecour Le Viste<\/p>\n\t\t\t<\/div>\n\t\t\t<svg class=\"faq__toggle-icon\" xmlns=\"http:\/\/www.w3.org\/2000\/svg\" width=\"16\" height=\"10\" viewBox=\"0 0 16 10\"\n\t\t\t\tfill=\"none\">\n\t\t\t\t<path d=\"M15 1L8 8L1 0.999999\" stroke=\"#3C3B3A\" stroke-width=\"2\" \/>\n\t\t\t<\/svg>\n\t\t<\/div>\n\t\t\t\t<div class=\"faq__item\">\n\t\t\t<div class=\"faq__question\" data-index=\"1\">\n\t\t\t\t<span class=\"faq__question-text \">Metro desde el hotel<\/span>\n\t\t\t<\/div>\n\t\t\t<div class=\"faq__answer\">\n\t\t\t\t<p>A y D &#8211; Parada Bellecour a 3 minutos a pie<\/p>\n\t\t\t<\/div>\n\t\t\t<svg class=\"faq__toggle-icon\" xmlns=\"http:\/\/www.w3.org\/2000\/svg\" width=\"16\" height=\"10\" viewBox=\"0 0 16 10\"\n\t\t\t\tfill=\"none\">\n\t\t\t\t<path d=\"M15 1L8 8L1 0.999999\" stroke=\"#3C3B3A\" stroke-width=\"2\" \/>\n\t\t\t<\/svg>\n\t\t<\/div>\n\t\t\t\t<div class=\"faq__item\">\n\t\t\t<div class=\"faq__question\" data-index=\"2\">\n\t\t\t\t<span class=\"faq__question-text \">V\u00e9lo&#039;v<\/span>\n\t\t\t<\/div>\n\t\t\t<div class=\"faq__answer\">\n\t\t\t\t<p>Estaci\u00f3n V\u00e9lo&#8217;v cercana<\/p>\n\t\t\t<\/div>\n\t\t\t<svg class=\"faq__toggle-icon\" xmlns=\"http:\/\/www.w3.org\/2000\/svg\" width=\"16\" height=\"10\" viewBox=\"0 0 16 10\"\n\t\t\t\tfill=\"none\">\n\t\t\t\t<path d=\"M15 1L8 8L1 0.999999\" stroke=\"#3C3B3A\" stroke-width=\"2\" \/>\n\t\t\t<\/svg>\n\t\t<\/div>\n\t\t\t\t<div class=\"faq__item\">\n\t\t\t<div class=\"faq__question\" data-index=\"3\">\n\t\t\t\t<span class=\"faq__question-text \">Aparcamientos p\u00fablicos<\/span>\n\t\t\t<\/div>\n\t\t\t<div class=\"faq__answer\">\n\t\t\t\t<p><span style=\"font-weight: 400\">Bellecour, Antonin Poncet<\/span><\/p>\n\t\t\t<\/div>\n\t\t\t<svg class=\"faq__toggle-icon\" xmlns=\"http:\/\/www.w3.org\/2000\/svg\" width=\"16\" height=\"10\" viewBox=\"0 0 16 10\"\n\t\t\t\tfill=\"none\">\n\t\t\t\t<path d=\"M15 1L8 8L1 0.999999\" stroke=\"#3C3B3A\" stroke-width=\"2\" \/>\n\t\t\t<\/svg>\n\t\t<\/div>\n\t\t\t<\/div>\n\t\t<\/section>\n<\/div>\n\n\n\n<\/section>\n\n\t<section\n\t\tstyle=\"padding-top:var(--wp--preset--spacing--theme-default);padding-bottom:var(--wp--preset--spacing--theme-default);\" class=\"block-container align wp-block-acf-block-container has-background has-white-background-color has-global-padding is-layout-constrained wp-container-acf-block-container-is-layout-726a9260 wp-block-acf-block-container-is-layout-constrained\"\t>\n\n\t\n\n<div class=\"wp-block-group has-global-padding is-layout-constrained wp-container-core-group-is-layout-920012ee wp-block-group-is-layout-constrained\" style=\"padding-top:0;padding-bottom:var(--wp--preset--spacing--theme-l)\">\n<h2 class=\"wp-block-heading has-text-align-center\">Nuestras <mark class=\"has-inline-color has-secondary-color\">horas de<\/mark> servicio<\/h2>\n\n\n\n<p class=\"has-text-align-center\">Estamos abiertos todo el d\u00eda para tomar un caf\u00e9 o una copa.<\/p>\n<\/div>\n\n\n\n<div class=\"time-card-grid alignwide wp-block-acf-time-card-grid\">\n\n<div\n\tclass=\"time-card wp-block-acf-time-card\"\t>\n\t\t<div class=\"time-card__wrapper\">\n\t\t\t\t\n\n<h3 class=\"wp-block-heading time-card__title\">Desayuno<\/h3>\n\n\n\n<p class=\"time-card__text\">De lunes a viernes de 6.00 a 10.00 h, fines de semana de 7.00 a 11.00 h  <\/p>\n\n\n\t\t<svg xmlns=\"http:\/\/www.w3.org\/2000\/svg\" width=\"24\" height=\"24\" viewBox=\"0 0 24 24\" fill=\"none\">\n\t\t\t<path d=\"M12.1379 6L18 12L12.1379 18M17.4138 12L4 12\" stroke=\"#3C3B3A\" stroke-width=\"2\" \/>\n\t\t<\/svg>\n\t\t\t\t\t<a\n\t\t\t\thref=\"https:\/\/comptoircecil.com\/\"\n\t\t\t\tclass=\"time-card__link\"\n\t\t\t\t\t\t\t\t\t\t\t><\/a>\n\t\t\t<\/div>\n<\/div>\n\n\n\n<div\n\tclass=\"time-card wp-block-acf-time-card\"\t>\n\t\t<div class=\"time-card__wrapper\">\n\t\t\t\t\n\n<h3 class=\"wp-block-heading time-card__title\">Hora de comer<\/h3>\n\n\n\n<p class=\"time-card__text\">De lunes a viernes de 12.00 a 13.45<\/p>\n\n\n\t\t<svg xmlns=\"http:\/\/www.w3.org\/2000\/svg\" width=\"24\" height=\"24\" viewBox=\"0 0 24 24\" fill=\"none\">\n\t\t\t<path d=\"M12.1379 6L18 12L12.1379 18M17.4138 12L4 12\" stroke=\"#3C3B3A\" stroke-width=\"2\" \/>\n\t\t<\/svg>\n\t\t\t\t\t<a\n\t\t\t\thref=\"https:\/\/comptoircecil.com\/\"\n\t\t\t\tclass=\"time-card__link\"\n\t\t\t\t\t\t\t\t\t\t\t><\/a>\n\t\t\t<\/div>\n<\/div>\n\n\n\n<div\n\tclass=\"time-card wp-block-acf-time-card\"\t>\n\t\t<div class=\"time-card__wrapper\">\n\t\t\t\t\n\n<h3 class=\"wp-block-heading time-card__title\">Aperitivo &#8211;<br\/>La hora del t\u00e9<\/h3>\n\n\n\n<p class=\"time-card__text\">De lunes a s\u00e1bado de 15:00 a 17:30<\/p>\n\n\n\t\t<svg xmlns=\"http:\/\/www.w3.org\/2000\/svg\" width=\"24\" height=\"24\" viewBox=\"0 0 24 24\" fill=\"none\">\n\t\t\t<path d=\"M12.1379 6L18 12L12.1379 18M17.4138 12L4 12\" stroke=\"#3C3B3A\" stroke-width=\"2\" \/>\n\t\t<\/svg>\n\t\t\t\t\t<a\n\t\t\t\thref=\"https:\/\/comptoircecil.com\/\"\n\t\t\t\tclass=\"time-card__link\"\n\t\t\t\t\t\t\t\t\t\t\t><\/a>\n\t\t\t<\/div>\n<\/div>\n\n\n\n<div\n\tclass=\"time-card time-card--active wp-block-acf-time-card\"\t>\n\t\t<img decoding=\"async\" class=\"time-card__picto\" src=\"https:\/\/comptoircecil.com\/wp-content\/plugins\/lal-facf-blocks-plugin\/assets\/img\/time-card-picto.png\" alt=\"Clock\">\n\t\t<div class=\"time-card__wrapper\">\n\t\t\t\t<h3 class=\"time-card__current-time\">Il est 19:32<\/h3>\n\t\t\t\t\n\n<h3 class=\"wp-block-heading time-card__title\">Cena<\/h3>\n\n\n\n<p class=\"time-card__text\">De lunes a viernes de 19.00 a 21.30 h<\/p>\n\n\n\t\t<svg xmlns=\"http:\/\/www.w3.org\/2000\/svg\" width=\"24\" height=\"24\" viewBox=\"0 0 24 24\" fill=\"none\">\n\t\t\t<path d=\"M12.1379 6L18 12L12.1379 18M17.4138 12L4 12\" stroke=\"#3C3B3A\" stroke-width=\"2\" \/>\n\t\t<\/svg>\n\t\t\t\t\t<a\n\t\t\t\thref=\"https:\/\/comptoircecil.com\/\"\n\t\t\t\tclass=\"time-card__link\"\n\t\t\t\t\t\t\t\t\t\t\t><\/a>\n\t\t\t<\/div>\n<\/div>\n\n<\/div>\n\n\n\n\n<div class=\"wp-block-group is-vertical is-content-justification-center is-layout-flex wp-container-core-group-is-layout-4ae50e1c wp-block-group-is-layout-flex\" style=\"padding-top:0;padding-bottom:0\"><div class=\"booking-calendar__button-wrapper booking-calendar\" id=\"\">\n    <div class=\"acf-innerblocks-container\">\n\n<div class=\"wp-block-button booking-calendar__button\"><a class=\"wp-block-button__link wp-element-button\">Reserva una mesa<\/a><\/div>\n\n<\/div>\n<\/div>\n\n<div id=\"\" class=\"booking-calendar__wrapper\" style=\"background-color:#ffffff\" data-hotel-choice=\"comptoire-cecil\">\n    <img decoding=\"async\"\n        class=\"booking-calendar__close-button\"\n        src=\"https:\/\/comptoircecil.com\/wp-content\/plugins\/lal-facf-blocks-plugin\/assets\/img\/BTN-X.svg\"\n        alt=\"Fermer la reservation\"\n    >\n        <p class=\"booking-calendar__title restaurant\">Seleccione sus fechas<\/p>\n    <iframe class=\"booking-calendar__iframe lazy-iframe\" data-src=\"https:\/\/widget.thefork.com\/e2a05ffe-aa59-4bd6-b250-4e9165de60bb\" frameborder=\"0\" loading=\"lazy\"><\/iframe>\n<\/div>\n\n<\/div>\n\n\n\n<\/section>\n\n\t<section\n\t\tstyle=\"padding-top:var(--wp--preset--spacing--theme-default);padding-bottom:var(--wp--preset--spacing--theme-default);\" class=\"block-container align wp-block-acf-block-container has-background has-white-100-background-color has-global-padding is-layout-constrained wp-container-acf-block-container-is-layout-41c2f41c wp-block-acf-block-container-is-layout-constrained\"\t>\n\n\t\n\n<div class=\"wp-block-group has-global-padding is-layout-constrained wp-block-group-is-layout-constrained\">\n<h2 class=\"wp-block-heading has-text-align-center\">Preguntas m\u00e1s frecuentes<\/h2>\n<\/div>\n\n\n\n<section id=\"\" class=\"align wp-block-acf-faq\">\n\t\n\t\t<div class=\"faq\">\n\t\t\t\t<div class=\"faq__item\">\n\t\t\t<div class=\"faq__question\" data-index=\"0\">\n\t\t\t\t<span class=\"faq__question-text \">\u00bfPuede privatizarse el restaurante Comptoir Cecil?<\/span>\n\t\t\t<\/div>\n\t\t\t<div class=\"faq__answer\">\n\t\t\t\t<p>Si tienes alguna petici\u00f3n relacionada con un evento, no dudes en ponerte en contacto con nuestro equipo de ventas: leclub@lesaubergisteslyonnais.fr<\/p>\n\t\t\t<\/div>\n\t\t\t<svg class=\"faq__toggle-icon\" xmlns=\"http:\/\/www.w3.org\/2000\/svg\" width=\"16\" height=\"10\" viewBox=\"0 0 16 10\"\n\t\t\t\tfill=\"none\">\n\t\t\t\t<path d=\"M15 1L8 8L1 0.999999\" stroke=\"#3C3B3A\" stroke-width=\"2\" \/>\n\t\t\t<\/svg>\n\t\t<\/div>\n\t\t\t\t<div class=\"faq__item\">\n\t\t\t<div class=\"faq__question\" data-index=\"1\">\n\t\t\t\t<span class=\"faq__question-text \">\u00bfHay alguna disposici\u00f3n especial para personas con alergias o intolerancias?<\/span>\n\t\t\t<\/div>\n\t\t\t<div class=\"faq__answer\">\n\t\t\t\t<p>Por supuesto, no dudes en avisar a nuestro equipo cuando llegues para que podamos adaptar tu men\u00fa.<\/p>\n\t\t\t<\/div>\n\t\t\t<svg class=\"faq__toggle-icon\" xmlns=\"http:\/\/www.w3.org\/2000\/svg\" width=\"16\" height=\"10\" viewBox=\"0 0 16 10\"\n\t\t\t\tfill=\"none\">\n\t\t\t\t<path d=\"M15 1L8 8L1 0.999999\" stroke=\"#3C3B3A\" stroke-width=\"2\" \/>\n\t\t\t<\/svg>\n\t\t<\/div>\n\t\t\t\t<div class=\"faq__item\">\n\t\t\t<div class=\"faq__question\" data-index=\"2\">\n\t\t\t\t<span class=\"faq__question-text \">\u00bfC\u00f3mo puedo pagar mi comida?<\/span>\n\t\t\t<\/div>\n\t\t\t<div class=\"faq__answer\">\n\t\t\t\t<p>El Comptoir Cecil acepta efectivo, tarjetas bancarias y cheques restaurante.<\/p>\n\t\t\t<\/div>\n\t\t\t<svg class=\"faq__toggle-icon\" xmlns=\"http:\/\/www.w3.org\/2000\/svg\" width=\"16\" height=\"10\" viewBox=\"0 0 16 10\"\n\t\t\t\tfill=\"none\">\n\t\t\t\t<path d=\"M15 1L8 8L1 0.999999\" stroke=\"#3C3B3A\" stroke-width=\"2\" \/>\n\t\t\t<\/svg>\n\t\t<\/div>\n\t\t\t\t<div class=\"faq__item\">\n\t\t\t<div class=\"faq__question\" data-index=\"3\">\n\t\t\t\t<span class=\"faq__question-text \">\u00bfEst\u00e1 abierto el restaurante los fines de semana?<\/span>\n\t\t\t<\/div>\n\t\t\t<div class=\"faq__answer\">\n\t\t\t\t<p>Nuestro restaurante est\u00e1 abierto para comer y cenar de lunes a viernes.<\/p>\n\t\t\t<\/div>\n\t\t\t<svg class=\"faq__toggle-icon\" xmlns=\"http:\/\/www.w3.org\/2000\/svg\" width=\"16\" height=\"10\" viewBox=\"0 0 16 10\"\n\t\t\t\tfill=\"none\">\n\t\t\t\t<path d=\"M15 1L8 8L1 0.999999\" stroke=\"#3C3B3A\" stroke-width=\"2\" \/>\n\t\t\t<\/svg>\n\t\t<\/div>\n\t\t\t<\/div>\n\t\t<\/section>\n\n\n\n<div class=\"wp-block-buttons is-content-justification-center is-layout-flex wp-container-core-buttons-is-layout-a89b3969 wp-block-buttons-is-layout-flex\">\n<div class=\"wp-block-button is-style-label-button is-style-label-button--1\"><a class=\"wp-block-button__link wp-element-button\" href=\"https:\/\/comptoircecil.com\/es\/preguntas-frecuentes\/\">Faq completo<\/a><\/div>\n<\/div>\n\n\n\n<\/section>\n\n\t<section\n\t\tstyle=\"padding-top:var(--wp--preset--spacing--theme-default);padding-bottom:var(--wp--preset--spacing--theme-default);\" class=\"block-container align wp-block-acf-block-container has-background has-white-background-color is-layout-flow wp-container-acf-block-container-is-layout-e34b8bbb wp-block-acf-block-container-is-layout-flow\"\t>\n\n\t\n\n<div class=\"wp-block-group is-layout-flow wp-container-core-group-is-layout-c88c13bc wp-block-group-is-layout-flow\">\n<h2 class=\"wp-block-heading has-text-align-center\">\u00bfTienes alguna pregunta? \u00bfUn comentario? <\/h2>\n\n\n\n<div class=\"wp-block-buttons is-content-justification-center is-layout-flex wp-container-core-buttons-is-layout-a89b3969 wp-block-buttons-is-layout-flex\">\n<div class=\"wp-block-button is-style-label-button is-style-label-button--2\"><a class=\"wp-block-button__link wp-element-button\" href=\"https:\/\/comptoircecil.com\/es\/contacto\/\">Contacta con nosotros<\/a><\/div>\n<\/div>\n<\/div>\n\n\n\n<\/section>\n","protected":false},"excerpt":{"rendered":"","protected":false},"author":2,"featured_media":0,"parent":0,"menu_order":0,"comment_status":"closed","ping_status":"closed","template":"","meta":{"_acf_changed":false,"inline_featured_image":false,"footnotes":""},"class_list":["post-6263","page","type-page","status-publish","hentry"],"acf":[],"yoast_head":"<!-- This site is optimized with the Yoast SEO plugin v27.2 - https:\/\/yoast.com\/product\/yoast-seo-wordpress\/ -->\n<title>Apertura Restaurante bistro Lyon 2 Bellecour - Metro, Horarios<\/title>\n<meta name=\"description\" content=\"Ven a descubrir un restaurante bistron\u00f3mico en el centro de Lyon (2\u00ba, Bellecour): d\u00edas de apertura, acceso, horarios, metro... Reserva ahora.\" \/>\n<meta name=\"robots\" content=\"index, follow, max-snippet:-1, max-image-preview:large, max-video-preview:-1\" \/>\n<link rel=\"canonical\" href=\"https:\/\/comptoircecil.com\/es\/informacion-practica\/\" \/>\n<meta property=\"og:locale\" content=\"es_ES\" \/>\n<meta property=\"og:type\" content=\"article\" \/>\n<meta property=\"og:title\" content=\"Apertura Restaurante bistro Lyon 2 Bellecour - Metro, Horarios\" \/>\n<meta property=\"og:description\" content=\"Ven a descubrir un restaurante bistron\u00f3mico en el centro de Lyon (2\u00ba, Bellecour): d\u00edas de apertura, acceso, horarios, metro... Reserva ahora.\" \/>\n<meta property=\"og:url\" content=\"https:\/\/comptoircecil.com\/es\/informacion-practica\/\" \/>\n<meta property=\"og:site_name\" content=\"Comptoir Cecil\" \/>\n<meta property=\"article:modified_time\" content=\"2025-11-05T08:45:48+00:00\" \/>\n<meta property=\"og:image\" content=\"https:\/\/www.hotel-phenix-lyon.fr\/wp-content\/uploads\/sites\/5\/2025\/04\/VELO-300x300.png\" \/>\n<meta name=\"twitter:card\" content=\"summary_large_image\" \/>\n<meta name=\"twitter:label1\" content=\"Tiempo de lectura\" \/>\n\t<meta name=\"twitter:data1\" content=\"1 minuto\" \/>\n<script type=\"application\/ld+json\" class=\"yoast-schema-graph\">{\"@context\":\"https:\/\/schema.org\",\"@graph\":[{\"@type\":\"WebPage\",\"@id\":\"https:\/\/comptoircecil.com\/es\/informacion-practica\/\",\"url\":\"https:\/\/comptoircecil.com\/es\/informacion-practica\/\",\"name\":\"Apertura Restaurante bistro Lyon 2 Bellecour - Metro, Horarios\",\"isPartOf\":{\"@id\":\"https:\/\/comptoircecil.com\/es\/#website\"},\"primaryImageOfPage\":{\"@id\":\"https:\/\/comptoircecil.com\/es\/informacion-practica\/#primaryimage\"},\"image\":{\"@id\":\"https:\/\/comptoircecil.com\/es\/informacion-practica\/#primaryimage\"},\"thumbnailUrl\":\"https:\/\/www.hotel-phenix-lyon.fr\/wp-content\/uploads\/sites\/5\/2025\/04\/VELO-300x300.png\",\"datePublished\":\"2025-06-15T13:01:19+00:00\",\"dateModified\":\"2025-11-05T08:45:48+00:00\",\"description\":\"Ven a descubrir un restaurante bistron\u00f3mico en el centro de Lyon (2\u00ba, Bellecour): d\u00edas de apertura, acceso, horarios, metro... Reserva ahora.\",\"breadcrumb\":{\"@id\":\"https:\/\/comptoircecil.com\/es\/informacion-practica\/#breadcrumb\"},\"inLanguage\":\"es\",\"potentialAction\":[{\"@type\":\"ReadAction\",\"target\":[\"https:\/\/comptoircecil.com\/es\/informacion-practica\/\"]}]},{\"@type\":\"ImageObject\",\"inLanguage\":\"es\",\"@id\":\"https:\/\/comptoircecil.com\/es\/informacion-practica\/#primaryimage\",\"url\":\"https:\/\/www.hotel-phenix-lyon.fr\/wp-content\/uploads\/sites\/5\/2025\/04\/VELO-300x300.png\",\"contentUrl\":\"https:\/\/www.hotel-phenix-lyon.fr\/wp-content\/uploads\/sites\/5\/2025\/04\/VELO-300x300.png\"},{\"@type\":\"BreadcrumbList\",\"@id\":\"https:\/\/comptoircecil.com\/es\/informacion-practica\/#breadcrumb\",\"itemListElement\":[{\"@type\":\"ListItem\",\"position\":1,\"name\":\"Accueil\",\"item\":\"https:\/\/comptoircecil.com\/es\/\"},{\"@type\":\"ListItem\",\"position\":2,\"name\":\"Informaci\u00f3n pr\u00e1ctica\"}]},{\"@type\":\"WebSite\",\"@id\":\"https:\/\/comptoircecil.com\/es\/#website\",\"url\":\"https:\/\/comptoircecil.com\/es\/\",\"name\":\"Globe Cecil\",\"description\":\"\",\"publisher\":{\"@id\":\"https:\/\/comptoircecil.com\/es\/#organization\"},\"potentialAction\":[{\"@type\":\"SearchAction\",\"target\":{\"@type\":\"EntryPoint\",\"urlTemplate\":\"https:\/\/comptoircecil.com\/es\/?s={search_term_string}\"},\"query-input\":{\"@type\":\"PropertyValueSpecification\",\"valueRequired\":true,\"valueName\":\"search_term_string\"}}],\"inLanguage\":\"es\"},{\"@type\":\"Organization\",\"@id\":\"https:\/\/comptoircecil.com\/es\/#organization\",\"name\":\"Globe Cecil\",\"url\":\"https:\/\/comptoircecil.com\/es\/\",\"logo\":{\"@type\":\"ImageObject\",\"inLanguage\":\"es\",\"@id\":\"https:\/\/comptoircecil.com\/es\/#\/schema\/logo\/image\/\",\"url\":\"https:\/\/comptoircecil.com\/wp-content\/uploads\/sites\/4\/2025\/05\/LOGO-Comptoir-Cecil-White.svg\",\"contentUrl\":\"https:\/\/comptoircecil.com\/wp-content\/uploads\/sites\/4\/2025\/05\/LOGO-Comptoir-Cecil-White.svg\",\"width\":455,\"height\":123,\"caption\":\"Globe Cecil\"},\"image\":{\"@id\":\"https:\/\/comptoircecil.com\/es\/#\/schema\/logo\/image\/\"}}]}<\/script>\n<!-- \/ Yoast SEO plugin. -->","yoast_head_json":{"title":"Apertura Restaurante bistro Lyon 2 Bellecour - Metro, Horarios","description":"Ven a descubrir un restaurante bistron\u00f3mico en el centro de Lyon (2\u00ba, Bellecour): d\u00edas de apertura, acceso, horarios, metro... Reserva ahora.","robots":{"index":"index","follow":"follow","max-snippet":"max-snippet:-1","max-image-preview":"max-image-preview:large","max-video-preview":"max-video-preview:-1"},"canonical":"https:\/\/comptoircecil.com\/es\/informacion-practica\/","og_locale":"es_ES","og_type":"article","og_title":"Apertura Restaurante bistro Lyon 2 Bellecour - Metro, Horarios","og_description":"Ven a descubrir un restaurante bistron\u00f3mico en el centro de Lyon (2\u00ba, Bellecour): d\u00edas de apertura, acceso, horarios, metro... Reserva ahora.","og_url":"https:\/\/comptoircecil.com\/es\/informacion-practica\/","og_site_name":"Comptoir Cecil","article_modified_time":"2025-11-05T08:45:48+00:00","og_image":[{"url":"https:\/\/www.hotel-phenix-lyon.fr\/wp-content\/uploads\/sites\/5\/2025\/04\/VELO-300x300.png","type":"","width":"","height":""}],"twitter_card":"summary_large_image","twitter_misc":{"Tiempo de lectura":"1 minuto"},"schema":{"@context":"https:\/\/schema.org","@graph":[{"@type":"WebPage","@id":"https:\/\/comptoircecil.com\/es\/informacion-practica\/","url":"https:\/\/comptoircecil.com\/es\/informacion-practica\/","name":"Apertura Restaurante bistro Lyon 2 Bellecour - Metro, Horarios","isPartOf":{"@id":"https:\/\/comptoircecil.com\/es\/#website"},"primaryImageOfPage":{"@id":"https:\/\/comptoircecil.com\/es\/informacion-practica\/#primaryimage"},"image":{"@id":"https:\/\/comptoircecil.com\/es\/informacion-practica\/#primaryimage"},"thumbnailUrl":"https:\/\/www.hotel-phenix-lyon.fr\/wp-content\/uploads\/sites\/5\/2025\/04\/VELO-300x300.png","datePublished":"2025-06-15T13:01:19+00:00","dateModified":"2025-11-05T08:45:48+00:00","description":"Ven a descubrir un restaurante bistron\u00f3mico en el centro de Lyon (2\u00ba, Bellecour): d\u00edas de apertura, acceso, horarios, metro... Reserva ahora.","breadcrumb":{"@id":"https:\/\/comptoircecil.com\/es\/informacion-practica\/#breadcrumb"},"inLanguage":"es","potentialAction":[{"@type":"ReadAction","target":["https:\/\/comptoircecil.com\/es\/informacion-practica\/"]}]},{"@type":"ImageObject","inLanguage":"es","@id":"https:\/\/comptoircecil.com\/es\/informacion-practica\/#primaryimage","url":"https:\/\/www.hotel-phenix-lyon.fr\/wp-content\/uploads\/sites\/5\/2025\/04\/VELO-300x300.png","contentUrl":"https:\/\/www.hotel-phenix-lyon.fr\/wp-content\/uploads\/sites\/5\/2025\/04\/VELO-300x300.png"},{"@type":"BreadcrumbList","@id":"https:\/\/comptoircecil.com\/es\/informacion-practica\/#breadcrumb","itemListElement":[{"@type":"ListItem","position":1,"name":"Accueil","item":"https:\/\/comptoircecil.com\/es\/"},{"@type":"ListItem","position":2,"name":"Informaci\u00f3n pr\u00e1ctica"}]},{"@type":"WebSite","@id":"https:\/\/comptoircecil.com\/es\/#website","url":"https:\/\/comptoircecil.com\/es\/","name":"Globe Cecil","description":"","publisher":{"@id":"https:\/\/comptoircecil.com\/es\/#organization"},"potentialAction":[{"@type":"SearchAction","target":{"@type":"EntryPoint","urlTemplate":"https:\/\/comptoircecil.com\/es\/?s={search_term_string}"},"query-input":{"@type":"PropertyValueSpecification","valueRequired":true,"valueName":"search_term_string"}}],"inLanguage":"es"},{"@type":"Organization","@id":"https:\/\/comptoircecil.com\/es\/#organization","name":"Globe Cecil","url":"https:\/\/comptoircecil.com\/es\/","logo":{"@type":"ImageObject","inLanguage":"es","@id":"https:\/\/comptoircecil.com\/es\/#\/schema\/logo\/image\/","url":"https:\/\/comptoircecil.com\/wp-content\/uploads\/sites\/4\/2025\/05\/LOGO-Comptoir-Cecil-White.svg","contentUrl":"https:\/\/comptoircecil.com\/wp-content\/uploads\/sites\/4\/2025\/05\/LOGO-Comptoir-Cecil-White.svg","width":455,"height":123,"caption":"Globe Cecil"},"image":{"@id":"https:\/\/comptoircecil.com\/es\/#\/schema\/logo\/image\/"}}]}},"_links":{"self":[{"href":"https:\/\/comptoircecil.com\/es\/wp-json\/wp\/v2\/pages\/6263","targetHints":{"allow":["GET"]}}],"collection":[{"href":"https:\/\/comptoircecil.com\/es\/wp-json\/wp\/v2\/pages"}],"about":[{"href":"https:\/\/comptoircecil.com\/es\/wp-json\/wp\/v2\/types\/page"}],"author":[{"embeddable":true,"href":"https:\/\/comptoircecil.com\/es\/wp-json\/wp\/v2\/users\/2"}],"replies":[{"embeddable":true,"href":"https:\/\/comptoircecil.com\/es\/wp-json\/wp\/v2\/comments?post=6263"}],"version-history":[{"count":8,"href":"https:\/\/comptoircecil.com\/es\/wp-json\/wp\/v2\/pages\/6263\/revisions"}],"predecessor-version":[{"id":8150,"href":"https:\/\/comptoircecil.com\/es\/wp-json\/wp\/v2\/pages\/6263\/revisions\/8150"}],"wp:attachment":[{"href":"https:\/\/comptoircecil.com\/es\/wp-json\/wp\/v2\/media?parent=6263"}],"curies":[{"name":"wp","href":"https:\/\/api.w.org\/{rel}","templated":true}]}}