{"id":3141,"date":"2025-04-16T17:40:08","date_gmt":"2025-04-16T15:40:08","guid":{"rendered":"https:\/\/comptoircecil.com\/ubicacion\/"},"modified":"2025-07-19T11:48:21","modified_gmt":"2025-07-19T09:48:21","slug":"desayuno","status":"publish","type":"page","link":"https:\/\/comptoircecil.com\/es\/restaurante-lyon-2-bellecour\/desayuno\/","title":{"rendered":"Desayuno"},"content":{"rendered":"\n<section class=\"heading wp-elements-10f37fbf016a2ae5371102733708c22a wp-elements-10f37fbf016a2ae5371102733708c22a wp-block-acf-heading has-text-color has-primary-color has-background has-white-100-background-color\">\n\t<div class=\"heading__container\">\n\t\t\t\t\t<div class=\"heading__background-picture\">\n\t\t\t\t<img decoding=\"async\" width=\"1620\" height=\"1080\" src=\"https:\/\/comptoircecil.com\/wp-content\/uploads\/sites\/4\/2025\/06\/petit-dejeuenr-lyon.jpg\" class=\"attachment-full size-full\" alt=\"petit dejeuenr lyon\" fetchpriority=\"high\" srcset=\"https:\/\/comptoircecil.com\/wp-content\/uploads\/sites\/4\/2025\/06\/petit-dejeuenr-lyon.jpg 1620w, https:\/\/comptoircecil.com\/wp-content\/uploads\/sites\/4\/2025\/06\/petit-dejeuenr-lyon-600x400.jpg 600w, https:\/\/comptoircecil.com\/wp-content\/uploads\/sites\/4\/2025\/06\/petit-dejeuenr-lyon-1400x933.jpg 1400w, https:\/\/comptoircecil.com\/wp-content\/uploads\/sites\/4\/2025\/06\/petit-dejeuenr-lyon-768x512.jpg 768w, https:\/\/comptoircecil.com\/wp-content\/uploads\/sites\/4\/2025\/06\/petit-dejeuenr-lyon-1536x1024.jpg 1536w\" sizes=\"(max-width: 1620px) 100vw, 1620px\" \/>\t\t\t<\/div>\n\t\t\t\t<div class=\"heading__layout\">\n\t\t\t<div class=\"heading__content-wrapper has-white-100-background-color\">\n\t\t\t\t<div class=\"heading__content has-white-100-background-color\">\n\t\t\t\t\t\t\t\t\t<p id=\"breadcrumbs\"><span><span><a href=\"https:\/\/comptoircecil.com\/es\/\">Accueil<\/a><\/span><\/span><\/p>\t\t\t\t\t\t\t\t\t<div class=\"acf-innerblocks-container\">\n\n<div class=\"wp-block-group heading-content-group is-layout-grid wp-container-core-group-is-layout-96b258e4 wp-block-group-is-layout-grid\">\n<h1 class=\"wp-block-heading has-text-align-left heading__title has-primary-color has-text-color has-xx-large-font-size wp-container-content-32a3e683\"><strong>Desayuno<\/strong><\/h1>\n\n\n\n<p class=\"heading__chapo has-primary-color has-text-color wp-container-content-32a3e683\">\u00bfCaf\u00e9 para empezar el d\u00eda?<\/p>\n<\/div>\n\n<\/div>\n\t\t\t\t<\/div>\n\t\t\t\t\t\t\t<\/div>\n\t\t<\/div>\n\t<\/div>\n<\/section>\n\n\n\t<section\n\t\tstyle=\"padding-top:var(--wp--preset--spacing--theme-default);padding-bottom:var(--wp--preset--spacing--theme-default);\" class=\"double-columns wp-block-acf-double-columns has-background has-white-background-color has-global-padding is-layout-constrained wp-container-acf-double-columns-is-layout-a22d0bdd wp-block-acf-double-columns-is-layout-constrained\"\t>\n\n<div class=\"double-columns__innerblocks\">\n\n<div class=\"wp-block-group is-vertical is-content-justification-stretch is-layout-flex wp-container-core-group-is-layout-a67fda00 wp-block-group-is-layout-flex\">\n<div class=\"wp-block-group is-vertical is-content-justification-center is-layout-flex wp-container-core-group-is-layout-fa38c63a wp-block-group-is-layout-flex\">\n<figure class=\"wp-block-image aligncenter size-full is-resized\"><img decoding=\"async\" width=\"1400\" height=\"1100\" src=\"https:\/\/comptoircecil.com\/wp-content\/uploads\/sites\/4\/2025\/06\/coffee@4x-e1751374208133.png\" alt=\"caf&#xE9;@4x\" class=\"wp-image-5843\" style=\"width:auto;height:120px\" srcset=\"https:\/\/comptoircecil.com\/wp-content\/uploads\/sites\/4\/2025\/06\/coffee@4x-e1751374208133.png 1400w, https:\/\/comptoircecil.com\/wp-content\/uploads\/sites\/4\/2025\/06\/coffee@4x-e1751374208133-600x471.png 600w, https:\/\/comptoircecil.com\/wp-content\/uploads\/sites\/4\/2025\/06\/coffee@4x-e1751374208133-768x603.png 768w\" sizes=\"(max-width: 1400px) 100vw, 1400px\" \/><\/figure>\n<\/div>\n\n\n\n<p class=\"has-text-align-left\">Aqu\u00ed, la ma\u00f1ana comienza en la sala Comptoir, ba\u00f1ada de luz y llena de encanto, donde podr\u00e1s sentarte sin prisas para disfrutar de un aut\u00e9ntico desayuno como a nosotros nos gusta: generoso, local y hecho con coraz\u00f3n.<\/p>\n\n\n\n<ul class=\"wp-block-list\">\n<li><strong>Abierto 7 d\u00edas a la semana (no es necesario reservar para clientes externos)<\/strong><\/li>\n\n\n\n<li><strong>De 6.00 a 10.00 h, de lunes a viernes<\/strong><\/li>\n\n\n\n<li><strong>7h-11h &#8211; Fines de semana y festivos<\/strong><\/li>\n<\/ul>\n<\/div>\n\n\n\n<div class=\"wp-block-group is-layout-flow wp-block-group-is-layout-flow\">\n<figure class=\"wp-block-image size-full\"><img decoding=\"async\" width=\"720\" height=\"1080\" src=\"https:\/\/comptoircecil.com\/wp-content\/uploads\/sites\/4\/2025\/06\/brunch-a-lyon.jpg\" alt=\"brunch en lyon\" class=\"wp-image-5837\" style=\"aspect-ratio:1;object-fit:cover\" srcset=\"https:\/\/comptoircecil.com\/wp-content\/uploads\/sites\/4\/2025\/06\/brunch-a-lyon.jpg 720w, https:\/\/comptoircecil.com\/wp-content\/uploads\/sites\/4\/2025\/06\/brunch-a-lyon-400x600.jpg 400w\" sizes=\"(max-width: 720px) 100vw, 720px\" \/><\/figure>\n<\/div>\n\n<\/div>\n\n<\/section>\n\n\t<section\n\t\tstyle=\"padding-top:var(--wp--preset--spacing--theme-default);padding-bottom:var(--wp--preset--spacing--theme-default);\" class=\"double-columns double-columns-reverse_colums_mobile image-is-animate wp-block-acf-double-columns has-background has-white-100-background-color has-global-padding is-layout-constrained wp-container-acf-double-columns-is-layout-a22d0bdd wp-block-acf-double-columns-is-layout-constrained\"\t>\n\n<div class=\"double-columns__innerblocks\">\n\n<div class=\"wp-block-group is-vertical is-layout-flex wp-container-core-group-is-layout-99e95872 wp-block-group-is-layout-flex\">\n<figure class=\"wp-block-image size-full\"><img decoding=\"async\" width=\"721\" height=\"1080\" src=\"https:\/\/comptoircecil.com\/wp-content\/uploads\/sites\/4\/2025\/03\/hotel_lyon_centre_ville_petit-dejeuner1.jpg\" alt=\"hotel lyon centre ville desayuno1\" class=\"wp-image-1660\" style=\"aspect-ratio:3\/4;object-fit:cover\" srcset=\"https:\/\/comptoircecil.com\/wp-content\/uploads\/sites\/4\/2025\/03\/hotel_lyon_centre_ville_petit-dejeuner1.jpg 721w, https:\/\/comptoircecil.com\/wp-content\/uploads\/sites\/4\/2025\/03\/hotel_lyon_centre_ville_petit-dejeuner1-200x300.jpg 200w, https:\/\/comptoircecil.com\/wp-content\/uploads\/sites\/4\/2025\/03\/hotel_lyon_centre_ville_petit-dejeuner1-684x1024.jpg 684w\" sizes=\"(max-width: 721px) 100vw, 721px\" \/><\/figure>\n<\/div>\n\n\n\n<div class=\"wp-block-group is-vertical is-layout-flex wp-container-core-group-is-layout-99e95872 wp-block-group-is-layout-flex\">\n<h2 class=\"wp-block-heading\">Nuestro desayuno buffet<\/h2>\n\n\n\n<p>Todos los d\u00edas ofrecemos productos frescos de temporada, procedentes de productores locales y artesanos comprometidos. Pero nada de brunch lion\u00e9s&#8230; Quesos curados, pan fresco, mermeladas caseras, huevos ecol\u00f3gicos, fruta de temporada, zumos reci\u00e9n exprimidos, granola casera, pasteles del d\u00eda&#8230; Todo est\u00e1 previsto para satisfacer a los golosos, a los salados o a ambos. <\/p>\n\n\n\n<p><\/p>\n\n\n\n<ul class=\"wp-block-list\">\n<li><strong>19\u20ac \/adulto (a partir de 12 a\u00f1os)<\/strong><\/li>\n\n\n\n<li><strong>9,5\u20ac \/ni\u00f1o (5-12 a\u00f1os)<\/strong><\/li>\n\n\n\n<li><strong>Gratis \/ni\u00f1o (menores de 5 a\u00f1os)<\/strong><\/li>\n<\/ul>\n<\/div>\n\n<\/div>\n\n<\/section>\n\n\t<section\n\t\tstyle=\"padding-top:var(--wp--preset--spacing--theme-default);padding-bottom:var(--wp--preset--spacing--theme-default);\" class=\"block-container align wp-block-acf-block-container has-background has-white-background-color has-global-padding is-layout-constrained wp-container-acf-block-container-is-layout-89fc666d wp-block-acf-block-container-is-layout-constrained\"\t>\n\n\t\n\n<h3 class=\"wp-block-heading has-text-align-center\">\u00bfTe apetece un simple croissant de caf\u00e9 antes de empezar el d\u00eda? Siempre eres bienvenido. <\/h3>\n\n\n\n<\/section>\n","protected":false},"excerpt":{"rendered":"","protected":false},"author":2,"featured_media":4372,"parent":3190,"menu_order":0,"comment_status":"closed","ping_status":"closed","template":"","meta":{"_acf_changed":false,"inline_featured_image":false,"footnotes":""},"class_list":["post-3141","page","type-page","status-publish","has-post-thumbnail","hentry"],"acf":[],"yoast_head":"<!-- This site is optimized with the Yoast SEO plugin v27.2 - https:\/\/yoast.com\/product\/yoast-seo-wordpress\/ -->\n<title>Desayuno Lyon 2 - Hotel 4 estrellas Bellecour, Presqu&#039;\u00eele<\/title>\n<meta name=\"description\" content=\"Desayuno gourmet a dos pasos de Bellecour. Un hotel de 4 estrellas y productos frescos para empezar bien el d\u00eda.\" \/>\n<meta name=\"robots\" content=\"index, follow, max-snippet:-1, max-image-preview:large, max-video-preview:-1\" \/>\n<link rel=\"canonical\" href=\"https:\/\/comptoircecil.com\/es\/restaurante-lyon-2-bellecour\/desayuno\/\" \/>\n<meta property=\"og:locale\" content=\"es_ES\" \/>\n<meta property=\"og:type\" content=\"article\" \/>\n<meta property=\"og:title\" content=\"Desayuno Lyon 2 - Hotel 4 estrellas Bellecour, Presqu&#039;\u00eele\" \/>\n<meta property=\"og:description\" content=\"Desayuno gourmet a dos pasos de Bellecour. Un hotel de 4 estrellas y productos frescos para empezar bien el d\u00eda.\" \/>\n<meta property=\"og:url\" content=\"https:\/\/comptoircecil.com\/es\/restaurante-lyon-2-bellecour\/desayuno\/\" \/>\n<meta property=\"og:site_name\" content=\"Comptoir Cecil\" \/>\n<meta property=\"article:modified_time\" content=\"2025-07-19T09:48:21+00:00\" \/>\n<meta property=\"og:image\" content=\"https:\/\/comptoircecil.com\/wp-content\/uploads\/sites\/4\/2025\/03\/Hotel_lyon_Bellecour1.jpg\" \/>\n\t<meta property=\"og:image:width\" content=\"720\" \/>\n\t<meta property=\"og:image:height\" content=\"1080\" \/>\n\t<meta property=\"og:image:type\" content=\"image\/jpeg\" \/>\n<meta name=\"twitter:card\" content=\"summary_large_image\" \/>\n<meta name=\"twitter:label1\" content=\"Tiempo de lectura\" \/>\n\t<meta name=\"twitter:data1\" content=\"2 minuto\" \/>\n<script type=\"application\/ld+json\" class=\"yoast-schema-graph\">{\"@context\":\"https:\/\/schema.org\",\"@graph\":[{\"@type\":\"WebPage\",\"@id\":\"https:\/\/comptoircecil.com\/es\/restaurante-lyon-2-bellecour\/desayuno\/\",\"url\":\"https:\/\/comptoircecil.com\/es\/restaurante-lyon-2-bellecour\/desayuno\/\",\"name\":\"Desayuno Lyon 2 - Hotel 4 estrellas Bellecour, Presqu'\u00eele\",\"isPartOf\":{\"@id\":\"https:\/\/comptoircecil.com\/es\/#website\"},\"primaryImageOfPage\":{\"@id\":\"https:\/\/comptoircecil.com\/es\/restaurante-lyon-2-bellecour\/desayuno\/#primaryimage\"},\"image\":{\"@id\":\"https:\/\/comptoircecil.com\/es\/restaurante-lyon-2-bellecour\/desayuno\/#primaryimage\"},\"thumbnailUrl\":\"https:\/\/comptoircecil.com\/wp-content\/uploads\/sites\/4\/2025\/03\/Hotel_lyon_Bellecour1.jpg\",\"datePublished\":\"2025-04-16T15:40:08+00:00\",\"dateModified\":\"2025-07-19T09:48:21+00:00\",\"description\":\"Desayuno gourmet a dos pasos de Bellecour. Un hotel de 4 estrellas y productos frescos para empezar bien el d\u00eda.\",\"breadcrumb\":{\"@id\":\"https:\/\/comptoircecil.com\/es\/restaurante-lyon-2-bellecour\/desayuno\/#breadcrumb\"},\"inLanguage\":\"es\",\"potentialAction\":[{\"@type\":\"ReadAction\",\"target\":[\"https:\/\/comptoircecil.com\/es\/restaurante-lyon-2-bellecour\/desayuno\/\"]}]},{\"@type\":\"ImageObject\",\"inLanguage\":\"es\",\"@id\":\"https:\/\/comptoircecil.com\/es\/restaurante-lyon-2-bellecour\/desayuno\/#primaryimage\",\"url\":\"https:\/\/comptoircecil.com\/wp-content\/uploads\/sites\/4\/2025\/03\/Hotel_lyon_Bellecour1.jpg\",\"contentUrl\":\"https:\/\/comptoircecil.com\/wp-content\/uploads\/sites\/4\/2025\/03\/Hotel_lyon_Bellecour1.jpg\",\"width\":720,\"height\":1080,\"caption\":\"Hotel lyon Bellecour1\"},{\"@type\":\"BreadcrumbList\",\"@id\":\"https:\/\/comptoircecil.com\/es\/restaurante-lyon-2-bellecour\/desayuno\/#breadcrumb\",\"itemListElement\":[{\"@type\":\"ListItem\",\"position\":1,\"name\":\"Accueil\",\"item\":\"https:\/\/comptoircecil.com\/es\/\"},{\"@type\":\"ListItem\",\"position\":2,\"name\":\"El restaurante\",\"item\":\"https:\/\/comptoircecil.com\/es\/restaurante-lyon-2-bellecour\/\"},{\"@type\":\"ListItem\",\"position\":3,\"name\":\"Desayuno\"}]},{\"@type\":\"WebSite\",\"@id\":\"https:\/\/comptoircecil.com\/es\/#website\",\"url\":\"https:\/\/comptoircecil.com\/es\/\",\"name\":\"Globe Cecil\",\"description\":\"\",\"publisher\":{\"@id\":\"https:\/\/comptoircecil.com\/es\/#organization\"},\"potentialAction\":[{\"@type\":\"SearchAction\",\"target\":{\"@type\":\"EntryPoint\",\"urlTemplate\":\"https:\/\/comptoircecil.com\/es\/?s={search_term_string}\"},\"query-input\":{\"@type\":\"PropertyValueSpecification\",\"valueRequired\":true,\"valueName\":\"search_term_string\"}}],\"inLanguage\":\"es\"},{\"@type\":\"Organization\",\"@id\":\"https:\/\/comptoircecil.com\/es\/#organization\",\"name\":\"Globe Cecil\",\"url\":\"https:\/\/comptoircecil.com\/es\/\",\"logo\":{\"@type\":\"ImageObject\",\"inLanguage\":\"es\",\"@id\":\"https:\/\/comptoircecil.com\/es\/#\/schema\/logo\/image\/\",\"url\":\"https:\/\/comptoircecil.com\/wp-content\/uploads\/sites\/4\/2025\/05\/LOGO-Comptoir-Cecil-White.svg\",\"contentUrl\":\"https:\/\/comptoircecil.com\/wp-content\/uploads\/sites\/4\/2025\/05\/LOGO-Comptoir-Cecil-White.svg\",\"width\":455,\"height\":123,\"caption\":\"Globe Cecil\"},\"image\":{\"@id\":\"https:\/\/comptoircecil.com\/es\/#\/schema\/logo\/image\/\"}}]}<\/script>\n<!-- \/ Yoast SEO plugin. -->","yoast_head_json":{"title":"Desayuno Lyon 2 - Hotel 4 estrellas Bellecour, Presqu'\u00eele","description":"Desayuno gourmet a dos pasos de Bellecour. Un hotel de 4 estrellas y productos frescos para empezar bien el d\u00eda.","robots":{"index":"index","follow":"follow","max-snippet":"max-snippet:-1","max-image-preview":"max-image-preview:large","max-video-preview":"max-video-preview:-1"},"canonical":"https:\/\/comptoircecil.com\/es\/restaurante-lyon-2-bellecour\/desayuno\/","og_locale":"es_ES","og_type":"article","og_title":"Desayuno Lyon 2 - Hotel 4 estrellas Bellecour, Presqu'\u00eele","og_description":"Desayuno gourmet a dos pasos de Bellecour. Un hotel de 4 estrellas y productos frescos para empezar bien el d\u00eda.","og_url":"https:\/\/comptoircecil.com\/es\/restaurante-lyon-2-bellecour\/desayuno\/","og_site_name":"Comptoir Cecil","article_modified_time":"2025-07-19T09:48:21+00:00","og_image":[{"width":720,"height":1080,"url":"https:\/\/comptoircecil.com\/wp-content\/uploads\/sites\/4\/2025\/03\/Hotel_lyon_Bellecour1.jpg","type":"image\/jpeg"}],"twitter_card":"summary_large_image","twitter_misc":{"Tiempo de lectura":"2 minuto"},"schema":{"@context":"https:\/\/schema.org","@graph":[{"@type":"WebPage","@id":"https:\/\/comptoircecil.com\/es\/restaurante-lyon-2-bellecour\/desayuno\/","url":"https:\/\/comptoircecil.com\/es\/restaurante-lyon-2-bellecour\/desayuno\/","name":"Desayuno Lyon 2 - Hotel 4 estrellas Bellecour, Presqu'\u00eele","isPartOf":{"@id":"https:\/\/comptoircecil.com\/es\/#website"},"primaryImageOfPage":{"@id":"https:\/\/comptoircecil.com\/es\/restaurante-lyon-2-bellecour\/desayuno\/#primaryimage"},"image":{"@id":"https:\/\/comptoircecil.com\/es\/restaurante-lyon-2-bellecour\/desayuno\/#primaryimage"},"thumbnailUrl":"https:\/\/comptoircecil.com\/wp-content\/uploads\/sites\/4\/2025\/03\/Hotel_lyon_Bellecour1.jpg","datePublished":"2025-04-16T15:40:08+00:00","dateModified":"2025-07-19T09:48:21+00:00","description":"Desayuno gourmet a dos pasos de Bellecour. Un hotel de 4 estrellas y productos frescos para empezar bien el d\u00eda.","breadcrumb":{"@id":"https:\/\/comptoircecil.com\/es\/restaurante-lyon-2-bellecour\/desayuno\/#breadcrumb"},"inLanguage":"es","potentialAction":[{"@type":"ReadAction","target":["https:\/\/comptoircecil.com\/es\/restaurante-lyon-2-bellecour\/desayuno\/"]}]},{"@type":"ImageObject","inLanguage":"es","@id":"https:\/\/comptoircecil.com\/es\/restaurante-lyon-2-bellecour\/desayuno\/#primaryimage","url":"https:\/\/comptoircecil.com\/wp-content\/uploads\/sites\/4\/2025\/03\/Hotel_lyon_Bellecour1.jpg","contentUrl":"https:\/\/comptoircecil.com\/wp-content\/uploads\/sites\/4\/2025\/03\/Hotel_lyon_Bellecour1.jpg","width":720,"height":1080,"caption":"Hotel lyon Bellecour1"},{"@type":"BreadcrumbList","@id":"https:\/\/comptoircecil.com\/es\/restaurante-lyon-2-bellecour\/desayuno\/#breadcrumb","itemListElement":[{"@type":"ListItem","position":1,"name":"Accueil","item":"https:\/\/comptoircecil.com\/es\/"},{"@type":"ListItem","position":2,"name":"El restaurante","item":"https:\/\/comptoircecil.com\/es\/restaurante-lyon-2-bellecour\/"},{"@type":"ListItem","position":3,"name":"Desayuno"}]},{"@type":"WebSite","@id":"https:\/\/comptoircecil.com\/es\/#website","url":"https:\/\/comptoircecil.com\/es\/","name":"Globe Cecil","description":"","publisher":{"@id":"https:\/\/comptoircecil.com\/es\/#organization"},"potentialAction":[{"@type":"SearchAction","target":{"@type":"EntryPoint","urlTemplate":"https:\/\/comptoircecil.com\/es\/?s={search_term_string}"},"query-input":{"@type":"PropertyValueSpecification","valueRequired":true,"valueName":"search_term_string"}}],"inLanguage":"es"},{"@type":"Organization","@id":"https:\/\/comptoircecil.com\/es\/#organization","name":"Globe Cecil","url":"https:\/\/comptoircecil.com\/es\/","logo":{"@type":"ImageObject","inLanguage":"es","@id":"https:\/\/comptoircecil.com\/es\/#\/schema\/logo\/image\/","url":"https:\/\/comptoircecil.com\/wp-content\/uploads\/sites\/4\/2025\/05\/LOGO-Comptoir-Cecil-White.svg","contentUrl":"https:\/\/comptoircecil.com\/wp-content\/uploads\/sites\/4\/2025\/05\/LOGO-Comptoir-Cecil-White.svg","width":455,"height":123,"caption":"Globe Cecil"},"image":{"@id":"https:\/\/comptoircecil.com\/es\/#\/schema\/logo\/image\/"}}]}},"_links":{"self":[{"href":"https:\/\/comptoircecil.com\/es\/wp-json\/wp\/v2\/pages\/3141","targetHints":{"allow":["GET"]}}],"collection":[{"href":"https:\/\/comptoircecil.com\/es\/wp-json\/wp\/v2\/pages"}],"about":[{"href":"https:\/\/comptoircecil.com\/es\/wp-json\/wp\/v2\/types\/page"}],"author":[{"embeddable":true,"href":"https:\/\/comptoircecil.com\/es\/wp-json\/wp\/v2\/users\/2"}],"replies":[{"embeddable":true,"href":"https:\/\/comptoircecil.com\/es\/wp-json\/wp\/v2\/comments?post=3141"}],"version-history":[{"count":10,"href":"https:\/\/comptoircecil.com\/es\/wp-json\/wp\/v2\/pages\/3141\/revisions"}],"predecessor-version":[{"id":7419,"href":"https:\/\/comptoircecil.com\/es\/wp-json\/wp\/v2\/pages\/3141\/revisions\/7419"}],"up":[{"embeddable":true,"href":"https:\/\/comptoircecil.com\/es\/wp-json\/wp\/v2\/pages\/3190"}],"wp:featuredmedia":[{"embeddable":true,"href":"https:\/\/comptoircecil.com\/es\/wp-json\/wp\/v2\/media\/4372"}],"wp:attachment":[{"href":"https:\/\/comptoircecil.com\/es\/wp-json\/wp\/v2\/media?parent=3141"}],"curies":[{"name":"wp","href":"https:\/\/api.w.org\/{rel}","templated":true}]}}