{"id":3126,"date":"2025-04-16T17:40:08","date_gmt":"2025-04-16T15:40:08","guid":{"rendered":"https:\/\/comptoircecil.com\/informacion-juridica\/"},"modified":"2025-10-01T09:28:00","modified_gmt":"2025-10-01T07:28:00","slug":"informacion-juridica","status":"publish","type":"page","link":"https:\/\/comptoircecil.com\/es\/informacion-juridica\/","title":{"rendered":"Informaci\u00f3n jur\u00eddica"},"content":{"rendered":"\n<section class=\"heading wp-elements-73da2dfc7c40bc9c9fcb97353ee6c2f1 wp-elements-73da2dfc7c40bc9c9fcb97353ee6c2f1 wp-block-acf-heading has-text-color has-primary-color has-background has-white-100-background-color\">\n\t<div class=\"heading__container\">\n\t\t\t\t\t<div class=\"heading__background-picture\">\n\t\t\t\t<img decoding=\"async\" width=\"1620\" height=\"1080\" src=\"https:\/\/comptoircecil.com\/wp-content\/uploads\/sites\/4\/2025\/06\/restaurant-lyon-bellecour-1.jpg\" class=\"attachment-full size-full\" alt=\"restaurant lyon bellecour 1\" fetchpriority=\"high\" srcset=\"https:\/\/comptoircecil.com\/wp-content\/uploads\/sites\/4\/2025\/06\/restaurant-lyon-bellecour-1.jpg 1620w, https:\/\/comptoircecil.com\/wp-content\/uploads\/sites\/4\/2025\/06\/restaurant-lyon-bellecour-1-600x400.jpg 600w, https:\/\/comptoircecil.com\/wp-content\/uploads\/sites\/4\/2025\/06\/restaurant-lyon-bellecour-1-1400x933.jpg 1400w, https:\/\/comptoircecil.com\/wp-content\/uploads\/sites\/4\/2025\/06\/restaurant-lyon-bellecour-1-768x512.jpg 768w, https:\/\/comptoircecil.com\/wp-content\/uploads\/sites\/4\/2025\/06\/restaurant-lyon-bellecour-1-1536x1024.jpg 1536w\" sizes=\"(max-width: 1620px) 100vw, 1620px\" \/>\t\t\t<\/div>\n\t\t\t\t<div class=\"heading__layout\">\n\t\t\t<div class=\"heading__content-wrapper has-white-100-background-color\">\n\t\t\t\t<div class=\"heading__content has-white-100-background-color\">\n\t\t\t\t\t\t\t\t\t<p id=\"breadcrumbs\"><span><span><a href=\"https:\/\/comptoircecil.com\/es\/\">Accueil<\/a><\/span><\/span><\/p>\t\t\t\t\t\t\t\t\t<div class=\"acf-innerblocks-container\">\n\n<div class=\"wp-block-group heading-content-group is-layout-grid wp-container-core-group-is-layout-96b258e4 wp-block-group-is-layout-grid\">\n<h1 class=\"wp-block-heading has-text-align-left heading__title has-primary-color has-text-color has-xx-large-font-size wp-container-content-32a3e683\">Informaci\u00f3n jur\u00eddica<\/h1>\n<\/div>\n\n<\/div>\n\t\t\t\t<\/div>\n\t\t\t\t\t\t\t\t<div class=\"heading__illustration illustration-with-parallax desktop-only\">\n\t\t\t\t\t<img decoding=\"async\" width=\"350\" height=\"350\" src=\"https:\/\/comptoircecil.com\/wp-content\/uploads\/sites\/4\/2025\/06\/HAUT-de-FORME.png\" class=\"attachment-full size-full\" alt=\"HAUT de FORME\" fetchpriority=\"high\" srcset=\"https:\/\/comptoircecil.com\/wp-content\/uploads\/sites\/4\/2025\/06\/HAUT-de-FORME.png 350w, https:\/\/comptoircecil.com\/wp-content\/uploads\/sites\/4\/2025\/06\/HAUT-de-FORME-300x300.png 300w\" sizes=\"(max-width: 350px) 100vw, 350px\" \/>\t\t\t\t<\/div>\n\t\t\t\t\t\t\t<\/div>\n\t\t<\/div>\n\t<\/div>\n<\/section>\n\n\n\t<section\n\t\tstyle=\"padding-top:var(--wp--preset--spacing--theme-default);padding-bottom:var(--wp--preset--spacing--theme-default);\" class=\"block-container align wp-block-acf-block-container has-background has-white-background-color is-layout-flow wp-block-acf-block-container-is-layout-flow\"\t>\n\n\t\n\n<div class=\"wp-block-group has-global-padding is-layout-constrained wp-block-group-is-layout-constrained\">\n<h3 class=\"wp-block-heading has-text-align-left\"><strong>Informaci\u00f3n jur\u00eddica<\/strong><\/h3>\n\n\n\n<p>El objetivo de esta p\u00e1gina es describir los avisos legales aplicables a todos los usuarios de Internet que visiten uno de los sitios web de Aubergistes Lyonnais:<\/p>\n\n\n\n<ul class=\"wp-block-list\">\n<li><a href=\"https:\/\/www.lesaubergisteslyonnais.fr\/\">https:\/\/www.lesaubergisteslyonnais.fr\/<\/a><\/li>\n\n\n\n<li><a href=\"https:\/\/www.leclubdesaubergistes.fr\/\">https:\/\/www.leclubdesaubergistes.fr\/<\/a><\/li>\n\n\n\n<li><a href=\"https:\/\/globeetcecilhotel.com\/\">https:\/\/globeetcecilhotel.com\/<\/a><\/li>\n\n\n\n<li><a href=\"https:\/\/www.hotel-phenix-lyon.fr\/\">https:\/\/www.hotel-phenix-lyon.fr\/<\/a><\/li>\n\n\n\n<li><a href=\"https:\/\/www.hotel-simplon-lyon.com\/\">https:\/\/www.hotel-simplon-lyon.com\/<\/a><\/li>\n\n\n\n<li><a href=\"https:\/\/comptoircecil.com\/es\/\">https:\/\/comptoircecil.com\/<\/a><\/li>\n\n\n\n<li><a href=\"https:\/\/comptoirphenix.fr\/\">https:\/\/comptoirphenix.fr\/<\/a><\/li>\n<\/ul>\n\n\n\n<p>(en adelante, el \u00abSitio\u00bb).<\/p>\n\n\n\n<p>Al consultar este Sitio, te comprometes a respetar el presente aviso legal. Dado que Les Aubergistes Lyonnais pueden modificarlas en cualquier momento y sin previo aviso, te invitamos a consultarlas regularmente. <\/p>\n\n\n\n<p><strong>INFORMACI\u00d3N GENERAL<\/strong><\/p>\n\n\n\n<p>Este sitio web est\u00e1 editado por <strong>Les Aubergistes Lyonnais<\/strong>, SAS con capital de 1.500 euros inscrita en el Registro Mercantil y de Sociedades de Lyon con el n\u00famero<strong> <\/strong>892 317 132, con domicilio social en 2 place des C\u00e9lestins &#8211; 69002 Lyon &#8211; Francia.<br\/>SIRET: 892 317 132 00017<br\/>C\u00f3digo NAF: 7022Z<br\/>N\u00famero de IVA intracomunitario: FR19892317132<\/p>\n\n\n\n<p>Establecimientos: hoteles, restaurantes, lugares para eventos, etc.<br\/>Tel\u00e9fono: 04 69 98 28 83<br\/>Correo electr\u00f3nico: <a href=\"mailto:direction@lesaubergisteslyonnais.fr\">direction@lesaubergisteslyonnais.fr<\/a><\/p>\n\n\n\n<p><strong>Director de la publicaci\u00f3n<\/strong>: Sr. Lo\u00efc Renart<br\/><strong>Dise\u00f1o y desarrollo de p\u00e1ginas web<\/strong>: [customR &#8211; <a href=\"https:\/\/customr.fr\/\">https:\/\/customr.fr\/]<\/a><br\/><strong>Alojamiento<\/strong>: INFOMANIAK NETWORK SA &#8211; CH-660.0.059.996-1<br\/>26, Avenue de la Praille &#8211; 1227 Carouge Ginebra, Suiza<br\/>Tel. : +41 22 820 35 40<\/p>\n\n\n\n<p><strong>TIPO DE INFORMACI\u00d3N<\/strong><\/p>\n\n\n\n<p>El objetivo de este Sitio es proporcionar informaci\u00f3n general sobre Les Aubergistes Lyonnais, sus establecimientos, compromisos y servicios. Cada establecimiento tiene su propio sitio web dedicado. <\/p>\n\n\n\n<p><strong>INFORMACI\u00d3N LEGAL POR ESTABLECIMIENTO<\/strong><\/p>\n\n\n\n<p>HOTEL GLOBE ET CECIL<\/p>\n\n\n\n<ul class=\"wp-block-list\">\n<li>Tipo de empresa: Sociedad por Acciones Simplificada (SAS)<\/li>\n\n\n\n<li>Direcci\u00f3n de la sede social: 21 Rue Gasparin, 69002 Lyon<\/li>\n\n\n\n<li>SIRET: 412 361 107 00011<\/li>\n\n\n\n<li>C\u00f3digo APE: 5510Z<\/li>\n\n\n\n<li>Intracom. IVA FR 414 123 611 07 <\/li>\n\n\n\n<li>Tel : 0478425895<\/li>\n\n\n\n<li>Mail : reception@hotel-globeetcecil.fr<\/li>\n<\/ul>\n\n\n\n<p>HOTEL LE PHENIX<\/p>\n\n\n\n<ul class=\"wp-block-list\">\n<li>Tipo de empresa: Sociedad por Acciones Simplificada (SAS)<\/li>\n\n\n\n<li>Direcci\u00f3n de la sede social: 7 Quai de Bondy, 69005 Lyon<\/li>\n\n\n\n<li>SIRET: 378 951 883 00016<\/li>\n\n\n\n<li>C\u00f3digo APE: 5510Z<\/li>\n\n\n\n<li>Intracom. IVA FR 443 789 518 83 <\/li>\n\n\n\n<li>Tel : 0478282424<\/li>\n\n\n\n<li>Mail : reception@hotel-phenix.fr<\/li>\n<\/ul>\n\n\n\n<p>HOTEL DU SIMPLON (SOCIETE HOTELIERE LYONNAISE)<\/p>\n\n\n\n<ul class=\"wp-block-list\">\n<li>Tipo de empresa: Sociedad por Acciones Simplificada (SAS)<\/li>\n\n\n\n<li>Direcci\u00f3n de la sede social: 11 Rue Duhamel, 69002 Lyon<\/li>\n\n\n\n<li>SIRET: 954 501 359 00010<\/li>\n\n\n\n<li>C\u00f3digo APE: 5510Z<\/li>\n\n\n\n<li>Intracom. FR 699 545 013 59 <\/li>\n\n\n\n<li>Tel : 0478374100<\/li>\n\n\n\n<li>List<br\/>Adresse du si\u00e8ge : 11 Rue Duhamel, 69002 Lyon<br\/><br\/>List Item<br\/><br\/>Direcci\u00f3n de la sede social: 11 Rue Duhamel, 69002 Lyon<br\/><br\/>SIRET : 954\u202f501\u202f359\u202f00010<br\/><br\/>List Item<br\/><br\/>SIRET: 954 501 359 00010<br\/><br\/>Code APE : 5510Z<br\/><br\/>List Item<br\/><br\/>C\u00f3digo APE: 5510Z<br\/><br\/>TVA intracom. : FR 699 545 013 59<br\/><br\/>List Item<br\/><br\/>Intracom. FR 699 545 013 59<br\/><br\/>Tel : 0478374100<br\/><br\/>List Item<br\/><br\/>Tel : 0478374100<br\/><br\/>Mail : reception@hotel-simplon.fr<\/li>\n<\/ul>\n\n\n\n<p>LE COMPTOIR CECIL<\/p>\n\n\n\n<ul class=\"wp-block-list\">\n<li>Tipo de empresa: Sociedad por Acciones Simplificada (SAS)<\/li>\n\n\n\n<li>Direcci\u00f3n de la sede social: 21 Rue Gasparin, 69002 Lyon<\/li>\n\n\n\n<li>SIRET: 840 793 137 00018<\/li>\n\n\n\n<li>C\u00f3digo APE: 5610A<\/li>\n\n\n\n<li>Intracom IVA: FR 568 407 931 37<\/li>\n\n\n\n<li>Tel : 0478425895<\/li>\n\n\n\n<li>Mail : contact@comptoircecil.fr<\/li>\n<\/ul>\n\n\n\n<p><strong>MEDIACI\u00d3N DE CONSUMIDORES<\/strong><\/p>\n\n\n\n<p>De conformidad con el art\u00edculo L. 612-1 del C\u00f3digo de Consumo franc\u00e9s, todos los consumidores tienen derecho a recurrir gratuitamente a un mediador con vistas a la resoluci\u00f3n amistosa de un litigio.<\/p>\n\n\n\n<p>Defensor del Consumidor:<br\/> El Defensor del Consumidor competente es La M\u00e9diation du Tourisme et du Voyage (MTV), a la que el Cliente puede dirigirse de la siguiente manera:<\/p>\n\n\n\n<ul class=\"wp-block-list\">\n<li>Direcci\u00f3n postal: CS 30958 &#8211; 75383 PARIS CEDEX 08  <\/li>\n\n\n\n<li>Tel\u00e9fono: 01 42 67 96 68<\/li>\n\n\n\n<li>Correo electr\u00f3nico: <a href=\"mailto:info@mtv.travel\">info@mtv.travel<\/a><\/li>\n\n\n\n<li>P\u00e1gina web para tr\u00e1mites en l\u00ednea: https: <a href=\"https:\/\/www.mtv.travel\/saisir-le-mediateur\/\">\/\/www.mtv.travel\/saisir-le-mediateur\/<\/a><\/li>\n<\/ul>\n\n\n\n<p><strong>ENLACES DE HIPERTEXTO<\/strong><\/p>\n\n\n\n<p><strong>Enlaces salientes<\/strong>: Este Sitio puede contener enlaces a sitios de terceros cuidadosamente seleccionados. Sin embargo, Les Aubergistes Lyonnais no puede garantizar el contenido, la seguridad o la disponibilidad de estos sitios y no acepta ninguna responsabilidad por ellos. <br\/><strong>Enlaces entrantes<\/strong>: Si deseas establecer un enlace de hipertexto hacia este Sitio, ponte en contacto con:<br\/>Les Aubergistes Lyonnais &#8211; Lo\u00efc Renart<br\/>2 place des C\u00e9lestins &#8211; 69002 Lyon &#8211; Francia<\/p>\n\n\n\n<p><strong>PROPIEDAD INTELECTUAL<\/strong><\/p>\n\n\n\n<p>Todos los elementos presentes en este Sitio (textos, im\u00e1genes, gr\u00e1ficos, logotipos, marcas, v\u00eddeos, sonidos, software, etc.) son propiedad exclusiva de Les Aubergistes Lyonnais o de sus autores asociados.<br\/>Cualquier reproducci\u00f3n, distribuci\u00f3n, modificaci\u00f3n, adaptaci\u00f3n, retransmisi\u00f3n o publicaci\u00f3n, incluso parcial, de estos diferentes elementos est\u00e1 estrictamente prohibida sin el consentimiento expreso y por escrito de Les Aubergistes Lyonnais.<\/p>\n\n\n\n<p><strong>Cr\u00e9dits photos<\/strong> :<br\/>\u00a9 Eva Luquet, Marine Piolat, No\u00e9mie Frechet, Les Margoulettes, Dissidentia, Pixploration, Marian Carletti, Aude Lema\u00eetre, C\u00e9dric Rouillat, BonsoirColomba, Laurianne Rieffelkast, Lucile Bohlinger, Anna Vazeille.<\/p>\n\n\n\n<p><strong>LIMITACI\u00d3N DE RESPONSABILIDAD<\/strong><\/p>\n\n\n\n<p>Les Aubergistes Lyonnais se esfuerza por proporcionar informaci\u00f3n precisa y actualizada en este Sitio, pero no se hace responsable de ello:<\/p>\n\n\n\n<ul class=\"wp-block-list\">\n<li>errores, omisiones o inexactitudes en la informaci\u00f3n publicada,<\/li>\n\n\n\n<li>interrupciones temporales o indisponibilidad del Sitio,<\/li>\n\n\n\n<li>da\u00f1os directos o indirectos resultantes del uso del Sitio o de su contenido,<\/li>\n\n\n\n<li>intrusi\u00f3n fraudulenta que provoque la modificaci\u00f3n de la informaci\u00f3n.<\/li>\n<\/ul>\n\n\n\n<p><\/p>\n\n\n\n<p><strong>CONTACTO<\/strong><\/p>\n\n\n\n<p>Si tienes alguna pregunta o comentario sobre este Sitio, utiliza la secci\u00f3n \u00abContacto\u00bb disponible en cada sitio o escribe a direction@lesaubergisteslyonnais.fr.<\/p>\n\n\n\n<p>Est\u00e1 prohibido enviar contenidos il\u00edcitos, difamatorios, insultantes o contrarios a la legislaci\u00f3n vigente. Les Aubergistes Lyonnais declina toda responsabilidad por los contenidos de este tipo enviados a trav\u00e9s del Sitio. <\/p>\n\n\n\n<p><strong>ACCESIBILIDAD<\/strong><\/p>\n\n\n\n<p class=\"has-text-align-left\">Les Aubergistes Lyonnais se esfuerza por que sus sitios web sean accesibles para todos, de acuerdo con las buenas pr\u00e1cticas de accesibilidad digital. Si tienes alg\u00fan problema para acceder a nuestro sitio, ponte en contacto con nosotros en direction@lesaubergisteslyonnais.fr. <\/p>\n<\/div>\n\n\n\n<\/section>\n","protected":false},"excerpt":{"rendered":"","protected":false},"author":2,"featured_media":0,"parent":0,"menu_order":0,"comment_status":"closed","ping_status":"closed","template":"","meta":{"_acf_changed":false,"inline_featured_image":false,"footnotes":""},"class_list":["post-3126","page","type-page","status-publish","hentry"],"acf":[],"yoast_head":"<!-- This site is optimized with the Yoast SEO plugin v27.2 - https:\/\/yoast.com\/product\/yoast-seo-wordpress\/ -->\n<title>Informaci\u00f3n jur\u00eddica - Comptoir Cecil<\/title>\n<meta name=\"robots\" content=\"noindex, follow\" \/>\n<meta property=\"og:locale\" content=\"es_ES\" \/>\n<meta property=\"og:type\" content=\"article\" \/>\n<meta property=\"og:title\" content=\"Informaci\u00f3n jur\u00eddica - Comptoir Cecil\" \/>\n<meta property=\"og:url\" content=\"https:\/\/comptoircecil.com\/es\/informacion-juridica\/\" \/>\n<meta property=\"og:site_name\" content=\"Comptoir Cecil\" \/>\n<meta property=\"article:modified_time\" content=\"2025-10-01T07:28:00+00:00\" \/>\n<meta name=\"twitter:card\" content=\"summary_large_image\" \/>\n<meta name=\"twitter:label1\" content=\"Tiempo de lectura\" \/>\n\t<meta name=\"twitter:data1\" content=\"4 minuto\" \/>\n<script type=\"application\/ld+json\" class=\"yoast-schema-graph\">{\"@context\":\"https:\/\/schema.org\",\"@graph\":[{\"@type\":\"WebPage\",\"@id\":\"https:\/\/comptoircecil.com\/es\/informacion-juridica\/\",\"url\":\"https:\/\/comptoircecil.com\/es\/informacion-juridica\/\",\"name\":\"Informaci\u00f3n jur\u00eddica - Comptoir Cecil\",\"isPartOf\":{\"@id\":\"https:\/\/comptoircecil.com\/es\/#website\"},\"datePublished\":\"2025-04-16T15:40:08+00:00\",\"dateModified\":\"2025-10-01T07:28:00+00:00\",\"breadcrumb\":{\"@id\":\"https:\/\/comptoircecil.com\/es\/informacion-juridica\/#breadcrumb\"},\"inLanguage\":\"es\",\"potentialAction\":[{\"@type\":\"ReadAction\",\"target\":[\"https:\/\/comptoircecil.com\/es\/informacion-juridica\/\"]}]},{\"@type\":\"BreadcrumbList\",\"@id\":\"https:\/\/comptoircecil.com\/es\/informacion-juridica\/#breadcrumb\",\"itemListElement\":[{\"@type\":\"ListItem\",\"position\":1,\"name\":\"Accueil\",\"item\":\"https:\/\/comptoircecil.com\/es\/\"},{\"@type\":\"ListItem\",\"position\":2,\"name\":\"Informaci\u00f3n jur\u00eddica\"}]},{\"@type\":\"WebSite\",\"@id\":\"https:\/\/comptoircecil.com\/es\/#website\",\"url\":\"https:\/\/comptoircecil.com\/es\/\",\"name\":\"Globe Cecil\",\"description\":\"\",\"publisher\":{\"@id\":\"https:\/\/comptoircecil.com\/es\/#organization\"},\"potentialAction\":[{\"@type\":\"SearchAction\",\"target\":{\"@type\":\"EntryPoint\",\"urlTemplate\":\"https:\/\/comptoircecil.com\/es\/?s={search_term_string}\"},\"query-input\":{\"@type\":\"PropertyValueSpecification\",\"valueRequired\":true,\"valueName\":\"search_term_string\"}}],\"inLanguage\":\"es\"},{\"@type\":\"Organization\",\"@id\":\"https:\/\/comptoircecil.com\/es\/#organization\",\"name\":\"Globe Cecil\",\"url\":\"https:\/\/comptoircecil.com\/es\/\",\"logo\":{\"@type\":\"ImageObject\",\"inLanguage\":\"es\",\"@id\":\"https:\/\/comptoircecil.com\/es\/#\/schema\/logo\/image\/\",\"url\":\"https:\/\/comptoircecil.com\/wp-content\/uploads\/sites\/4\/2025\/05\/LOGO-Comptoir-Cecil-White.svg\",\"contentUrl\":\"https:\/\/comptoircecil.com\/wp-content\/uploads\/sites\/4\/2025\/05\/LOGO-Comptoir-Cecil-White.svg\",\"width\":455,\"height\":123,\"caption\":\"Globe Cecil\"},\"image\":{\"@id\":\"https:\/\/comptoircecil.com\/es\/#\/schema\/logo\/image\/\"}}]}<\/script>\n<!-- \/ Yoast SEO plugin. -->","yoast_head_json":{"title":"Informaci\u00f3n jur\u00eddica - Comptoir Cecil","robots":{"index":"noindex","follow":"follow"},"og_locale":"es_ES","og_type":"article","og_title":"Informaci\u00f3n jur\u00eddica - Comptoir Cecil","og_url":"https:\/\/comptoircecil.com\/es\/informacion-juridica\/","og_site_name":"Comptoir Cecil","article_modified_time":"2025-10-01T07:28:00+00:00","twitter_card":"summary_large_image","twitter_misc":{"Tiempo de lectura":"4 minuto"},"schema":{"@context":"https:\/\/schema.org","@graph":[{"@type":"WebPage","@id":"https:\/\/comptoircecil.com\/es\/informacion-juridica\/","url":"https:\/\/comptoircecil.com\/es\/informacion-juridica\/","name":"Informaci\u00f3n jur\u00eddica - Comptoir Cecil","isPartOf":{"@id":"https:\/\/comptoircecil.com\/es\/#website"},"datePublished":"2025-04-16T15:40:08+00:00","dateModified":"2025-10-01T07:28:00+00:00","breadcrumb":{"@id":"https:\/\/comptoircecil.com\/es\/informacion-juridica\/#breadcrumb"},"inLanguage":"es","potentialAction":[{"@type":"ReadAction","target":["https:\/\/comptoircecil.com\/es\/informacion-juridica\/"]}]},{"@type":"BreadcrumbList","@id":"https:\/\/comptoircecil.com\/es\/informacion-juridica\/#breadcrumb","itemListElement":[{"@type":"ListItem","position":1,"name":"Accueil","item":"https:\/\/comptoircecil.com\/es\/"},{"@type":"ListItem","position":2,"name":"Informaci\u00f3n jur\u00eddica"}]},{"@type":"WebSite","@id":"https:\/\/comptoircecil.com\/es\/#website","url":"https:\/\/comptoircecil.com\/es\/","name":"Globe Cecil","description":"","publisher":{"@id":"https:\/\/comptoircecil.com\/es\/#organization"},"potentialAction":[{"@type":"SearchAction","target":{"@type":"EntryPoint","urlTemplate":"https:\/\/comptoircecil.com\/es\/?s={search_term_string}"},"query-input":{"@type":"PropertyValueSpecification","valueRequired":true,"valueName":"search_term_string"}}],"inLanguage":"es"},{"@type":"Organization","@id":"https:\/\/comptoircecil.com\/es\/#organization","name":"Globe Cecil","url":"https:\/\/comptoircecil.com\/es\/","logo":{"@type":"ImageObject","inLanguage":"es","@id":"https:\/\/comptoircecil.com\/es\/#\/schema\/logo\/image\/","url":"https:\/\/comptoircecil.com\/wp-content\/uploads\/sites\/4\/2025\/05\/LOGO-Comptoir-Cecil-White.svg","contentUrl":"https:\/\/comptoircecil.com\/wp-content\/uploads\/sites\/4\/2025\/05\/LOGO-Comptoir-Cecil-White.svg","width":455,"height":123,"caption":"Globe Cecil"},"image":{"@id":"https:\/\/comptoircecil.com\/es\/#\/schema\/logo\/image\/"}}]}},"_links":{"self":[{"href":"https:\/\/comptoircecil.com\/es\/wp-json\/wp\/v2\/pages\/3126","targetHints":{"allow":["GET"]}}],"collection":[{"href":"https:\/\/comptoircecil.com\/es\/wp-json\/wp\/v2\/pages"}],"about":[{"href":"https:\/\/comptoircecil.com\/es\/wp-json\/wp\/v2\/types\/page"}],"author":[{"embeddable":true,"href":"https:\/\/comptoircecil.com\/es\/wp-json\/wp\/v2\/users\/2"}],"replies":[{"embeddable":true,"href":"https:\/\/comptoircecil.com\/es\/wp-json\/wp\/v2\/comments?post=3126"}],"version-history":[{"count":7,"href":"https:\/\/comptoircecil.com\/es\/wp-json\/wp\/v2\/pages\/3126\/revisions"}],"predecessor-version":[{"id":7734,"href":"https:\/\/comptoircecil.com\/es\/wp-json\/wp\/v2\/pages\/3126\/revisions\/7734"}],"wp:attachment":[{"href":"https:\/\/comptoircecil.com\/es\/wp-json\/wp\/v2\/media?parent=3126"}],"curies":[{"name":"wp","href":"https:\/\/api.w.org\/{rel}","templated":true}]}}