{"id":3070,"date":"2025-04-16T17:40:07","date_gmt":"2025-04-16T15:40:07","guid":{"rendered":"https:\/\/comptoircecil.com\/el-restaurante\/"},"modified":"2025-10-21T16:36:22","modified_gmt":"2025-10-21T14:36:22","slug":"restaurante-cocina-casera","status":"publish","type":"page","link":"https:\/\/comptoircecil.com\/es\/restaurante-cocina-casera\/","title":{"rendered":"La cocina"},"content":{"rendered":"\n<section class=\"heading wp-elements-19b5d288f5e63c12e19e2bde4159b2e9 wp-elements-19b5d288f5e63c12e19e2bde4159b2e9 wp-block-acf-heading has-text-color has-black-color has-background has-white-100-background-color\">\n\t<div class=\"heading__container\">\n\t\t\t\t\t<div class=\"heading__background-picture\">\n\t\t\t\t<img decoding=\"async\" width=\"1624\" height=\"1080\" src=\"https:\/\/comptoircecil.com\/wp-content\/uploads\/sites\/4\/2025\/06\/image00066.jpg\" class=\"attachment-full size-full\" alt=\"image00066\" fetchpriority=\"high\" srcset=\"https:\/\/comptoircecil.com\/wp-content\/uploads\/sites\/4\/2025\/06\/image00066.jpg 1624w, https:\/\/comptoircecil.com\/wp-content\/uploads\/sites\/4\/2025\/06\/image00066-600x399.jpg 600w, https:\/\/comptoircecil.com\/wp-content\/uploads\/sites\/4\/2025\/06\/image00066-1400x931.jpg 1400w, https:\/\/comptoircecil.com\/wp-content\/uploads\/sites\/4\/2025\/06\/image00066-768x511.jpg 768w, https:\/\/comptoircecil.com\/wp-content\/uploads\/sites\/4\/2025\/06\/image00066-1536x1021.jpg 1536w\" sizes=\"(max-width: 1624px) 100vw, 1624px\" \/>\t\t\t<\/div>\n\t\t\t\t<div class=\"heading__layout\">\n\t\t\t<div class=\"heading__content-wrapper has-white-100-background-color\">\n\t\t\t\t<div class=\"heading__content has-white-100-background-color\">\n\t\t\t\t\t\t\t\t\t<p id=\"breadcrumbs\"><span><span><a href=\"https:\/\/comptoircecil.com\/es\/\">Accueil<\/a><\/span><\/span><\/p>\t\t\t\t\t\t\t\t\t<div class=\"acf-innerblocks-container\">\n\n<div class=\"wp-block-group heading-content-group is-layout-grid wp-container-core-group-is-layout-96b258e4 wp-block-group-is-layout-grid\">\n<h1 class=\"wp-block-heading has-text-align-left heading__title has-primary-color has-text-color has-xx-large-font-size\"><strong>Cocina de mercado viva, sincera e inspirada.<\/strong><\/h1>\n<\/div>\n\n<\/div>\n\t\t\t\t<\/div>\n\t\t\t\t\t\t\t<\/div>\n\t\t<\/div>\n\t<\/div>\n<\/section>\n\n\n\t<section\n\t\tstyle=\"padding-top:var(--wp--preset--spacing--theme-default);padding-bottom:var(--wp--preset--spacing--theme-default);\" class=\"double-columns double-columns-reverse_colums_mobile image-is-animate wp-block-acf-double-columns has-background has-white-background-color has-global-padding is-layout-constrained wp-container-acf-double-columns-is-layout-a22d0bdd wp-block-acf-double-columns-is-layout-constrained\"\t>\n\n<div class=\"double-columns__innerblocks\">\n\n<div class=\"wp-block-group is-vertical is-layout-flex wp-container-core-group-is-layout-99e95872 wp-block-group-is-layout-flex\">\n<figure class=\"wp-block-image size-full\"><img decoding=\"async\" width=\"720\" height=\"1080\" src=\"https:\/\/comptoircecil.com\/wp-content\/uploads\/sites\/4\/2025\/06\/Restautant_Bellecour_Lyon22.jpg\" alt=\"Restaurante Bellecour Lyon22\" class=\"wp-image-5014\" style=\"aspect-ratio:3\/4;object-fit:cover\" srcset=\"https:\/\/comptoircecil.com\/wp-content\/uploads\/sites\/4\/2025\/06\/Restautant_Bellecour_Lyon22.jpg 720w, https:\/\/comptoircecil.com\/wp-content\/uploads\/sites\/4\/2025\/06\/Restautant_Bellecour_Lyon22-400x600.jpg 400w\" sizes=\"(max-width: 720px) 100vw, 720px\" \/><\/figure>\n<\/div>\n\n\n\n<div class=\"wp-block-group is-vertical is-layout-flex wp-container-core-group-is-layout-99e95872 wp-block-group-is-layout-flex\">\n<h3 class=\"wp-block-heading\"><strong>En el Comptoir Cecil no hacemos trampas, no ocultamos nada, sublimamos.<\/strong><\/h3>\n\n\n\n<p>Lo que encontrar\u00e1s en tu plato es ante todo obra de apasionados productores locales, un tomate rollizo recogido cuando est\u00e1 maduro, hierba fresca a\u00fan perlada, carne de la granja vecina&#8230;<\/p>\n\n\n\n<p>Nuestra cocina gira en torno al sabor, al aut\u00e9ntico. El sabor de un fondant de chocolate que no finge. Una cocci\u00f3n perfectamente dominada y el condimento adecuado.  <\/p>\n<\/div>\n\n<\/div>\n\n<\/section>\n\n\t<section\n\t\tstyle=\"padding-top:0;padding-bottom:var(--wp--preset--spacing--theme-default);\" class=\"double-columns wp-block-acf-double-columns has-background has-white-background-color has-global-padding is-layout-constrained wp-container-acf-double-columns-is-layout-11a66b1e wp-block-acf-double-columns-is-layout-constrained\"\t>\n\n<div class=\"double-columns__innerblocks\">\n\n<div class=\"wp-block-group is-vertical is-layout-flex wp-container-core-group-is-layout-99e95872 wp-block-group-is-layout-flex\">\n<h3 class=\"wp-block-heading\"><strong>El chef Thibaud Cither te espera.<\/strong><\/h3>\n\n\n\n<p><em>Aqu\u00ed, la creaci\u00f3n es colectiva: cada semana, nuestro breve men\u00fa es reinventado por cuatro, seis, doce, catorce manos&#8230; Las ideas vuelan, los ensayos se comparten, los maridajes se prueban en equipo. Es esta emulaci\u00f3n en la cocina, esta libertad de tono y esta pasi\u00f3n compartida por un producto bien elaborado lo que hace que nuestra cocina sea tan rica. <\/em><\/p>\n\n\n\n<p><em>Y como abrimos como cocina de mercado, ese esp\u00edritu permanece intacto. Sencillamente, los platos se han vuelto m\u00e1s elegantes, m\u00e1s precisos y mejor equilibrados. Sin perder nunca su generosidad.  <\/em><\/p>\n\n\n\n<p><em>A lo largo de los a\u00f1os, el Comptoir Cecil se ha convertido en una direcci\u00f3n atesorada y bien guardada en el barrio. Los clientes habituales acuden aqu\u00ed en busca de platos caseros y sinceros, una c\u00e1lida bienvenida y siempre un peque\u00f1o giro en el plato. <\/em><\/p>\n<\/div>\n\n\n\n<div class=\"wp-block-group is-layout-flow wp-block-group-is-layout-flow\">\n<figure class=\"wp-block-image size-full\"><img decoding=\"async\" width=\"717\" height=\"1025\" src=\"https:\/\/comptoircecil.com\/wp-content\/uploads\/sites\/4\/2025\/06\/equipe-cuisine-lyon.jpg\" alt=\"equipo de cocina lyon\" class=\"wp-image-7104\" style=\"aspect-ratio:3\/4;object-fit:cover\" srcset=\"https:\/\/comptoircecil.com\/wp-content\/uploads\/sites\/4\/2025\/06\/equipe-cuisine-lyon.jpg 717w, https:\/\/comptoircecil.com\/wp-content\/uploads\/sites\/4\/2025\/06\/equipe-cuisine-lyon-420x600.jpg 420w\" sizes=\"(max-width: 717px) 100vw, 717px\" \/><\/figure>\n<\/div>\n\n<\/div>\n\n<\/section>\n\n\t<section\n\t\tstyle=\"padding-top:var(--wp--preset--spacing--theme-default);padding-bottom:var(--wp--preset--spacing--theme-default);\" class=\"block-container align wp-block-acf-block-container has-background has-white-100-background-color has-global-padding is-layout-constrained wp-container-acf-block-container-is-layout-89fc666d wp-block-acf-block-container-is-layout-constrained\"\t>\n\n\t\n\n<h3 class=\"wp-block-heading has-text-align-center\">La bistronom\u00eda lionesa como nos gusta: viva, generosa, actual. Y, sobre todo, decididamente humana. <\/h3>\n\n\n\n<\/section>\n","protected":false},"excerpt":{"rendered":"","protected":false},"author":1,"featured_media":4363,"parent":0,"menu_order":0,"comment_status":"closed","ping_status":"closed","template":"","meta":{"_acf_changed":false,"inline_featured_image":false,"footnotes":""},"class_list":["post-3070","page","type-page","status-publish","has-post-thumbnail","hentry"],"acf":[],"yoast_head":"<!-- This site is optimized with the Yoast SEO plugin v27.4 - https:\/\/yoast.com\/product\/yoast-seo-wordpress\/ -->\n<title>Restaurante Lyon 2 Bellecour - Casero, Fresco, de Temporada<\/title>\n<meta name=\"description\" content=\"Restaurante casero en Lyon Bellecour. Platos frescos de temporada y un ambiente c\u00e1lido en el coraz\u00f3n de la Presqu&#039;\u00eele.\" \/>\n<meta name=\"robots\" content=\"index, follow, max-snippet:-1, max-image-preview:large, max-video-preview:-1\" \/>\n<link rel=\"canonical\" href=\"https:\/\/comptoircecil.com\/es\/restaurante-cocina-casera\/\" \/>\n<meta property=\"og:locale\" content=\"es_ES\" \/>\n<meta property=\"og:type\" content=\"article\" \/>\n<meta property=\"og:title\" content=\"Restaurante Lyon 2 Bellecour - Casero, Fresco, de Temporada\" \/>\n<meta property=\"og:description\" content=\"Restaurante casero en Lyon Bellecour. Platos frescos de temporada y un ambiente c\u00e1lido en el coraz\u00f3n de la Presqu&#039;\u00eele.\" \/>\n<meta property=\"og:url\" content=\"https:\/\/comptoircecil.com\/es\/restaurante-cocina-casera\/\" \/>\n<meta property=\"og:site_name\" content=\"Comptoir Cecil\" \/>\n<meta property=\"article:modified_time\" content=\"2025-10-21T14:36:22+00:00\" \/>\n<meta property=\"og:image\" content=\"https:\/\/comptoircecil.com\/wp-content\/uploads\/sites\/4\/2025\/03\/180214125_762268631152936_6489830965960775802_n.jpg\" \/>\n\t<meta property=\"og:image:width\" content=\"1080\" \/>\n\t<meta property=\"og:image:height\" content=\"1080\" \/>\n\t<meta property=\"og:image:type\" content=\"image\/jpeg\" \/>\n<meta name=\"twitter:card\" content=\"summary_large_image\" \/>\n<meta name=\"twitter:label1\" content=\"Tiempo de lectura\" \/>\n\t<meta name=\"twitter:data1\" content=\"2 minuto\" \/>\n<script type=\"application\/ld+json\" class=\"yoast-schema-graph\">{\"@context\":\"https:\\\/\\\/schema.org\",\"@graph\":[{\"@type\":\"WebPage\",\"@id\":\"https:\\\/\\\/comptoircecil.com\\\/es\\\/restaurante-cocina-casera\\\/\",\"url\":\"https:\\\/\\\/comptoircecil.com\\\/es\\\/restaurante-cocina-casera\\\/\",\"name\":\"Restaurante Lyon 2 Bellecour - Casero, Fresco, de Temporada\",\"isPartOf\":{\"@id\":\"https:\\\/\\\/comptoircecil.com\\\/es\\\/#website\"},\"primaryImageOfPage\":{\"@id\":\"https:\\\/\\\/comptoircecil.com\\\/es\\\/restaurante-cocina-casera\\\/#primaryimage\"},\"image\":{\"@id\":\"https:\\\/\\\/comptoircecil.com\\\/es\\\/restaurante-cocina-casera\\\/#primaryimage\"},\"thumbnailUrl\":\"https:\\\/\\\/comptoircecil.com\\\/wp-content\\\/uploads\\\/sites\\\/4\\\/2025\\\/03\\\/180214125_762268631152936_6489830965960775802_n.jpg\",\"datePublished\":\"2025-04-16T15:40:07+00:00\",\"dateModified\":\"2025-10-21T14:36:22+00:00\",\"description\":\"Restaurante casero en Lyon Bellecour. Platos frescos de temporada y un ambiente c\u00e1lido en el coraz\u00f3n de la Presqu'\u00eele.\",\"breadcrumb\":{\"@id\":\"https:\\\/\\\/comptoircecil.com\\\/es\\\/restaurante-cocina-casera\\\/#breadcrumb\"},\"inLanguage\":\"es\",\"potentialAction\":[{\"@type\":\"ReadAction\",\"target\":[\"https:\\\/\\\/comptoircecil.com\\\/es\\\/restaurante-cocina-casera\\\/\"]}]},{\"@type\":\"ImageObject\",\"inLanguage\":\"es\",\"@id\":\"https:\\\/\\\/comptoircecil.com\\\/es\\\/restaurante-cocina-casera\\\/#primaryimage\",\"url\":\"https:\\\/\\\/comptoircecil.com\\\/wp-content\\\/uploads\\\/sites\\\/4\\\/2025\\\/03\\\/180214125_762268631152936_6489830965960775802_n.jpg\",\"contentUrl\":\"https:\\\/\\\/comptoircecil.com\\\/wp-content\\\/uploads\\\/sites\\\/4\\\/2025\\\/03\\\/180214125_762268631152936_6489830965960775802_n.jpg\",\"width\":1080,\"height\":1080,\"caption\":\"180214125 762268631152936 6489830965960775802 n\"},{\"@type\":\"BreadcrumbList\",\"@id\":\"https:\\\/\\\/comptoircecil.com\\\/es\\\/restaurante-cocina-casera\\\/#breadcrumb\",\"itemListElement\":[{\"@type\":\"ListItem\",\"position\":1,\"name\":\"Accueil\",\"item\":\"https:\\\/\\\/comptoircecil.com\\\/es\\\/\"},{\"@type\":\"ListItem\",\"position\":2,\"name\":\"La cocina\"}]},{\"@type\":\"WebSite\",\"@id\":\"https:\\\/\\\/comptoircecil.com\\\/es\\\/#website\",\"url\":\"https:\\\/\\\/comptoircecil.com\\\/es\\\/\",\"name\":\"Globe Cecil\",\"description\":\"\",\"publisher\":{\"@id\":\"https:\\\/\\\/comptoircecil.com\\\/es\\\/#organization\"},\"potentialAction\":[{\"@type\":\"SearchAction\",\"target\":{\"@type\":\"EntryPoint\",\"urlTemplate\":\"https:\\\/\\\/comptoircecil.com\\\/es\\\/?s={search_term_string}\"},\"query-input\":{\"@type\":\"PropertyValueSpecification\",\"valueRequired\":true,\"valueName\":\"search_term_string\"}}],\"inLanguage\":\"es\"},{\"@type\":\"Organization\",\"@id\":\"https:\\\/\\\/comptoircecil.com\\\/es\\\/#organization\",\"name\":\"Globe Cecil\",\"url\":\"https:\\\/\\\/comptoircecil.com\\\/es\\\/\",\"logo\":{\"@type\":\"ImageObject\",\"inLanguage\":\"es\",\"@id\":\"https:\\\/\\\/comptoircecil.com\\\/es\\\/#\\\/schema\\\/logo\\\/image\\\/\",\"url\":\"https:\\\/\\\/comptoircecil.com\\\/wp-content\\\/uploads\\\/sites\\\/4\\\/2025\\\/05\\\/LOGO-Comptoir-Cecil-White.svg\",\"contentUrl\":\"https:\\\/\\\/comptoircecil.com\\\/wp-content\\\/uploads\\\/sites\\\/4\\\/2025\\\/05\\\/LOGO-Comptoir-Cecil-White.svg\",\"width\":455,\"height\":123,\"caption\":\"Globe Cecil\"},\"image\":{\"@id\":\"https:\\\/\\\/comptoircecil.com\\\/es\\\/#\\\/schema\\\/logo\\\/image\\\/\"}}]}<\/script>\n<!-- \/ Yoast SEO plugin. -->","yoast_head_json":{"title":"Restaurante Lyon 2 Bellecour - Casero, Fresco, de Temporada","description":"Restaurante casero en Lyon Bellecour. Platos frescos de temporada y un ambiente c\u00e1lido en el coraz\u00f3n de la Presqu'\u00eele.","robots":{"index":"index","follow":"follow","max-snippet":"max-snippet:-1","max-image-preview":"max-image-preview:large","max-video-preview":"max-video-preview:-1"},"canonical":"https:\/\/comptoircecil.com\/es\/restaurante-cocina-casera\/","og_locale":"es_ES","og_type":"article","og_title":"Restaurante Lyon 2 Bellecour - Casero, Fresco, de Temporada","og_description":"Restaurante casero en Lyon Bellecour. Platos frescos de temporada y un ambiente c\u00e1lido en el coraz\u00f3n de la Presqu'\u00eele.","og_url":"https:\/\/comptoircecil.com\/es\/restaurante-cocina-casera\/","og_site_name":"Comptoir Cecil","article_modified_time":"2025-10-21T14:36:22+00:00","og_image":[{"width":1080,"height":1080,"url":"https:\/\/comptoircecil.com\/wp-content\/uploads\/sites\/4\/2025\/03\/180214125_762268631152936_6489830965960775802_n.jpg","type":"image\/jpeg"}],"twitter_card":"summary_large_image","twitter_misc":{"Tiempo de lectura":"2 minuto"},"schema":{"@context":"https:\/\/schema.org","@graph":[{"@type":"WebPage","@id":"https:\/\/comptoircecil.com\/es\/restaurante-cocina-casera\/","url":"https:\/\/comptoircecil.com\/es\/restaurante-cocina-casera\/","name":"Restaurante Lyon 2 Bellecour - Casero, Fresco, de Temporada","isPartOf":{"@id":"https:\/\/comptoircecil.com\/es\/#website"},"primaryImageOfPage":{"@id":"https:\/\/comptoircecil.com\/es\/restaurante-cocina-casera\/#primaryimage"},"image":{"@id":"https:\/\/comptoircecil.com\/es\/restaurante-cocina-casera\/#primaryimage"},"thumbnailUrl":"https:\/\/comptoircecil.com\/wp-content\/uploads\/sites\/4\/2025\/03\/180214125_762268631152936_6489830965960775802_n.jpg","datePublished":"2025-04-16T15:40:07+00:00","dateModified":"2025-10-21T14:36:22+00:00","description":"Restaurante casero en Lyon Bellecour. Platos frescos de temporada y un ambiente c\u00e1lido en el coraz\u00f3n de la Presqu'\u00eele.","breadcrumb":{"@id":"https:\/\/comptoircecil.com\/es\/restaurante-cocina-casera\/#breadcrumb"},"inLanguage":"es","potentialAction":[{"@type":"ReadAction","target":["https:\/\/comptoircecil.com\/es\/restaurante-cocina-casera\/"]}]},{"@type":"ImageObject","inLanguage":"es","@id":"https:\/\/comptoircecil.com\/es\/restaurante-cocina-casera\/#primaryimage","url":"https:\/\/comptoircecil.com\/wp-content\/uploads\/sites\/4\/2025\/03\/180214125_762268631152936_6489830965960775802_n.jpg","contentUrl":"https:\/\/comptoircecil.com\/wp-content\/uploads\/sites\/4\/2025\/03\/180214125_762268631152936_6489830965960775802_n.jpg","width":1080,"height":1080,"caption":"180214125 762268631152936 6489830965960775802 n"},{"@type":"BreadcrumbList","@id":"https:\/\/comptoircecil.com\/es\/restaurante-cocina-casera\/#breadcrumb","itemListElement":[{"@type":"ListItem","position":1,"name":"Accueil","item":"https:\/\/comptoircecil.com\/es\/"},{"@type":"ListItem","position":2,"name":"La cocina"}]},{"@type":"WebSite","@id":"https:\/\/comptoircecil.com\/es\/#website","url":"https:\/\/comptoircecil.com\/es\/","name":"Globe Cecil","description":"","publisher":{"@id":"https:\/\/comptoircecil.com\/es\/#organization"},"potentialAction":[{"@type":"SearchAction","target":{"@type":"EntryPoint","urlTemplate":"https:\/\/comptoircecil.com\/es\/?s={search_term_string}"},"query-input":{"@type":"PropertyValueSpecification","valueRequired":true,"valueName":"search_term_string"}}],"inLanguage":"es"},{"@type":"Organization","@id":"https:\/\/comptoircecil.com\/es\/#organization","name":"Globe Cecil","url":"https:\/\/comptoircecil.com\/es\/","logo":{"@type":"ImageObject","inLanguage":"es","@id":"https:\/\/comptoircecil.com\/es\/#\/schema\/logo\/image\/","url":"https:\/\/comptoircecil.com\/wp-content\/uploads\/sites\/4\/2025\/05\/LOGO-Comptoir-Cecil-White.svg","contentUrl":"https:\/\/comptoircecil.com\/wp-content\/uploads\/sites\/4\/2025\/05\/LOGO-Comptoir-Cecil-White.svg","width":455,"height":123,"caption":"Globe Cecil"},"image":{"@id":"https:\/\/comptoircecil.com\/es\/#\/schema\/logo\/image\/"}}]}},"_links":{"self":[{"href":"https:\/\/comptoircecil.com\/es\/wp-json\/wp\/v2\/pages\/3070","targetHints":{"allow":["GET"]}}],"collection":[{"href":"https:\/\/comptoircecil.com\/es\/wp-json\/wp\/v2\/pages"}],"about":[{"href":"https:\/\/comptoircecil.com\/es\/wp-json\/wp\/v2\/types\/page"}],"author":[{"embeddable":true,"href":"https:\/\/comptoircecil.com\/es\/wp-json\/wp\/v2\/users\/1"}],"replies":[{"embeddable":true,"href":"https:\/\/comptoircecil.com\/es\/wp-json\/wp\/v2\/comments?post=3070"}],"version-history":[{"count":9,"href":"https:\/\/comptoircecil.com\/es\/wp-json\/wp\/v2\/pages\/3070\/revisions"}],"predecessor-version":[{"id":7984,"href":"https:\/\/comptoircecil.com\/es\/wp-json\/wp\/v2\/pages\/3070\/revisions\/7984"}],"wp:featuredmedia":[{"embeddable":true,"href":"https:\/\/comptoircecil.com\/es\/wp-json\/wp\/v2\/media\/4363"}],"wp:attachment":[{"href":"https:\/\/comptoircecil.com\/es\/wp-json\/wp\/v2\/media?parent=3070"}],"curies":[{"name":"wp","href":"https:\/\/api.w.org\/{rel}","templated":true}]}}