{"id":3054,"date":"2025-04-16T17:40:06","date_gmt":"2025-04-16T15:40:06","guid":{"rendered":"https:\/\/comptoircecil.com\/los-servicios\/"},"modified":"2025-06-30T13:20:58","modified_gmt":"2025-06-30T11:20:58","slug":"almuerzo","status":"publish","type":"page","link":"https:\/\/comptoircecil.com\/es\/restaurante-lyon-2-bellecour\/almuerzo\/","title":{"rendered":"Almuerzo"},"content":{"rendered":"\n<section class=\"heading wp-elements-bc70bf376ac506b6b5094edbc030e5aa wp-elements-bc70bf376ac506b6b5094edbc030e5aa wp-block-acf-heading has-text-color has-primary-color has-background has-white-100-background-color\">\n\t<div class=\"heading__container\">\n\t\t\t\t\t<div class=\"heading__background-picture\">\n\t\t\t\t<img decoding=\"async\" width=\"1620\" height=\"1080\" src=\"https:\/\/comptoircecil.com\/wp-content\/uploads\/sites\/4\/2025\/06\/restaurant-bellecour-lyon-e1750757515524.jpg\" class=\"attachment-full size-full\" alt=\"restaurant bellecour lyon e1750757515524\" fetchpriority=\"high\" \/>\t\t\t<\/div>\n\t\t\t\t<div class=\"heading__layout\">\n\t\t\t<div class=\"heading__content-wrapper has-white-100-background-color\">\n\t\t\t\t<div class=\"heading__content has-white-100-background-color\">\n\t\t\t\t\t\t\t\t\t<p id=\"breadcrumbs\"><span><span><a href=\"https:\/\/comptoircecil.com\/es\/\">Accueil<\/a><\/span><\/span><\/p>\t\t\t\t\t\t\t\t\t<div class=\"acf-innerblocks-container\">\n\n<div class=\"wp-block-group heading-content-group is-layout-grid wp-container-core-group-is-layout-96b258e4 wp-block-group-is-layout-grid\">\n<h1 class=\"wp-block-heading has-text-align-left heading__title has-primary-color has-text-color has-xx-large-font-size\"><strong>Almuerzo<\/strong><\/h1>\n\n\n\n<p class=\"heading__chapo has-primary-color has-text-color wp-container-content-32a3e683\">De lunes a viernes &#8211; de 12.00 a 13.45 h<\/p>\n<\/div>\n\n<\/div>\n\t\t\t\t<\/div>\n\t\t\t\t\t\t\t<\/div>\n\t\t<\/div>\n\t<\/div>\n<\/section>\n\n\n\t<section\n\t\tstyle=\"padding-top:var(--wp--preset--spacing--theme-default);padding-bottom:var(--wp--preset--spacing--theme-default);\" class=\"double-columns wp-block-acf-double-columns has-background has-white-background-color has-global-padding is-layout-constrained wp-container-acf-double-columns-is-layout-a22d0bdd wp-block-acf-double-columns-is-layout-constrained\"\t>\n\n<div class=\"double-columns__innerblocks\">\n\n<div class=\"wp-block-group is-vertical is-content-justification-stretch is-layout-flex wp-container-core-group-is-layout-5f0cd685 wp-block-group-is-layout-flex\">\n<h2 class=\"wp-block-heading\">Bienvenido a nuestra mesa<\/h2>\n\n\n\n<p>A medio camino entre un bistr\u00f3 local y un restaurante familiar, nuestro restaurante se centra en lo esencial: comida fresca, casera y de temporada, y productos locales cuidadosamente seleccionados. Todo ello en el coraz\u00f3n de la Presqu&#8217;\u00eele, a un tiro de piedra de Bellecour y del teatro C\u00e9lestins. <\/p>\n<\/div>\n\n\n\n<div class=\"wp-block-group is-layout-flow wp-block-group-is-layout-flow\">\n<figure class=\"wp-block-image size-full\"><img decoding=\"async\" width=\"720\" height=\"1080\" src=\"https:\/\/comptoircecil.com\/wp-content\/uploads\/sites\/4\/2025\/06\/Restautant_Bellecour_Lyon10.jpg\" alt=\"Restaurante Bellecour Lyon10\" class=\"wp-image-4966\" style=\"aspect-ratio:3\/4;object-fit:cover\" srcset=\"https:\/\/comptoircecil.com\/wp-content\/uploads\/sites\/4\/2025\/06\/Restautant_Bellecour_Lyon10.jpg 720w, https:\/\/comptoircecil.com\/wp-content\/uploads\/sites\/4\/2025\/06\/Restautant_Bellecour_Lyon10-400x600.jpg 400w\" sizes=\"(max-width: 720px) 100vw, 720px\" \/><\/figure>\n<\/div>\n\n<\/div>\n\n<\/section>\n\n\t<section\n\t\tstyle=\"padding-top:var(--wp--preset--spacing--theme-default);padding-bottom:var(--wp--preset--spacing--theme-default);\" class=\"block-container align wp-block-acf-block-container has-background has-white-100-background-color has-global-padding is-layout-constrained wp-container-acf-block-container-is-layout-d3fafd11 wp-block-acf-block-container-is-layout-constrained\"\t>\n\n\t\n\n<div class=\"wp-block-group is-vertical is-content-justification-stretch is-layout-flex wp-container-core-group-is-layout-5b8962fa wp-block-group-is-layout-flex\" style=\"padding-bottom:var(--wp--preset--spacing--theme-default)\">\n<div class=\"wp-block-group has-global-padding is-layout-constrained wp-container-core-group-is-layout-30cbf03a wp-block-group-is-layout-constrained\">\n<figure class=\"wp-block-image aligncenter size-full is-resized\"><img decoding=\"async\" width=\"350\" height=\"350\" src=\"https:\/\/comptoircecil.com\/wp-content\/uploads\/sites\/4\/2025\/04\/PLATEAU.png\" alt=\"PLATEAU\" class=\"wp-image-2306\" style=\"width:180px\" srcset=\"https:\/\/comptoircecil.com\/wp-content\/uploads\/sites\/4\/2025\/04\/PLATEAU.png 350w, https:\/\/comptoircecil.com\/wp-content\/uploads\/sites\/4\/2025\/04\/PLATEAU-300x300.png 300w\" sizes=\"(max-width: 350px) 100vw, 350px\" \/><\/figure>\n\n\n\n<h2 class=\"wp-block-heading has-text-align-center\">Nuestra promesa<\/h2>\n<\/div>\n\n\n\n<p class=\"has-text-align-left\">Cada semana, el Chef y su equipo elaboran un men\u00fa corto, con sugerencias originales basadas en el mercado y en sus propios gustos. Una cocina que evoluciona, pero que siempre conserva su sabor, su sentido y su sencillez.   <\/p>\n\n\n\n<p class=\"has-text-align-left\">Dentro, encontrar\u00e1s una c\u00e1lida sala con paneles de madera llena de historia. Y cuando hace buen tiempo, la terraza del Comptoir, en pleno centro de Lyon 2, se convierte en un peque\u00f1o refugio para comer al aire libre, en la tranquilidad de la Presqu&#8217;\u00eele. <\/p>\n\n\n\n<div class=\"wp-block-buttons is-content-justification-center is-layout-flex wp-container-core-buttons-is-layout-72666a7a wp-block-buttons-is-layout-flex\" style=\"padding-top:0;padding-bottom:0\">\n<div class=\"wp-block-button is-style-label-button is-style-label-button--1\"><a class=\"wp-block-button__link wp-element-button\" href=\"https:\/\/comptoircecil.com\/le-menu\/\">Descubra nuestro men\u00fa<\/a><\/div>\n<\/div>\n<\/div>\n\n\n\n<div\nclass=\"slider slider__is-gallery alignfull wp-block-acf-slider\" id=\"slider-id-1\" data-gallery-id=\"gallery-slider-id-1\">\n\t<div class=\"wp-block-group\n\t\t\tswiper\">\n\t\t<div class=\"swiper-wrapper slider__innerblocks\">\n\t\t\t<div\n\t\tclass=\"card swiper-slide wp-block-acf-card\" id=\"card-id--1\"\t\t>\n\t\n\t\t\t\t\t\t<a href=\"https:\/\/comptoircecil.com\/wp-content\/uploads\/sites\/4\/2025\/03\/restaurant-bistronomique-lyon-2-copy-0-1.jpg\" data-fancybox=\"gallery\" data-caption=\"restaurant bistronomique lyon 2 copy 0 1\"\n\t\t\t>\n\t\t\t\t<img decoding=\"async\" width=\"683\" height=\"1024\" src=\"https:\/\/comptoircecil.com\/wp-content\/uploads\/sites\/4\/2025\/03\/restaurant-bistronomique-lyon-2-copy-0-1.jpg\" class=\"card__image\" alt=\"restaurant bistronomique lyon 2 copy 0 1\" srcset=\"https:\/\/comptoircecil.com\/wp-content\/uploads\/sites\/4\/2025\/03\/restaurant-bistronomique-lyon-2-copy-0-1.jpg 683w, https:\/\/comptoircecil.com\/wp-content\/uploads\/sites\/4\/2025\/03\/restaurant-bistronomique-lyon-2-copy-0-1-200x300.jpg 200w\" sizes=\"(max-width: 683px) 100vw, 683px\" \/>\t\t\t\t\t<\/a>\n\t\t\t\n\t\t<\/div>\n\t\n\n\t\t\t<div\n\t\tclass=\"card swiper-slide wp-block-acf-card\" id=\"card-id--2\"\t\t>\n\t\n\t\t\t\t\t\t<a href=\"https:\/\/comptoircecil.com\/wp-content\/uploads\/sites\/4\/2025\/03\/restaurant-hotel-lyon1.jpg\" data-fancybox=\"gallery\" data-caption=\"restaurant hotel lyon1\"\n\t\t\t>\n\t\t\t\t<img decoding=\"async\" width=\"683\" height=\"1024\" src=\"https:\/\/comptoircecil.com\/wp-content\/uploads\/sites\/4\/2025\/03\/restaurant-hotel-lyon1.jpg\" class=\"card__image\" alt=\"restaurant hotel lyon1\" srcset=\"https:\/\/comptoircecil.com\/wp-content\/uploads\/sites\/4\/2025\/03\/restaurant-hotel-lyon1.jpg 683w, https:\/\/comptoircecil.com\/wp-content\/uploads\/sites\/4\/2025\/03\/restaurant-hotel-lyon1-200x300.jpg 200w\" sizes=\"(max-width: 683px) 100vw, 683px\" \/>\t\t\t\t\t<\/a>\n\t\t\t\n\t\t<\/div>\n\t\n\n\t\t\t<div\n\t\tclass=\"card swiper-slide wp-block-acf-card\" id=\"card-id--3\"\t\t>\n\t\n\t\t\t\t\t\t<a href=\"https:\/\/comptoircecil.com\/wp-content\/uploads\/sites\/4\/2025\/06\/restaurant-bistronomique10.jpg\" data-fancybox=\"gallery\" data-caption=\"restaurant bistronomique10\"\n\t\t\t>\n\t\t\t\t<img decoding=\"async\" width=\"683\" height=\"1024\" src=\"https:\/\/comptoircecil.com\/wp-content\/uploads\/sites\/4\/2025\/06\/restaurant-bistronomique10.jpg\" class=\"card__image\" alt=\"restaurant bistronomique10\" srcset=\"https:\/\/comptoircecil.com\/wp-content\/uploads\/sites\/4\/2025\/06\/restaurant-bistronomique10.jpg 683w, https:\/\/comptoircecil.com\/wp-content\/uploads\/sites\/4\/2025\/06\/restaurant-bistronomique10-400x600.jpg 400w\" sizes=\"(max-width: 683px) 100vw, 683px\" \/>\t\t\t\t\t<\/a>\n\t\t\t\n\t\t<\/div>\n\t\n\n\t\t\t<div\n\t\tclass=\"card swiper-slide wp-block-acf-card\" id=\"card-id--4\"\t\t>\n\t\n\t\t\t\t\t\t<a href=\"https:\/\/comptoircecil.com\/wp-content\/uploads\/sites\/4\/2025\/06\/restaurant-bistronomique6.jpg\" data-fancybox=\"gallery\" data-caption=\"restaurant bistronomique6\"\n\t\t\t>\n\t\t\t\t<img decoding=\"async\" width=\"683\" height=\"1024\" src=\"https:\/\/comptoircecil.com\/wp-content\/uploads\/sites\/4\/2025\/06\/restaurant-bistronomique6.jpg\" class=\"card__image\" alt=\"restaurant bistronomique6\" srcset=\"https:\/\/comptoircecil.com\/wp-content\/uploads\/sites\/4\/2025\/06\/restaurant-bistronomique6.jpg 683w, https:\/\/comptoircecil.com\/wp-content\/uploads\/sites\/4\/2025\/06\/restaurant-bistronomique6-400x600.jpg 400w\" sizes=\"(max-width: 683px) 100vw, 683px\" \/>\t\t\t\t\t<\/a>\n\t\t\t\n\t\t<\/div>\n\t\n\n\t\t\t<div\n\t\tclass=\"card swiper-slide wp-block-acf-card\" id=\"card-id--5\"\t\t>\n\t\n\t\t\t\t\t\t<a href=\"https:\/\/comptoircecil.com\/wp-content\/uploads\/sites\/4\/2025\/06\/restaurant-bistronomique5.jpg\" data-fancybox=\"gallery\" data-caption=\"restaurant bistronomique5\"\n\t\t\t>\n\t\t\t\t<img decoding=\"async\" width=\"683\" height=\"1024\" src=\"https:\/\/comptoircecil.com\/wp-content\/uploads\/sites\/4\/2025\/06\/restaurant-bistronomique5.jpg\" class=\"card__image\" alt=\"restaurant bistronomique5\" srcset=\"https:\/\/comptoircecil.com\/wp-content\/uploads\/sites\/4\/2025\/06\/restaurant-bistronomique5.jpg 683w, https:\/\/comptoircecil.com\/wp-content\/uploads\/sites\/4\/2025\/06\/restaurant-bistronomique5-400x600.jpg 400w\" sizes=\"(max-width: 683px) 100vw, 683px\" \/>\t\t\t\t\t<\/a>\n\t\t\t\n\t\t<\/div>\n\t\n\n\t\t\t<div\n\t\tclass=\"card swiper-slide wp-block-acf-card\" id=\"card-id--6\"\t\t>\n\t\n\t\t\t\t\t\t<a href=\"https:\/\/comptoircecil.com\/wp-content\/uploads\/sites\/4\/2025\/03\/restaurant-hotel-lyon.jpg\" data-fancybox=\"gallery\" data-caption=\"restaurant hotel lyon\"\n\t\t\t>\n\t\t\t\t<img decoding=\"async\" width=\"683\" height=\"1024\" src=\"https:\/\/comptoircecil.com\/wp-content\/uploads\/sites\/4\/2025\/03\/restaurant-hotel-lyon.jpg\" class=\"card__image\" alt=\"restaurant hotel lyon\" srcset=\"https:\/\/comptoircecil.com\/wp-content\/uploads\/sites\/4\/2025\/03\/restaurant-hotel-lyon.jpg 683w, https:\/\/comptoircecil.com\/wp-content\/uploads\/sites\/4\/2025\/03\/restaurant-hotel-lyon-200x300.jpg 200w\" sizes=\"(max-width: 683px) 100vw, 683px\" \/>\t\t\t\t\t<\/a>\n\t\t\t\n\t\t<\/div>\n\t\n\n\t\t\t<div\n\t\tclass=\"card swiper-slide wp-block-acf-card\" id=\"card-id--7\"\t\t>\n\t\n\t\t\t\t\t\t<a href=\"https:\/\/comptoircecil.com\/wp-content\/uploads\/sites\/4\/2025\/04\/restaurant-Comptoir-Cecil-4.jpg\" data-fancybox=\"gallery\" data-caption=\"restaurant Comptoir Cecil 4\"\n\t\t\t>\n\t\t\t\t<img decoding=\"async\" width=\"720\" height=\"1080\" src=\"https:\/\/comptoircecil.com\/wp-content\/uploads\/sites\/4\/2025\/04\/restaurant-Comptoir-Cecil-4.jpg\" class=\"card__image\" alt=\"restaurant Comptoir Cecil 4\" srcset=\"https:\/\/comptoircecil.com\/wp-content\/uploads\/sites\/4\/2025\/04\/restaurant-Comptoir-Cecil-4.jpg 720w, https:\/\/comptoircecil.com\/wp-content\/uploads\/sites\/4\/2025\/04\/restaurant-Comptoir-Cecil-4-400x600.jpg 400w\" sizes=\"(max-width: 720px) 100vw, 720px\" \/>\t\t\t\t\t<\/a>\n\t\t\t\n\t\t<\/div>\n\t\n\n\t\t\t<div\n\t\tclass=\"card swiper-slide wp-block-acf-card\" id=\"card-id--8\"\t\t>\n\t\n\t\t\t\t\t\t<a href=\"https:\/\/comptoircecil.com\/wp-content\/uploads\/sites\/4\/2025\/04\/restaurant-Comptoir-Cecil-2.jpg\" data-fancybox=\"gallery\" data-caption=\"restaurant Comptoir Cecil 2\"\n\t\t\t>\n\t\t\t\t<img decoding=\"async\" width=\"720\" height=\"1080\" src=\"https:\/\/comptoircecil.com\/wp-content\/uploads\/sites\/4\/2025\/04\/restaurant-Comptoir-Cecil-2.jpg\" class=\"card__image\" alt=\"restaurant Comptoir Cecil 2\" srcset=\"https:\/\/comptoircecil.com\/wp-content\/uploads\/sites\/4\/2025\/04\/restaurant-Comptoir-Cecil-2.jpg 720w, https:\/\/comptoircecil.com\/wp-content\/uploads\/sites\/4\/2025\/04\/restaurant-Comptoir-Cecil-2-400x600.jpg 400w\" sizes=\"(max-width: 720px) 100vw, 720px\" \/>\t\t\t\t\t<\/a>\n\t\t\t\n\t\t<\/div>\n\t\n<\/div>\n\t\t\t\t<div class=\"button-prev\">\n\t\t\t<svg xmlns=\"http:\/\/www.w3.org\/2000\/svg\" viewBox=\"0 0 448 512\">\n\t\t\t\t<path\n\t\t\t\t\td=\"M12.7 244.7L1.4 256l11.3 11.3 168 168L192 446.6 214.6 424l-11.3-11.3L62.6 272 432 272l16 0 0-32-16 0L62.6 240 203.3 99.3 214.6 88 192 65.4 180.7 76.7l-168 168z\" \/>\n\t\t\t<\/svg>\n\t\t<\/div>\n\t\t<div class=\"button-next\">\n\t\t\t<svg xmlns=\"http:\/\/www.w3.org\/2000\/svg\" viewBox=\"0 0 448 512\">\n\t\t\t\t<path\n\t\t\t\t\td=\"M435.3 267.3L446.6 256l-11.3-11.3-168-168L256 65.4 233.4 88l11.3 11.3L385.4 240 16 240 0 240l0 32 16 0 369.4 0L244.7 412.7 233.4 424 256 446.6l11.3-11.3 168-168z\" \/>\n\t\t\t<\/svg>\n\t\t<\/div>\n\t\t\t<\/div><!-- .swiper -->\n\n\t\t<div id=\"slider__gallery-button--slider-id-1\"\n\t\tclass=\"slider__gallery-button wp-block-button is-style-label-button is-style-label-button--5\"\n\t\tdata-gallery-trigger=\"gallery-slider-id-1\">\n\t\t<a class=\"wp-block-button__link wp-element-button\">Abrir la galer\u00eda de fotos<\/a>\n\t<\/div>\n\t<\/div>\n\n\n\n<\/section>\n","protected":false},"excerpt":{"rendered":"","protected":false},"author":2,"featured_media":4366,"parent":3190,"menu_order":0,"comment_status":"closed","ping_status":"closed","template":"","meta":{"_acf_changed":false,"inline_featured_image":false,"footnotes":""},"class_list":["post-3054","page","type-page","status-publish","has-post-thumbnail","hentry"],"acf":[],"yoast_head":"<!-- This site is optimized with the Yoast SEO plugin v27.4 - https:\/\/yoast.com\/product\/yoast-seo-wordpress\/ -->\n<title>Almuerzo en restaurante bistron\u00f3mico Lyon 2 Bellecour \u2013 Platos originales<\/title>\n<meta name=\"description\" content=\"Almuerzo sabroso y original en un bistrot bistron\u00f3mico en Lyon 2. Recetas de temporada en un ambiente refinado y relajado.\" \/>\n<meta name=\"robots\" content=\"index, follow, max-snippet:-1, max-image-preview:large, max-video-preview:-1\" \/>\n<link rel=\"canonical\" href=\"https:\/\/comptoircecil.com\/es\/restaurante-lyon-2-bellecour\/almuerzo\/\" \/>\n<meta property=\"og:locale\" content=\"es_ES\" \/>\n<meta property=\"og:type\" content=\"article\" \/>\n<meta property=\"og:title\" content=\"Almuerzo en restaurante bistron\u00f3mico Lyon 2 Bellecour \u2013 Platos originales\" \/>\n<meta property=\"og:description\" content=\"Almuerzo sabroso y original en un bistrot bistron\u00f3mico en Lyon 2. Recetas de temporada en un ambiente refinado y relajado.\" \/>\n<meta property=\"og:url\" content=\"https:\/\/comptoircecil.com\/es\/restaurante-lyon-2-bellecour\/almuerzo\/\" \/>\n<meta property=\"og:site_name\" content=\"Comptoir Cecil\" \/>\n<meta property=\"article:modified_time\" content=\"2025-06-30T11:20:58+00:00\" \/>\n<meta property=\"og:image\" content=\"https:\/\/comptoircecil.com\/wp-content\/uploads\/sites\/4\/2025\/03\/espaces_coworking_lyon_bellecour.jpg\" \/>\n\t<meta property=\"og:image:width\" content=\"720\" \/>\n\t<meta property=\"og:image:height\" content=\"1080\" \/>\n\t<meta property=\"og:image:type\" content=\"image\/jpeg\" \/>\n<meta name=\"twitter:card\" content=\"summary_large_image\" \/>\n<meta name=\"twitter:label1\" content=\"Tiempo de lectura\" \/>\n\t<meta name=\"twitter:data1\" content=\"2 minuto\" \/>\n<script type=\"application\/ld+json\" class=\"yoast-schema-graph\">{\"@context\":\"https:\\\/\\\/schema.org\",\"@graph\":[{\"@type\":\"WebPage\",\"@id\":\"https:\\\/\\\/comptoircecil.com\\\/es\\\/restaurante-lyon-2-bellecour\\\/almuerzo\\\/\",\"url\":\"https:\\\/\\\/comptoircecil.com\\\/es\\\/restaurante-lyon-2-bellecour\\\/almuerzo\\\/\",\"name\":\"Almuerzo en restaurante bistron\u00f3mico Lyon 2 Bellecour \u2013 Platos originales\",\"isPartOf\":{\"@id\":\"https:\\\/\\\/comptoircecil.com\\\/es\\\/#website\"},\"primaryImageOfPage\":{\"@id\":\"https:\\\/\\\/comptoircecil.com\\\/es\\\/restaurante-lyon-2-bellecour\\\/almuerzo\\\/#primaryimage\"},\"image\":{\"@id\":\"https:\\\/\\\/comptoircecil.com\\\/es\\\/restaurante-lyon-2-bellecour\\\/almuerzo\\\/#primaryimage\"},\"thumbnailUrl\":\"https:\\\/\\\/comptoircecil.com\\\/wp-content\\\/uploads\\\/sites\\\/4\\\/2025\\\/03\\\/espaces_coworking_lyon_bellecour.jpg\",\"datePublished\":\"2025-04-16T15:40:06+00:00\",\"dateModified\":\"2025-06-30T11:20:58+00:00\",\"description\":\"Almuerzo sabroso y original en un bistrot bistron\u00f3mico en Lyon 2. Recetas de temporada en un ambiente refinado y relajado.\",\"breadcrumb\":{\"@id\":\"https:\\\/\\\/comptoircecil.com\\\/es\\\/restaurante-lyon-2-bellecour\\\/almuerzo\\\/#breadcrumb\"},\"inLanguage\":\"es\",\"potentialAction\":[{\"@type\":\"ReadAction\",\"target\":[\"https:\\\/\\\/comptoircecil.com\\\/es\\\/restaurante-lyon-2-bellecour\\\/almuerzo\\\/\"]}]},{\"@type\":\"ImageObject\",\"inLanguage\":\"es\",\"@id\":\"https:\\\/\\\/comptoircecil.com\\\/es\\\/restaurante-lyon-2-bellecour\\\/almuerzo\\\/#primaryimage\",\"url\":\"https:\\\/\\\/comptoircecil.com\\\/wp-content\\\/uploads\\\/sites\\\/4\\\/2025\\\/03\\\/espaces_coworking_lyon_bellecour.jpg\",\"contentUrl\":\"https:\\\/\\\/comptoircecil.com\\\/wp-content\\\/uploads\\\/sites\\\/4\\\/2025\\\/03\\\/espaces_coworking_lyon_bellecour.jpg\",\"width\":720,\"height\":1080,\"caption\":\"espaces coworking lyon bellecour\"},{\"@type\":\"BreadcrumbList\",\"@id\":\"https:\\\/\\\/comptoircecil.com\\\/es\\\/restaurante-lyon-2-bellecour\\\/almuerzo\\\/#breadcrumb\",\"itemListElement\":[{\"@type\":\"ListItem\",\"position\":1,\"name\":\"Accueil\",\"item\":\"https:\\\/\\\/comptoircecil.com\\\/es\\\/\"},{\"@type\":\"ListItem\",\"position\":2,\"name\":\"El restaurante\",\"item\":\"https:\\\/\\\/comptoircecil.com\\\/es\\\/restaurante-lyon-2-bellecour\\\/\"},{\"@type\":\"ListItem\",\"position\":3,\"name\":\"Almuerzo\"}]},{\"@type\":\"WebSite\",\"@id\":\"https:\\\/\\\/comptoircecil.com\\\/es\\\/#website\",\"url\":\"https:\\\/\\\/comptoircecil.com\\\/es\\\/\",\"name\":\"Globe Cecil\",\"description\":\"\",\"publisher\":{\"@id\":\"https:\\\/\\\/comptoircecil.com\\\/es\\\/#organization\"},\"potentialAction\":[{\"@type\":\"SearchAction\",\"target\":{\"@type\":\"EntryPoint\",\"urlTemplate\":\"https:\\\/\\\/comptoircecil.com\\\/es\\\/?s={search_term_string}\"},\"query-input\":{\"@type\":\"PropertyValueSpecification\",\"valueRequired\":true,\"valueName\":\"search_term_string\"}}],\"inLanguage\":\"es\"},{\"@type\":\"Organization\",\"@id\":\"https:\\\/\\\/comptoircecil.com\\\/es\\\/#organization\",\"name\":\"Globe Cecil\",\"url\":\"https:\\\/\\\/comptoircecil.com\\\/es\\\/\",\"logo\":{\"@type\":\"ImageObject\",\"inLanguage\":\"es\",\"@id\":\"https:\\\/\\\/comptoircecil.com\\\/es\\\/#\\\/schema\\\/logo\\\/image\\\/\",\"url\":\"https:\\\/\\\/comptoircecil.com\\\/wp-content\\\/uploads\\\/sites\\\/4\\\/2025\\\/05\\\/LOGO-Comptoir-Cecil-White.svg\",\"contentUrl\":\"https:\\\/\\\/comptoircecil.com\\\/wp-content\\\/uploads\\\/sites\\\/4\\\/2025\\\/05\\\/LOGO-Comptoir-Cecil-White.svg\",\"width\":455,\"height\":123,\"caption\":\"Globe Cecil\"},\"image\":{\"@id\":\"https:\\\/\\\/comptoircecil.com\\\/es\\\/#\\\/schema\\\/logo\\\/image\\\/\"}}]}<\/script>\n<!-- \/ Yoast SEO plugin. -->","yoast_head_json":{"title":"Almuerzo en restaurante bistron\u00f3mico Lyon 2 Bellecour \u2013 Platos originales","description":"Almuerzo sabroso y original en un bistrot bistron\u00f3mico en Lyon 2. Recetas de temporada en un ambiente refinado y relajado.","robots":{"index":"index","follow":"follow","max-snippet":"max-snippet:-1","max-image-preview":"max-image-preview:large","max-video-preview":"max-video-preview:-1"},"canonical":"https:\/\/comptoircecil.com\/es\/restaurante-lyon-2-bellecour\/almuerzo\/","og_locale":"es_ES","og_type":"article","og_title":"Almuerzo en restaurante bistron\u00f3mico Lyon 2 Bellecour \u2013 Platos originales","og_description":"Almuerzo sabroso y original en un bistrot bistron\u00f3mico en Lyon 2. Recetas de temporada en un ambiente refinado y relajado.","og_url":"https:\/\/comptoircecil.com\/es\/restaurante-lyon-2-bellecour\/almuerzo\/","og_site_name":"Comptoir Cecil","article_modified_time":"2025-06-30T11:20:58+00:00","og_image":[{"width":720,"height":1080,"url":"https:\/\/comptoircecil.com\/wp-content\/uploads\/sites\/4\/2025\/03\/espaces_coworking_lyon_bellecour.jpg","type":"image\/jpeg"}],"twitter_card":"summary_large_image","twitter_misc":{"Tiempo de lectura":"2 minuto"},"schema":{"@context":"https:\/\/schema.org","@graph":[{"@type":"WebPage","@id":"https:\/\/comptoircecil.com\/es\/restaurante-lyon-2-bellecour\/almuerzo\/","url":"https:\/\/comptoircecil.com\/es\/restaurante-lyon-2-bellecour\/almuerzo\/","name":"Almuerzo en restaurante bistron\u00f3mico Lyon 2 Bellecour \u2013 Platos originales","isPartOf":{"@id":"https:\/\/comptoircecil.com\/es\/#website"},"primaryImageOfPage":{"@id":"https:\/\/comptoircecil.com\/es\/restaurante-lyon-2-bellecour\/almuerzo\/#primaryimage"},"image":{"@id":"https:\/\/comptoircecil.com\/es\/restaurante-lyon-2-bellecour\/almuerzo\/#primaryimage"},"thumbnailUrl":"https:\/\/comptoircecil.com\/wp-content\/uploads\/sites\/4\/2025\/03\/espaces_coworking_lyon_bellecour.jpg","datePublished":"2025-04-16T15:40:06+00:00","dateModified":"2025-06-30T11:20:58+00:00","description":"Almuerzo sabroso y original en un bistrot bistron\u00f3mico en Lyon 2. Recetas de temporada en un ambiente refinado y relajado.","breadcrumb":{"@id":"https:\/\/comptoircecil.com\/es\/restaurante-lyon-2-bellecour\/almuerzo\/#breadcrumb"},"inLanguage":"es","potentialAction":[{"@type":"ReadAction","target":["https:\/\/comptoircecil.com\/es\/restaurante-lyon-2-bellecour\/almuerzo\/"]}]},{"@type":"ImageObject","inLanguage":"es","@id":"https:\/\/comptoircecil.com\/es\/restaurante-lyon-2-bellecour\/almuerzo\/#primaryimage","url":"https:\/\/comptoircecil.com\/wp-content\/uploads\/sites\/4\/2025\/03\/espaces_coworking_lyon_bellecour.jpg","contentUrl":"https:\/\/comptoircecil.com\/wp-content\/uploads\/sites\/4\/2025\/03\/espaces_coworking_lyon_bellecour.jpg","width":720,"height":1080,"caption":"espaces coworking lyon bellecour"},{"@type":"BreadcrumbList","@id":"https:\/\/comptoircecil.com\/es\/restaurante-lyon-2-bellecour\/almuerzo\/#breadcrumb","itemListElement":[{"@type":"ListItem","position":1,"name":"Accueil","item":"https:\/\/comptoircecil.com\/es\/"},{"@type":"ListItem","position":2,"name":"El restaurante","item":"https:\/\/comptoircecil.com\/es\/restaurante-lyon-2-bellecour\/"},{"@type":"ListItem","position":3,"name":"Almuerzo"}]},{"@type":"WebSite","@id":"https:\/\/comptoircecil.com\/es\/#website","url":"https:\/\/comptoircecil.com\/es\/","name":"Globe Cecil","description":"","publisher":{"@id":"https:\/\/comptoircecil.com\/es\/#organization"},"potentialAction":[{"@type":"SearchAction","target":{"@type":"EntryPoint","urlTemplate":"https:\/\/comptoircecil.com\/es\/?s={search_term_string}"},"query-input":{"@type":"PropertyValueSpecification","valueRequired":true,"valueName":"search_term_string"}}],"inLanguage":"es"},{"@type":"Organization","@id":"https:\/\/comptoircecil.com\/es\/#organization","name":"Globe Cecil","url":"https:\/\/comptoircecil.com\/es\/","logo":{"@type":"ImageObject","inLanguage":"es","@id":"https:\/\/comptoircecil.com\/es\/#\/schema\/logo\/image\/","url":"https:\/\/comptoircecil.com\/wp-content\/uploads\/sites\/4\/2025\/05\/LOGO-Comptoir-Cecil-White.svg","contentUrl":"https:\/\/comptoircecil.com\/wp-content\/uploads\/sites\/4\/2025\/05\/LOGO-Comptoir-Cecil-White.svg","width":455,"height":123,"caption":"Globe Cecil"},"image":{"@id":"https:\/\/comptoircecil.com\/es\/#\/schema\/logo\/image\/"}}]}},"_links":{"self":[{"href":"https:\/\/comptoircecil.com\/es\/wp-json\/wp\/v2\/pages\/3054","targetHints":{"allow":["GET"]}}],"collection":[{"href":"https:\/\/comptoircecil.com\/es\/wp-json\/wp\/v2\/pages"}],"about":[{"href":"https:\/\/comptoircecil.com\/es\/wp-json\/wp\/v2\/types\/page"}],"author":[{"embeddable":true,"href":"https:\/\/comptoircecil.com\/es\/wp-json\/wp\/v2\/users\/2"}],"replies":[{"embeddable":true,"href":"https:\/\/comptoircecil.com\/es\/wp-json\/wp\/v2\/comments?post=3054"}],"version-history":[{"count":6,"href":"https:\/\/comptoircecil.com\/es\/wp-json\/wp\/v2\/pages\/3054\/revisions"}],"predecessor-version":[{"id":7029,"href":"https:\/\/comptoircecil.com\/es\/wp-json\/wp\/v2\/pages\/3054\/revisions\/7029"}],"up":[{"embeddable":true,"href":"https:\/\/comptoircecil.com\/es\/wp-json\/wp\/v2\/pages\/3190"}],"wp:featuredmedia":[{"embeddable":true,"href":"https:\/\/comptoircecil.com\/es\/wp-json\/wp\/v2\/media\/4366"}],"wp:attachment":[{"href":"https:\/\/comptoircecil.com\/es\/wp-json\/wp\/v2\/media?parent=3054"}],"curies":[{"name":"wp","href":"https:\/\/api.w.org\/{rel}","templated":true}]}}