{"id":3027,"date":"2025-04-16T17:40:06","date_gmt":"2025-04-16T15:40:06","guid":{"rendered":"https:\/\/comptoircecil.com\/la-historia\/"},"modified":"2025-11-05T09:45:09","modified_gmt":"2025-11-05T08:45:09","slug":"la-hora-del-te","status":"publish","type":"page","link":"https:\/\/comptoircecil.com\/es\/restaurante-lyon-2-bellecour\/la-hora-del-te\/","title":{"rendered":"La hora del t\u00e9"},"content":{"rendered":"\n<section class=\"heading wp-elements-78d5ffcc7cb60dac7da401bd38ea0eea wp-elements-78d5ffcc7cb60dac7da401bd38ea0eea wp-block-acf-heading has-text-color has-primary-color has-background has-white-100-background-color\">\n\t<div class=\"heading__container\">\n\t\t\t\t\t<div class=\"heading__background-picture\">\n\t\t\t\t<img decoding=\"async\" width=\"1440\" height=\"1080\" src=\"https:\/\/comptoircecil.com\/wp-content\/uploads\/sites\/4\/2025\/06\/tea-time-lyon.jpg\" class=\"attachment-full size-full\" alt=\"tea time lyon\" fetchpriority=\"high\" srcset=\"https:\/\/comptoircecil.com\/wp-content\/uploads\/sites\/4\/2025\/06\/tea-time-lyon.jpg 1440w, https:\/\/comptoircecil.com\/wp-content\/uploads\/sites\/4\/2025\/06\/tea-time-lyon-600x450.jpg 600w, https:\/\/comptoircecil.com\/wp-content\/uploads\/sites\/4\/2025\/06\/tea-time-lyon-1400x1050.jpg 1400w, https:\/\/comptoircecil.com\/wp-content\/uploads\/sites\/4\/2025\/06\/tea-time-lyon-768x576.jpg 768w\" sizes=\"(max-width: 1440px) 100vw, 1440px\" \/>\t\t\t<\/div>\n\t\t\t\t<div class=\"heading__layout\">\n\t\t\t<div class=\"heading__content-wrapper has-white-100-background-color\">\n\t\t\t\t<div class=\"heading__content has-white-100-background-color\">\n\t\t\t\t\t\t\t\t\t<p id=\"breadcrumbs\"><span><span><a href=\"https:\/\/comptoircecil.com\/es\/\">Accueil<\/a><\/span><\/span><\/p>\t\t\t\t\t\t\t\t\t<div class=\"acf-innerblocks-container\">\n\n<div class=\"wp-block-group heading-content-group is-layout-grid wp-container-core-group-is-layout-96b258e4 wp-block-group-is-layout-grid\">\n<h1 class=\"wp-block-heading has-text-align-left heading__title has-primary-color has-text-color has-xx-large-font-size wp-container-content-32a3e683\"><strong>La hora del t\u00e9<\/strong><\/h1>\n\n\n\n<p class=\"heading__chapo has-primary-color has-text-color\">De lunes a s\u00e1bado &#8211; de 15:00 a 17:30<\/p>\n<\/div>\n\n<\/div>\n\t\t\t\t<\/div>\n\t\t\t\t\t\t\t<\/div>\n\t\t<\/div>\n\t<\/div>\n<\/section>\n\n\n\t<section\n\t\tstyle=\"padding-top:var(--wp--preset--spacing--theme-default);padding-bottom:var(--wp--preset--spacing--theme-default);\" class=\"double-columns wp-block-acf-double-columns has-background has-white-background-color has-global-padding is-layout-constrained wp-container-acf-double-columns-is-layout-a22d0bdd wp-block-acf-double-columns-is-layout-constrained\"\t>\n\n<div class=\"double-columns__innerblocks\">\n\n<div class=\"wp-block-group is-vertical is-content-justification-stretch is-layout-flex wp-container-core-group-is-layout-5621715d wp-block-group-is-layout-flex\">\n<div class=\"wp-block-group is-vertical is-content-justification-center is-layout-flex wp-container-core-group-is-layout-a5abbfc6 wp-block-group-is-layout-flex\" style=\"padding-top:0;padding-right:0;padding-bottom:var(--wp--preset--spacing--theme-s);padding-left:0\">\n<figure class=\"wp-block-image size-full is-resized\"><img decoding=\"async\" width=\"350\" height=\"350\" src=\"https:\/\/comptoircecil.com\/wp-content\/uploads\/sites\/4\/2025\/04\/GATEAU.png\" alt=\"GATEAU\" class=\"wp-image-2290\" style=\"width:170px\" srcset=\"https:\/\/comptoircecil.com\/wp-content\/uploads\/sites\/4\/2025\/04\/GATEAU.png 350w, https:\/\/comptoircecil.com\/wp-content\/uploads\/sites\/4\/2025\/04\/GATEAU-300x300.png 300w\" sizes=\"(max-width: 350px) 100vw, 350px\" \/><\/figure>\n<\/div>\n\n\n\n<p class=\"has-text-align-left\">A dos pasos de Bellecour, en pleno distrito 2 de Lyon, el Comptoir Cecil tambi\u00e9n te recibe por la tarde para una pausa dulce como a nosotros nos gusta.<\/p>\n\n\n\n<p>Si\u00e9ntate en nuestros sof\u00e1s o en nuestra soleada terraza (seg\u00fan la temporada) para saborear un pastel casero: galleta reci\u00e9n horneada, tarta marmolada, esponjoso pastel, brioche o incluso New York roll&#8230; La selecci\u00f3n cambia seg\u00fan la inspiraci\u00f3n del Chef y los productos de temporada. <\/p>\n\n\n\n<ul class=\"wp-block-list\">\n<li><strong>1 bebida (de la selecci\u00f3n actual) + 1 bollo &#8211; 8<\/strong><\/li>\n<\/ul>\n<\/div>\n\n\n\n<div class=\"wp-block-group is-layout-flow wp-block-group-is-layout-flow\">\n<figure class=\"wp-block-image size-full\"><img decoding=\"async\" width=\"720\" height=\"1080\" src=\"https:\/\/comptoircecil.com\/wp-content\/uploads\/sites\/4\/2025\/06\/meilleurs-tea-time-lyon.jpg\" alt=\"la mejor hora del t&#xE9; en lyon\" class=\"wp-image-5889\" style=\"aspect-ratio:3\/4;object-fit:cover\" srcset=\"https:\/\/comptoircecil.com\/wp-content\/uploads\/sites\/4\/2025\/06\/meilleurs-tea-time-lyon.jpg 720w, https:\/\/comptoircecil.com\/wp-content\/uploads\/sites\/4\/2025\/06\/meilleurs-tea-time-lyon-400x600.jpg 400w\" sizes=\"(max-width: 720px) 100vw, 720px\" \/><\/figure>\n<\/div>\n\n<\/div>\n\n<\/section>\n\n\t<section\n\t\tstyle=\"padding-top:var(--wp--preset--spacing--theme-default);padding-bottom:var(--wp--preset--spacing--theme-default);\" class=\"block-container align wp-block-acf-block-container has-background has-white-100-background-color has-global-padding is-layout-constrained wp-container-acf-block-container-is-layout-89fc666d wp-block-acf-block-container-is-layout-constrained\"\t>\n\n\t\n\n<h3 class=\"wp-block-heading has-text-align-center\">El sabor de la comida casera.<\/h3>\n\n\n\n<div\nclass=\"slider slider__is-gallery alignfull wp-block-acf-slider\" id=\"slider-id-1\" data-gallery-id=\"gallery-slider-id-1\">\n\t<div class=\"wp-block-group\n\t\t\tswiper\">\n\t\t<div class=\"swiper-wrapper slider__innerblocks\">\n\t\t\t<div\n\t\tclass=\"card swiper-slide wp-block-acf-card\" id=\"card-id--1\"\t\t>\n\t\n\t\t\t\t\t\t<a href=\"https:\/\/comptoircecil.com\/wp-content\/uploads\/sites\/4\/2025\/10\/tea-time-lyon-pas-cher1.jpg\" data-fancybox=\"gallery\" data-caption=\"tea time lyon pas cher1\"\n\t\t\t>\n\t\t\t\t<img decoding=\"async\" width=\"720\" height=\"1080\" src=\"https:\/\/comptoircecil.com\/wp-content\/uploads\/sites\/4\/2025\/10\/tea-time-lyon-pas-cher1.jpg\" class=\"card__image\" alt=\"tea time lyon pas cher1\" srcset=\"https:\/\/comptoircecil.com\/wp-content\/uploads\/sites\/4\/2025\/10\/tea-time-lyon-pas-cher1.jpg 720w, https:\/\/comptoircecil.com\/wp-content\/uploads\/sites\/4\/2025\/10\/tea-time-lyon-pas-cher1-400x600.jpg 400w\" sizes=\"(max-width: 720px) 100vw, 720px\" \/>\t\t\t\t\t<\/a>\n\t\t\t\n\t\t<\/div>\n\t\n\n\t\t\t<div\n\t\tclass=\"card swiper-slide wp-block-acf-card\" id=\"card-id--2\"\t\t>\n\t\n\t\t\t\t\t\t<a href=\"https:\/\/comptoircecil.com\/wp-content\/uploads\/sites\/4\/2025\/10\/tea-time-lyon-pas-cher2.jpg\" data-fancybox=\"gallery\" data-caption=\"tea time lyon pas cher2\"\n\t\t\t>\n\t\t\t\t<img decoding=\"async\" width=\"720\" height=\"1080\" src=\"https:\/\/comptoircecil.com\/wp-content\/uploads\/sites\/4\/2025\/10\/tea-time-lyon-pas-cher2.jpg\" class=\"card__image\" alt=\"tea time lyon pas cher2\" srcset=\"https:\/\/comptoircecil.com\/wp-content\/uploads\/sites\/4\/2025\/10\/tea-time-lyon-pas-cher2.jpg 720w, https:\/\/comptoircecil.com\/wp-content\/uploads\/sites\/4\/2025\/10\/tea-time-lyon-pas-cher2-400x600.jpg 400w\" sizes=\"(max-width: 720px) 100vw, 720px\" \/>\t\t\t\t\t<\/a>\n\t\t\t\n\t\t<\/div>\n\t\n\n\t\t\t<div\n\t\tclass=\"card swiper-slide wp-block-acf-card\" id=\"card-id--3\"\t\t>\n\t\n\t\t\t\t\t\t<a href=\"https:\/\/comptoircecil.com\/wp-content\/uploads\/sites\/4\/2025\/10\/tea-time-lyon-pas-cher5.jpg\" data-fancybox=\"gallery\" data-caption=\"tea time lyon pas cher5\"\n\t\t\t>\n\t\t\t\t<img decoding=\"async\" width=\"810\" height=\"1080\" src=\"https:\/\/comptoircecil.com\/wp-content\/uploads\/sites\/4\/2025\/10\/tea-time-lyon-pas-cher5.jpg\" class=\"card__image\" alt=\"tea time lyon pas cher5\" srcset=\"https:\/\/comptoircecil.com\/wp-content\/uploads\/sites\/4\/2025\/10\/tea-time-lyon-pas-cher5.jpg 810w, https:\/\/comptoircecil.com\/wp-content\/uploads\/sites\/4\/2025\/10\/tea-time-lyon-pas-cher5-450x600.jpg 450w, https:\/\/comptoircecil.com\/wp-content\/uploads\/sites\/4\/2025\/10\/tea-time-lyon-pas-cher5-768x1024.jpg 768w\" sizes=\"(max-width: 810px) 100vw, 810px\" \/>\t\t\t\t\t<\/a>\n\t\t\t\n\t\t<\/div>\n\t\n\n\t\t\t<div\n\t\tclass=\"card swiper-slide wp-block-acf-card\" id=\"card-id--4\"\t\t>\n\t\n\t\t\t\t\t\t<a href=\"https:\/\/comptoircecil.com\/wp-content\/uploads\/sites\/4\/2025\/10\/tea-time-lyon-pas-cher7.jpg\" data-fancybox=\"gallery\" data-caption=\"tea time lyon pas cher7\"\n\t\t\t>\n\t\t\t\t<img decoding=\"async\" width=\"720\" height=\"1080\" src=\"https:\/\/comptoircecil.com\/wp-content\/uploads\/sites\/4\/2025\/10\/tea-time-lyon-pas-cher7.jpg\" class=\"card__image\" alt=\"tea time lyon pas cher7\" srcset=\"https:\/\/comptoircecil.com\/wp-content\/uploads\/sites\/4\/2025\/10\/tea-time-lyon-pas-cher7.jpg 720w, https:\/\/comptoircecil.com\/wp-content\/uploads\/sites\/4\/2025\/10\/tea-time-lyon-pas-cher7-400x600.jpg 400w\" sizes=\"(max-width: 720px) 100vw, 720px\" \/>\t\t\t\t\t<\/a>\n\t\t\t\n\t\t<\/div>\n\t\n\n\t\t\t<div\n\t\tclass=\"card swiper-slide wp-block-acf-card\" id=\"card-id--5\"\t\t>\n\t\n\t\t\t\t\t\t<a href=\"https:\/\/comptoircecil.com\/wp-content\/uploads\/sites\/4\/2025\/10\/tea-time-lyon-pas-cher3.jpg\" data-fancybox=\"gallery\" data-caption=\"tea time lyon pas cher3\"\n\t\t\t>\n\t\t\t\t<img decoding=\"async\" width=\"720\" height=\"1080\" src=\"https:\/\/comptoircecil.com\/wp-content\/uploads\/sites\/4\/2025\/10\/tea-time-lyon-pas-cher3.jpg\" class=\"card__image\" alt=\"tea time lyon pas cher3\" srcset=\"https:\/\/comptoircecil.com\/wp-content\/uploads\/sites\/4\/2025\/10\/tea-time-lyon-pas-cher3.jpg 720w, https:\/\/comptoircecil.com\/wp-content\/uploads\/sites\/4\/2025\/10\/tea-time-lyon-pas-cher3-400x600.jpg 400w\" sizes=\"(max-width: 720px) 100vw, 720px\" \/>\t\t\t\t\t<\/a>\n\t\t\t\n\t\t<\/div>\n\t\n\n\t\t\t<div\n\t\tclass=\"card swiper-slide wp-block-acf-card\" id=\"card-id--6\"\t\t>\n\t\n\t\t\t\t\t\t<a href=\"https:\/\/comptoircecil.com\/wp-content\/uploads\/sites\/4\/2025\/10\/tea-time-lyon-pas-cher4.jpg\" data-fancybox=\"gallery\" data-caption=\"tea time lyon pas cher4\"\n\t\t\t>\n\t\t\t\t<img decoding=\"async\" width=\"720\" height=\"1080\" src=\"https:\/\/comptoircecil.com\/wp-content\/uploads\/sites\/4\/2025\/10\/tea-time-lyon-pas-cher4.jpg\" class=\"card__image\" alt=\"tea time lyon pas cher4\" srcset=\"https:\/\/comptoircecil.com\/wp-content\/uploads\/sites\/4\/2025\/10\/tea-time-lyon-pas-cher4.jpg 720w, https:\/\/comptoircecil.com\/wp-content\/uploads\/sites\/4\/2025\/10\/tea-time-lyon-pas-cher4-400x600.jpg 400w\" sizes=\"(max-width: 720px) 100vw, 720px\" \/>\t\t\t\t\t<\/a>\n\t\t\t\n\t\t<\/div>\n\t\n\n\t\t\t<div\n\t\tclass=\"card swiper-slide wp-block-acf-card\" id=\"card-id--7\"\t\t>\n\t\n\t\t\t\t\t\t<a href=\"https:\/\/comptoircecil.com\/wp-content\/uploads\/sites\/4\/2025\/10\/tea-time-lyon-pas-cher6.jpg\" data-fancybox=\"gallery\" data-caption=\"tea time lyon pas cher6\"\n\t\t\t>\n\t\t\t\t<img decoding=\"async\" width=\"720\" height=\"1080\" src=\"https:\/\/comptoircecil.com\/wp-content\/uploads\/sites\/4\/2025\/10\/tea-time-lyon-pas-cher6.jpg\" class=\"card__image\" alt=\"tea time lyon pas cher6\" srcset=\"https:\/\/comptoircecil.com\/wp-content\/uploads\/sites\/4\/2025\/10\/tea-time-lyon-pas-cher6.jpg 720w, https:\/\/comptoircecil.com\/wp-content\/uploads\/sites\/4\/2025\/10\/tea-time-lyon-pas-cher6-400x600.jpg 400w\" sizes=\"(max-width: 720px) 100vw, 720px\" \/>\t\t\t\t\t<\/a>\n\t\t\t\n\t\t<\/div>\n\t\n<\/div>\n\t\t\t\t<div class=\"button-prev\">\n\t\t\t<svg xmlns=\"http:\/\/www.w3.org\/2000\/svg\" viewBox=\"0 0 448 512\">\n\t\t\t\t<path\n\t\t\t\t\td=\"M12.7 244.7L1.4 256l11.3 11.3 168 168L192 446.6 214.6 424l-11.3-11.3L62.6 272 432 272l16 0 0-32-16 0L62.6 240 203.3 99.3 214.6 88 192 65.4 180.7 76.7l-168 168z\" \/>\n\t\t\t<\/svg>\n\t\t<\/div>\n\t\t<div class=\"button-next\">\n\t\t\t<svg xmlns=\"http:\/\/www.w3.org\/2000\/svg\" viewBox=\"0 0 448 512\">\n\t\t\t\t<path\n\t\t\t\t\td=\"M435.3 267.3L446.6 256l-11.3-11.3-168-168L256 65.4 233.4 88l11.3 11.3L385.4 240 16 240 0 240l0 32 16 0 369.4 0L244.7 412.7 233.4 424 256 446.6l11.3-11.3 168-168z\" \/>\n\t\t\t<\/svg>\n\t\t<\/div>\n\t\t\t<\/div><!-- .swiper -->\n\n\t\t<div id=\"slider__gallery-button--slider-id-1\"\n\t\tclass=\"slider__gallery-button wp-block-button is-style-label-button is-style-label-button--5\"\n\t\tdata-gallery-trigger=\"gallery-slider-id-1\">\n\t\t<a class=\"wp-block-button__link wp-element-button\">Abrir la galer\u00eda de fotos<\/a>\n\t<\/div>\n\t<\/div>\n\n\n\n<\/section>\n\n\t<section\n\t\tstyle=\"padding-top:var(--wp--preset--spacing--theme-default);padding-bottom:var(--wp--preset--spacing--theme-default);\" class=\"double-columns wp-block-acf-double-columns has-background has-white-background-color has-global-padding is-layout-constrained wp-container-acf-double-columns-is-layout-468cbe0c wp-block-acf-double-columns-is-layout-constrained\"\t>\n\n<div class=\"double-columns__innerblocks\">\n\n<div class=\"wp-block-group is-vertical is-layout-flex wp-container-core-group-is-layout-99e95872 wp-block-group-is-layout-flex\">\n<figure class=\"wp-block-image size-full\"><img decoding=\"async\" width=\"720\" height=\"1080\" src=\"https:\/\/comptoircecil.com\/wp-content\/uploads\/sites\/4\/2025\/06\/meilleurs-tea-time-lyon1.jpg\" alt=\"las mejores horas del t&#xE9; lyon1\" class=\"wp-image-5903\" style=\"aspect-ratio:3\/4;object-fit:cover\" srcset=\"https:\/\/comptoircecil.com\/wp-content\/uploads\/sites\/4\/2025\/06\/meilleurs-tea-time-lyon1.jpg 720w, https:\/\/comptoircecil.com\/wp-content\/uploads\/sites\/4\/2025\/06\/meilleurs-tea-time-lyon1-400x600.jpg 400w\" sizes=\"(max-width: 720px) 100vw, 720px\" \/><\/figure>\n<\/div>\n\n\n\n<div class=\"wp-block-group is-vertical is-layout-flex wp-container-core-group-is-layout-99e95872 wp-block-group-is-layout-flex\">\n<h3 class=\"wp-block-heading\">3&#8230;2&#8230;1&#8230; \u00a1Bebe!<\/h3>\n\n\n\n<p>Cuando se trata de bebidas, nuestro bar no tiene nada que envidiar a un sal\u00f3n de t\u00e9, con una selecci\u00f3n de t\u00e9s, infusiones caseras, caf\u00e9s (fr\u00edos y calientes), limonadas y zumos de frutas para disfrutar en un ambiente c\u00e1lido y acogedor. \u00a1Justo lo que necesitas para acompa\u00f1ar tus delicias caseras! <\/p>\n<\/div>\n\n<\/div>\n\n<\/section>\n","protected":false},"excerpt":{"rendered":"","protected":false},"author":1,"featured_media":0,"parent":3190,"menu_order":0,"comment_status":"closed","ping_status":"closed","template":"","meta":{"_acf_changed":false,"inline_featured_image":false,"footnotes":""},"class_list":["post-3027","page","type-page","status-publish","hentry"],"acf":[],"yoast_head":"<!-- This site is optimized with the Yoast SEO plugin v27.2 - https:\/\/yoast.com\/product\/yoast-seo-wordpress\/ -->\n<title>Tearoom Lyon 2 Bellecour - Pasteler\u00eda - Terraza<\/title>\n<meta name=\"description\" content=\"Acogedor sal\u00f3n de t\u00e9 en Bellecour, Lyon 2. Boller\u00eda casera, bebidas calientes y una agradable terraza en el coraz\u00f3n de la Presqu&#039;\u00eele.\" \/>\n<meta name=\"robots\" content=\"index, follow, max-snippet:-1, max-image-preview:large, max-video-preview:-1\" \/>\n<link rel=\"canonical\" href=\"https:\/\/comptoircecil.com\/es\/restaurante-lyon-2-bellecour\/la-hora-del-te\/\" \/>\n<meta property=\"og:locale\" content=\"es_ES\" \/>\n<meta property=\"og:type\" content=\"article\" \/>\n<meta property=\"og:title\" content=\"Tearoom Lyon 2 Bellecour - Pasteler\u00eda - Terraza\" \/>\n<meta property=\"og:description\" content=\"Acogedor sal\u00f3n de t\u00e9 en Bellecour, Lyon 2. Boller\u00eda casera, bebidas calientes y una agradable terraza en el coraz\u00f3n de la Presqu&#039;\u00eele.\" \/>\n<meta property=\"og:url\" content=\"https:\/\/comptoircecil.com\/es\/restaurante-lyon-2-bellecour\/la-hora-del-te\/\" \/>\n<meta property=\"og:site_name\" content=\"Comptoir Cecil\" \/>\n<meta property=\"article:modified_time\" content=\"2025-11-05T08:45:09+00:00\" \/>\n<meta property=\"og:image\" content=\"https:\/\/comptoircecil.com\/wp-content\/uploads\/sites\/4\/2025\/04\/GATEAU.png\" \/>\n<meta name=\"twitter:card\" content=\"summary_large_image\" \/>\n<meta name=\"twitter:label1\" content=\"Tiempo de lectura\" \/>\n\t<meta name=\"twitter:data1\" content=\"2 minuto\" \/>\n<script type=\"application\/ld+json\" class=\"yoast-schema-graph\">{\"@context\":\"https:\/\/schema.org\",\"@graph\":[{\"@type\":\"WebPage\",\"@id\":\"https:\/\/comptoircecil.com\/es\/restaurante-lyon-2-bellecour\/la-hora-del-te\/\",\"url\":\"https:\/\/comptoircecil.com\/es\/restaurante-lyon-2-bellecour\/la-hora-del-te\/\",\"name\":\"Tearoom Lyon 2 Bellecour - Pasteler\u00eda - Terraza\",\"isPartOf\":{\"@id\":\"https:\/\/comptoircecil.com\/es\/#website\"},\"primaryImageOfPage\":{\"@id\":\"https:\/\/comptoircecil.com\/es\/restaurante-lyon-2-bellecour\/la-hora-del-te\/#primaryimage\"},\"image\":{\"@id\":\"https:\/\/comptoircecil.com\/es\/restaurante-lyon-2-bellecour\/la-hora-del-te\/#primaryimage\"},\"thumbnailUrl\":\"https:\/\/comptoircecil.com\/wp-content\/uploads\/sites\/4\/2025\/04\/GATEAU.png\",\"datePublished\":\"2025-04-16T15:40:06+00:00\",\"dateModified\":\"2025-11-05T08:45:09+00:00\",\"description\":\"Acogedor sal\u00f3n de t\u00e9 en Bellecour, Lyon 2. Boller\u00eda casera, bebidas calientes y una agradable terraza en el coraz\u00f3n de la Presqu'\u00eele.\",\"breadcrumb\":{\"@id\":\"https:\/\/comptoircecil.com\/es\/restaurante-lyon-2-bellecour\/la-hora-del-te\/#breadcrumb\"},\"inLanguage\":\"es\",\"potentialAction\":[{\"@type\":\"ReadAction\",\"target\":[\"https:\/\/comptoircecil.com\/es\/restaurante-lyon-2-bellecour\/la-hora-del-te\/\"]}]},{\"@type\":\"ImageObject\",\"inLanguage\":\"es\",\"@id\":\"https:\/\/comptoircecil.com\/es\/restaurante-lyon-2-bellecour\/la-hora-del-te\/#primaryimage\",\"url\":\"https:\/\/comptoircecil.com\/wp-content\/uploads\/sites\/4\/2025\/04\/GATEAU.png\",\"contentUrl\":\"https:\/\/comptoircecil.com\/wp-content\/uploads\/sites\/4\/2025\/04\/GATEAU.png\"},{\"@type\":\"BreadcrumbList\",\"@id\":\"https:\/\/comptoircecil.com\/es\/restaurante-lyon-2-bellecour\/la-hora-del-te\/#breadcrumb\",\"itemListElement\":[{\"@type\":\"ListItem\",\"position\":1,\"name\":\"Accueil\",\"item\":\"https:\/\/comptoircecil.com\/es\/\"},{\"@type\":\"ListItem\",\"position\":2,\"name\":\"El restaurante\",\"item\":\"https:\/\/comptoircecil.com\/es\/restaurante-lyon-2-bellecour\/\"},{\"@type\":\"ListItem\",\"position\":3,\"name\":\"La hora del t\u00e9\"}]},{\"@type\":\"WebSite\",\"@id\":\"https:\/\/comptoircecil.com\/es\/#website\",\"url\":\"https:\/\/comptoircecil.com\/es\/\",\"name\":\"Globe Cecil\",\"description\":\"\",\"publisher\":{\"@id\":\"https:\/\/comptoircecil.com\/es\/#organization\"},\"potentialAction\":[{\"@type\":\"SearchAction\",\"target\":{\"@type\":\"EntryPoint\",\"urlTemplate\":\"https:\/\/comptoircecil.com\/es\/?s={search_term_string}\"},\"query-input\":{\"@type\":\"PropertyValueSpecification\",\"valueRequired\":true,\"valueName\":\"search_term_string\"}}],\"inLanguage\":\"es\"},{\"@type\":\"Organization\",\"@id\":\"https:\/\/comptoircecil.com\/es\/#organization\",\"name\":\"Globe Cecil\",\"url\":\"https:\/\/comptoircecil.com\/es\/\",\"logo\":{\"@type\":\"ImageObject\",\"inLanguage\":\"es\",\"@id\":\"https:\/\/comptoircecil.com\/es\/#\/schema\/logo\/image\/\",\"url\":\"https:\/\/comptoircecil.com\/wp-content\/uploads\/sites\/4\/2025\/05\/LOGO-Comptoir-Cecil-White.svg\",\"contentUrl\":\"https:\/\/comptoircecil.com\/wp-content\/uploads\/sites\/4\/2025\/05\/LOGO-Comptoir-Cecil-White.svg\",\"width\":455,\"height\":123,\"caption\":\"Globe Cecil\"},\"image\":{\"@id\":\"https:\/\/comptoircecil.com\/es\/#\/schema\/logo\/image\/\"}}]}<\/script>\n<!-- \/ Yoast SEO plugin. -->","yoast_head_json":{"title":"Tearoom Lyon 2 Bellecour - Pasteler\u00eda - Terraza","description":"Acogedor sal\u00f3n de t\u00e9 en Bellecour, Lyon 2. Boller\u00eda casera, bebidas calientes y una agradable terraza en el coraz\u00f3n de la Presqu'\u00eele.","robots":{"index":"index","follow":"follow","max-snippet":"max-snippet:-1","max-image-preview":"max-image-preview:large","max-video-preview":"max-video-preview:-1"},"canonical":"https:\/\/comptoircecil.com\/es\/restaurante-lyon-2-bellecour\/la-hora-del-te\/","og_locale":"es_ES","og_type":"article","og_title":"Tearoom Lyon 2 Bellecour - Pasteler\u00eda - Terraza","og_description":"Acogedor sal\u00f3n de t\u00e9 en Bellecour, Lyon 2. Boller\u00eda casera, bebidas calientes y una agradable terraza en el coraz\u00f3n de la Presqu'\u00eele.","og_url":"https:\/\/comptoircecil.com\/es\/restaurante-lyon-2-bellecour\/la-hora-del-te\/","og_site_name":"Comptoir Cecil","article_modified_time":"2025-11-05T08:45:09+00:00","og_image":[{"url":"https:\/\/comptoircecil.com\/wp-content\/uploads\/sites\/4\/2025\/04\/GATEAU.png","type":"","width":"","height":""}],"twitter_card":"summary_large_image","twitter_misc":{"Tiempo de lectura":"2 minuto"},"schema":{"@context":"https:\/\/schema.org","@graph":[{"@type":"WebPage","@id":"https:\/\/comptoircecil.com\/es\/restaurante-lyon-2-bellecour\/la-hora-del-te\/","url":"https:\/\/comptoircecil.com\/es\/restaurante-lyon-2-bellecour\/la-hora-del-te\/","name":"Tearoom Lyon 2 Bellecour - Pasteler\u00eda - Terraza","isPartOf":{"@id":"https:\/\/comptoircecil.com\/es\/#website"},"primaryImageOfPage":{"@id":"https:\/\/comptoircecil.com\/es\/restaurante-lyon-2-bellecour\/la-hora-del-te\/#primaryimage"},"image":{"@id":"https:\/\/comptoircecil.com\/es\/restaurante-lyon-2-bellecour\/la-hora-del-te\/#primaryimage"},"thumbnailUrl":"https:\/\/comptoircecil.com\/wp-content\/uploads\/sites\/4\/2025\/04\/GATEAU.png","datePublished":"2025-04-16T15:40:06+00:00","dateModified":"2025-11-05T08:45:09+00:00","description":"Acogedor sal\u00f3n de t\u00e9 en Bellecour, Lyon 2. Boller\u00eda casera, bebidas calientes y una agradable terraza en el coraz\u00f3n de la Presqu'\u00eele.","breadcrumb":{"@id":"https:\/\/comptoircecil.com\/es\/restaurante-lyon-2-bellecour\/la-hora-del-te\/#breadcrumb"},"inLanguage":"es","potentialAction":[{"@type":"ReadAction","target":["https:\/\/comptoircecil.com\/es\/restaurante-lyon-2-bellecour\/la-hora-del-te\/"]}]},{"@type":"ImageObject","inLanguage":"es","@id":"https:\/\/comptoircecil.com\/es\/restaurante-lyon-2-bellecour\/la-hora-del-te\/#primaryimage","url":"https:\/\/comptoircecil.com\/wp-content\/uploads\/sites\/4\/2025\/04\/GATEAU.png","contentUrl":"https:\/\/comptoircecil.com\/wp-content\/uploads\/sites\/4\/2025\/04\/GATEAU.png"},{"@type":"BreadcrumbList","@id":"https:\/\/comptoircecil.com\/es\/restaurante-lyon-2-bellecour\/la-hora-del-te\/#breadcrumb","itemListElement":[{"@type":"ListItem","position":1,"name":"Accueil","item":"https:\/\/comptoircecil.com\/es\/"},{"@type":"ListItem","position":2,"name":"El restaurante","item":"https:\/\/comptoircecil.com\/es\/restaurante-lyon-2-bellecour\/"},{"@type":"ListItem","position":3,"name":"La hora del t\u00e9"}]},{"@type":"WebSite","@id":"https:\/\/comptoircecil.com\/es\/#website","url":"https:\/\/comptoircecil.com\/es\/","name":"Globe Cecil","description":"","publisher":{"@id":"https:\/\/comptoircecil.com\/es\/#organization"},"potentialAction":[{"@type":"SearchAction","target":{"@type":"EntryPoint","urlTemplate":"https:\/\/comptoircecil.com\/es\/?s={search_term_string}"},"query-input":{"@type":"PropertyValueSpecification","valueRequired":true,"valueName":"search_term_string"}}],"inLanguage":"es"},{"@type":"Organization","@id":"https:\/\/comptoircecil.com\/es\/#organization","name":"Globe Cecil","url":"https:\/\/comptoircecil.com\/es\/","logo":{"@type":"ImageObject","inLanguage":"es","@id":"https:\/\/comptoircecil.com\/es\/#\/schema\/logo\/image\/","url":"https:\/\/comptoircecil.com\/wp-content\/uploads\/sites\/4\/2025\/05\/LOGO-Comptoir-Cecil-White.svg","contentUrl":"https:\/\/comptoircecil.com\/wp-content\/uploads\/sites\/4\/2025\/05\/LOGO-Comptoir-Cecil-White.svg","width":455,"height":123,"caption":"Globe Cecil"},"image":{"@id":"https:\/\/comptoircecil.com\/es\/#\/schema\/logo\/image\/"}}]}},"_links":{"self":[{"href":"https:\/\/comptoircecil.com\/es\/wp-json\/wp\/v2\/pages\/3027","targetHints":{"allow":["GET"]}}],"collection":[{"href":"https:\/\/comptoircecil.com\/es\/wp-json\/wp\/v2\/pages"}],"about":[{"href":"https:\/\/comptoircecil.com\/es\/wp-json\/wp\/v2\/types\/page"}],"author":[{"embeddable":true,"href":"https:\/\/comptoircecil.com\/es\/wp-json\/wp\/v2\/users\/1"}],"replies":[{"embeddable":true,"href":"https:\/\/comptoircecil.com\/es\/wp-json\/wp\/v2\/comments?post=3027"}],"version-history":[{"count":14,"href":"https:\/\/comptoircecil.com\/es\/wp-json\/wp\/v2\/pages\/3027\/revisions"}],"predecessor-version":[{"id":8149,"href":"https:\/\/comptoircecil.com\/es\/wp-json\/wp\/v2\/pages\/3027\/revisions\/8149"}],"up":[{"embeddable":true,"href":"https:\/\/comptoircecil.com\/es\/wp-json\/wp\/v2\/pages\/3190"}],"wp:attachment":[{"href":"https:\/\/comptoircecil.com\/es\/wp-json\/wp\/v2\/media?parent=3027"}],"curies":[{"name":"wp","href":"https:\/\/api.w.org\/{rel}","templated":true}]}}