{"id":2979,"date":"2025-04-16T17:40:05","date_gmt":"2025-04-16T15:40:05","guid":{"rendered":"https:\/\/comptoircecil.com\/condiciones-generales-de-alquiler\/"},"modified":"2025-09-30T13:36:20","modified_gmt":"2025-09-30T11:36:20","slug":"condiciones-generales-de-venta","status":"publish","type":"page","link":"https:\/\/comptoircecil.com\/es\/condiciones-generales-de-venta\/","title":{"rendered":"Condiciones de venta"},"content":{"rendered":"\n<section class=\"heading wp-elements-8f01b6f8a445fb8d67c4357083f3a67b wp-elements-8f01b6f8a445fb8d67c4357083f3a67b wp-block-acf-heading has-text-color has-primary-color has-background has-white-100-background-color\">\n\t<div class=\"heading__container\">\n\t\t\t\t\t<div class=\"heading__background-picture\">\n\t\t\t\t<img decoding=\"async\" width=\"1920\" height=\"1280\" src=\"https:\/\/comptoircecil.com\/wp-content\/uploads\/sites\/4\/2025\/03\/meilleur-hotel-de-lyon-centre.jpg\" class=\"attachment-full size-full\" alt=\"meilleur hotel de lyon centre\" fetchpriority=\"high\" srcset=\"https:\/\/comptoircecil.com\/wp-content\/uploads\/sites\/4\/2025\/03\/meilleur-hotel-de-lyon-centre.jpg 1920w, https:\/\/comptoircecil.com\/wp-content\/uploads\/sites\/4\/2025\/03\/meilleur-hotel-de-lyon-centre-300x200.jpg 300w, https:\/\/comptoircecil.com\/wp-content\/uploads\/sites\/4\/2025\/03\/meilleur-hotel-de-lyon-centre-1024x683.jpg 1024w, https:\/\/comptoircecil.com\/wp-content\/uploads\/sites\/4\/2025\/03\/meilleur-hotel-de-lyon-centre-768x512.jpg 768w, https:\/\/comptoircecil.com\/wp-content\/uploads\/sites\/4\/2025\/03\/meilleur-hotel-de-lyon-centre-1536x1024.jpg 1536w\" sizes=\"(max-width: 1920px) 100vw, 1920px\" \/>\t\t\t<\/div>\n\t\t\t\t<div class=\"heading__layout\">\n\t\t\t<div class=\"heading__content-wrapper has-white-100-background-color\">\n\t\t\t\t<div class=\"heading__content has-white-100-background-color\">\n\t\t\t\t\t\t\t\t\t<p id=\"breadcrumbs\"><span><span><a href=\"https:\/\/comptoircecil.com\/es\/\">Accueil<\/a><\/span><\/span><\/p>\t\t\t\t\t\t\t\t\t<div class=\"acf-innerblocks-container\">\n\n<div class=\"wp-block-group heading-content-group is-layout-grid wp-container-core-group-is-layout-96b258e4 wp-block-group-is-layout-grid\">\n<h1 class=\"wp-block-heading has-text-align-left heading__title has-primary-color has-text-color has-xx-large-font-size wp-container-content-32a3e683\">Condiciones de venta<\/h1>\n<\/div>\n\n<\/div>\n\t\t\t\t<\/div>\n\t\t\t\t\t\t\t\t<div class=\"heading__illustration illustration-with-parallax desktop-only\">\n\t\t\t\t\t<img decoding=\"async\" width=\"350\" height=\"350\" src=\"https:\/\/comptoircecil.com\/wp-content\/uploads\/sites\/4\/2025\/04\/ENCRIER.png\" class=\"attachment-full size-full\" alt=\"ENCRIER\" fetchpriority=\"high\" srcset=\"https:\/\/comptoircecil.com\/wp-content\/uploads\/sites\/4\/2025\/04\/ENCRIER.png 350w, https:\/\/comptoircecil.com\/wp-content\/uploads\/sites\/4\/2025\/04\/ENCRIER-300x300.png 300w\" sizes=\"(max-width: 350px) 100vw, 350px\" \/>\t\t\t\t<\/div>\n\t\t\t\t\t\t\t<\/div>\n\t\t<\/div>\n\t<\/div>\n<\/section>\n\n\n\t<section\n\t\tstyle=\"padding-top:var(--wp--preset--spacing--theme-default);padding-bottom:var(--wp--preset--spacing--theme-default);\" class=\"block-container align wp-block-acf-block-container has-background has-white-background-color is-layout-flow wp-block-acf-block-container-is-layout-flow\"\t>\n\n\t\n\n<div class=\"wp-block-group has-global-padding is-layout-constrained wp-block-group-is-layout-constrained\">\n<p><strong>Condiciones generales de venta &#8211; <\/strong><strong>Comptoir Cecil<\/strong><\/p>\n\n\n\n<p>Las presentes condiciones generales de venta (en lo sucesivo, las \u00abCondiciones Generales\u00bb) son propuestas por Comptoir Cecil, SAS, inscrita en el Registro Mercantil y de Sociedades de Lyon, n\u00famero SIRET 84079313700018, cuyo domicilio social se encuentra en 21 rue Gasparin, 69002 Lyon &#8211; Francia (en lo sucesivo, el \u00abEstablecimiento\u00bb).<\/p>\n\n\n\n<p><strong>ART\u00cdCULO 1: \u00c1MBITO DE APLICACI\u00d3N<\/strong><\/p>\n\n\n\n<p>Las presentes Condiciones Generales se aplican a todas las reservas de mesa, pedidos de comida para llevar o servicios de catering ofrecidos por el Establecimiento a los consumidores a trav\u00e9s de su sitio web (en adelante, \u00abel Sitio\u00bb).<\/p>\n\n\n\n<p>Rigen \u00fanicamente la relaci\u00f3n entre el Establecimiento y el Cliente.<\/p>\n\n\n\n<p>Las principales caracter\u00edsticas de los servicios (men\u00fas, horarios, condiciones de reserva, etc.) se presentan en el Sitio. Es responsabilidad del Cliente familiarizarse con ellas antes de hacer cualquier reserva o pedido. <\/p>\n\n\n\n<p><strong>ART\u00cdCULO 2: ACEPTACI\u00d3N DE LAS CONDICIONES GENERALES<\/strong><\/p>\n\n\n\n<p>La validaci\u00f3n de una reserva o pedido implica la plena aceptaci\u00f3n de estas Condiciones Generales, sin restricci\u00f3n ni reserva alguna.<\/p>\n\n\n\n<p><strong>ART\u00cdCULO 3: PRECIO Y PAGO<\/strong><\/p>\n\n\n\n<p><strong>3.1 Precios<\/strong><br\/>Los precios se indican en euros (\u20ac), impuestos incluidos.<br\/>Los precios indicados en el Sitio son v\u00e1lidos en el momento del pedido o de la reserva, sujetos a disponibilidad.<\/p>\n\n\n\n<p><strong>3.2 Pago<\/strong><br\/>Se aceptan los siguientes m\u00e9todos de pago: efectivo (en euros), tarjeta bancaria, Amex, cheque, cheques restaurante. Algunos servicios pueden requerir un dep\u00f3sito o pago por adelantado (especificado en el momento de hacer el pedido). <\/p>\n\n\n\n<p><strong>ART\u00cdCULO 4: DERECHO DE DESISTIMIENTO<\/strong><\/p>\n\n\n\n<p>De conformidad con el art\u00edculo L.221-28 del C\u00f3digo de Consumo franc\u00e9s, las prestaciones de restauraci\u00f3n suministradas para una fecha o un periodo determinados no se benefician del derecho de retractaci\u00f3n. Todo pedido validado o reserva confirmada es, por tanto, firme y definitivo. <\/p>\n\n\n\n<p><strong>ART\u00cdCULO 5: ANULACI\u00d3N \/ RETRASO \/ NO PRESENTACI\u00d3N<\/strong><\/p>\n\n\n\n<p>El Cliente se compromete a informar al Establecimiento en caso de cancelaci\u00f3n o retraso. Podr\u00e1n aplicarse cargos en caso de cancelaci\u00f3n tard\u00eda o de no presentaci\u00f3n, de acuerdo con los t\u00e9rminos y condiciones especificados en el momento de la reserva. <\/p>\n\n\n\n<p><strong>ART\u00cdCULO 6: DATOS PERSONALES<\/strong><\/p>\n\n\n\n<p>Los datos personales recogidos como parte de una reserva o pedido se procesan de acuerdo con nuestra Pol\u00edtica de privacidad. Los clientes pueden ejercer sus derechos en cualquier momento (acceso, rectificaci\u00f3n, supresi\u00f3n). <\/p>\n\n\n\n<p><strong>ART\u00cdCULO 7: LEY APLICABLE Y LITIGIOS<\/strong><\/p>\n\n\n\n<p>Les pr\u00e9sentes Conditions G\u00e9n\u00e9rales sont soumises au droit fran\u00e7ais.<br\/>En cas de litige, le Client peut saisir gratuitement le m\u00e9diateur comp\u00e9tent.<\/p>\n<\/div>\n\n\n\n<\/section>\n","protected":false},"excerpt":{"rendered":"","protected":false},"author":2,"featured_media":0,"parent":0,"menu_order":0,"comment_status":"closed","ping_status":"closed","template":"","meta":{"_acf_changed":false,"inline_featured_image":false,"footnotes":""},"class_list":["post-2979","page","type-page","status-publish","hentry"],"acf":[],"yoast_head":"<!-- This site is optimized with the Yoast SEO plugin v27.2 - https:\/\/yoast.com\/product\/yoast-seo-wordpress\/ -->\n<title>Condiciones de venta - Comptoir Cecil<\/title>\n<meta name=\"robots\" content=\"noindex, follow\" \/>\n<meta property=\"og:locale\" content=\"es_ES\" \/>\n<meta property=\"og:type\" content=\"article\" \/>\n<meta property=\"og:title\" content=\"Condiciones de venta - Comptoir Cecil\" \/>\n<meta property=\"og:url\" content=\"https:\/\/comptoircecil.com\/es\/condiciones-generales-de-venta\/\" \/>\n<meta property=\"og:site_name\" content=\"Comptoir Cecil\" \/>\n<meta property=\"article:modified_time\" content=\"2025-09-30T11:36:20+00:00\" \/>\n<meta name=\"twitter:card\" content=\"summary_large_image\" \/>\n<meta name=\"twitter:label1\" content=\"Tiempo de lectura\" \/>\n\t<meta name=\"twitter:data1\" content=\"2 minuto\" \/>\n<script type=\"application\/ld+json\" class=\"yoast-schema-graph\">{\"@context\":\"https:\/\/schema.org\",\"@graph\":[{\"@type\":\"WebPage\",\"@id\":\"https:\/\/comptoircecil.com\/es\/condiciones-generales-de-venta\/\",\"url\":\"https:\/\/comptoircecil.com\/es\/condiciones-generales-de-venta\/\",\"name\":\"Condiciones de venta - Comptoir Cecil\",\"isPartOf\":{\"@id\":\"https:\/\/comptoircecil.com\/es\/#website\"},\"datePublished\":\"2025-04-16T15:40:05+00:00\",\"dateModified\":\"2025-09-30T11:36:20+00:00\",\"breadcrumb\":{\"@id\":\"https:\/\/comptoircecil.com\/es\/condiciones-generales-de-venta\/#breadcrumb\"},\"inLanguage\":\"es\",\"potentialAction\":[{\"@type\":\"ReadAction\",\"target\":[\"https:\/\/comptoircecil.com\/es\/condiciones-generales-de-venta\/\"]}]},{\"@type\":\"BreadcrumbList\",\"@id\":\"https:\/\/comptoircecil.com\/es\/condiciones-generales-de-venta\/#breadcrumb\",\"itemListElement\":[{\"@type\":\"ListItem\",\"position\":1,\"name\":\"Accueil\",\"item\":\"https:\/\/comptoircecil.com\/es\/\"},{\"@type\":\"ListItem\",\"position\":2,\"name\":\"Condiciones de venta\"}]},{\"@type\":\"WebSite\",\"@id\":\"https:\/\/comptoircecil.com\/es\/#website\",\"url\":\"https:\/\/comptoircecil.com\/es\/\",\"name\":\"Globe Cecil\",\"description\":\"\",\"publisher\":{\"@id\":\"https:\/\/comptoircecil.com\/es\/#organization\"},\"potentialAction\":[{\"@type\":\"SearchAction\",\"target\":{\"@type\":\"EntryPoint\",\"urlTemplate\":\"https:\/\/comptoircecil.com\/es\/?s={search_term_string}\"},\"query-input\":{\"@type\":\"PropertyValueSpecification\",\"valueRequired\":true,\"valueName\":\"search_term_string\"}}],\"inLanguage\":\"es\"},{\"@type\":\"Organization\",\"@id\":\"https:\/\/comptoircecil.com\/es\/#organization\",\"name\":\"Globe Cecil\",\"url\":\"https:\/\/comptoircecil.com\/es\/\",\"logo\":{\"@type\":\"ImageObject\",\"inLanguage\":\"es\",\"@id\":\"https:\/\/comptoircecil.com\/es\/#\/schema\/logo\/image\/\",\"url\":\"https:\/\/comptoircecil.com\/wp-content\/uploads\/sites\/4\/2025\/05\/LOGO-Comptoir-Cecil-White.svg\",\"contentUrl\":\"https:\/\/comptoircecil.com\/wp-content\/uploads\/sites\/4\/2025\/05\/LOGO-Comptoir-Cecil-White.svg\",\"width\":455,\"height\":123,\"caption\":\"Globe Cecil\"},\"image\":{\"@id\":\"https:\/\/comptoircecil.com\/es\/#\/schema\/logo\/image\/\"}}]}<\/script>\n<!-- \/ Yoast SEO plugin. -->","yoast_head_json":{"title":"Condiciones de venta - Comptoir Cecil","robots":{"index":"noindex","follow":"follow"},"og_locale":"es_ES","og_type":"article","og_title":"Condiciones de venta - Comptoir Cecil","og_url":"https:\/\/comptoircecil.com\/es\/condiciones-generales-de-venta\/","og_site_name":"Comptoir Cecil","article_modified_time":"2025-09-30T11:36:20+00:00","twitter_card":"summary_large_image","twitter_misc":{"Tiempo de lectura":"2 minuto"},"schema":{"@context":"https:\/\/schema.org","@graph":[{"@type":"WebPage","@id":"https:\/\/comptoircecil.com\/es\/condiciones-generales-de-venta\/","url":"https:\/\/comptoircecil.com\/es\/condiciones-generales-de-venta\/","name":"Condiciones de venta - Comptoir Cecil","isPartOf":{"@id":"https:\/\/comptoircecil.com\/es\/#website"},"datePublished":"2025-04-16T15:40:05+00:00","dateModified":"2025-09-30T11:36:20+00:00","breadcrumb":{"@id":"https:\/\/comptoircecil.com\/es\/condiciones-generales-de-venta\/#breadcrumb"},"inLanguage":"es","potentialAction":[{"@type":"ReadAction","target":["https:\/\/comptoircecil.com\/es\/condiciones-generales-de-venta\/"]}]},{"@type":"BreadcrumbList","@id":"https:\/\/comptoircecil.com\/es\/condiciones-generales-de-venta\/#breadcrumb","itemListElement":[{"@type":"ListItem","position":1,"name":"Accueil","item":"https:\/\/comptoircecil.com\/es\/"},{"@type":"ListItem","position":2,"name":"Condiciones de venta"}]},{"@type":"WebSite","@id":"https:\/\/comptoircecil.com\/es\/#website","url":"https:\/\/comptoircecil.com\/es\/","name":"Globe Cecil","description":"","publisher":{"@id":"https:\/\/comptoircecil.com\/es\/#organization"},"potentialAction":[{"@type":"SearchAction","target":{"@type":"EntryPoint","urlTemplate":"https:\/\/comptoircecil.com\/es\/?s={search_term_string}"},"query-input":{"@type":"PropertyValueSpecification","valueRequired":true,"valueName":"search_term_string"}}],"inLanguage":"es"},{"@type":"Organization","@id":"https:\/\/comptoircecil.com\/es\/#organization","name":"Globe Cecil","url":"https:\/\/comptoircecil.com\/es\/","logo":{"@type":"ImageObject","inLanguage":"es","@id":"https:\/\/comptoircecil.com\/es\/#\/schema\/logo\/image\/","url":"https:\/\/comptoircecil.com\/wp-content\/uploads\/sites\/4\/2025\/05\/LOGO-Comptoir-Cecil-White.svg","contentUrl":"https:\/\/comptoircecil.com\/wp-content\/uploads\/sites\/4\/2025\/05\/LOGO-Comptoir-Cecil-White.svg","width":455,"height":123,"caption":"Globe Cecil"},"image":{"@id":"https:\/\/comptoircecil.com\/es\/#\/schema\/logo\/image\/"}}]}},"_links":{"self":[{"href":"https:\/\/comptoircecil.com\/es\/wp-json\/wp\/v2\/pages\/2979","targetHints":{"allow":["GET"]}}],"collection":[{"href":"https:\/\/comptoircecil.com\/es\/wp-json\/wp\/v2\/pages"}],"about":[{"href":"https:\/\/comptoircecil.com\/es\/wp-json\/wp\/v2\/types\/page"}],"author":[{"embeddable":true,"href":"https:\/\/comptoircecil.com\/es\/wp-json\/wp\/v2\/users\/2"}],"replies":[{"embeddable":true,"href":"https:\/\/comptoircecil.com\/es\/wp-json\/wp\/v2\/comments?post=2979"}],"version-history":[{"count":9,"href":"https:\/\/comptoircecil.com\/es\/wp-json\/wp\/v2\/pages\/2979\/revisions"}],"predecessor-version":[{"id":7733,"href":"https:\/\/comptoircecil.com\/es\/wp-json\/wp\/v2\/pages\/2979\/revisions\/7733"}],"wp:attachment":[{"href":"https:\/\/comptoircecil.com\/es\/wp-json\/wp\/v2\/media?parent=2979"}],"curies":[{"name":"wp","href":"https:\/\/api.w.org\/{rel}","templated":true}]}}