{"id":1830,"date":"2025-04-16T17:40:08","date_gmt":"2025-04-16T15:40:08","guid":{"rendered":"https:\/\/comptoircecil.com\/localisation-en\/"},"modified":"2025-07-25T13:48:55","modified_gmt":"2025-07-25T11:48:55","slug":"breakfast","status":"publish","type":"page","link":"https:\/\/comptoircecil.com\/en\/restaurant-lyon-2-bellecour\/breakfast\/","title":{"rendered":"Breakfast"},"content":{"rendered":"\n<section class=\"heading wp-elements-35aaea9313028f59b75ae0dc655e2dde wp-elements-35aaea9313028f59b75ae0dc655e2dde wp-block-acf-heading has-text-color has-primary-color has-background has-white-100-background-color\">\n\t<div class=\"heading__container\">\n\t\t\t\t\t<div class=\"heading__background-picture\">\n\t\t\t\t<img decoding=\"async\" width=\"1620\" height=\"1080\" src=\"https:\/\/comptoircecil.com\/wp-content\/uploads\/sites\/4\/2025\/06\/petit-dejeuenr-lyon.jpg\" class=\"attachment-full size-full\" alt=\"petit dejeuenr lyon\" fetchpriority=\"high\" srcset=\"https:\/\/comptoircecil.com\/wp-content\/uploads\/sites\/4\/2025\/06\/petit-dejeuenr-lyon.jpg 1620w, https:\/\/comptoircecil.com\/wp-content\/uploads\/sites\/4\/2025\/06\/petit-dejeuenr-lyon-600x400.jpg 600w, https:\/\/comptoircecil.com\/wp-content\/uploads\/sites\/4\/2025\/06\/petit-dejeuenr-lyon-1400x933.jpg 1400w, https:\/\/comptoircecil.com\/wp-content\/uploads\/sites\/4\/2025\/06\/petit-dejeuenr-lyon-768x512.jpg 768w, https:\/\/comptoircecil.com\/wp-content\/uploads\/sites\/4\/2025\/06\/petit-dejeuenr-lyon-1536x1024.jpg 1536w\" sizes=\"(max-width: 1620px) 100vw, 1620px\" \/>\t\t\t<\/div>\n\t\t\t\t<div class=\"heading__layout\">\n\t\t\t<div class=\"heading__content-wrapper has-white-100-background-color\">\n\t\t\t\t<div class=\"heading__content has-white-100-background-color\">\n\t\t\t\t\t\t\t\t\t<p id=\"breadcrumbs\"><span><span><a href=\"https:\/\/comptoircecil.com\/en\/\">Home<\/a><\/span><\/span><\/p>\t\t\t\t\t\t\t\t\t<div class=\"acf-innerblocks-container\">\n\n<div class=\"wp-block-group heading-content-group is-layout-grid wp-container-core-group-is-layout-96b258e4 wp-block-group-is-layout-grid\">\n<h1 class=\"wp-block-heading has-text-align-left heading__title has-primary-color has-text-color has-xx-large-font-size wp-container-content-32a3e683\"><strong>Breakfast<\/strong><\/h1>\n\n\n\n<p class=\"heading__chapo has-primary-color has-text-color wp-container-content-32a3e683\">Coffee to start the day?<\/p>\n<\/div>\n\n<\/div>\n\t\t\t\t<\/div>\n\t\t\t\t\t\t\t<\/div>\n\t\t<\/div>\n\t<\/div>\n<\/section>\n\n\n\t<section\n\t\tstyle=\"padding-top:var(--wp--preset--spacing--theme-default);padding-bottom:var(--wp--preset--spacing--theme-default);\" class=\"double-columns wp-block-acf-double-columns has-background has-white-background-color has-global-padding is-layout-constrained wp-container-acf-double-columns-is-layout-a22d0bdd wp-block-acf-double-columns-is-layout-constrained\"\t>\n\n<div class=\"double-columns__innerblocks\">\n\n<div class=\"wp-block-group is-vertical is-content-justification-stretch is-layout-flex wp-container-core-group-is-layout-a67fda00 wp-block-group-is-layout-flex\">\n<div class=\"wp-block-group is-vertical is-content-justification-center is-layout-flex wp-container-core-group-is-layout-fa38c63a wp-block-group-is-layout-flex\">\n<figure class=\"wp-block-image aligncenter size-full is-resized\"><img decoding=\"async\" width=\"1400\" height=\"1100\" src=\"https:\/\/comptoircecil.com\/wp-content\/uploads\/sites\/4\/2025\/06\/coffee@4x-e1751374208133.png\" alt=\"coffee@4x\" class=\"wp-image-5843\" style=\"width:auto;height:120px\" srcset=\"https:\/\/comptoircecil.com\/wp-content\/uploads\/sites\/4\/2025\/06\/coffee@4x-e1751374208133.png 1400w, https:\/\/comptoircecil.com\/wp-content\/uploads\/sites\/4\/2025\/06\/coffee@4x-e1751374208133-600x471.png 600w, https:\/\/comptoircecil.com\/wp-content\/uploads\/sites\/4\/2025\/06\/coffee@4x-e1751374208133-768x603.png 768w\" sizes=\"(max-width: 1400px) 100vw, 1400px\" \/><\/figure>\n<\/div>\n\n\n\n<p class=\"has-text-align-left\">Here, the morning begins in the Comptoir room, bathed in light and full of charm, where we sit down without hurrying to enjoy a real breakfast as we like it: generous, local, and made with heart.<\/p>\n\n\n\n<ul class=\"wp-block-list\">\n<li><strong>Open 7 days a week (no reservations required for external customers)<\/strong><\/li>\n\n\n\n<li><strong>6am-10am &#8211; Monday to Friday<\/strong><\/li>\n\n\n\n<li><strong>7am-11am &#8211; Weekends and public holidays<\/strong><\/li>\n<\/ul>\n<\/div>\n\n\n\n<div class=\"wp-block-group is-layout-flow wp-block-group-is-layout-flow\">\n<figure class=\"wp-block-image size-full\"><img decoding=\"async\" width=\"720\" height=\"1080\" src=\"https:\/\/comptoircecil.com\/wp-content\/uploads\/sites\/4\/2025\/06\/brunch-a-lyon.jpg\" alt=\"brunch in lyon\" class=\"wp-image-5837\" style=\"aspect-ratio:1;object-fit:cover\" srcset=\"https:\/\/comptoircecil.com\/wp-content\/uploads\/sites\/4\/2025\/06\/brunch-a-lyon.jpg 720w, https:\/\/comptoircecil.com\/wp-content\/uploads\/sites\/4\/2025\/06\/brunch-a-lyon-400x600.jpg 400w\" sizes=\"(max-width: 720px) 100vw, 720px\" \/><\/figure>\n<\/div>\n\n<\/div>\n\n<\/section>\n\n\t<section\n\t\tstyle=\"padding-top:var(--wp--preset--spacing--theme-default);padding-bottom:var(--wp--preset--spacing--theme-default);\" class=\"double-columns double-columns-reverse_colums_mobile image-is-animate wp-block-acf-double-columns has-background has-white-100-background-color has-global-padding is-layout-constrained wp-container-acf-double-columns-is-layout-a22d0bdd wp-block-acf-double-columns-is-layout-constrained\"\t>\n\n<div class=\"double-columns__innerblocks\">\n\n<div class=\"wp-block-group is-vertical is-layout-flex wp-container-core-group-is-layout-99e95872 wp-block-group-is-layout-flex\">\n<figure class=\"wp-block-image size-full\"><img decoding=\"async\" width=\"721\" height=\"1080\" src=\"https:\/\/comptoircecil.com\/wp-content\/uploads\/sites\/4\/2025\/03\/hotel_lyon_centre_ville_petit-dejeuner1.jpg\" alt=\"hotel lyon center ville breakfast1\" class=\"wp-image-1660\" style=\"aspect-ratio:3\/4;object-fit:cover\" srcset=\"https:\/\/comptoircecil.com\/wp-content\/uploads\/sites\/4\/2025\/03\/hotel_lyon_centre_ville_petit-dejeuner1.jpg 721w, https:\/\/comptoircecil.com\/wp-content\/uploads\/sites\/4\/2025\/03\/hotel_lyon_centre_ville_petit-dejeuner1-200x300.jpg 200w, https:\/\/comptoircecil.com\/wp-content\/uploads\/sites\/4\/2025\/03\/hotel_lyon_centre_ville_petit-dejeuner1-684x1024.jpg 684w\" sizes=\"(max-width: 721px) 100vw, 721px\" \/><\/figure>\n<\/div>\n\n\n\n<div class=\"wp-block-group is-vertical is-layout-flex wp-container-core-group-is-layout-99e95872 wp-block-group-is-layout-flex\">\n<h2 class=\"wp-block-heading\">Our breakfast buffet<\/h2>\n\n\n\n<p>Every day, we feature fresh, seasonal produce sourced from local producers and committed artisans. No Lyon brunch, though&#8230; Mature cheeses, fresh bread, homemade jams, organic eggs, seasonal fruit, freshly squeezed juices, homemade granola, daily cakes&#8230; Everything is provided to satisfy gourmets, whether sweet, savoury or both. <\/p>\n\n\n\n<p><\/p>\n\n\n\n<ul class=\"wp-block-list\">\n<li><strong>19\u20ac \/adult (12 years and over)<\/strong><\/li>\n\n\n\n<li><strong>9.5\u20ac \/child (5-12years)<\/strong><\/li>\n\n\n\n<li><strong>Free \/child (-5years)<\/strong><\/li>\n<\/ul>\n<\/div>\n\n<\/div>\n\n<\/section>\n\n\t<section\n\t\tstyle=\"padding-top:var(--wp--preset--spacing--theme-default);padding-bottom:var(--wp--preset--spacing--theme-default);\" class=\"block-container align wp-block-acf-block-container has-background has-white-background-color has-global-padding is-layout-constrained wp-container-acf-block-container-is-layout-89fc666d wp-block-acf-block-container-is-layout-constrained\"\t>\n\n\t\n\n<h3 class=\"wp-block-heading has-text-align-center\">Fancy a simple coffee croissant before starting the day? You&#8217;re always welcome. <\/h3>\n\n\n\n<\/section>\n","protected":false},"excerpt":{"rendered":"","protected":false},"author":2,"featured_media":4371,"parent":1808,"menu_order":0,"comment_status":"closed","ping_status":"closed","template":"","meta":{"_acf_changed":false,"inline_featured_image":false,"footnotes":""},"class_list":["post-1830","page","type-page","status-publish","has-post-thumbnail","hentry"],"acf":[],"yoast_head":"<!-- This site is optimized with the Yoast SEO plugin v27.4 - https:\/\/yoast.com\/product\/yoast-seo-wordpress\/ -->\n<title>Breakfast Lyon 2 - Hotel 4 \u00e9toiles Bellecour, Presqu&#039;\u00eele<\/title>\n<meta name=\"description\" content=\"Gourmet breakfast a stone&#039;s throw from Bellecour. 4-star hotel and fresh produce to start the day.\" \/>\n<meta name=\"robots\" content=\"index, follow, max-snippet:-1, max-image-preview:large, max-video-preview:-1\" \/>\n<link rel=\"canonical\" href=\"https:\/\/comptoircecil.com\/en\/restaurant-lyon-2-bellecour\/breakfast\/\" \/>\n<meta property=\"og:locale\" content=\"en_US\" \/>\n<meta property=\"og:type\" content=\"article\" \/>\n<meta property=\"og:title\" content=\"Breakfast Lyon 2 - Hotel 4 \u00e9toiles Bellecour, Presqu&#039;\u00eele\" \/>\n<meta property=\"og:description\" content=\"Gourmet breakfast a stone&#039;s throw from Bellecour. 4-star hotel and fresh produce to start the day.\" \/>\n<meta property=\"og:url\" content=\"https:\/\/comptoircecil.com\/en\/restaurant-lyon-2-bellecour\/breakfast\/\" \/>\n<meta property=\"og:site_name\" content=\"Comptoir Cecil\" \/>\n<meta property=\"article:modified_time\" content=\"2025-07-25T11:48:55+00:00\" \/>\n<meta property=\"og:image\" content=\"https:\/\/comptoircecil.com\/wp-content\/uploads\/sites\/4\/2025\/03\/Hotel_lyon_Bellecour1.jpg\" \/>\n\t<meta property=\"og:image:width\" content=\"720\" \/>\n\t<meta property=\"og:image:height\" content=\"1080\" \/>\n\t<meta property=\"og:image:type\" content=\"image\/jpeg\" \/>\n<meta name=\"twitter:card\" content=\"summary_large_image\" \/>\n<meta name=\"twitter:label1\" content=\"Est. reading time\" \/>\n\t<meta name=\"twitter:data1\" content=\"2 minutes\" \/>\n<script type=\"application\/ld+json\" class=\"yoast-schema-graph\">{\"@context\":\"https:\\\/\\\/schema.org\",\"@graph\":[{\"@type\":\"WebPage\",\"@id\":\"https:\\\/\\\/comptoircecil.com\\\/en\\\/restaurant-lyon-2-bellecour\\\/breakfast\\\/\",\"url\":\"https:\\\/\\\/comptoircecil.com\\\/en\\\/restaurant-lyon-2-bellecour\\\/breakfast\\\/\",\"name\":\"Breakfast Lyon 2 - Hotel 4 \u00e9toiles Bellecour, Presqu'\u00eele\",\"isPartOf\":{\"@id\":\"https:\\\/\\\/comptoircecil.com\\\/en\\\/#website\"},\"primaryImageOfPage\":{\"@id\":\"https:\\\/\\\/comptoircecil.com\\\/en\\\/restaurant-lyon-2-bellecour\\\/breakfast\\\/#primaryimage\"},\"image\":{\"@id\":\"https:\\\/\\\/comptoircecil.com\\\/en\\\/restaurant-lyon-2-bellecour\\\/breakfast\\\/#primaryimage\"},\"thumbnailUrl\":\"https:\\\/\\\/comptoircecil.com\\\/wp-content\\\/uploads\\\/sites\\\/4\\\/2025\\\/03\\\/Hotel_lyon_Bellecour1.jpg\",\"datePublished\":\"2025-04-16T15:40:08+00:00\",\"dateModified\":\"2025-07-25T11:48:55+00:00\",\"description\":\"Gourmet breakfast a stone's throw from Bellecour. 4-star hotel and fresh produce to start the day.\",\"breadcrumb\":{\"@id\":\"https:\\\/\\\/comptoircecil.com\\\/en\\\/restaurant-lyon-2-bellecour\\\/breakfast\\\/#breadcrumb\"},\"inLanguage\":\"en-US\",\"potentialAction\":[{\"@type\":\"ReadAction\",\"target\":[\"https:\\\/\\\/comptoircecil.com\\\/en\\\/restaurant-lyon-2-bellecour\\\/breakfast\\\/\"]}]},{\"@type\":\"ImageObject\",\"inLanguage\":\"en-US\",\"@id\":\"https:\\\/\\\/comptoircecil.com\\\/en\\\/restaurant-lyon-2-bellecour\\\/breakfast\\\/#primaryimage\",\"url\":\"https:\\\/\\\/comptoircecil.com\\\/wp-content\\\/uploads\\\/sites\\\/4\\\/2025\\\/03\\\/Hotel_lyon_Bellecour1.jpg\",\"contentUrl\":\"https:\\\/\\\/comptoircecil.com\\\/wp-content\\\/uploads\\\/sites\\\/4\\\/2025\\\/03\\\/Hotel_lyon_Bellecour1.jpg\",\"width\":720,\"height\":1080,\"caption\":\"Hotel lyon Bellecour1\"},{\"@type\":\"BreadcrumbList\",\"@id\":\"https:\\\/\\\/comptoircecil.com\\\/en\\\/restaurant-lyon-2-bellecour\\\/breakfast\\\/#breadcrumb\",\"itemListElement\":[{\"@type\":\"ListItem\",\"position\":1,\"name\":\"Home\",\"item\":\"https:\\\/\\\/comptoircecil.com\\\/en\\\/\"},{\"@type\":\"ListItem\",\"position\":2,\"name\":\"The restaurant\",\"item\":\"https:\\\/\\\/comptoircecil.com\\\/en\\\/restaurant-lyon-2-bellecour\\\/\"},{\"@type\":\"ListItem\",\"position\":3,\"name\":\"Breakfast\"}]},{\"@type\":\"WebSite\",\"@id\":\"https:\\\/\\\/comptoircecil.com\\\/en\\\/#website\",\"url\":\"https:\\\/\\\/comptoircecil.com\\\/en\\\/\",\"name\":\"Globe Cecil\",\"description\":\"H\u00f4tel 4 \u00e9toiles \u00e0 Lyon\",\"publisher\":{\"@id\":\"https:\\\/\\\/comptoircecil.com\\\/en\\\/#organization\"},\"potentialAction\":[{\"@type\":\"SearchAction\",\"target\":{\"@type\":\"EntryPoint\",\"urlTemplate\":\"https:\\\/\\\/comptoircecil.com\\\/en\\\/?s={search_term_string}\"},\"query-input\":{\"@type\":\"PropertyValueSpecification\",\"valueRequired\":true,\"valueName\":\"search_term_string\"}}],\"inLanguage\":\"en-US\"},{\"@type\":\"Organization\",\"@id\":\"https:\\\/\\\/comptoircecil.com\\\/en\\\/#organization\",\"name\":\"Globe Cecil\",\"url\":\"https:\\\/\\\/comptoircecil.com\\\/en\\\/\",\"logo\":{\"@type\":\"ImageObject\",\"inLanguage\":\"en-US\",\"@id\":\"https:\\\/\\\/comptoircecil.com\\\/en\\\/#\\\/schema\\\/logo\\\/image\\\/\",\"url\":\"https:\\\/\\\/comptoircecil.com\\\/wp-content\\\/uploads\\\/sites\\\/4\\\/2025\\\/05\\\/LOGO-Comptoir-Cecil-White.svg\",\"contentUrl\":\"https:\\\/\\\/comptoircecil.com\\\/wp-content\\\/uploads\\\/sites\\\/4\\\/2025\\\/05\\\/LOGO-Comptoir-Cecil-White.svg\",\"width\":455,\"height\":123,\"caption\":\"Globe Cecil\"},\"image\":{\"@id\":\"https:\\\/\\\/comptoircecil.com\\\/en\\\/#\\\/schema\\\/logo\\\/image\\\/\"}}]}<\/script>\n<!-- \/ Yoast SEO plugin. -->","yoast_head_json":{"title":"Breakfast Lyon 2 - Hotel 4 \u00e9toiles Bellecour, Presqu'\u00eele","description":"Gourmet breakfast a stone's throw from Bellecour. 4-star hotel and fresh produce to start the day.","robots":{"index":"index","follow":"follow","max-snippet":"max-snippet:-1","max-image-preview":"max-image-preview:large","max-video-preview":"max-video-preview:-1"},"canonical":"https:\/\/comptoircecil.com\/en\/restaurant-lyon-2-bellecour\/breakfast\/","og_locale":"en_US","og_type":"article","og_title":"Breakfast Lyon 2 - Hotel 4 \u00e9toiles Bellecour, Presqu'\u00eele","og_description":"Gourmet breakfast a stone's throw from Bellecour. 4-star hotel and fresh produce to start the day.","og_url":"https:\/\/comptoircecil.com\/en\/restaurant-lyon-2-bellecour\/breakfast\/","og_site_name":"Comptoir Cecil","article_modified_time":"2025-07-25T11:48:55+00:00","og_image":[{"width":720,"height":1080,"url":"https:\/\/comptoircecil.com\/wp-content\/uploads\/sites\/4\/2025\/03\/Hotel_lyon_Bellecour1.jpg","type":"image\/jpeg"}],"twitter_card":"summary_large_image","twitter_misc":{"Est. reading time":"2 minutes"},"schema":{"@context":"https:\/\/schema.org","@graph":[{"@type":"WebPage","@id":"https:\/\/comptoircecil.com\/en\/restaurant-lyon-2-bellecour\/breakfast\/","url":"https:\/\/comptoircecil.com\/en\/restaurant-lyon-2-bellecour\/breakfast\/","name":"Breakfast Lyon 2 - Hotel 4 \u00e9toiles Bellecour, Presqu'\u00eele","isPartOf":{"@id":"https:\/\/comptoircecil.com\/en\/#website"},"primaryImageOfPage":{"@id":"https:\/\/comptoircecil.com\/en\/restaurant-lyon-2-bellecour\/breakfast\/#primaryimage"},"image":{"@id":"https:\/\/comptoircecil.com\/en\/restaurant-lyon-2-bellecour\/breakfast\/#primaryimage"},"thumbnailUrl":"https:\/\/comptoircecil.com\/wp-content\/uploads\/sites\/4\/2025\/03\/Hotel_lyon_Bellecour1.jpg","datePublished":"2025-04-16T15:40:08+00:00","dateModified":"2025-07-25T11:48:55+00:00","description":"Gourmet breakfast a stone's throw from Bellecour. 4-star hotel and fresh produce to start the day.","breadcrumb":{"@id":"https:\/\/comptoircecil.com\/en\/restaurant-lyon-2-bellecour\/breakfast\/#breadcrumb"},"inLanguage":"en-US","potentialAction":[{"@type":"ReadAction","target":["https:\/\/comptoircecil.com\/en\/restaurant-lyon-2-bellecour\/breakfast\/"]}]},{"@type":"ImageObject","inLanguage":"en-US","@id":"https:\/\/comptoircecil.com\/en\/restaurant-lyon-2-bellecour\/breakfast\/#primaryimage","url":"https:\/\/comptoircecil.com\/wp-content\/uploads\/sites\/4\/2025\/03\/Hotel_lyon_Bellecour1.jpg","contentUrl":"https:\/\/comptoircecil.com\/wp-content\/uploads\/sites\/4\/2025\/03\/Hotel_lyon_Bellecour1.jpg","width":720,"height":1080,"caption":"Hotel lyon Bellecour1"},{"@type":"BreadcrumbList","@id":"https:\/\/comptoircecil.com\/en\/restaurant-lyon-2-bellecour\/breakfast\/#breadcrumb","itemListElement":[{"@type":"ListItem","position":1,"name":"Home","item":"https:\/\/comptoircecil.com\/en\/"},{"@type":"ListItem","position":2,"name":"The restaurant","item":"https:\/\/comptoircecil.com\/en\/restaurant-lyon-2-bellecour\/"},{"@type":"ListItem","position":3,"name":"Breakfast"}]},{"@type":"WebSite","@id":"https:\/\/comptoircecil.com\/en\/#website","url":"https:\/\/comptoircecil.com\/en\/","name":"Globe Cecil","description":"H\u00f4tel 4 \u00e9toiles \u00e0 Lyon","publisher":{"@id":"https:\/\/comptoircecil.com\/en\/#organization"},"potentialAction":[{"@type":"SearchAction","target":{"@type":"EntryPoint","urlTemplate":"https:\/\/comptoircecil.com\/en\/?s={search_term_string}"},"query-input":{"@type":"PropertyValueSpecification","valueRequired":true,"valueName":"search_term_string"}}],"inLanguage":"en-US"},{"@type":"Organization","@id":"https:\/\/comptoircecil.com\/en\/#organization","name":"Globe Cecil","url":"https:\/\/comptoircecil.com\/en\/","logo":{"@type":"ImageObject","inLanguage":"en-US","@id":"https:\/\/comptoircecil.com\/en\/#\/schema\/logo\/image\/","url":"https:\/\/comptoircecil.com\/wp-content\/uploads\/sites\/4\/2025\/05\/LOGO-Comptoir-Cecil-White.svg","contentUrl":"https:\/\/comptoircecil.com\/wp-content\/uploads\/sites\/4\/2025\/05\/LOGO-Comptoir-Cecil-White.svg","width":455,"height":123,"caption":"Globe Cecil"},"image":{"@id":"https:\/\/comptoircecil.com\/en\/#\/schema\/logo\/image\/"}}]}},"_links":{"self":[{"href":"https:\/\/comptoircecil.com\/en\/wp-json\/wp\/v2\/pages\/1830","targetHints":{"allow":["GET"]}}],"collection":[{"href":"https:\/\/comptoircecil.com\/en\/wp-json\/wp\/v2\/pages"}],"about":[{"href":"https:\/\/comptoircecil.com\/en\/wp-json\/wp\/v2\/types\/page"}],"author":[{"embeddable":true,"href":"https:\/\/comptoircecil.com\/en\/wp-json\/wp\/v2\/users\/2"}],"replies":[{"embeddable":true,"href":"https:\/\/comptoircecil.com\/en\/wp-json\/wp\/v2\/comments?post=1830"}],"version-history":[{"count":16,"href":"https:\/\/comptoircecil.com\/en\/wp-json\/wp\/v2\/pages\/1830\/revisions"}],"predecessor-version":[{"id":7525,"href":"https:\/\/comptoircecil.com\/en\/wp-json\/wp\/v2\/pages\/1830\/revisions\/7525"}],"up":[{"embeddable":true,"href":"https:\/\/comptoircecil.com\/en\/wp-json\/wp\/v2\/pages\/1808"}],"wp:featuredmedia":[{"embeddable":true,"href":"https:\/\/comptoircecil.com\/en\/wp-json\/wp\/v2\/media\/4371"}],"wp:attachment":[{"href":"https:\/\/comptoircecil.com\/en\/wp-json\/wp\/v2\/media?parent=1830"}],"curies":[{"name":"wp","href":"https:\/\/api.w.org\/{rel}","templated":true}]}}