{"id":1825,"date":"2025-04-16T17:40:07","date_gmt":"2025-04-16T15:40:07","guid":{"rendered":"https:\/\/comptoircecil.com\/les-chambres-en\/"},"modified":"2025-07-25T13:45:28","modified_gmt":"2025-07-25T11:45:28","slug":"afterwork","status":"publish","type":"page","link":"https:\/\/comptoircecil.com\/en\/restaurant-lyon-2-bellecour\/afterwork\/","title":{"rendered":"Afterwork"},"content":{"rendered":"\n<section class=\"heading wp-elements-d84d1364b732f6ccd89291a4db918972 wp-elements-d84d1364b732f6ccd89291a4db918972 wp-block-acf-heading has-text-color has-primary-color has-background has-white-100-background-color\">\n\t<div class=\"heading__container\">\n\t\t\t\t\t<div class=\"heading__background-picture\">\n\t\t\t\t<img decoding=\"async\" width=\"1495\" height=\"1080\" src=\"https:\/\/comptoircecil.com\/wp-content\/uploads\/sites\/4\/2025\/06\/afterwork-lyon.jpg\" class=\"attachment-full size-full\" alt=\"afterwork lyon\" fetchpriority=\"high\" srcset=\"https:\/\/comptoircecil.com\/wp-content\/uploads\/sites\/4\/2025\/06\/afterwork-lyon.jpg 1495w, https:\/\/comptoircecil.com\/wp-content\/uploads\/sites\/4\/2025\/06\/afterwork-lyon-600x433.jpg 600w, https:\/\/comptoircecil.com\/wp-content\/uploads\/sites\/4\/2025\/06\/afterwork-lyon-1400x1011.jpg 1400w, https:\/\/comptoircecil.com\/wp-content\/uploads\/sites\/4\/2025\/06\/afterwork-lyon-768x555.jpg 768w\" sizes=\"(max-width: 1495px) 100vw, 1495px\" \/>\t\t\t<\/div>\n\t\t\t\t<div class=\"heading__layout\">\n\t\t\t<div class=\"heading__content-wrapper has-white-100-background-color\">\n\t\t\t\t<div class=\"heading__content has-white-100-background-color\">\n\t\t\t\t\t\t\t\t\t<p id=\"breadcrumbs\"><span><span><a href=\"https:\/\/comptoircecil.com\/en\/\">Home<\/a><\/span><\/span><\/p>\t\t\t\t\t\t\t\t\t<div class=\"acf-innerblocks-container\">\n\n<div class=\"wp-block-group heading-content-group is-layout-grid wp-container-core-group-is-layout-96b258e4 wp-block-group-is-layout-grid\">\n<h1 class=\"wp-block-heading has-text-align-left heading__title has-primary-color has-text-color has-xx-large-font-size\"><strong>Afterwork<\/strong><\/h1>\n\n\n\n<p class=\"heading__chapo has-primary-color has-text-color wp-container-content-32a3e683\">Monday to Saturday, 5pm-7pm<\/p>\n<\/div>\n\n<\/div>\n\t\t\t\t<\/div>\n\t\t\t\t\t\t\t<\/div>\n\t\t<\/div>\n\t<\/div>\n<\/section>\n\n\n\t<section\n\t\tstyle=\"padding-top:var(--wp--preset--spacing--theme-default);padding-bottom:var(--wp--preset--spacing--theme-default);\" class=\"double-columns wp-block-acf-double-columns has-background has-white-background-color has-global-padding is-layout-constrained wp-container-acf-double-columns-is-layout-a22d0bdd wp-block-acf-double-columns-is-layout-constrained\"\t>\n\n<div class=\"double-columns__innerblocks\">\n\n<div class=\"wp-block-group is-vertical is-content-justification-stretch is-layout-flex wp-container-core-group-is-layout-5f0cd685 wp-block-group-is-layout-flex\">\n<div class=\"wp-block-group is-vertical is-content-justification-center is-layout-flex wp-container-core-group-is-layout-a5abbfc6 wp-block-group-is-layout-flex\" style=\"padding-top:0;padding-right:0;padding-bottom:var(--wp--preset--spacing--theme-s);padding-left:0\">\n<figure class=\"wp-block-image size-full is-resized\"><img decoding=\"async\" width=\"1395\" height=\"2045\" src=\"https:\/\/comptoircecil.com\/wp-content\/uploads\/sites\/4\/2025\/06\/dw21-mynt-03-a-Converti.png\" alt=\"dw21 mynt 03 a [Converted]\" class=\"wp-image-5939\" style=\"width:80px\" srcset=\"https:\/\/comptoircecil.com\/wp-content\/uploads\/sites\/4\/2025\/06\/dw21-mynt-03-a-Converti.png 1395w, https:\/\/comptoircecil.com\/wp-content\/uploads\/sites\/4\/2025\/06\/dw21-mynt-03-a-Converti-409x600.png 409w, https:\/\/comptoircecil.com\/wp-content\/uploads\/sites\/4\/2025\/06\/dw21-mynt-03-a-Converti-955x1400.png 955w, https:\/\/comptoircecil.com\/wp-content\/uploads\/sites\/4\/2025\/06\/dw21-mynt-03-a-Converti-768x1126.png 768w, https:\/\/comptoircecil.com\/wp-content\/uploads\/sites\/4\/2025\/06\/dw21-mynt-03-a-Converti-1048x1536.png 1048w\" sizes=\"(max-width: 1395px) 100vw, 1395px\" \/><\/figure>\n<\/div>\n\n\n\n<p>In the center of Lyon, a stone&#8217;s throw from Bellecour, Comptoir Cecil is the ideal place to let off steam over a drink and a plate of food to share (or not). Here, afterwork takes on the air of an aperitif on the terrace or on the sofas, with colleagues, friends or local neighbors. <\/p>\n\n\n\n<p><strong>Enjoy a selection of spreads, terrines, p\u00e2t\u00e9s, charcuterie, cheeses and other delicious products from our partners for as little as \u20ac5.<\/strong><\/p>\n<\/div>\n\n\n\n<div class=\"wp-block-group is-layout-flow wp-block-group-is-layout-flow\">\n<figure class=\"wp-block-image size-full\"><img decoding=\"async\" width=\"720\" height=\"1080\" src=\"https:\/\/comptoircecil.com\/wp-content\/uploads\/sites\/4\/2025\/06\/happy-hour-lyon.jpg\" alt=\"happy hour lyon\" class=\"wp-image-7081\" style=\"aspect-ratio:1;object-fit:cover\" srcset=\"https:\/\/comptoircecil.com\/wp-content\/uploads\/sites\/4\/2025\/06\/happy-hour-lyon.jpg 720w, https:\/\/comptoircecil.com\/wp-content\/uploads\/sites\/4\/2025\/06\/happy-hour-lyon-400x600.jpg 400w\" sizes=\"(max-width: 720px) 100vw, 720px\" \/><\/figure>\n<\/div>\n\n<\/div>\n\n<\/section>\n\n\t<section\n\t\tstyle=\"padding-top:var(--wp--preset--spacing--theme-default);padding-bottom:var(--wp--preset--spacing--theme-default);\" class=\"block-container align wp-block-acf-block-container has-background has-white-100-background-color has-global-padding is-layout-constrained wp-container-acf-block-container-is-layout-89fc666d wp-block-acf-block-container-is-layout-constrained\"\t>\n\n\t\n\n<h3 class=\"wp-block-heading has-text-align-center\">Comptoir happy hour<\/h3>\n\n\n\n<p class=\"has-text-align-center\">Monday to Friday 5 &#8211; 6.30pm<\/p>\n\n\n\n<\/section>\n\n\t<section\n\t\tstyle=\"padding-top:var(--wp--preset--spacing--theme-default);padding-bottom:var(--wp--preset--spacing--theme-default);\" class=\"block-container align wp-block-acf-block-container has-background has-white-background-color has-global-padding is-layout-constrained wp-container-acf-block-container-is-layout-726a9260 wp-block-acf-block-container-is-layout-constrained\"\t>\n\n\t\n\n<div class=\"wp-block-group has-global-padding is-layout-constrained wp-block-group-is-layout-constrained\">\n<h3 class=\"wp-block-heading has-text-align-left\">Here&#8217;s to you!<\/h3>\n\n\n\n<p>A fine selection of wines, house cocktails that change with the mood, craft beers, original softs&#8230; and a few plates to share according to the Chef&#8217;s mood.<\/p>\n\n\n\n<p>Alcohol abuse is dangerous for your health. Drink in moderation. <\/p>\n<\/div>\n\n\n\n<div\nclass=\"slider slider__is-gallery alignfull wp-block-acf-slider\" id=\"slider-id-1\" data-gallery-id=\"gallery-slider-id-1\">\n\t<div class=\"wp-block-group\n\t\t\tswiper\">\n\t\t<div class=\"swiper-wrapper slider__innerblocks\">\n\t\t\t<div\n\t\tclass=\"card swiper-slide wp-block-acf-card\" id=\"card-id--1\"\t\t>\n\t\n\t\t\t\t\t\t<a href=\"https:\/\/comptoircecil.com\/wp-content\/uploads\/sites\/4\/2025\/06\/restaurant-bellecour-lyon1.jpg\" data-fancybox=\"gallery\" data-caption=\"restaurant bellecour lyon1\"\n\t\t\t>\n\t\t\t\t<img decoding=\"async\" width=\"720\" height=\"1080\" src=\"https:\/\/comptoircecil.com\/wp-content\/uploads\/sites\/4\/2025\/06\/restaurant-bellecour-lyon1.jpg\" class=\"card__image\" alt=\"restaurant bellecour lyon1\" srcset=\"https:\/\/comptoircecil.com\/wp-content\/uploads\/sites\/4\/2025\/06\/restaurant-bellecour-lyon1.jpg 720w, https:\/\/comptoircecil.com\/wp-content\/uploads\/sites\/4\/2025\/06\/restaurant-bellecour-lyon1-400x600.jpg 400w\" sizes=\"(max-width: 720px) 100vw, 720px\" \/>\t\t\t\t\t<\/a>\n\t\t\t\n\t\t<\/div>\n\t\n\n\t\t\t<div\n\t\tclass=\"card swiper-slide wp-block-acf-card\" id=\"card-id--2\"\t\t>\n\t\n\t\t\t\t\t\t<a href=\"https:\/\/comptoircecil.com\/wp-content\/uploads\/sites\/4\/2025\/06\/lieu-evenementiel-lyon10.jpg\" data-fancybox=\"gallery\" data-caption=\"lieu evenementiel lyon10\"\n\t\t\t>\n\t\t\t\t<img decoding=\"async\" width=\"683\" height=\"1024\" src=\"https:\/\/comptoircecil.com\/wp-content\/uploads\/sites\/4\/2025\/06\/lieu-evenementiel-lyon10.jpg\" class=\"card__image\" alt=\"lieu evenementiel lyon10\" srcset=\"https:\/\/comptoircecil.com\/wp-content\/uploads\/sites\/4\/2025\/06\/lieu-evenementiel-lyon10.jpg 683w, https:\/\/comptoircecil.com\/wp-content\/uploads\/sites\/4\/2025\/06\/lieu-evenementiel-lyon10-400x600.jpg 400w\" sizes=\"(max-width: 683px) 100vw, 683px\" \/>\t\t\t\t\t<\/a>\n\t\t\t\n\t\t<\/div>\n\t\n\n\t\t\t<div\n\t\tclass=\"card swiper-slide wp-block-acf-card\" id=\"card-id--3\"\t\t>\n\t\n\t\t\t\t\t\t<a href=\"https:\/\/comptoircecil.com\/wp-content\/uploads\/sites\/4\/2025\/06\/cocktail-dentreprise-lyon-lieu5.jpg\" data-fancybox=\"gallery\" data-caption=\"cocktail dentreprise lyon lieu5\"\n\t\t\t>\n\t\t\t\t<img decoding=\"async\" width=\"683\" height=\"1024\" src=\"https:\/\/comptoircecil.com\/wp-content\/uploads\/sites\/4\/2025\/06\/cocktail-dentreprise-lyon-lieu5.jpg\" class=\"card__image\" alt=\"cocktail dentreprise lyon lieu5\" srcset=\"https:\/\/comptoircecil.com\/wp-content\/uploads\/sites\/4\/2025\/06\/cocktail-dentreprise-lyon-lieu5.jpg 683w, https:\/\/comptoircecil.com\/wp-content\/uploads\/sites\/4\/2025\/06\/cocktail-dentreprise-lyon-lieu5-400x600.jpg 400w\" sizes=\"(max-width: 683px) 100vw, 683px\" \/>\t\t\t\t\t<\/a>\n\t\t\t\n\t\t<\/div>\n\t\n\n\t\t\t<div\n\t\tclass=\"card swiper-slide wp-block-acf-card\" id=\"card-id--4\"\t\t>\n\t\n\t\t\t\t\t\t<a href=\"https:\/\/comptoircecil.com\/wp-content\/uploads\/sites\/4\/2025\/06\/cocktail-dentreprise-lyon-ville1.jpg\" data-fancybox=\"gallery\" data-caption=\"cocktail dentreprise lyon ville1\"\n\t\t\t>\n\t\t\t\t<img decoding=\"async\" width=\"683\" height=\"1024\" src=\"https:\/\/comptoircecil.com\/wp-content\/uploads\/sites\/4\/2025\/06\/cocktail-dentreprise-lyon-ville1.jpg\" class=\"card__image\" alt=\"cocktail dentreprise lyon ville1\" srcset=\"https:\/\/comptoircecil.com\/wp-content\/uploads\/sites\/4\/2025\/06\/cocktail-dentreprise-lyon-ville1.jpg 683w, https:\/\/comptoircecil.com\/wp-content\/uploads\/sites\/4\/2025\/06\/cocktail-dentreprise-lyon-ville1-400x600.jpg 400w\" sizes=\"(max-width: 683px) 100vw, 683px\" \/>\t\t\t\t\t<\/a>\n\t\t\t\n\t\t<\/div>\n\t\n\n\t\t\t<div\n\t\tclass=\"card swiper-slide wp-block-acf-card\" id=\"card-id--5\"\t\t>\n\t\n\t\t\t\t\t\t<a href=\"https:\/\/comptoircecil.com\/wp-content\/uploads\/sites\/4\/2025\/06\/cocktail-dentreprise-lyon-lieu1.jpg\" data-fancybox=\"gallery\" data-caption=\"cocktail dentreprise lyon lieu1\"\n\t\t\t>\n\t\t\t\t<img decoding=\"async\" width=\"683\" height=\"1024\" src=\"https:\/\/comptoircecil.com\/wp-content\/uploads\/sites\/4\/2025\/06\/cocktail-dentreprise-lyon-lieu1.jpg\" class=\"card__image\" alt=\"cocktail dentreprise lyon lieu1\" srcset=\"https:\/\/comptoircecil.com\/wp-content\/uploads\/sites\/4\/2025\/06\/cocktail-dentreprise-lyon-lieu1.jpg 683w, https:\/\/comptoircecil.com\/wp-content\/uploads\/sites\/4\/2025\/06\/cocktail-dentreprise-lyon-lieu1-400x600.jpg 400w\" sizes=\"(max-width: 683px) 100vw, 683px\" \/>\t\t\t\t\t<\/a>\n\t\t\t\n\t\t<\/div>\n\t\n\n\t\t\t<div\n\t\tclass=\"card swiper-slide wp-block-acf-card\" id=\"card-id--6\"\t\t>\n\t\n\t\t\t\t\t\t<a href=\"https:\/\/comptoircecil.com\/wp-content\/uploads\/sites\/4\/2025\/06\/Restautant_Bellecour_Lyon4.jpg\" data-fancybox=\"gallery\" data-caption=\"Restautant Bellecour Lyon4\"\n\t\t\t>\n\t\t\t\t<img decoding=\"async\" width=\"720\" height=\"1080\" src=\"https:\/\/comptoircecil.com\/wp-content\/uploads\/sites\/4\/2025\/06\/Restautant_Bellecour_Lyon4.jpg\" class=\"card__image\" alt=\"Restautant Bellecour Lyon4\" srcset=\"https:\/\/comptoircecil.com\/wp-content\/uploads\/sites\/4\/2025\/06\/Restautant_Bellecour_Lyon4.jpg 720w, https:\/\/comptoircecil.com\/wp-content\/uploads\/sites\/4\/2025\/06\/Restautant_Bellecour_Lyon4-400x600.jpg 400w\" sizes=\"(max-width: 720px) 100vw, 720px\" \/>\t\t\t\t\t<\/a>\n\t\t\t\n\t\t<\/div>\n\t\n\n\t\t\t<div\n\t\tclass=\"card swiper-slide wp-block-acf-card\" id=\"card-id--7\"\t\t>\n\t\n\t\t\t\t\t\t<a href=\"https:\/\/comptoircecil.com\/wp-content\/uploads\/sites\/4\/2025\/04\/lieu-de-reception-soiree-privee-lyon.jpg\" data-fancybox=\"gallery\" data-caption=\"lieu de reception soiree privee lyon\"\n\t\t\t>\n\t\t\t\t<img decoding=\"async\" width=\"683\" height=\"1024\" src=\"https:\/\/comptoircecil.com\/wp-content\/uploads\/sites\/4\/2025\/04\/lieu-de-reception-soiree-privee-lyon-683x1024.jpg\" class=\"card__image\" alt=\"lieu de reception soiree privee lyon\" srcset=\"https:\/\/comptoircecil.com\/wp-content\/uploads\/sites\/4\/2025\/04\/lieu-de-reception-soiree-privee-lyon-683x1024.jpg 683w, https:\/\/comptoircecil.com\/wp-content\/uploads\/sites\/4\/2025\/04\/lieu-de-reception-soiree-privee-lyon-200x300.jpg 200w, https:\/\/comptoircecil.com\/wp-content\/uploads\/sites\/4\/2025\/04\/lieu-de-reception-soiree-privee-lyon.jpg 720w\" sizes=\"(max-width: 683px) 100vw, 683px\" \/>\t\t\t\t\t<\/a>\n\t\t\t\n\t\t<\/div>\n\t\n\n\n<\/div>\n\t\t\t\t<div class=\"button-prev\">\n\t\t\t<svg xmlns=\"http:\/\/www.w3.org\/2000\/svg\" viewBox=\"0 0 448 512\">\n\t\t\t\t<path\n\t\t\t\t\td=\"M12.7 244.7L1.4 256l11.3 11.3 168 168L192 446.6 214.6 424l-11.3-11.3L62.6 272 432 272l16 0 0-32-16 0L62.6 240 203.3 99.3 214.6 88 192 65.4 180.7 76.7l-168 168z\" \/>\n\t\t\t<\/svg>\n\t\t<\/div>\n\t\t<div class=\"button-next\">\n\t\t\t<svg xmlns=\"http:\/\/www.w3.org\/2000\/svg\" viewBox=\"0 0 448 512\">\n\t\t\t\t<path\n\t\t\t\t\td=\"M435.3 267.3L446.6 256l-11.3-11.3-168-168L256 65.4 233.4 88l11.3 11.3L385.4 240 16 240 0 240l0 32 16 0 369.4 0L244.7 412.7 233.4 424 256 446.6l11.3-11.3 168-168z\" \/>\n\t\t\t<\/svg>\n\t\t<\/div>\n\t\t\t<\/div><!-- .swiper -->\n\n\t\t<div id=\"slider__gallery-button--slider-id-1\"\n\t\tclass=\"slider__gallery-button wp-block-button is-style-label-button is-style-label-button--5\"\n\t\tdata-gallery-trigger=\"gallery-slider-id-1\">\n\t\t<a class=\"wp-block-button__link wp-element-button\">Open photo gallery<\/a>\n\t<\/div>\n\t<\/div>\n\n\n\n<\/section>\n\n\t<section\n\t\tstyle=\"padding-top:var(--wp--preset--spacing--theme-default);padding-bottom:var(--wp--preset--spacing--theme-default);\" class=\"block-container align wp-block-acf-block-container has-background has-white-100-background-color has-global-padding is-layout-constrained wp-container-acf-block-container-is-layout-89fc666d wp-block-acf-block-container-is-layout-constrained\"\t>\n\n\t\n\n<h3 class=\"wp-block-heading has-text-align-center\">Whether you&#8217;re a hotel guest or just a lover of good addresses, we&#8217;re waiting for you.<\/h3>\n\n\n\n<\/section>\n","protected":false},"excerpt":{"rendered":"","protected":false},"author":1,"featured_media":0,"parent":1808,"menu_order":0,"comment_status":"closed","ping_status":"closed","template":"","meta":{"_acf_changed":false,"inline_featured_image":false,"footnotes":""},"class_list":["post-1825","page","type-page","status-publish","hentry"],"acf":[],"yoast_head":"<!-- This site is optimized with the Yoast SEO plugin v27.4 - https:\/\/yoast.com\/product\/yoast-seo-wordpress\/ -->\n<title>After Work Bellecour Lyon 2 - Centre presqu&#039;\u00eele - Terrace, Aperitif<\/title>\n<meta name=\"description\" content=\"After work in Bellecour in a relaxed atmosphere. Terrace, aperitifs and boards to share right in the center of Lyon.\" \/>\n<meta name=\"robots\" content=\"index, follow, max-snippet:-1, max-image-preview:large, max-video-preview:-1\" \/>\n<link rel=\"canonical\" href=\"https:\/\/comptoircecil.com\/en\/restaurant-lyon-2-bellecour\/afterwork\/\" \/>\n<meta property=\"og:locale\" content=\"en_US\" \/>\n<meta property=\"og:type\" content=\"article\" \/>\n<meta property=\"og:title\" content=\"After Work Bellecour Lyon 2 - Centre presqu&#039;\u00eele - Terrace, Aperitif\" \/>\n<meta property=\"og:description\" content=\"After work in Bellecour in a relaxed atmosphere. Terrace, aperitifs and boards to share right in the center of Lyon.\" \/>\n<meta property=\"og:url\" content=\"https:\/\/comptoircecil.com\/en\/restaurant-lyon-2-bellecour\/afterwork\/\" \/>\n<meta property=\"og:site_name\" content=\"Comptoir Cecil\" \/>\n<meta property=\"article:modified_time\" content=\"2025-07-25T11:45:28+00:00\" \/>\n<meta property=\"og:image\" content=\"https:\/\/comptoircecil.com\/wp-content\/uploads\/sites\/4\/2025\/06\/dw21-mynt-03-a-Converti.png\" \/>\n<meta name=\"twitter:card\" content=\"summary_large_image\" \/>\n<meta name=\"twitter:label1\" content=\"Est. reading time\" \/>\n\t<meta name=\"twitter:data1\" content=\"1 minute\" \/>\n<script type=\"application\/ld+json\" class=\"yoast-schema-graph\">{\"@context\":\"https:\\\/\\\/schema.org\",\"@graph\":[{\"@type\":\"WebPage\",\"@id\":\"https:\\\/\\\/comptoircecil.com\\\/en\\\/restaurant-lyon-2-bellecour\\\/afterwork\\\/\",\"url\":\"https:\\\/\\\/comptoircecil.com\\\/en\\\/restaurant-lyon-2-bellecour\\\/afterwork\\\/\",\"name\":\"After Work Bellecour Lyon 2 - Centre presqu'\u00eele - Terrace, Aperitif\",\"isPartOf\":{\"@id\":\"https:\\\/\\\/comptoircecil.com\\\/en\\\/#website\"},\"primaryImageOfPage\":{\"@id\":\"https:\\\/\\\/comptoircecil.com\\\/en\\\/restaurant-lyon-2-bellecour\\\/afterwork\\\/#primaryimage\"},\"image\":{\"@id\":\"https:\\\/\\\/comptoircecil.com\\\/en\\\/restaurant-lyon-2-bellecour\\\/afterwork\\\/#primaryimage\"},\"thumbnailUrl\":\"https:\\\/\\\/comptoircecil.com\\\/wp-content\\\/uploads\\\/sites\\\/4\\\/2025\\\/06\\\/dw21-mynt-03-a-Converti.png\",\"datePublished\":\"2025-04-16T15:40:07+00:00\",\"dateModified\":\"2025-07-25T11:45:28+00:00\",\"description\":\"After work in Bellecour in a relaxed atmosphere. Terrace, aperitifs and boards to share right in the center of Lyon.\",\"breadcrumb\":{\"@id\":\"https:\\\/\\\/comptoircecil.com\\\/en\\\/restaurant-lyon-2-bellecour\\\/afterwork\\\/#breadcrumb\"},\"inLanguage\":\"en-US\",\"potentialAction\":[{\"@type\":\"ReadAction\",\"target\":[\"https:\\\/\\\/comptoircecil.com\\\/en\\\/restaurant-lyon-2-bellecour\\\/afterwork\\\/\"]}]},{\"@type\":\"ImageObject\",\"inLanguage\":\"en-US\",\"@id\":\"https:\\\/\\\/comptoircecil.com\\\/en\\\/restaurant-lyon-2-bellecour\\\/afterwork\\\/#primaryimage\",\"url\":\"https:\\\/\\\/comptoircecil.com\\\/wp-content\\\/uploads\\\/sites\\\/4\\\/2025\\\/06\\\/dw21-mynt-03-a-Converti.png\",\"contentUrl\":\"https:\\\/\\\/comptoircecil.com\\\/wp-content\\\/uploads\\\/sites\\\/4\\\/2025\\\/06\\\/dw21-mynt-03-a-Converti.png\"},{\"@type\":\"BreadcrumbList\",\"@id\":\"https:\\\/\\\/comptoircecil.com\\\/en\\\/restaurant-lyon-2-bellecour\\\/afterwork\\\/#breadcrumb\",\"itemListElement\":[{\"@type\":\"ListItem\",\"position\":1,\"name\":\"Home\",\"item\":\"https:\\\/\\\/comptoircecil.com\\\/en\\\/\"},{\"@type\":\"ListItem\",\"position\":2,\"name\":\"The restaurant\",\"item\":\"https:\\\/\\\/comptoircecil.com\\\/en\\\/restaurant-lyon-2-bellecour\\\/\"},{\"@type\":\"ListItem\",\"position\":3,\"name\":\"Afterwork\"}]},{\"@type\":\"WebSite\",\"@id\":\"https:\\\/\\\/comptoircecil.com\\\/en\\\/#website\",\"url\":\"https:\\\/\\\/comptoircecil.com\\\/en\\\/\",\"name\":\"Globe Cecil\",\"description\":\"H\u00f4tel 4 \u00e9toiles \u00e0 Lyon\",\"publisher\":{\"@id\":\"https:\\\/\\\/comptoircecil.com\\\/en\\\/#organization\"},\"potentialAction\":[{\"@type\":\"SearchAction\",\"target\":{\"@type\":\"EntryPoint\",\"urlTemplate\":\"https:\\\/\\\/comptoircecil.com\\\/en\\\/?s={search_term_string}\"},\"query-input\":{\"@type\":\"PropertyValueSpecification\",\"valueRequired\":true,\"valueName\":\"search_term_string\"}}],\"inLanguage\":\"en-US\"},{\"@type\":\"Organization\",\"@id\":\"https:\\\/\\\/comptoircecil.com\\\/en\\\/#organization\",\"name\":\"Globe Cecil\",\"url\":\"https:\\\/\\\/comptoircecil.com\\\/en\\\/\",\"logo\":{\"@type\":\"ImageObject\",\"inLanguage\":\"en-US\",\"@id\":\"https:\\\/\\\/comptoircecil.com\\\/en\\\/#\\\/schema\\\/logo\\\/image\\\/\",\"url\":\"https:\\\/\\\/comptoircecil.com\\\/wp-content\\\/uploads\\\/sites\\\/4\\\/2025\\\/05\\\/LOGO-Comptoir-Cecil-White.svg\",\"contentUrl\":\"https:\\\/\\\/comptoircecil.com\\\/wp-content\\\/uploads\\\/sites\\\/4\\\/2025\\\/05\\\/LOGO-Comptoir-Cecil-White.svg\",\"width\":455,\"height\":123,\"caption\":\"Globe Cecil\"},\"image\":{\"@id\":\"https:\\\/\\\/comptoircecil.com\\\/en\\\/#\\\/schema\\\/logo\\\/image\\\/\"}}]}<\/script>\n<!-- \/ Yoast SEO plugin. -->","yoast_head_json":{"title":"After Work Bellecour Lyon 2 - Centre presqu'\u00eele - Terrace, Aperitif","description":"After work in Bellecour in a relaxed atmosphere. Terrace, aperitifs and boards to share right in the center of Lyon.","robots":{"index":"index","follow":"follow","max-snippet":"max-snippet:-1","max-image-preview":"max-image-preview:large","max-video-preview":"max-video-preview:-1"},"canonical":"https:\/\/comptoircecil.com\/en\/restaurant-lyon-2-bellecour\/afterwork\/","og_locale":"en_US","og_type":"article","og_title":"After Work Bellecour Lyon 2 - Centre presqu'\u00eele - Terrace, Aperitif","og_description":"After work in Bellecour in a relaxed atmosphere. Terrace, aperitifs and boards to share right in the center of Lyon.","og_url":"https:\/\/comptoircecil.com\/en\/restaurant-lyon-2-bellecour\/afterwork\/","og_site_name":"Comptoir Cecil","article_modified_time":"2025-07-25T11:45:28+00:00","og_image":[{"url":"https:\/\/comptoircecil.com\/wp-content\/uploads\/sites\/4\/2025\/06\/dw21-mynt-03-a-Converti.png","type":"","width":"","height":""}],"twitter_card":"summary_large_image","twitter_misc":{"Est. reading time":"1 minute"},"schema":{"@context":"https:\/\/schema.org","@graph":[{"@type":"WebPage","@id":"https:\/\/comptoircecil.com\/en\/restaurant-lyon-2-bellecour\/afterwork\/","url":"https:\/\/comptoircecil.com\/en\/restaurant-lyon-2-bellecour\/afterwork\/","name":"After Work Bellecour Lyon 2 - Centre presqu'\u00eele - Terrace, Aperitif","isPartOf":{"@id":"https:\/\/comptoircecil.com\/en\/#website"},"primaryImageOfPage":{"@id":"https:\/\/comptoircecil.com\/en\/restaurant-lyon-2-bellecour\/afterwork\/#primaryimage"},"image":{"@id":"https:\/\/comptoircecil.com\/en\/restaurant-lyon-2-bellecour\/afterwork\/#primaryimage"},"thumbnailUrl":"https:\/\/comptoircecil.com\/wp-content\/uploads\/sites\/4\/2025\/06\/dw21-mynt-03-a-Converti.png","datePublished":"2025-04-16T15:40:07+00:00","dateModified":"2025-07-25T11:45:28+00:00","description":"After work in Bellecour in a relaxed atmosphere. Terrace, aperitifs and boards to share right in the center of Lyon.","breadcrumb":{"@id":"https:\/\/comptoircecil.com\/en\/restaurant-lyon-2-bellecour\/afterwork\/#breadcrumb"},"inLanguage":"en-US","potentialAction":[{"@type":"ReadAction","target":["https:\/\/comptoircecil.com\/en\/restaurant-lyon-2-bellecour\/afterwork\/"]}]},{"@type":"ImageObject","inLanguage":"en-US","@id":"https:\/\/comptoircecil.com\/en\/restaurant-lyon-2-bellecour\/afterwork\/#primaryimage","url":"https:\/\/comptoircecil.com\/wp-content\/uploads\/sites\/4\/2025\/06\/dw21-mynt-03-a-Converti.png","contentUrl":"https:\/\/comptoircecil.com\/wp-content\/uploads\/sites\/4\/2025\/06\/dw21-mynt-03-a-Converti.png"},{"@type":"BreadcrumbList","@id":"https:\/\/comptoircecil.com\/en\/restaurant-lyon-2-bellecour\/afterwork\/#breadcrumb","itemListElement":[{"@type":"ListItem","position":1,"name":"Home","item":"https:\/\/comptoircecil.com\/en\/"},{"@type":"ListItem","position":2,"name":"The restaurant","item":"https:\/\/comptoircecil.com\/en\/restaurant-lyon-2-bellecour\/"},{"@type":"ListItem","position":3,"name":"Afterwork"}]},{"@type":"WebSite","@id":"https:\/\/comptoircecil.com\/en\/#website","url":"https:\/\/comptoircecil.com\/en\/","name":"Globe Cecil","description":"H\u00f4tel 4 \u00e9toiles \u00e0 Lyon","publisher":{"@id":"https:\/\/comptoircecil.com\/en\/#organization"},"potentialAction":[{"@type":"SearchAction","target":{"@type":"EntryPoint","urlTemplate":"https:\/\/comptoircecil.com\/en\/?s={search_term_string}"},"query-input":{"@type":"PropertyValueSpecification","valueRequired":true,"valueName":"search_term_string"}}],"inLanguage":"en-US"},{"@type":"Organization","@id":"https:\/\/comptoircecil.com\/en\/#organization","name":"Globe Cecil","url":"https:\/\/comptoircecil.com\/en\/","logo":{"@type":"ImageObject","inLanguage":"en-US","@id":"https:\/\/comptoircecil.com\/en\/#\/schema\/logo\/image\/","url":"https:\/\/comptoircecil.com\/wp-content\/uploads\/sites\/4\/2025\/05\/LOGO-Comptoir-Cecil-White.svg","contentUrl":"https:\/\/comptoircecil.com\/wp-content\/uploads\/sites\/4\/2025\/05\/LOGO-Comptoir-Cecil-White.svg","width":455,"height":123,"caption":"Globe Cecil"},"image":{"@id":"https:\/\/comptoircecil.com\/en\/#\/schema\/logo\/image\/"}}]}},"_links":{"self":[{"href":"https:\/\/comptoircecil.com\/en\/wp-json\/wp\/v2\/pages\/1825","targetHints":{"allow":["GET"]}}],"collection":[{"href":"https:\/\/comptoircecil.com\/en\/wp-json\/wp\/v2\/pages"}],"about":[{"href":"https:\/\/comptoircecil.com\/en\/wp-json\/wp\/v2\/types\/page"}],"author":[{"embeddable":true,"href":"https:\/\/comptoircecil.com\/en\/wp-json\/wp\/v2\/users\/1"}],"replies":[{"embeddable":true,"href":"https:\/\/comptoircecil.com\/en\/wp-json\/wp\/v2\/comments?post=1825"}],"version-history":[{"count":14,"href":"https:\/\/comptoircecil.com\/en\/wp-json\/wp\/v2\/pages\/1825\/revisions"}],"predecessor-version":[{"id":7517,"href":"https:\/\/comptoircecil.com\/en\/wp-json\/wp\/v2\/pages\/1825\/revisions\/7517"}],"up":[{"embeddable":true,"href":"https:\/\/comptoircecil.com\/en\/wp-json\/wp\/v2\/pages\/1808"}],"wp:attachment":[{"href":"https:\/\/comptoircecil.com\/en\/wp-json\/wp\/v2\/media?parent=1825"}],"curies":[{"name":"wp","href":"https:\/\/api.w.org\/{rel}","templated":true}]}}