{"id":1818,"date":"2025-04-16T17:40:06","date_gmt":"2025-04-16T15:40:06","guid":{"rendered":"https:\/\/comptoircecil.com\/lhotel-en\/nos-engagements-en\/"},"modified":"2025-07-25T13:48:17","modified_gmt":"2025-07-25T11:48:17","slug":"dinner","status":"publish","type":"page","link":"https:\/\/comptoircecil.com\/en\/restaurant-lyon-2-bellecour\/dinner\/","title":{"rendered":"The dinner"},"content":{"rendered":"\n<section class=\"heading wp-elements-51398677d47b7c1b8315bf6b3600a4ad wp-elements-51398677d47b7c1b8315bf6b3600a4ad wp-block-acf-heading has-text-color has-primary-color has-background has-white-100-background-color\">\n\t<div class=\"heading__container\">\n\t\t\t\t\t<div class=\"heading__background-picture\">\n\t\t\t\t<img decoding=\"async\" width=\"1620\" height=\"1080\" src=\"https:\/\/comptoircecil.com\/wp-content\/uploads\/sites\/4\/2025\/06\/restaurant-lyon.jpg\" class=\"attachment-full size-full\" alt=\"restaurant lyon\" fetchpriority=\"high\" srcset=\"https:\/\/comptoircecil.com\/wp-content\/uploads\/sites\/4\/2025\/06\/restaurant-lyon.jpg 1620w, https:\/\/comptoircecil.com\/wp-content\/uploads\/sites\/4\/2025\/06\/restaurant-lyon-600x400.jpg 600w, https:\/\/comptoircecil.com\/wp-content\/uploads\/sites\/4\/2025\/06\/restaurant-lyon-1400x933.jpg 1400w, https:\/\/comptoircecil.com\/wp-content\/uploads\/sites\/4\/2025\/06\/restaurant-lyon-768x512.jpg 768w, https:\/\/comptoircecil.com\/wp-content\/uploads\/sites\/4\/2025\/06\/restaurant-lyon-1536x1024.jpg 1536w\" sizes=\"(max-width: 1620px) 100vw, 1620px\" \/>\t\t\t<\/div>\n\t\t\t\t<div class=\"heading__layout\">\n\t\t\t<div class=\"heading__content-wrapper has-white-100-background-color\">\n\t\t\t\t<div class=\"heading__content has-white-100-background-color\">\n\t\t\t\t\t\t\t\t\t<p id=\"breadcrumbs\"><span><span><a href=\"https:\/\/comptoircecil.com\/en\/\">Home<\/a><\/span><\/span><\/p>\t\t\t\t\t\t\t\t\t<div class=\"acf-innerblocks-container\">\n\n<div class=\"wp-block-group heading-content-group is-layout-grid wp-container-core-group-is-layout-96b258e4 wp-block-group-is-layout-grid\">\n<h1 class=\"wp-block-heading has-text-align-left heading__title has-primary-color has-text-color has-xx-large-font-size wp-container-content-32a3e683\"><strong>The dinner<\/strong><\/h1>\n\n\n\n<p class=\"heading__chapo has-primary-color has-text-color\">Monday to Friday &#8211; 7pm to 9:30pm<\/p>\n<\/div>\n\n<\/div>\n\t\t\t\t<\/div>\n\t\t\t\t\t\t\t<\/div>\n\t\t<\/div>\n\t<\/div>\n<\/section>\n\n\n\t<section\n\t\tstyle=\"padding-top:var(--wp--preset--spacing--theme-default);padding-bottom:var(--wp--preset--spacing--theme-default);\" class=\"double-columns double-columns-reverse_colums_mobile image-is-animate wp-block-acf-double-columns has-background has-white-background-color has-global-padding is-layout-constrained wp-container-acf-double-columns-is-layout-a22d0bdd wp-block-acf-double-columns-is-layout-constrained\"\t>\n\n<div class=\"double-columns__innerblocks\">\n\n<div class=\"wp-block-group is-vertical is-layout-flex wp-container-core-group-is-layout-99e95872 wp-block-group-is-layout-flex\">\n<figure class=\"wp-block-image size-full\"><img decoding=\"async\" width=\"720\" height=\"1080\" src=\"https:\/\/comptoircecil.com\/wp-content\/uploads\/sites\/4\/2025\/06\/bonnes-adresses-lyon.jpg\" alt=\"good addresses lyon\" class=\"wp-image-5951\" style=\"aspect-ratio:3\/4;object-fit:cover\" srcset=\"https:\/\/comptoircecil.com\/wp-content\/uploads\/sites\/4\/2025\/06\/bonnes-adresses-lyon.jpg 720w, https:\/\/comptoircecil.com\/wp-content\/uploads\/sites\/4\/2025\/06\/bonnes-adresses-lyon-400x600.jpg 400w\" sizes=\"(max-width: 720px) 100vw, 720px\" \/><\/figure>\n<\/div>\n\n\n\n<div class=\"wp-block-group is-vertical is-content-justification-stretch is-layout-flex wp-container-core-group-is-layout-5f0cd685 wp-block-group-is-layout-flex\">\n<h3 class=\"wp-block-heading\">Straightforward, gourmet flavours<\/h3>\n\n\n\n<p>Each week, a short menu, punctuated by market produce, the Chef&#8217;s suggestions and homemade desserts that are unanimously appreciated. All accompanied by a well-chosen selection of wines, to be enjoyed in the dining room or on the terrace when fine weather permits. <\/p>\n\n\n\n<div class=\"wp-block-buttons is-content-justification-center is-layout-flex wp-container-core-buttons-is-layout-72666a7a wp-block-buttons-is-layout-flex\" style=\"padding-top:0;padding-bottom:0\">\n<div class=\"wp-block-button is-style-label-button is-style-label-button--1\"><a class=\"wp-block-button__link wp-element-button\" href=\"https:\/\/comptoircecil.com\/en\/menu\/\">Discover our menu<\/a><\/div>\n<\/div>\n<\/div>\n\n<\/div>\n\n<\/section>\n\n\t<section\n\t\tstyle=\"padding-top:var(--wp--preset--spacing--theme-default);padding-bottom:var(--wp--preset--spacing--theme-default);\" class=\"double-columns wp-block-acf-double-columns has-background has-white-100-background-color has-global-padding is-layout-constrained wp-container-acf-double-columns-is-layout-468cbe0c wp-block-acf-double-columns-is-layout-constrained\"\t>\n\n<div class=\"double-columns__innerblocks\">\n\n<div class=\"wp-block-group is-vertical is-content-justification-stretch is-layout-flex wp-container-core-group-is-layout-5621715d wp-block-group-is-layout-flex\">\n<div class=\"wp-block-group is-vertical is-content-justification-center is-layout-flex wp-container-core-group-is-layout-c9b563f4 wp-block-group-is-layout-flex\" style=\"padding-top:0;padding-right:0;padding-bottom:var(--wp--preset--spacing--theme-m);padding-left:0\">\n<figure class=\"wp-block-image size-full is-resized\"><img decoding=\"async\" width=\"350\" height=\"350\" src=\"https:\/\/comptoircecil.com\/wp-content\/uploads\/sites\/4\/2025\/04\/PLATEAU.png\" alt=\"PLATEAU\" class=\"wp-image-2306\" style=\"width:150px\" srcset=\"https:\/\/comptoircecil.com\/wp-content\/uploads\/sites\/4\/2025\/04\/PLATEAU.png 350w, https:\/\/comptoircecil.com\/wp-content\/uploads\/sites\/4\/2025\/04\/PLATEAU-300x300.png 300w\" sizes=\"(max-width: 350px) 100vw, 350px\" \/><\/figure>\n<\/div>\n\n\n\n<p class=\"has-text-align-left\">When the sun sets on the Presqu&#8217;\u00eele, our bistronomic restaurant in Lyon takes on a hushed atmosphere. Service becomes even more attentive, the terrace is bathed in soft light, and the menu reveals fresh, local, home-cooked cuisine that likes to surprise without overdoing it. <\/p>\n<\/div>\n\n\n\n<div class=\"wp-block-group is-layout-flow wp-block-group-is-layout-flow\">\n<figure class=\"wp-block-image size-full\"><img decoding=\"async\" width=\"720\" height=\"1080\" src=\"https:\/\/comptoircecil.com\/wp-content\/uploads\/sites\/4\/2025\/06\/Restaurant_Comptoir_Cecil2.jpg\" alt=\"Restaurant Comptoir Cecil2\" class=\"wp-image-4910\" style=\"aspect-ratio:3\/4;object-fit:cover\" srcset=\"https:\/\/comptoircecil.com\/wp-content\/uploads\/sites\/4\/2025\/06\/Restaurant_Comptoir_Cecil2.jpg 720w, https:\/\/comptoircecil.com\/wp-content\/uploads\/sites\/4\/2025\/06\/Restaurant_Comptoir_Cecil2-400x600.jpg 400w\" sizes=\"(max-width: 720px) 100vw, 720px\" \/><\/figure>\n<\/div>\n\n<\/div>\n\n<\/section>\n","protected":false},"excerpt":{"rendered":"","protected":false},"author":1,"featured_media":0,"parent":1808,"menu_order":0,"comment_status":"closed","ping_status":"closed","template":"","meta":{"_acf_changed":false,"inline_featured_image":false,"footnotes":""},"class_list":["post-1818","page","type-page","status-publish","hentry"],"acf":[],"yoast_head":"<!-- This site is optimized with the Yoast SEO plugin v27.4 - https:\/\/yoast.com\/product\/yoast-seo-wordpress\/ -->\n<title>Dinner Bistronomic restaurant Lyon 2 Bellecour - Centre Presqu&#039;\u00eele<\/title>\n<meta name=\"description\" content=\"Bistronomic dining in Lyon 2, Bellecour district. Seasonal cuisine and elegant setting for your evenings on the Presqu&#039;\u00eele.\" \/>\n<meta name=\"robots\" content=\"index, follow, max-snippet:-1, max-image-preview:large, max-video-preview:-1\" \/>\n<link rel=\"canonical\" href=\"https:\/\/comptoircecil.com\/en\/restaurant-lyon-2-bellecour\/dinner\/\" \/>\n<meta property=\"og:locale\" content=\"en_US\" \/>\n<meta property=\"og:type\" content=\"article\" \/>\n<meta property=\"og:title\" content=\"Dinner Bistronomic restaurant Lyon 2 Bellecour - Centre Presqu&#039;\u00eele\" \/>\n<meta property=\"og:description\" content=\"Bistronomic dining in Lyon 2, Bellecour district. Seasonal cuisine and elegant setting for your evenings on the Presqu&#039;\u00eele.\" \/>\n<meta property=\"og:url\" content=\"https:\/\/comptoircecil.com\/en\/restaurant-lyon-2-bellecour\/dinner\/\" \/>\n<meta property=\"og:site_name\" content=\"Comptoir Cecil\" \/>\n<meta property=\"article:modified_time\" content=\"2025-07-25T11:48:17+00:00\" \/>\n<meta property=\"og:image\" content=\"https:\/\/comptoircecil.com\/wp-content\/uploads\/sites\/4\/2025\/06\/bonnes-adresses-lyon.jpg\" \/>\n<meta name=\"twitter:card\" content=\"summary_large_image\" \/>\n<meta name=\"twitter:label1\" content=\"Est. reading time\" \/>\n\t<meta name=\"twitter:data1\" content=\"2 minutes\" \/>\n<script type=\"application\/ld+json\" class=\"yoast-schema-graph\">{\"@context\":\"https:\\\/\\\/schema.org\",\"@graph\":[{\"@type\":\"WebPage\",\"@id\":\"https:\\\/\\\/comptoircecil.com\\\/en\\\/restaurant-lyon-2-bellecour\\\/dinner\\\/\",\"url\":\"https:\\\/\\\/comptoircecil.com\\\/en\\\/restaurant-lyon-2-bellecour\\\/dinner\\\/\",\"name\":\"Dinner Bistronomic restaurant Lyon 2 Bellecour - Centre Presqu'\u00eele\",\"isPartOf\":{\"@id\":\"https:\\\/\\\/comptoircecil.com\\\/en\\\/#website\"},\"primaryImageOfPage\":{\"@id\":\"https:\\\/\\\/comptoircecil.com\\\/en\\\/restaurant-lyon-2-bellecour\\\/dinner\\\/#primaryimage\"},\"image\":{\"@id\":\"https:\\\/\\\/comptoircecil.com\\\/en\\\/restaurant-lyon-2-bellecour\\\/dinner\\\/#primaryimage\"},\"thumbnailUrl\":\"https:\\\/\\\/comptoircecil.com\\\/wp-content\\\/uploads\\\/sites\\\/4\\\/2025\\\/06\\\/bonnes-adresses-lyon.jpg\",\"datePublished\":\"2025-04-16T15:40:06+00:00\",\"dateModified\":\"2025-07-25T11:48:17+00:00\",\"description\":\"Bistronomic dining in Lyon 2, Bellecour district. Seasonal cuisine and elegant setting for your evenings on the Presqu'\u00eele.\",\"breadcrumb\":{\"@id\":\"https:\\\/\\\/comptoircecil.com\\\/en\\\/restaurant-lyon-2-bellecour\\\/dinner\\\/#breadcrumb\"},\"inLanguage\":\"en-US\",\"potentialAction\":[{\"@type\":\"ReadAction\",\"target\":[\"https:\\\/\\\/comptoircecil.com\\\/en\\\/restaurant-lyon-2-bellecour\\\/dinner\\\/\"]}]},{\"@type\":\"ImageObject\",\"inLanguage\":\"en-US\",\"@id\":\"https:\\\/\\\/comptoircecil.com\\\/en\\\/restaurant-lyon-2-bellecour\\\/dinner\\\/#primaryimage\",\"url\":\"https:\\\/\\\/comptoircecil.com\\\/wp-content\\\/uploads\\\/sites\\\/4\\\/2025\\\/06\\\/bonnes-adresses-lyon.jpg\",\"contentUrl\":\"https:\\\/\\\/comptoircecil.com\\\/wp-content\\\/uploads\\\/sites\\\/4\\\/2025\\\/06\\\/bonnes-adresses-lyon.jpg\"},{\"@type\":\"BreadcrumbList\",\"@id\":\"https:\\\/\\\/comptoircecil.com\\\/en\\\/restaurant-lyon-2-bellecour\\\/dinner\\\/#breadcrumb\",\"itemListElement\":[{\"@type\":\"ListItem\",\"position\":1,\"name\":\"Home\",\"item\":\"https:\\\/\\\/comptoircecil.com\\\/en\\\/\"},{\"@type\":\"ListItem\",\"position\":2,\"name\":\"The restaurant\",\"item\":\"https:\\\/\\\/comptoircecil.com\\\/en\\\/restaurant-lyon-2-bellecour\\\/\"},{\"@type\":\"ListItem\",\"position\":3,\"name\":\"The dinner\"}]},{\"@type\":\"WebSite\",\"@id\":\"https:\\\/\\\/comptoircecil.com\\\/en\\\/#website\",\"url\":\"https:\\\/\\\/comptoircecil.com\\\/en\\\/\",\"name\":\"Globe Cecil\",\"description\":\"H\u00f4tel 4 \u00e9toiles \u00e0 Lyon\",\"publisher\":{\"@id\":\"https:\\\/\\\/comptoircecil.com\\\/en\\\/#organization\"},\"potentialAction\":[{\"@type\":\"SearchAction\",\"target\":{\"@type\":\"EntryPoint\",\"urlTemplate\":\"https:\\\/\\\/comptoircecil.com\\\/en\\\/?s={search_term_string}\"},\"query-input\":{\"@type\":\"PropertyValueSpecification\",\"valueRequired\":true,\"valueName\":\"search_term_string\"}}],\"inLanguage\":\"en-US\"},{\"@type\":\"Organization\",\"@id\":\"https:\\\/\\\/comptoircecil.com\\\/en\\\/#organization\",\"name\":\"Globe Cecil\",\"url\":\"https:\\\/\\\/comptoircecil.com\\\/en\\\/\",\"logo\":{\"@type\":\"ImageObject\",\"inLanguage\":\"en-US\",\"@id\":\"https:\\\/\\\/comptoircecil.com\\\/en\\\/#\\\/schema\\\/logo\\\/image\\\/\",\"url\":\"https:\\\/\\\/comptoircecil.com\\\/wp-content\\\/uploads\\\/sites\\\/4\\\/2025\\\/05\\\/LOGO-Comptoir-Cecil-White.svg\",\"contentUrl\":\"https:\\\/\\\/comptoircecil.com\\\/wp-content\\\/uploads\\\/sites\\\/4\\\/2025\\\/05\\\/LOGO-Comptoir-Cecil-White.svg\",\"width\":455,\"height\":123,\"caption\":\"Globe Cecil\"},\"image\":{\"@id\":\"https:\\\/\\\/comptoircecil.com\\\/en\\\/#\\\/schema\\\/logo\\\/image\\\/\"}}]}<\/script>\n<!-- \/ Yoast SEO plugin. -->","yoast_head_json":{"title":"Dinner Bistronomic restaurant Lyon 2 Bellecour - Centre Presqu'\u00eele","description":"Bistronomic dining in Lyon 2, Bellecour district. Seasonal cuisine and elegant setting for your evenings on the Presqu'\u00eele.","robots":{"index":"index","follow":"follow","max-snippet":"max-snippet:-1","max-image-preview":"max-image-preview:large","max-video-preview":"max-video-preview:-1"},"canonical":"https:\/\/comptoircecil.com\/en\/restaurant-lyon-2-bellecour\/dinner\/","og_locale":"en_US","og_type":"article","og_title":"Dinner Bistronomic restaurant Lyon 2 Bellecour - Centre Presqu'\u00eele","og_description":"Bistronomic dining in Lyon 2, Bellecour district. Seasonal cuisine and elegant setting for your evenings on the Presqu'\u00eele.","og_url":"https:\/\/comptoircecil.com\/en\/restaurant-lyon-2-bellecour\/dinner\/","og_site_name":"Comptoir Cecil","article_modified_time":"2025-07-25T11:48:17+00:00","og_image":[{"url":"https:\/\/comptoircecil.com\/wp-content\/uploads\/sites\/4\/2025\/06\/bonnes-adresses-lyon.jpg","type":"","width":"","height":""}],"twitter_card":"summary_large_image","twitter_misc":{"Est. reading time":"2 minutes"},"schema":{"@context":"https:\/\/schema.org","@graph":[{"@type":"WebPage","@id":"https:\/\/comptoircecil.com\/en\/restaurant-lyon-2-bellecour\/dinner\/","url":"https:\/\/comptoircecil.com\/en\/restaurant-lyon-2-bellecour\/dinner\/","name":"Dinner Bistronomic restaurant Lyon 2 Bellecour - Centre Presqu'\u00eele","isPartOf":{"@id":"https:\/\/comptoircecil.com\/en\/#website"},"primaryImageOfPage":{"@id":"https:\/\/comptoircecil.com\/en\/restaurant-lyon-2-bellecour\/dinner\/#primaryimage"},"image":{"@id":"https:\/\/comptoircecil.com\/en\/restaurant-lyon-2-bellecour\/dinner\/#primaryimage"},"thumbnailUrl":"https:\/\/comptoircecil.com\/wp-content\/uploads\/sites\/4\/2025\/06\/bonnes-adresses-lyon.jpg","datePublished":"2025-04-16T15:40:06+00:00","dateModified":"2025-07-25T11:48:17+00:00","description":"Bistronomic dining in Lyon 2, Bellecour district. Seasonal cuisine and elegant setting for your evenings on the Presqu'\u00eele.","breadcrumb":{"@id":"https:\/\/comptoircecil.com\/en\/restaurant-lyon-2-bellecour\/dinner\/#breadcrumb"},"inLanguage":"en-US","potentialAction":[{"@type":"ReadAction","target":["https:\/\/comptoircecil.com\/en\/restaurant-lyon-2-bellecour\/dinner\/"]}]},{"@type":"ImageObject","inLanguage":"en-US","@id":"https:\/\/comptoircecil.com\/en\/restaurant-lyon-2-bellecour\/dinner\/#primaryimage","url":"https:\/\/comptoircecil.com\/wp-content\/uploads\/sites\/4\/2025\/06\/bonnes-adresses-lyon.jpg","contentUrl":"https:\/\/comptoircecil.com\/wp-content\/uploads\/sites\/4\/2025\/06\/bonnes-adresses-lyon.jpg"},{"@type":"BreadcrumbList","@id":"https:\/\/comptoircecil.com\/en\/restaurant-lyon-2-bellecour\/dinner\/#breadcrumb","itemListElement":[{"@type":"ListItem","position":1,"name":"Home","item":"https:\/\/comptoircecil.com\/en\/"},{"@type":"ListItem","position":2,"name":"The restaurant","item":"https:\/\/comptoircecil.com\/en\/restaurant-lyon-2-bellecour\/"},{"@type":"ListItem","position":3,"name":"The dinner"}]},{"@type":"WebSite","@id":"https:\/\/comptoircecil.com\/en\/#website","url":"https:\/\/comptoircecil.com\/en\/","name":"Globe Cecil","description":"H\u00f4tel 4 \u00e9toiles \u00e0 Lyon","publisher":{"@id":"https:\/\/comptoircecil.com\/en\/#organization"},"potentialAction":[{"@type":"SearchAction","target":{"@type":"EntryPoint","urlTemplate":"https:\/\/comptoircecil.com\/en\/?s={search_term_string}"},"query-input":{"@type":"PropertyValueSpecification","valueRequired":true,"valueName":"search_term_string"}}],"inLanguage":"en-US"},{"@type":"Organization","@id":"https:\/\/comptoircecil.com\/en\/#organization","name":"Globe Cecil","url":"https:\/\/comptoircecil.com\/en\/","logo":{"@type":"ImageObject","inLanguage":"en-US","@id":"https:\/\/comptoircecil.com\/en\/#\/schema\/logo\/image\/","url":"https:\/\/comptoircecil.com\/wp-content\/uploads\/sites\/4\/2025\/05\/LOGO-Comptoir-Cecil-White.svg","contentUrl":"https:\/\/comptoircecil.com\/wp-content\/uploads\/sites\/4\/2025\/05\/LOGO-Comptoir-Cecil-White.svg","width":455,"height":123,"caption":"Globe Cecil"},"image":{"@id":"https:\/\/comptoircecil.com\/en\/#\/schema\/logo\/image\/"}}]}},"_links":{"self":[{"href":"https:\/\/comptoircecil.com\/en\/wp-json\/wp\/v2\/pages\/1818","targetHints":{"allow":["GET"]}}],"collection":[{"href":"https:\/\/comptoircecil.com\/en\/wp-json\/wp\/v2\/pages"}],"about":[{"href":"https:\/\/comptoircecil.com\/en\/wp-json\/wp\/v2\/types\/page"}],"author":[{"embeddable":true,"href":"https:\/\/comptoircecil.com\/en\/wp-json\/wp\/v2\/users\/1"}],"replies":[{"embeddable":true,"href":"https:\/\/comptoircecil.com\/en\/wp-json\/wp\/v2\/comments?post=1818"}],"version-history":[{"count":21,"href":"https:\/\/comptoircecil.com\/en\/wp-json\/wp\/v2\/pages\/1818\/revisions"}],"predecessor-version":[{"id":7521,"href":"https:\/\/comptoircecil.com\/en\/wp-json\/wp\/v2\/pages\/1818\/revisions\/7521"}],"up":[{"embeddable":true,"href":"https:\/\/comptoircecil.com\/en\/wp-json\/wp\/v2\/pages\/1808"}],"wp:attachment":[{"href":"https:\/\/comptoircecil.com\/en\/wp-json\/wp\/v2\/media?parent=1818"}],"curies":[{"name":"wp","href":"https:\/\/api.w.org\/{rel}","templated":true}]}}