{"id":1808,"date":"2025-04-16T17:40:05","date_gmt":"2025-04-16T15:40:05","guid":{"rendered":"https:\/\/comptoircecil.com\/lhotel-en\/"},"modified":"2025-09-05T17:32:07","modified_gmt":"2025-09-05T15:32:07","slug":"restaurant-lyon-2-bellecour","status":"publish","type":"page","link":"https:\/\/comptoircecil.com\/en\/restaurant-lyon-2-bellecour\/","title":{"rendered":"The restaurant"},"content":{"rendered":"\n<section class=\"heading wp-elements-1bb242e31ed981ce82b6b76a4500a31e wp-elements-1bb242e31ed981ce82b6b76a4500a31e wp-block-acf-heading has-text-color has-primary-color has-background has-white-100-background-color\">\n\t<div class=\"heading__container\">\n\t\t\t\t\t<div class=\"heading__background-picture\">\n\t\t\t\t<img decoding=\"async\" width=\"1620\" height=\"1080\" src=\"https:\/\/comptoircecil.com\/wp-content\/uploads\/sites\/4\/2025\/06\/terrasse-lyon-centre-ville.jpg\" class=\"attachment-full size-full\" alt=\"terrasse lyon centre ville\" fetchpriority=\"high\" srcset=\"https:\/\/comptoircecil.com\/wp-content\/uploads\/sites\/4\/2025\/06\/terrasse-lyon-centre-ville.jpg 1620w, https:\/\/comptoircecil.com\/wp-content\/uploads\/sites\/4\/2025\/06\/terrasse-lyon-centre-ville-600x400.jpg 600w, https:\/\/comptoircecil.com\/wp-content\/uploads\/sites\/4\/2025\/06\/terrasse-lyon-centre-ville-1400x933.jpg 1400w, https:\/\/comptoircecil.com\/wp-content\/uploads\/sites\/4\/2025\/06\/terrasse-lyon-centre-ville-768x512.jpg 768w, https:\/\/comptoircecil.com\/wp-content\/uploads\/sites\/4\/2025\/06\/terrasse-lyon-centre-ville-1536x1024.jpg 1536w\" sizes=\"(max-width: 1620px) 100vw, 1620px\" \/>\t\t\t<\/div>\n\t\t\t\t<div class=\"heading__layout\">\n\t\t\t<div class=\"heading__content-wrapper has-white-100-background-color\">\n\t\t\t\t<div class=\"heading__content has-white-100-background-color\">\n\t\t\t\t\t\t\t\t\t<p id=\"breadcrumbs\"><span><span><a href=\"https:\/\/comptoircecil.com\/en\/\">Home<\/a><\/span><\/span><\/p>\t\t\t\t\t\t\t\t\t<div class=\"acf-innerblocks-container\">\n\n<div class=\"wp-block-group heading-content-group is-layout-grid wp-container-core-group-is-layout-96b258e4 wp-block-group-is-layout-grid\">\n<h1 class=\"wp-block-heading has-text-align-left heading__title has-primary-color has-text-color has-xx-large-font-size\"><strong>the restaurant<\/strong><\/h1>\n\n\n\n<p class=\"heading__chapo has-primary-color has-text-color wp-container-content-32a3e683\">A table to share, a place to live, a taste of the real thing.<\/p>\n<\/div>\n\n<\/div>\n\t\t\t\t<\/div>\n\t\t\t\t\t\t\t\t<div class=\"heading__illustration illustration-with-parallax desktop-only\">\n\t\t\t\t\t<img decoding=\"async\" width=\"350\" height=\"350\" src=\"https:\/\/comptoircecil.com\/wp-content\/uploads\/sites\/4\/2025\/04\/PLATEAU.png\" class=\"attachment-full size-full\" alt=\"PLATEAU\" fetchpriority=\"high\" srcset=\"https:\/\/comptoircecil.com\/wp-content\/uploads\/sites\/4\/2025\/04\/PLATEAU.png 350w, https:\/\/comptoircecil.com\/wp-content\/uploads\/sites\/4\/2025\/04\/PLATEAU-300x300.png 300w\" sizes=\"(max-width: 350px) 100vw, 350px\" \/>\t\t\t\t<\/div>\n\t\t\t\t\t\t\t<\/div>\n\t\t<\/div>\n\t<\/div>\n<\/section>\n\n\n\t<section\n\t\tstyle=\"padding-top:var(--wp--preset--spacing--theme-default);padding-bottom:var(--wp--preset--spacing--theme-m);\" class=\"block-container align wp-block-acf-block-container has-background has-white-background-color has-global-padding is-layout-constrained wp-container-acf-block-container-is-layout-cf5b157e wp-block-acf-block-container-is-layout-constrained\"\t>\n\n\t\n\n<div class=\"wp-block-group is-layout-flow wp-container-core-group-is-layout-b8b92c59 wp-block-group-is-layout-flow\">\n<h2 class=\"wp-block-heading has-text-align-center\"><strong>A room full of charm, an intimate terrace<\/strong><\/h2>\n\n\n\n<p class=\"has-text-align-center\">This is a family restaurant in Lyon, where children are as welcome as discerning epicureans.<\/p>\n<\/div>\n\n\n\n<\/section>\n\n\t<section\n\t\tstyle=\"padding-top:0;padding-bottom:var(--wp--preset--spacing--theme-default);\" class=\"double-columns wp-block-acf-double-columns has-background has-white-background-color has-global-padding is-layout-constrained wp-container-acf-double-columns-is-layout-11a66b1e wp-block-acf-double-columns-is-layout-constrained\"\t>\n\n<div class=\"double-columns__innerblocks\">\n\n<div class=\"wp-block-group is-vertical is-content-justification-stretch is-layout-flex wp-container-core-group-is-layout-b202659a wp-block-group-is-layout-flex\">\n<figure class=\"wp-block-image aligncenter size-full\"><img decoding=\"async\" width=\"1620\" height=\"1080\" src=\"https:\/\/comptoircecil.com\/wp-content\/uploads\/sites\/4\/2025\/06\/Restaurant_Comptoir_Cecil4.jpg\" alt=\"Restaurant Comptoir Cecil4\" class=\"wp-image-4918\" style=\"aspect-ratio:1;object-fit:cover\" srcset=\"https:\/\/comptoircecil.com\/wp-content\/uploads\/sites\/4\/2025\/06\/Restaurant_Comptoir_Cecil4.jpg 1620w, https:\/\/comptoircecil.com\/wp-content\/uploads\/sites\/4\/2025\/06\/Restaurant_Comptoir_Cecil4-600x400.jpg 600w, https:\/\/comptoircecil.com\/wp-content\/uploads\/sites\/4\/2025\/06\/Restaurant_Comptoir_Cecil4-1400x933.jpg 1400w, https:\/\/comptoircecil.com\/wp-content\/uploads\/sites\/4\/2025\/06\/Restaurant_Comptoir_Cecil4-768x512.jpg 768w, https:\/\/comptoircecil.com\/wp-content\/uploads\/sites\/4\/2025\/06\/Restaurant_Comptoir_Cecil4-1536x1024.jpg 1536w\" sizes=\"(max-width: 1620px) 100vw, 1620px\" \/><\/figure>\n\n\n\n<p class=\"has-text-align-center\">Inside, the room vibrates to the rhythm of conversations with friends and family, or a business lunch.<\/p>\n<\/div>\n\n\n\n<div class=\"wp-block-group is-vertical is-content-justification-stretch is-layout-flex wp-container-core-group-is-layout-0d173ed0 wp-block-group-is-layout-flex\">\n<figure class=\"wp-block-image aligncenter size-full\"><img decoding=\"async\" width=\"720\" height=\"1080\" src=\"https:\/\/comptoircecil.com\/wp-content\/uploads\/sites\/4\/2025\/06\/IMG_8763.jpg\" alt=\"IMG 8763\" class=\"wp-image-7058\" style=\"aspect-ratio:1;object-fit:cover\" srcset=\"https:\/\/comptoircecil.com\/wp-content\/uploads\/sites\/4\/2025\/06\/IMG_8763.jpg 720w, https:\/\/comptoircecil.com\/wp-content\/uploads\/sites\/4\/2025\/06\/IMG_8763-400x600.jpg 400w\" sizes=\"(max-width: 720px) 100vw, 720px\" \/><\/figure>\n\n\n\n<p class=\"has-text-align-center\">In fine weather, our intimate terrace invites you to take your time, away from the hustle and bustle, in an atmosphere as gentle as a May Sunday.<\/p>\n<\/div>\n\n<\/div>\n\n<\/section>\n\n\t<section\n\t\tstyle=\"padding-top:var(--wp--preset--spacing--theme-default);padding-bottom:var(--wp--preset--spacing--theme-default);\" class=\"double-columns wp-block-acf-double-columns has-background has-white-100-background-color has-global-padding is-layout-constrained wp-container-acf-double-columns-is-layout-468cbe0c wp-block-acf-double-columns-is-layout-constrained\"\t>\n\n<div class=\"double-columns__innerblocks\">\n\n<div class=\"wp-block-group is-vertical is-layout-flex wp-container-core-group-is-layout-99e95872 wp-block-group-is-layout-flex\">\n<figure class=\"wp-block-image aligncenter size-full\"><img decoding=\"async\" width=\"720\" height=\"1080\" src=\"https:\/\/comptoircecil.com\/wp-content\/uploads\/sites\/4\/2025\/06\/Restautant_Bellecour_Lyon9.jpg\" alt=\"Bellecour restaurant Lyon9\" class=\"wp-image-4962\" style=\"aspect-ratio:3\/4;object-fit:cover\" srcset=\"https:\/\/comptoircecil.com\/wp-content\/uploads\/sites\/4\/2025\/06\/Restautant_Bellecour_Lyon9.jpg 720w, https:\/\/comptoircecil.com\/wp-content\/uploads\/sites\/4\/2025\/06\/Restautant_Bellecour_Lyon9-400x600.jpg 400w\" sizes=\"(max-width: 720px) 100vw, 720px\" \/><\/figure>\n<\/div>\n\n\n\n<div class=\"wp-block-group is-vertical is-layout-flex wp-container-core-group-is-layout-99e95872 wp-block-group-is-layout-flex\">\n<h2 class=\"wp-block-heading\">A <mark style=\"background-color:rgba(0, 0, 0, 0)\" class=\"has-inline-color has-secondary-color\">unique<\/mark> story<\/h2>\n\n\n\n<details class=\"wp-block-details is-grey-background has-white-100-background-color has-background is-layout-flow wp-container-core-details-is-layout-42847310 wp-block-details-is-layout-flow\"><summary>Une adresse install\u00e9e dans un h\u00f4tel iconique en activit\u00e9 depuis 1866, t\u00e9moin du Lyon d\u2019hier et d\u2019aujourd\u2019hui entre la&nbsp;rue Auguste Comte, la&nbsp;rue de la Charit\u00e9, la&nbsp;rue Ferrandi\u00e8re, la&nbsp;rue Grol\u00e9e&nbsp;ou la fameuse&nbsp;rue Merci\u00e8re.<br><br>\u00c0 ses d\u00e9buts, ce n\u2019\u00e9tait qu\u2019une petite&nbsp;cuisine de petit-d\u00e9jeuner, nich\u00e9e dans l\u2019enceinte de l\u2019h\u00f4tel Globe et Cecil. Lo\u00efc Renart, actuel propri\u00e9taire, se souvient encore des effluves de&nbsp;g\u00e2teau au chocolat&nbsp;qui l\u2019accueillaient \u00e0 son retour de l\u2019\u00e9cole. Des souvenirs simples, sinc\u00e8res, qui sentent bon l\u2019enfance et la g\u00e9n\u00e9rosit\u00e9.<\/summary>\n<div class=\"wp-block-group has-global-padding is-layout-constrained wp-container-core-group-is-layout-8f062365 wp-block-group-is-layout-constrained\">\n<p>In 2018, he decided to take up a challenge: to shatter preconceived ideas about hotel restaurants, too often deemed bland or impersonal. He turned it into a neighborhood restaurant, inhabited by a real team, real know-how, and a real desire to receive well. Since then, Comptoir Cecil has conquered the hearts and stomachs of the Lyonnais, becoming a discreet but sought-after address, a place to return to for the taste of good food, quite simply.  <br\/><br\/>Since then, we&#8217;ve kept our taste for beautiful materials, simple encounters and well-crafted dishes, with increasingly elaborate plates that reflect the expertise of our brigade.<\/p>\n<\/div>\n<\/details>\n<\/div>\n\n<\/div>\n\n<\/section>\n\n\t<section\n\t\tstyle=\"padding-top:var(--wp--preset--spacing--theme-default);padding-bottom:var(--wp--preset--spacing--theme-default);\" class=\"block-container align wp-block-acf-block-container has-background has-white-background-color has-global-padding is-layout-constrained wp-container-acf-block-container-is-layout-dab52998 wp-block-acf-block-container-is-layout-constrained\"\t>\n\n\t\n\n<div class=\"wp-block-group is-vertical is-content-justification-stretch is-layout-flex wp-container-core-group-is-layout-031e9756 wp-block-group-is-layout-flex\">\n<div class=\"wp-block-group is-vertical is-content-justification-stretch is-layout-flex wp-container-core-group-is-layout-14b72018 wp-block-group-is-layout-flex\">\n<h2 class=\"wp-block-heading has-text-align-center\">Comptoir Cecil is<\/h2>\n\n\n\n<p class=\"has-text-align-center\">A restaurant in Lyon open for lunch and dinner on Mondays<br\/>A terrace in the heart of the Presqu&#8217;\u00eele, between Bellecour and Cordeliers<\/p>\n<\/div>\n\n\n\n<div class=\"wp-block-buttons is-content-justification-center is-layout-flex wp-container-core-buttons-is-layout-72666a7a wp-block-buttons-is-layout-flex\" style=\"padding-top:0;padding-bottom:0\">\n<div class=\"wp-block-button is-style-label-button is-style-label-button--1\"><a class=\"wp-block-button__link wp-element-button\" href=\"https:\/\/comptoircecil.com\/en\/practical-information\/\">Practical information<\/a><\/div>\n<\/div>\n<\/div>\n\n\n\n<\/section>\n","protected":false},"excerpt":{"rendered":"","protected":false},"author":1,"featured_media":4359,"parent":0,"menu_order":0,"comment_status":"closed","ping_status":"closed","template":"","meta":{"_acf_changed":false,"inline_featured_image":false,"footnotes":""},"class_list":["post-1808","page","type-page","status-publish","has-post-thumbnail","hentry"],"acf":[],"yoast_head":"<!-- This site is optimized with the Yoast SEO plugin v27.4 - https:\/\/yoast.com\/product\/yoast-seo-wordpress\/ -->\n<title>Restaurant Lyon 2 Bellecour - Original, family-style, bistro cuisine<\/title>\n<meta name=\"description\" content=\"Family restaurant and friendly bistro in Lyon Bellecour. Original homemade dishes in a lively, welcoming setting.\" \/>\n<meta name=\"robots\" content=\"index, follow, max-snippet:-1, max-image-preview:large, max-video-preview:-1\" \/>\n<link rel=\"canonical\" href=\"https:\/\/comptoircecil.com\/en\/restaurant-lyon-2-bellecour\/\" \/>\n<meta property=\"og:locale\" content=\"en_US\" \/>\n<meta property=\"og:type\" content=\"article\" \/>\n<meta property=\"og:title\" content=\"Restaurant Lyon 2 Bellecour - Original, family-style, bistro cuisine\" \/>\n<meta property=\"og:description\" content=\"Family restaurant and friendly bistro in Lyon Bellecour. Original homemade dishes in a lively, welcoming setting.\" \/>\n<meta property=\"og:url\" content=\"https:\/\/comptoircecil.com\/en\/restaurant-lyon-2-bellecour\/\" \/>\n<meta property=\"og:site_name\" content=\"Comptoir Cecil\" \/>\n<meta property=\"article:modified_time\" content=\"2025-09-05T15:32:07+00:00\" \/>\n<meta property=\"og:image\" content=\"https:\/\/comptoircecil.com\/wp-content\/uploads\/sites\/4\/2025\/03\/hotel_lyon_centre_bellecour29.jpg\" \/>\n\t<meta property=\"og:image:width\" content=\"1620\" \/>\n\t<meta property=\"og:image:height\" content=\"1080\" \/>\n\t<meta property=\"og:image:type\" content=\"image\/jpeg\" \/>\n<meta name=\"twitter:card\" content=\"summary_large_image\" \/>\n<meta name=\"twitter:label1\" content=\"Est. reading time\" \/>\n\t<meta name=\"twitter:data1\" content=\"3 minutes\" \/>\n<script type=\"application\/ld+json\" class=\"yoast-schema-graph\">{\"@context\":\"https:\\\/\\\/schema.org\",\"@graph\":[{\"@type\":\"WebPage\",\"@id\":\"https:\\\/\\\/comptoircecil.com\\\/en\\\/restaurant-lyon-2-bellecour\\\/\",\"url\":\"https:\\\/\\\/comptoircecil.com\\\/en\\\/restaurant-lyon-2-bellecour\\\/\",\"name\":\"Restaurant Lyon 2 Bellecour - Original, family-style, bistro cuisine\",\"isPartOf\":{\"@id\":\"https:\\\/\\\/comptoircecil.com\\\/en\\\/#website\"},\"primaryImageOfPage\":{\"@id\":\"https:\\\/\\\/comptoircecil.com\\\/en\\\/restaurant-lyon-2-bellecour\\\/#primaryimage\"},\"image\":{\"@id\":\"https:\\\/\\\/comptoircecil.com\\\/en\\\/restaurant-lyon-2-bellecour\\\/#primaryimage\"},\"thumbnailUrl\":\"https:\\\/\\\/comptoircecil.com\\\/wp-content\\\/uploads\\\/sites\\\/4\\\/2025\\\/03\\\/hotel_lyon_centre_bellecour29.jpg\",\"datePublished\":\"2025-04-16T15:40:05+00:00\",\"dateModified\":\"2025-09-05T15:32:07+00:00\",\"description\":\"Family restaurant and friendly bistro in Lyon Bellecour. Original homemade dishes in a lively, welcoming setting.\",\"breadcrumb\":{\"@id\":\"https:\\\/\\\/comptoircecil.com\\\/en\\\/restaurant-lyon-2-bellecour\\\/#breadcrumb\"},\"inLanguage\":\"en-US\",\"potentialAction\":[{\"@type\":\"ReadAction\",\"target\":[\"https:\\\/\\\/comptoircecil.com\\\/en\\\/restaurant-lyon-2-bellecour\\\/\"]}]},{\"@type\":\"ImageObject\",\"inLanguage\":\"en-US\",\"@id\":\"https:\\\/\\\/comptoircecil.com\\\/en\\\/restaurant-lyon-2-bellecour\\\/#primaryimage\",\"url\":\"https:\\\/\\\/comptoircecil.com\\\/wp-content\\\/uploads\\\/sites\\\/4\\\/2025\\\/03\\\/hotel_lyon_centre_bellecour29.jpg\",\"contentUrl\":\"https:\\\/\\\/comptoircecil.com\\\/wp-content\\\/uploads\\\/sites\\\/4\\\/2025\\\/03\\\/hotel_lyon_centre_bellecour29.jpg\",\"width\":1620,\"height\":1080,\"caption\":\"hotel lyon centre bellecour29\"},{\"@type\":\"BreadcrumbList\",\"@id\":\"https:\\\/\\\/comptoircecil.com\\\/en\\\/restaurant-lyon-2-bellecour\\\/#breadcrumb\",\"itemListElement\":[{\"@type\":\"ListItem\",\"position\":1,\"name\":\"Home\",\"item\":\"https:\\\/\\\/comptoircecil.com\\\/en\\\/\"},{\"@type\":\"ListItem\",\"position\":2,\"name\":\"The restaurant\"}]},{\"@type\":\"WebSite\",\"@id\":\"https:\\\/\\\/comptoircecil.com\\\/en\\\/#website\",\"url\":\"https:\\\/\\\/comptoircecil.com\\\/en\\\/\",\"name\":\"Globe Cecil\",\"description\":\"H\u00f4tel 4 \u00e9toiles \u00e0 Lyon\",\"publisher\":{\"@id\":\"https:\\\/\\\/comptoircecil.com\\\/en\\\/#organization\"},\"potentialAction\":[{\"@type\":\"SearchAction\",\"target\":{\"@type\":\"EntryPoint\",\"urlTemplate\":\"https:\\\/\\\/comptoircecil.com\\\/en\\\/?s={search_term_string}\"},\"query-input\":{\"@type\":\"PropertyValueSpecification\",\"valueRequired\":true,\"valueName\":\"search_term_string\"}}],\"inLanguage\":\"en-US\"},{\"@type\":\"Organization\",\"@id\":\"https:\\\/\\\/comptoircecil.com\\\/en\\\/#organization\",\"name\":\"Globe Cecil\",\"url\":\"https:\\\/\\\/comptoircecil.com\\\/en\\\/\",\"logo\":{\"@type\":\"ImageObject\",\"inLanguage\":\"en-US\",\"@id\":\"https:\\\/\\\/comptoircecil.com\\\/en\\\/#\\\/schema\\\/logo\\\/image\\\/\",\"url\":\"https:\\\/\\\/comptoircecil.com\\\/wp-content\\\/uploads\\\/sites\\\/4\\\/2025\\\/05\\\/LOGO-Comptoir-Cecil-White.svg\",\"contentUrl\":\"https:\\\/\\\/comptoircecil.com\\\/wp-content\\\/uploads\\\/sites\\\/4\\\/2025\\\/05\\\/LOGO-Comptoir-Cecil-White.svg\",\"width\":455,\"height\":123,\"caption\":\"Globe Cecil\"},\"image\":{\"@id\":\"https:\\\/\\\/comptoircecil.com\\\/en\\\/#\\\/schema\\\/logo\\\/image\\\/\"}}]}<\/script>\n<!-- \/ Yoast SEO plugin. -->","yoast_head_json":{"title":"Restaurant Lyon 2 Bellecour - Original, family-style, bistro cuisine","description":"Family restaurant and friendly bistro in Lyon Bellecour. Original homemade dishes in a lively, welcoming setting.","robots":{"index":"index","follow":"follow","max-snippet":"max-snippet:-1","max-image-preview":"max-image-preview:large","max-video-preview":"max-video-preview:-1"},"canonical":"https:\/\/comptoircecil.com\/en\/restaurant-lyon-2-bellecour\/","og_locale":"en_US","og_type":"article","og_title":"Restaurant Lyon 2 Bellecour - Original, family-style, bistro cuisine","og_description":"Family restaurant and friendly bistro in Lyon Bellecour. Original homemade dishes in a lively, welcoming setting.","og_url":"https:\/\/comptoircecil.com\/en\/restaurant-lyon-2-bellecour\/","og_site_name":"Comptoir Cecil","article_modified_time":"2025-09-05T15:32:07+00:00","og_image":[{"width":1620,"height":1080,"url":"https:\/\/comptoircecil.com\/wp-content\/uploads\/sites\/4\/2025\/03\/hotel_lyon_centre_bellecour29.jpg","type":"image\/jpeg"}],"twitter_card":"summary_large_image","twitter_misc":{"Est. reading time":"3 minutes"},"schema":{"@context":"https:\/\/schema.org","@graph":[{"@type":"WebPage","@id":"https:\/\/comptoircecil.com\/en\/restaurant-lyon-2-bellecour\/","url":"https:\/\/comptoircecil.com\/en\/restaurant-lyon-2-bellecour\/","name":"Restaurant Lyon 2 Bellecour - Original, family-style, bistro cuisine","isPartOf":{"@id":"https:\/\/comptoircecil.com\/en\/#website"},"primaryImageOfPage":{"@id":"https:\/\/comptoircecil.com\/en\/restaurant-lyon-2-bellecour\/#primaryimage"},"image":{"@id":"https:\/\/comptoircecil.com\/en\/restaurant-lyon-2-bellecour\/#primaryimage"},"thumbnailUrl":"https:\/\/comptoircecil.com\/wp-content\/uploads\/sites\/4\/2025\/03\/hotel_lyon_centre_bellecour29.jpg","datePublished":"2025-04-16T15:40:05+00:00","dateModified":"2025-09-05T15:32:07+00:00","description":"Family restaurant and friendly bistro in Lyon Bellecour. Original homemade dishes in a lively, welcoming setting.","breadcrumb":{"@id":"https:\/\/comptoircecil.com\/en\/restaurant-lyon-2-bellecour\/#breadcrumb"},"inLanguage":"en-US","potentialAction":[{"@type":"ReadAction","target":["https:\/\/comptoircecil.com\/en\/restaurant-lyon-2-bellecour\/"]}]},{"@type":"ImageObject","inLanguage":"en-US","@id":"https:\/\/comptoircecil.com\/en\/restaurant-lyon-2-bellecour\/#primaryimage","url":"https:\/\/comptoircecil.com\/wp-content\/uploads\/sites\/4\/2025\/03\/hotel_lyon_centre_bellecour29.jpg","contentUrl":"https:\/\/comptoircecil.com\/wp-content\/uploads\/sites\/4\/2025\/03\/hotel_lyon_centre_bellecour29.jpg","width":1620,"height":1080,"caption":"hotel lyon centre bellecour29"},{"@type":"BreadcrumbList","@id":"https:\/\/comptoircecil.com\/en\/restaurant-lyon-2-bellecour\/#breadcrumb","itemListElement":[{"@type":"ListItem","position":1,"name":"Home","item":"https:\/\/comptoircecil.com\/en\/"},{"@type":"ListItem","position":2,"name":"The restaurant"}]},{"@type":"WebSite","@id":"https:\/\/comptoircecil.com\/en\/#website","url":"https:\/\/comptoircecil.com\/en\/","name":"Globe Cecil","description":"H\u00f4tel 4 \u00e9toiles \u00e0 Lyon","publisher":{"@id":"https:\/\/comptoircecil.com\/en\/#organization"},"potentialAction":[{"@type":"SearchAction","target":{"@type":"EntryPoint","urlTemplate":"https:\/\/comptoircecil.com\/en\/?s={search_term_string}"},"query-input":{"@type":"PropertyValueSpecification","valueRequired":true,"valueName":"search_term_string"}}],"inLanguage":"en-US"},{"@type":"Organization","@id":"https:\/\/comptoircecil.com\/en\/#organization","name":"Globe Cecil","url":"https:\/\/comptoircecil.com\/en\/","logo":{"@type":"ImageObject","inLanguage":"en-US","@id":"https:\/\/comptoircecil.com\/en\/#\/schema\/logo\/image\/","url":"https:\/\/comptoircecil.com\/wp-content\/uploads\/sites\/4\/2025\/05\/LOGO-Comptoir-Cecil-White.svg","contentUrl":"https:\/\/comptoircecil.com\/wp-content\/uploads\/sites\/4\/2025\/05\/LOGO-Comptoir-Cecil-White.svg","width":455,"height":123,"caption":"Globe Cecil"},"image":{"@id":"https:\/\/comptoircecil.com\/en\/#\/schema\/logo\/image\/"}}]}},"_links":{"self":[{"href":"https:\/\/comptoircecil.com\/en\/wp-json\/wp\/v2\/pages\/1808","targetHints":{"allow":["GET"]}}],"collection":[{"href":"https:\/\/comptoircecil.com\/en\/wp-json\/wp\/v2\/pages"}],"about":[{"href":"https:\/\/comptoircecil.com\/en\/wp-json\/wp\/v2\/types\/page"}],"author":[{"embeddable":true,"href":"https:\/\/comptoircecil.com\/en\/wp-json\/wp\/v2\/users\/1"}],"replies":[{"embeddable":true,"href":"https:\/\/comptoircecil.com\/en\/wp-json\/wp\/v2\/comments?post=1808"}],"version-history":[{"count":33,"href":"https:\/\/comptoircecil.com\/en\/wp-json\/wp\/v2\/pages\/1808\/revisions"}],"predecessor-version":[{"id":7683,"href":"https:\/\/comptoircecil.com\/en\/wp-json\/wp\/v2\/pages\/1808\/revisions\/7683"}],"wp:featuredmedia":[{"embeddable":true,"href":"https:\/\/comptoircecil.com\/en\/wp-json\/wp\/v2\/media\/4359"}],"wp:attachment":[{"href":"https:\/\/comptoircecil.com\/en\/wp-json\/wp\/v2\/media?parent=1808"}],"curies":[{"name":"wp","href":"https:\/\/api.w.org\/{rel}","templated":true}]}}